{"id":340,"date":"2023-09-28T17:35:49","date_gmt":"2023-09-28T20:35:49","guid":{"rendered":"https:\/\/holfik.com\/?page_id=340"},"modified":"2023-09-29T10:09:15","modified_gmt":"2023-09-29T13:09:15","slug":"confira-os-aplicativos-detector-de-metais","status":"publish","type":"page","link":"https:\/\/holfik.com\/tr\/confira-os-aplicativos-detector-de-metais\/","title":{"rendered":"Metal Dedekt\u00f6r\u00fc Uygulamalar\u0131na g\u00f6z at\u0131n"},"content":{"rendered":"<p><span>Hi\u00e7 hazine avc\u0131s\u0131 olmay\u0131 hayal ettiniz mi? Teknolojik geli\u015fmelerle birlikte art\u0131k ak\u0131ll\u0131 telefonunuzu g\u00fc\u00e7l\u00fc bir metal alg\u0131lama arac\u0131na d\u00f6n\u00fc\u015ft\u00fcrebilirsiniz.<\/span><\/p>\n<p>&nbsp;<\/p>\n<div style=\"width: '100%';\">\n<div><strong>Her Metal T\u00fcr\u00fcn\u00fc Alg\u0131layacak Uygulamalara g\u00f6z at\u0131n<\/strong>:<\/div>\n<div><center><a class=\"meu-botao-vermelho\" href=\"#\">CEP TELEFONUNUZLA METAL\u0130 TESP\u0130T ED\u0130N<\/a><\/center><!--Vermelho--><\/div>\n<div><center><a class=\"meu-botao-azul\" href=\"#\">G\u00dcM\u00dc\u015e\u00dc CEP TELEFONUNUZLA TESP\u0130T ED\u0130N<\/a><\/center><!--azul--><\/div>\n<div><center><a class=\"meu-botao-amarelo\" href=\"#\">CEP TELEFONUNUZLA ALTIN TESP\u0130T\u0130<\/a><\/center><!--amarelo--><\/div>\n<\/div>\n<p>Metal dedekt\u00f6r\u00fc uygulamalar\u0131 merakl\u0131lar ve macerac\u0131lar aras\u0131nda giderek daha pop\u00fcler hale geliyor.<\/p>\n<p><img loading=\"lazy\" decoding=\"async\" src=\"http:\/\/holfik.com\/wp-content\/uploads\/2023\/09\/5e9990e8-b729-44cd-a1ef-8b5fa314f846-300x300.webp\" alt=\"\" width=\"300\" height=\"300\" class=\"alignnone size-medium wp-image-335 aligncenter\" srcset=\"https:\/\/holfik.com\/wp-content\/uploads\/2023\/09\/5e9990e8-b729-44cd-a1ef-8b5fa314f846-300x300.webp 300w, https:\/\/holfik.com\/wp-content\/uploads\/2023\/09\/5e9990e8-b729-44cd-a1ef-8b5fa314f846-150x150.webp 150w, https:\/\/holfik.com\/wp-content\/uploads\/2023\/09\/5e9990e8-b729-44cd-a1ef-8b5fa314f846-12x12.webp 12w, https:\/\/holfik.com\/wp-content\/uploads\/2023\/09\/5e9990e8-b729-44cd-a1ef-8b5fa314f846.webp 512w\" sizes=\"auto, (max-width: 300px) 100vw, 300px\" \/><\/p>\n<p><center><a href=\"https:\/\/holfik.com\/tr\/pt\/descubra-tesouros-ocultos-com-aplicativos-detector-de-metais\/?utm_source=334_pt_340_HF&amp;utm_medium=JNN&amp;utm_campaign=JNN\"><u><button style=\"font-size: 14px; width: 95%; height: 40px; background-color: #111111; color: #ffffff !important; border-radius: 1px; box-shadow: none !important; border: 1px solid #0a89df;\">UYGULAMALAR HAKKINDA DAHA FAZLA B\u0130LG\u0130 ED\u0130N\u0130N<\/button><\/u><\/a><\/center>&nbsp;<\/p>\n<p>D\u00fcnyan\u0131n alt\u0131na g\u00f6m\u00fcl\u00fc de\u011ferli nesneleri aramak i\u00e7in d\u00fcnyay\u0131 ke\u015ffetmenin heyecan verici ve uygun fiyatl\u0131 bir yolunu sunuyorlar.<\/p>","protected":false},"excerpt":{"rendered":"<p>Hi\u00e7 define avc\u0131s\u0131 olmay\u0131 hayal ettiniz mi? Teknolojik geli\u015fmelerle art\u0131k ak\u0131ll\u0131 telefonunuzu g\u00fc\u00e7l\u00fc bir metal tespit cihaz\u0131na d\u00f6n\u00fc\u015ft\u00fcrebilirsiniz.  Her Metal T\u00fcr\u00fcn\u00fc Tespit Etmek \u0130\u00e7in Uygulamalara G\u00f6z At\u0131n: CEP TELEFONUNUZLA METAL TESP\u0130T ED\u0130N CEP TELEFONUNUZLA G\u00dcM\u00dc\u015e TESP\u0130T ED\u0130N [\u2026]<\/p>","protected":false},"author":3,"featured_media":0,"parent":0,"menu_order":0,"comment_status":"closed","ping_status":"closed","template":"","meta":{"footnotes":""},"class_list":["post-340","page","type-page","status-publish","hentry"],"yoast_head":"<!-- This site is optimized with the Yoast SEO plugin v22.5 - https:\/\/yoast.com\/wordpress\/plugins\/seo\/ -->\n<title>Confira os Aplicativos Detector de Metais - Holfik<\/title>\n<meta name=\"description\" content=\"Com os avan\u00e7os atuais voc\u00ea pode transformar seu celular em uma poderosa ferramenta de detec\u00e7\u00e3o de metais com os aplicativos Detector.\" \/>\n<meta name=\"robots\" content=\"index, follow, max-snippet:-1, max-image-preview:large, max-video-preview:-1\" \/>\n<link rel=\"canonical\" href=\"https:\/\/holfik.com\/tr\/confira-os-aplicativos-detector-de-metais\/\" \/>\n<meta property=\"og:locale\" content=\"tr_TR\" \/>\n<meta property=\"og:type\" content=\"article\" \/>\n<meta property=\"og:title\" content=\"Confira os Aplicativos Detector de Metais - Holfik\" \/>\n<meta property=\"og:description\" content=\"Com os avan\u00e7os atuais voc\u00ea pode transformar seu celular em uma poderosa ferramenta de detec\u00e7\u00e3o de metais com os aplicativos Detector.\" \/>\n<meta property=\"og:url\" content=\"https:\/\/holfik.com\/tr\/confira-os-aplicativos-detector-de-metais\/\" \/>\n<meta property=\"og:site_name\" content=\"Holfik\" \/>\n<meta property=\"article:modified_time\" content=\"2023-09-29T13:09:15+00:00\" \/>\n<meta property=\"og:image\" content=\"http:\/\/holfik.com\/wp-content\/uploads\/2023\/09\/5e9990e8-b729-44cd-a1ef-8b5fa314f846-300x300.webp\" \/>\n<meta name=\"twitter:card\" content=\"summary_large_image\" \/>\n<meta name=\"twitter:label1\" content=\"Tahmini okuma s\u00fcresi\" \/>\n\t<meta name=\"twitter:data1\" content=\"1 dakika\" \/>\n<script type=\"application\/ld+json\" class=\"yoast-schema-graph\">{\"@context\":\"https:\/\/schema.org\",\"@graph\":[{\"@type\":\"WebPage\",\"@id\":\"https:\/\/holfik.com\/confira-os-aplicativos-detector-de-metais\/\",\"url\":\"https:\/\/holfik.com\/confira-os-aplicativos-detector-de-metais\/\",\"name\":\"Confira os Aplicativos Detector de Metais - Holfik\",\"isPartOf\":{\"@id\":\"https:\/\/holfik.com\/it\/#website\"},\"primaryImageOfPage\":{\"@id\":\"https:\/\/holfik.com\/confira-os-aplicativos-detector-de-metais\/#primaryimage\"},\"image\":{\"@id\":\"https:\/\/holfik.com\/confira-os-aplicativos-detector-de-metais\/#primaryimage\"},\"thumbnailUrl\":\"http:\/\/holfik.com\/wp-content\/uploads\/2023\/09\/5e9990e8-b729-44cd-a1ef-8b5fa314f846-300x300.webp\",\"datePublished\":\"2023-09-28T20:35:49+00:00\",\"dateModified\":\"2023-09-29T13:09:15+00:00\",\"description\":\"Com os avan\u00e7os atuais voc\u00ea pode transformar seu celular em uma poderosa ferramenta de detec\u00e7\u00e3o de metais com os aplicativos Detector.\",\"breadcrumb\":{\"@id\":\"https:\/\/holfik.com\/confira-os-aplicativos-detector-de-metais\/#breadcrumb\"},\"inLanguage\":\"tr\",\"potentialAction\":[{\"@type\":\"ReadAction\",\"target\":[\"https:\/\/holfik.com\/confira-os-aplicativos-detector-de-metais\/\"]}]},{\"@type\":\"ImageObject\",\"inLanguage\":\"tr\",\"@id\":\"https:\/\/holfik.com\/confira-os-aplicativos-detector-de-metais\/#primaryimage\",\"url\":\"http:\/\/holfik.com\/wp-content\/uploads\/2023\/09\/5e9990e8-b729-44cd-a1ef-8b5fa314f846-300x300.webp\",\"contentUrl\":\"http:\/\/holfik.com\/wp-content\/uploads\/2023\/09\/5e9990e8-b729-44cd-a1ef-8b5fa314f846-300x300.webp\"},{\"@type\":\"BreadcrumbList\",\"@id\":\"https:\/\/holfik.com\/confira-os-aplicativos-detector-de-metais\/#breadcrumb\",\"itemListElement\":[{\"@type\":\"ListItem\",\"position\":1,\"name\":\"In\u00edcio\",\"item\":\"https:\/\/holfik.com\/it\/\"},{\"@type\":\"ListItem\",\"position\":2,\"name\":\"Confira os Aplicativos Detector de Metais\"}]},{\"@type\":\"WebSite\",\"@id\":\"https:\/\/holfik.com\/it\/#website\",\"url\":\"https:\/\/holfik.com\/it\/\",\"name\":\"Holfik\",\"description\":\"Site de Not\u00edcias e M\u00eddia\",\"publisher\":{\"@id\":\"https:\/\/holfik.com\/it\/#organization\"},\"potentialAction\":[{\"@type\":\"SearchAction\",\"target\":{\"@type\":\"EntryPoint\",\"urlTemplate\":\"https:\/\/holfik.com\/it\/?s={search_term_string}\"},\"query-input\":\"required name=search_term_string\"}],\"inLanguage\":\"tr\"},{\"@type\":\"Organization\",\"@id\":\"https:\/\/holfik.com\/it\/#organization\",\"name\":\"Holfik\",\"url\":\"https:\/\/holfik.com\/it\/\",\"logo\":{\"@type\":\"ImageObject\",\"inLanguage\":\"tr\",\"@id\":\"https:\/\/holfik.com\/it\/#\/schema\/logo\/image\/\",\"url\":\"https:\/\/holfik.com\/wp-content\/uploads\/2025\/07\/download1.png\",\"contentUrl\":\"https:\/\/holfik.com\/wp-content\/uploads\/2025\/07\/download1.png\",\"width\":150,\"height\":100,\"caption\":\"Holfik\"},\"image\":{\"@id\":\"https:\/\/holfik.com\/it\/#\/schema\/logo\/image\/\"}}]}<\/script>\n<!-- \/ Yoast SEO plugin. -->","yoast_head_json":{"title":"Confira os Aplicativos Detector de Metais - Holfik","description":"Com os avan\u00e7os atuais voc\u00ea pode transformar seu celular em uma poderosa ferramenta de detec\u00e7\u00e3o de metais com os aplicativos Detector.","robots":{"index":"index","follow":"follow","max-snippet":"max-snippet:-1","max-image-preview":"max-image-preview:large","max-video-preview":"max-video-preview:-1"},"canonical":"https:\/\/holfik.com\/tr\/confira-os-aplicativos-detector-de-metais\/","og_locale":"tr_TR","og_type":"article","og_title":"Confira os Aplicativos Detector de Metais - Holfik","og_description":"Com os avan\u00e7os atuais voc\u00ea pode transformar seu celular em uma poderosa ferramenta de detec\u00e7\u00e3o de metais com os aplicativos Detector.","og_url":"https:\/\/holfik.com\/tr\/confira-os-aplicativos-detector-de-metais\/","og_site_name":"Holfik","article_modified_time":"2023-09-29T13:09:15+00:00","og_image":[{"url":"http:\/\/holfik.com\/wp-content\/uploads\/2023\/09\/5e9990e8-b729-44cd-a1ef-8b5fa314f846-300x300.webp"}],"twitter_card":"summary_large_image","twitter_misc":{"Tahmini okuma s\u00fcresi":"1 dakika"},"schema":{"@context":"https:\/\/schema.org","@graph":[{"@type":"WebPage","@id":"https:\/\/holfik.com\/confira-os-aplicativos-detector-de-metais\/","url":"https:\/\/holfik.com\/confira-os-aplicativos-detector-de-metais\/","name":"Confira os Aplicativos Detector de Metais - Holfik","isPartOf":{"@id":"https:\/\/holfik.com\/it\/#website"},"primaryImageOfPage":{"@id":"https:\/\/holfik.com\/confira-os-aplicativos-detector-de-metais\/#primaryimage"},"image":{"@id":"https:\/\/holfik.com\/confira-os-aplicativos-detector-de-metais\/#primaryimage"},"thumbnailUrl":"http:\/\/holfik.com\/wp-content\/uploads\/2023\/09\/5e9990e8-b729-44cd-a1ef-8b5fa314f846-300x300.webp","datePublished":"2023-09-28T20:35:49+00:00","dateModified":"2023-09-29T13:09:15+00:00","description":"Com os avan\u00e7os atuais voc\u00ea pode transformar seu celular em uma poderosa ferramenta de detec\u00e7\u00e3o de metais com os aplicativos Detector.","breadcrumb":{"@id":"https:\/\/holfik.com\/confira-os-aplicativos-detector-de-metais\/#breadcrumb"},"inLanguage":"tr","potentialAction":[{"@type":"ReadAction","target":["https:\/\/holfik.com\/confira-os-aplicativos-detector-de-metais\/"]}]},{"@type":"ImageObject","inLanguage":"tr","@id":"https:\/\/holfik.com\/confira-os-aplicativos-detector-de-metais\/#primaryimage","url":"http:\/\/holfik.com\/wp-content\/uploads\/2023\/09\/5e9990e8-b729-44cd-a1ef-8b5fa314f846-300x300.webp","contentUrl":"http:\/\/holfik.com\/wp-content\/uploads\/2023\/09\/5e9990e8-b729-44cd-a1ef-8b5fa314f846-300x300.webp"},{"@type":"BreadcrumbList","@id":"https:\/\/holfik.com\/confira-os-aplicativos-detector-de-metais\/#breadcrumb","itemListElement":[{"@type":"ListItem","position":1,"name":"In\u00edcio","item":"https:\/\/holfik.com\/it\/"},{"@type":"ListItem","position":2,"name":"Confira os Aplicativos Detector de Metais"}]},{"@type":"WebSite","@id":"https:\/\/holfik.com\/it\/#website","url":"https:\/\/holfik.com\/it\/","name":"Holfik","description":"Site de Not\u00edcias e M\u00eddia","publisher":{"@id":"https:\/\/holfik.com\/it\/#organization"},"potentialAction":[{"@type":"SearchAction","target":{"@type":"EntryPoint","urlTemplate":"https:\/\/holfik.com\/it\/?s={search_term_string}"},"query-input":"required name=search_term_string"}],"inLanguage":"tr"},{"@type":"Organization","@id":"https:\/\/holfik.com\/it\/#organization","name":"Holfik","url":"https:\/\/holfik.com\/it\/","logo":{"@type":"ImageObject","inLanguage":"tr","@id":"https:\/\/holfik.com\/it\/#\/schema\/logo\/image\/","url":"https:\/\/holfik.com\/wp-content\/uploads\/2025\/07\/download1.png","contentUrl":"https:\/\/holfik.com\/wp-content\/uploads\/2025\/07\/download1.png","width":150,"height":100,"caption":"Holfik"},"image":{"@id":"https:\/\/holfik.com\/it\/#\/schema\/logo\/image\/"}}]}},"_links":{"self":[{"href":"https:\/\/holfik.com\/tr\/wp-json\/wp\/v2\/pages\/340","targetHints":{"allow":["GET"]}}],"collection":[{"href":"https:\/\/holfik.com\/tr\/wp-json\/wp\/v2\/pages"}],"about":[{"href":"https:\/\/holfik.com\/tr\/wp-json\/wp\/v2\/types\/page"}],"author":[{"embeddable":true,"href":"https:\/\/holfik.com\/tr\/wp-json\/wp\/v2\/users\/3"}],"replies":[{"embeddable":true,"href":"https:\/\/holfik.com\/tr\/wp-json\/wp\/v2\/comments?post=340"}],"version-history":[{"count":8,"href":"https:\/\/holfik.com\/tr\/wp-json\/wp\/v2\/pages\/340\/revisions"}],"predecessor-version":[{"id":349,"href":"https:\/\/holfik.com\/tr\/wp-json\/wp\/v2\/pages\/340\/revisions\/349"}],"wp:attachment":[{"href":"https:\/\/holfik.com\/tr\/wp-json\/wp\/v2\/media?parent=340"}],"curies":[{"name":"wp","href":"https:\/\/api.w.org\/{rel}","templated":true}]}}