{"id":12,"date":"2023-05-07T03:14:12","date_gmt":"2023-05-07T06:14:12","guid":{"rendered":"https:\/\/holfik.com\/?page_id=12"},"modified":"2023-05-07T03:14:12","modified_gmt":"2023-05-07T06:14:12","slug":"disclaimer","status":"publish","type":"page","link":"https:\/\/holfik.com\/tr\/disclaimer\/","title":{"rendered":"Sorumluluk reddi beyan\u0131"},"content":{"rendered":"<p>Dikkat:<br \/>\nHolfik, hi\u00e7bir ko\u015fulda, ister kredi kart\u0131, ister finansman veya kredi olsun, herhangi bir finansal \u00fcr\u00fcn\u00fcn serbest b\u0131rak\u0131lmas\u0131 i\u00e7in mebla\u011flar talep etmez. B\u00f6yle bir durumda hemen form arac\u0131l\u0131\u011f\u0131yla bize bildirin. Notlar: Holfik t\u00fcm bilgileri m\u00fcmk\u00fcn oldu\u011fu kadar g\u00fcncel tutmaya \u00e7al\u0131\u015f\u0131r. Bu bilgilerin, finansal kurumlar\u0131n ve\/veya belirli bir web sitesindeki hizmet sa\u011flay\u0131c\u0131lar\u0131n web sitelerinde bulunan bilgilerden farkl\u0131 olabilece\u011fini belirtmekte fayda var. Anla\u015fmal\u0131 olmad\u0131\u011f\u0131m\u0131z kurumlarla ilgili olarak https:\/\/holfik.com web sitesinde yer alan t\u00fcm \u00fcr\u00fcnlerin bilgilerin g\u00fcncel oldu\u011funa dair bir garantisi yoktur. Se\u00e7ti\u011finiz finans kurulu\u015flar\u0131n\u0131n kullan\u0131m ko\u015fullar\u0131n\u0131 ve sat\u0131n alma ko\u015fullar\u0131n\u0131 mutlaka okumay\u0131 unutmay\u0131n. Ortaklar: Nas\u0131l para kazan\u0131yoruz? Bir \u00fcr\u00fcn veya teklif talep eden bir kullan\u0131c\u0131y\u0131 y\u00f6nlendirdi\u011fimizde web sitemizdeki reklamlardan ve ortaklar\u0131m\u0131zdan k\u00fc\u00e7\u00fck bir miktar al\u0131yoruz. Yay\u0131nlad\u0131\u011f\u0131m\u0131z her \u015fey, her \u00fcr\u00fcn\u00fcn niceliksel ve niteliksel de\u011ferlendirmelerine dayanmaktad\u0131r. Ortaklar\u0131m\u0131z\u0131n, yazd\u0131\u011f\u0131m\u0131z ve inceledi\u011fimiz \u00fcr\u00fcnlere, \u201cen iyi\u201d makalelerin s\u0131ras\u0131na ve bu \u00fcr\u00fcnlerin Holfik&#039;te nerede g\u00f6r\u00fcnd\u00fc\u011f\u00fcne do\u011frudan etki edebildi\u011fini belirtmekte fayda var. Web sitemizde \u00e7ok say\u0131da \u00fcr\u00fcn bulundu\u011fundan, t\u00fcm bu \u00fcr\u00fcnlerdeki bilgilerin kalitesi ve g\u00fcncelli\u011fi konusunda herhangi bir garanti vermiyoruz, bu nedenle ortaklar\u0131m\u0131zdan gelen bilgileri garanti ediyor ve \u00f6nceliklendiriyoruz. \u0130leti\u015fim formumuzu kullanarak bize bildirin.<\/p>\n<p>Hususlar:<br \/>\nHolfik t\u00fcm bilgileri g\u00fcncel ve do\u011fru tutmaya \u00e7al\u0131\u015fmaktad\u0131r. Bu bilgiler finans kurulu\u015flar\u0131n\u0131n, hizmet sa\u011flay\u0131c\u0131lar\u0131n web sitelerinde veya belirli bir \u00fcr\u00fcn web sitesinde g\u00f6rd\u00fcklerinizden farkl\u0131 olabilir. Ortak olmayan kurulu\u015flarda ise t\u00fcm finansal \u00fcr\u00fcnler bilgilerin g\u00fcncelli\u011fi garantisi verilmeden sunulmaktad\u0131r. Teklifinizi se\u00e7erken finansal kurulu\u015flar\u0131n ko\u015fullar\u0131n\u0131 ve sat\u0131n alma ko\u015fullar\u0131n\u0131 okuyun.<\/p>\n<p>Ortakl\u0131klar:<br \/>\nNas\u0131l para kazan\u0131yoruz? Birisi teklif talebinde bulundu\u011funda veya \u00f6nerdi\u011fimiz bir finansal \u00fcr\u00fcn i\u00e7in onayland\u0131\u011f\u0131nda, web sitemize reklam vermekten, ortaklar\u0131m\u0131zdan k\u00fc\u00e7\u00fck bir tazminat al\u0131r\u0131z. Holfik&#039;te yay\u0131nlad\u0131\u011f\u0131m\u0131z makaleler, her \u00fcr\u00fcn\u00fcn yaln\u0131zca niteliksel ve niceliksel de\u011ferlendirmelerine dayanmaktad\u0131r. Ortakl\u0131klar\u0131m\u0131z hangi \u00fcr\u00fcnler hakk\u0131nda yaz\u0131p inceleyece\u011fimizi, \u00fcr\u00fcnlerin &quot;en iyi&quot; makalelerde g\u00f6r\u00fcnme s\u0131ras\u0131n\u0131, \u00fcr\u00fcnlerin Holfik&#039;te nerede g\u00f6r\u00fcn\u00fcp g\u00f6r\u00fcnmeyece\u011fi ve sitede nerede g\u00f6r\u00fcnt\u00fclenece\u011fi \u00fczerinde etkili olabilir. Web sitemizde g\u00f6rebilece\u011finiz gibi \u00e7e\u015fitli \u00fcr\u00fcnler sunuyoruz, hepsine ili\u015fkin bilgilerin kalitesini ve g\u00fcncelli\u011fini garanti etmiyoruz, bu nedenle partner kurumlardan gelen bilgileri \u00f6nceliklendiriyor ve garanti ediyoruz.<\/p>","protected":false},"excerpt":{"rendered":"<p>Dikkat: Holfik, kredi kart\u0131, finansman veya kredi olsun, herhangi bir finansal \u00fcr\u00fcn\u00fc piyasaya s\u00fcrmek i\u00e7in hi\u00e7bir ko\u015fulda herhangi bir miktarda para talep etmemektedir. B\u00f6yle bir durumla kar\u015f\u0131la\u015f\u0131rsan\u0131z l\u00fctfen hemen formu doldurarak bize bildirin. Notlar: Holfik, t\u00fcm bilgileri m\u00fcmk\u00fcn oldu\u011funca g\u00fcncel tutmak i\u00e7in \u00e7al\u0131\u015fmaktad\u0131r. Bunlar\u0131n [...] oldu\u011funu belirtmekte fayda var.<\/p>","protected":false},"author":1,"featured_media":0,"parent":0,"menu_order":0,"comment_status":"closed","ping_status":"closed","template":"","meta":{"footnotes":""},"class_list":["post-12","page","type-page","status-publish","hentry"],"yoast_head":"<!-- This site is optimized with the Yoast SEO plugin v22.5 - https:\/\/yoast.com\/wordpress\/plugins\/seo\/ -->\n<title>Disclaimer - Holfik<\/title>\n<meta name=\"robots\" content=\"index, follow, max-snippet:-1, max-image-preview:large, max-video-preview:-1\" \/>\n<link rel=\"canonical\" href=\"https:\/\/holfik.com\/tr\/disclaimer\/\" \/>\n<meta property=\"og:locale\" content=\"tr_TR\" \/>\n<meta property=\"og:type\" content=\"article\" \/>\n<meta property=\"og:title\" content=\"Disclaimer - Holfik\" \/>\n<meta property=\"og:description\" content=\"Aten\u00e7\u00e3o: O holfik n\u00e3o solicita em nenhuma situa\u00e7\u00e3o quantias em dinheiro para libera\u00e7\u00e3o de qualquer tipo de produto financeiro, seja cart\u00e3o de cr\u00e9dito, financiamento ou empr\u00e9stimo. Caso isto aconte\u00e7a nos avise pelo formul\u00e1rio imediatamente. Observa\u00e7\u00f5es: O holfik trabalha para manter todas informa\u00e7\u00f5es o mais atualizadas poss\u00edvel. Vale ressaltar que essas [&hellip;]\" \/>\n<meta property=\"og:url\" content=\"https:\/\/holfik.com\/tr\/disclaimer\/\" \/>\n<meta property=\"og:site_name\" content=\"Holfik\" \/>\n<meta name=\"twitter:card\" content=\"summary_large_image\" \/>\n<meta name=\"twitter:label1\" content=\"Tahmini okuma s\u00fcresi\" \/>\n\t<meta name=\"twitter:data1\" content=\"2 dakika\" \/>\n<script type=\"application\/ld+json\" class=\"yoast-schema-graph\">{\"@context\":\"https:\/\/schema.org\",\"@graph\":[{\"@type\":\"WebPage\",\"@id\":\"https:\/\/holfik.com\/de\/disclaimer\/\",\"url\":\"https:\/\/holfik.com\/de\/disclaimer\/\",\"name\":\"Disclaimer - Holfik\",\"isPartOf\":{\"@id\":\"https:\/\/holfik.com\/fr\/#website\"},\"datePublished\":\"2023-05-07T06:14:12+00:00\",\"dateModified\":\"2023-05-07T06:14:12+00:00\",\"breadcrumb\":{\"@id\":\"https:\/\/holfik.com\/de\/disclaimer\/#breadcrumb\"},\"inLanguage\":\"tr\",\"potentialAction\":[{\"@type\":\"ReadAction\",\"target\":[\"https:\/\/holfik.com\/de\/disclaimer\/\"]}]},{\"@type\":\"BreadcrumbList\",\"@id\":\"https:\/\/holfik.com\/de\/disclaimer\/#breadcrumb\",\"itemListElement\":[{\"@type\":\"ListItem\",\"position\":1,\"name\":\"In\u00edcio\",\"item\":\"https:\/\/holfik.com\/fr\/\"},{\"@type\":\"ListItem\",\"position\":2,\"name\":\"Disclaimer\"}]},{\"@type\":\"WebSite\",\"@id\":\"https:\/\/holfik.com\/fr\/#website\",\"url\":\"https:\/\/holfik.com\/fr\/\",\"name\":\"Holfik\",\"description\":\"Site de Not\u00edcias e M\u00eddia\",\"publisher\":{\"@id\":\"https:\/\/holfik.com\/fr\/#organization\"},\"potentialAction\":[{\"@type\":\"SearchAction\",\"target\":{\"@type\":\"EntryPoint\",\"urlTemplate\":\"https:\/\/holfik.com\/fr\/?s={search_term_string}\"},\"query-input\":\"required name=search_term_string\"}],\"inLanguage\":\"tr\"},{\"@type\":\"Organization\",\"@id\":\"https:\/\/holfik.com\/fr\/#organization\",\"name\":\"Holfik\",\"url\":\"https:\/\/holfik.com\/fr\/\",\"logo\":{\"@type\":\"ImageObject\",\"inLanguage\":\"tr\",\"@id\":\"https:\/\/holfik.com\/fr\/#\/schema\/logo\/image\/\",\"url\":\"https:\/\/holfik.com\/wp-content\/uploads\/2025\/07\/download1.png\",\"contentUrl\":\"https:\/\/holfik.com\/wp-content\/uploads\/2025\/07\/download1.png\",\"width\":150,\"height\":100,\"caption\":\"Holfik\"},\"image\":{\"@id\":\"https:\/\/holfik.com\/fr\/#\/schema\/logo\/image\/\"}}]}<\/script>\n<!-- \/ Yoast SEO plugin. -->","yoast_head_json":{"title":"Disclaimer - Holfik","robots":{"index":"index","follow":"follow","max-snippet":"max-snippet:-1","max-image-preview":"max-image-preview:large","max-video-preview":"max-video-preview:-1"},"canonical":"https:\/\/holfik.com\/tr\/disclaimer\/","og_locale":"tr_TR","og_type":"article","og_title":"Disclaimer - Holfik","og_description":"Aten\u00e7\u00e3o: O holfik n\u00e3o solicita em nenhuma situa\u00e7\u00e3o quantias em dinheiro para libera\u00e7\u00e3o de qualquer tipo de produto financeiro, seja cart\u00e3o de cr\u00e9dito, financiamento ou empr\u00e9stimo. Caso isto aconte\u00e7a nos avise pelo formul\u00e1rio imediatamente. Observa\u00e7\u00f5es: O holfik trabalha para manter todas informa\u00e7\u00f5es o mais atualizadas poss\u00edvel. Vale ressaltar que essas [&hellip;]","og_url":"https:\/\/holfik.com\/tr\/disclaimer\/","og_site_name":"Holfik","twitter_card":"summary_large_image","twitter_misc":{"Tahmini okuma s\u00fcresi":"2 dakika"},"schema":{"@context":"https:\/\/schema.org","@graph":[{"@type":"WebPage","@id":"https:\/\/holfik.com\/de\/disclaimer\/","url":"https:\/\/holfik.com\/de\/disclaimer\/","name":"Disclaimer - Holfik","isPartOf":{"@id":"https:\/\/holfik.com\/fr\/#website"},"datePublished":"2023-05-07T06:14:12+00:00","dateModified":"2023-05-07T06:14:12+00:00","breadcrumb":{"@id":"https:\/\/holfik.com\/de\/disclaimer\/#breadcrumb"},"inLanguage":"tr","potentialAction":[{"@type":"ReadAction","target":["https:\/\/holfik.com\/de\/disclaimer\/"]}]},{"@type":"BreadcrumbList","@id":"https:\/\/holfik.com\/de\/disclaimer\/#breadcrumb","itemListElement":[{"@type":"ListItem","position":1,"name":"In\u00edcio","item":"https:\/\/holfik.com\/fr\/"},{"@type":"ListItem","position":2,"name":"Disclaimer"}]},{"@type":"WebSite","@id":"https:\/\/holfik.com\/fr\/#website","url":"https:\/\/holfik.com\/fr\/","name":"Holfik","description":"Site de Not\u00edcias e M\u00eddia","publisher":{"@id":"https:\/\/holfik.com\/fr\/#organization"},"potentialAction":[{"@type":"SearchAction","target":{"@type":"EntryPoint","urlTemplate":"https:\/\/holfik.com\/fr\/?s={search_term_string}"},"query-input":"required name=search_term_string"}],"inLanguage":"tr"},{"@type":"Organization","@id":"https:\/\/holfik.com\/fr\/#organization","name":"Holfik","url":"https:\/\/holfik.com\/fr\/","logo":{"@type":"ImageObject","inLanguage":"tr","@id":"https:\/\/holfik.com\/fr\/#\/schema\/logo\/image\/","url":"https:\/\/holfik.com\/wp-content\/uploads\/2025\/07\/download1.png","contentUrl":"https:\/\/holfik.com\/wp-content\/uploads\/2025\/07\/download1.png","width":150,"height":100,"caption":"Holfik"},"image":{"@id":"https:\/\/holfik.com\/fr\/#\/schema\/logo\/image\/"}}]}},"_links":{"self":[{"href":"https:\/\/holfik.com\/tr\/wp-json\/wp\/v2\/pages\/12","targetHints":{"allow":["GET"]}}],"collection":[{"href":"https:\/\/holfik.com\/tr\/wp-json\/wp\/v2\/pages"}],"about":[{"href":"https:\/\/holfik.com\/tr\/wp-json\/wp\/v2\/types\/page"}],"author":[{"embeddable":true,"href":"https:\/\/holfik.com\/tr\/wp-json\/wp\/v2\/users\/1"}],"replies":[{"embeddable":true,"href":"https:\/\/holfik.com\/tr\/wp-json\/wp\/v2\/comments?post=12"}],"version-history":[{"count":1,"href":"https:\/\/holfik.com\/tr\/wp-json\/wp\/v2\/pages\/12\/revisions"}],"predecessor-version":[{"id":13,"href":"https:\/\/holfik.com\/tr\/wp-json\/wp\/v2\/pages\/12\/revisions\/13"}],"wp:attachment":[{"href":"https:\/\/holfik.com\/tr\/wp-json\/wp\/v2\/media?parent=12"}],"curies":[{"name":"wp","href":"https:\/\/api.w.org\/{rel}","templated":true}]}}