{"id":12,"date":"2023-05-07T03:14:12","date_gmt":"2023-05-07T06:14:12","guid":{"rendered":"https:\/\/holfik.com\/?page_id=12"},"modified":"2023-05-07T03:14:12","modified_gmt":"2023-05-07T06:14:12","slug":"disclaimer","status":"publish","type":"page","link":"https:\/\/holfik.com\/sv\/disclaimer\/","title":{"rendered":"varning"},"content":{"rendered":"<p>Uppm\u00e4rksamhet:<br \/>\nHolfik beg\u00e4r inte under n\u00e5gra omst\u00e4ndigheter pengar f\u00f6r att sl\u00e4ppa n\u00e5gon typ av finansiell produkt, vare sig det \u00e4r kreditkort, finansiering eller l\u00e5n. Om detta h\u00e4nder, meddela oss via formul\u00e4ret omedelbart. Noteringar: Holfik arbetar f\u00f6r att h\u00e5lla all information s\u00e5 uppdaterad som m\u00f6jligt. Det \u00e4r v\u00e4rt att notera att denna information kan skilja sig fr\u00e5n den information som finns p\u00e5 webbplatser f\u00f6r finansiella institutioner och\/eller tj\u00e4nsteleverant\u00f6rer p\u00e5 en specifik webbplats. N\u00e4r det g\u00e4ller institutioner som vi inte har partnerskap med har alla produkter som listas p\u00e5 denna webbplats https:\/\/holfik.com ingen garanti f\u00f6r att informationen \u00e4r uppdaterad. Kom alltid ih\u00e5g att l\u00e4sa anv\u00e4ndarvillkoren och f\u00f6rv\u00e4rvsvillkoren f\u00f6r de finansinstitut du v\u00e4ljer. Partners: Hur tj\u00e4nar vi pengar? Vi f\u00e5r en liten summa fr\u00e5n annonsering p\u00e5 v\u00e5r webbplats och fr\u00e5n v\u00e5ra partners n\u00e4r vi h\u00e4nvisar en anv\u00e4ndare som efterfr\u00e5gar en produkt eller ett f\u00f6rslag. Allt vi publicerar \u00e4r baserat p\u00e5 kvantitativa och kvalitativa utv\u00e4rderingar av varje produkt. V\u00e4rt att n\u00e4mna \u00e4r att v\u00e5ra samarbetspartners direkt kan p\u00e5verka de produkter vi skriver och recenserar, i ordningsf\u00f6ljden av de &quot;b\u00e4sta&quot; artiklarna och var dessa produkter visas p\u00e5 Holfik. D\u00e5 vi har flera produkter p\u00e5 v\u00e5r hemsida ger vi ingen typ av garanti f\u00f6r kvaliteten eller aktualiteten av informationen p\u00e5 alla dessa produkter, varf\u00f6r vi garanterar och prioriterar information fr\u00e5n v\u00e5ra partners. Meddela oss via v\u00e5rt kontaktformul\u00e4r.<\/p>\n<p>\u00d6verv\u00e4ganden:<br \/>\nHolfik str\u00e4var efter att h\u00e5lla all information aktuell och korrekt. Denna information kan skilja sig fr\u00e5n vad du ser p\u00e5 webbplatser f\u00f6r finansiella institutioner, tj\u00e4nsteleverant\u00f6rer eller en specifik produktwebbplats. N\u00e4r det g\u00e4ller icke-partnerinstitutioner presenteras alla finansiella produkter utan att garantera att informationen \u00e4r uppdaterad. N\u00e4r du v\u00e4ljer ditt erbjudande, l\u00e4s villkoren f\u00f6r de finansiella institutionerna och f\u00f6rv\u00e4rvsvillkoren.<\/p>\n<p>Partnerskap:<br \/>\nHur tj\u00e4nar vi pengar? Vi f\u00e5r en liten ers\u00e4ttning fr\u00e5n annonsering p\u00e5 v\u00e5r hemsida, fr\u00e5n v\u00e5ra samarbetspartners n\u00e4r n\u00e5gon g\u00f6r en f\u00f6rfr\u00e5gan om f\u00f6rslag eller blir godk\u00e4nd f\u00f6r en finansiell produkt vi rekommenderar. Artiklarna vi publicerar p\u00e5 holfik \u00e4r baserade p\u00e5 kvalitativa och kvantitativa utv\u00e4rderingar av varje produkt \u2013 endast. V\u00e5ra partnerskap kan p\u00e5verka vilka produkter vi skriver om och recenserar, i vilken ordning produkterna visas i &quot;b\u00e4sta&quot; artiklar, var och om produkterna dyker upp p\u00e5 Holfik och var de visas p\u00e5 sajten. Vi presenterar flera produkter, som du kan se p\u00e5 v\u00e5r hemsida, vi garanterar inte kvaliteten och aktualiteten f\u00f6r informationen p\u00e5 dem alla, av denna anledning prioriterar och garanterar vi information fr\u00e5n partnerinstitutioner.<\/p>","protected":false},"excerpt":{"rendered":"<p>Observera: Holfik beg\u00e4r under inga omst\u00e4ndigheter n\u00e5gon summa pengar f\u00f6r att frig\u00f6ra n\u00e5gon typ av finansiell produkt, vare sig det \u00e4r kreditkort, finansiering eller l\u00e5n. Om detta h\u00e4nder, v\u00e4nligen meddela oss omedelbart via formul\u00e4ret. Anm\u00e4rkningar: Holfik arbetar f\u00f6r att h\u00e5lla all information s\u00e5 aktuell som m\u00f6jligt. Det \u00e4r v\u00e4rt att notera att dessa [\u2026]<\/p>","protected":false},"author":1,"featured_media":0,"parent":0,"menu_order":0,"comment_status":"closed","ping_status":"closed","template":"","meta":{"footnotes":""},"class_list":["post-12","page","type-page","status-publish","hentry"],"yoast_head":"<!-- This site is optimized with the Yoast SEO plugin v22.5 - https:\/\/yoast.com\/wordpress\/plugins\/seo\/ -->\n<title>Disclaimer - Holfik<\/title>\n<meta name=\"robots\" content=\"index, follow, max-snippet:-1, max-image-preview:large, max-video-preview:-1\" \/>\n<link rel=\"canonical\" href=\"https:\/\/holfik.com\/sv\/disclaimer\/\" \/>\n<meta property=\"og:locale\" content=\"sv_SE\" \/>\n<meta property=\"og:type\" content=\"article\" \/>\n<meta property=\"og:title\" content=\"Disclaimer - Holfik\" \/>\n<meta property=\"og:description\" content=\"Aten\u00e7\u00e3o: O holfik n\u00e3o solicita em nenhuma situa\u00e7\u00e3o quantias em dinheiro para libera\u00e7\u00e3o de qualquer tipo de produto financeiro, seja cart\u00e3o de cr\u00e9dito, financiamento ou empr\u00e9stimo. Caso isto aconte\u00e7a nos avise pelo formul\u00e1rio imediatamente. Observa\u00e7\u00f5es: O holfik trabalha para manter todas informa\u00e7\u00f5es o mais atualizadas poss\u00edvel. Vale ressaltar que essas [&hellip;]\" \/>\n<meta property=\"og:url\" content=\"https:\/\/holfik.com\/sv\/disclaimer\/\" \/>\n<meta property=\"og:site_name\" content=\"Holfik\" \/>\n<meta name=\"twitter:card\" content=\"summary_large_image\" \/>\n<meta name=\"twitter:label1\" content=\"Ber\u00e4knad l\u00e4stid\" \/>\n\t<meta name=\"twitter:data1\" content=\"2 minuter\" \/>\n<script type=\"application\/ld+json\" class=\"yoast-schema-graph\">{\"@context\":\"https:\/\/schema.org\",\"@graph\":[{\"@type\":\"WebPage\",\"@id\":\"https:\/\/holfik.com\/sv\/disclaimer\/\",\"url\":\"https:\/\/holfik.com\/sv\/disclaimer\/\",\"name\":\"Disclaimer - Holfik\",\"isPartOf\":{\"@id\":\"https:\/\/holfik.com\/it\/#website\"},\"datePublished\":\"2023-05-07T06:14:12+00:00\",\"dateModified\":\"2023-05-07T06:14:12+00:00\",\"breadcrumb\":{\"@id\":\"https:\/\/holfik.com\/sv\/disclaimer\/#breadcrumb\"},\"inLanguage\":\"sv-SE\",\"potentialAction\":[{\"@type\":\"ReadAction\",\"target\":[\"https:\/\/holfik.com\/sv\/disclaimer\/\"]}]},{\"@type\":\"BreadcrumbList\",\"@id\":\"https:\/\/holfik.com\/sv\/disclaimer\/#breadcrumb\",\"itemListElement\":[{\"@type\":\"ListItem\",\"position\":1,\"name\":\"In\u00edcio\",\"item\":\"https:\/\/holfik.com\/it\/\"},{\"@type\":\"ListItem\",\"position\":2,\"name\":\"Disclaimer\"}]},{\"@type\":\"WebSite\",\"@id\":\"https:\/\/holfik.com\/it\/#website\",\"url\":\"https:\/\/holfik.com\/it\/\",\"name\":\"Holfik\",\"description\":\"Site de Not\u00edcias e M\u00eddia\",\"publisher\":{\"@id\":\"https:\/\/holfik.com\/it\/#organization\"},\"potentialAction\":[{\"@type\":\"SearchAction\",\"target\":{\"@type\":\"EntryPoint\",\"urlTemplate\":\"https:\/\/holfik.com\/it\/?s={search_term_string}\"},\"query-input\":\"required name=search_term_string\"}],\"inLanguage\":\"sv-SE\"},{\"@type\":\"Organization\",\"@id\":\"https:\/\/holfik.com\/it\/#organization\",\"name\":\"Holfik\",\"url\":\"https:\/\/holfik.com\/it\/\",\"logo\":{\"@type\":\"ImageObject\",\"inLanguage\":\"sv-SE\",\"@id\":\"https:\/\/holfik.com\/it\/#\/schema\/logo\/image\/\",\"url\":\"https:\/\/holfik.com\/wp-content\/uploads\/2025\/07\/download1.png\",\"contentUrl\":\"https:\/\/holfik.com\/wp-content\/uploads\/2025\/07\/download1.png\",\"width\":150,\"height\":100,\"caption\":\"Holfik\"},\"image\":{\"@id\":\"https:\/\/holfik.com\/it\/#\/schema\/logo\/image\/\"}}]}<\/script>\n<!-- \/ Yoast SEO plugin. -->","yoast_head_json":{"title":"Disclaimer - Holfik","robots":{"index":"index","follow":"follow","max-snippet":"max-snippet:-1","max-image-preview":"max-image-preview:large","max-video-preview":"max-video-preview:-1"},"canonical":"https:\/\/holfik.com\/sv\/disclaimer\/","og_locale":"sv_SE","og_type":"article","og_title":"Disclaimer - Holfik","og_description":"Aten\u00e7\u00e3o: O holfik n\u00e3o solicita em nenhuma situa\u00e7\u00e3o quantias em dinheiro para libera\u00e7\u00e3o de qualquer tipo de produto financeiro, seja cart\u00e3o de cr\u00e9dito, financiamento ou empr\u00e9stimo. Caso isto aconte\u00e7a nos avise pelo formul\u00e1rio imediatamente. Observa\u00e7\u00f5es: O holfik trabalha para manter todas informa\u00e7\u00f5es o mais atualizadas poss\u00edvel. Vale ressaltar que essas [&hellip;]","og_url":"https:\/\/holfik.com\/sv\/disclaimer\/","og_site_name":"Holfik","twitter_card":"summary_large_image","twitter_misc":{"Ber\u00e4knad l\u00e4stid":"2 minuter"},"schema":{"@context":"https:\/\/schema.org","@graph":[{"@type":"WebPage","@id":"https:\/\/holfik.com\/sv\/disclaimer\/","url":"https:\/\/holfik.com\/sv\/disclaimer\/","name":"Disclaimer - Holfik","isPartOf":{"@id":"https:\/\/holfik.com\/it\/#website"},"datePublished":"2023-05-07T06:14:12+00:00","dateModified":"2023-05-07T06:14:12+00:00","breadcrumb":{"@id":"https:\/\/holfik.com\/sv\/disclaimer\/#breadcrumb"},"inLanguage":"sv-SE","potentialAction":[{"@type":"ReadAction","target":["https:\/\/holfik.com\/sv\/disclaimer\/"]}]},{"@type":"BreadcrumbList","@id":"https:\/\/holfik.com\/sv\/disclaimer\/#breadcrumb","itemListElement":[{"@type":"ListItem","position":1,"name":"In\u00edcio","item":"https:\/\/holfik.com\/it\/"},{"@type":"ListItem","position":2,"name":"Disclaimer"}]},{"@type":"WebSite","@id":"https:\/\/holfik.com\/it\/#website","url":"https:\/\/holfik.com\/it\/","name":"Holfik","description":"Site de Not\u00edcias e M\u00eddia","publisher":{"@id":"https:\/\/holfik.com\/it\/#organization"},"potentialAction":[{"@type":"SearchAction","target":{"@type":"EntryPoint","urlTemplate":"https:\/\/holfik.com\/it\/?s={search_term_string}"},"query-input":"required name=search_term_string"}],"inLanguage":"sv-SE"},{"@type":"Organization","@id":"https:\/\/holfik.com\/it\/#organization","name":"Holfik","url":"https:\/\/holfik.com\/it\/","logo":{"@type":"ImageObject","inLanguage":"sv-SE","@id":"https:\/\/holfik.com\/it\/#\/schema\/logo\/image\/","url":"https:\/\/holfik.com\/wp-content\/uploads\/2025\/07\/download1.png","contentUrl":"https:\/\/holfik.com\/wp-content\/uploads\/2025\/07\/download1.png","width":150,"height":100,"caption":"Holfik"},"image":{"@id":"https:\/\/holfik.com\/it\/#\/schema\/logo\/image\/"}}]}},"_links":{"self":[{"href":"https:\/\/holfik.com\/sv\/wp-json\/wp\/v2\/pages\/12","targetHints":{"allow":["GET"]}}],"collection":[{"href":"https:\/\/holfik.com\/sv\/wp-json\/wp\/v2\/pages"}],"about":[{"href":"https:\/\/holfik.com\/sv\/wp-json\/wp\/v2\/types\/page"}],"author":[{"embeddable":true,"href":"https:\/\/holfik.com\/sv\/wp-json\/wp\/v2\/users\/1"}],"replies":[{"embeddable":true,"href":"https:\/\/holfik.com\/sv\/wp-json\/wp\/v2\/comments?post=12"}],"version-history":[{"count":1,"href":"https:\/\/holfik.com\/sv\/wp-json\/wp\/v2\/pages\/12\/revisions"}],"predecessor-version":[{"id":13,"href":"https:\/\/holfik.com\/sv\/wp-json\/wp\/v2\/pages\/12\/revisions\/13"}],"wp:attachment":[{"href":"https:\/\/holfik.com\/sv\/wp-json\/wp\/v2\/media?parent=12"}],"curies":[{"name":"wp","href":"https:\/\/api.w.org\/{rel}","templated":true}]}}