{"id":6,"date":"2023-05-07T03:10:25","date_gmt":"2023-05-07T06:10:25","guid":{"rendered":"https:\/\/holfik.com\/?page_id=6"},"modified":"2023-05-07T03:10:25","modified_gmt":"2023-05-07T06:10:25","slug":"politica-de-privacidade","status":"publish","type":"page","link":"https:\/\/holfik.com\/pl\/politica-de-privacidade\/","title":{"rendered":"Polityka prywatno\u015bci"},"content":{"rendered":"<h2><span style=\"color: #444444;\">Polityka prywatno\u015bci<\/span><\/h2>\n<p><span style=\"color: #444444;\">Twoja prywatno\u015b\u0107 jest dla nas wa\u017cna. Zasad\u0105 firmy Holfik jest poszanowanie Twojej prywatno\u015bci w odniesieniu do wszelkich informacji, kt\u00f3re mo\u017cemy od Ciebie zebra\u0107 na stronie internetowej <a href=\"https:\/\/holfik.com\/pl\/\">Holfik<\/a>i inne witryny, kt\u00f3rych jeste\u015bmy w\u0142a\u015bcicielami i kt\u00f3rymi zarz\u0105dzamy.<\/span><\/p>\n<p><span style=\"color: #444444;\">Prosimy o podanie danych osobowych tylko wtedy, gdy naprawd\u0119 ich potrzebujemy, aby \u015bwiadczy\u0107 Pa\u0144stwu us\u0142ug\u0119. Robimy to w spos\u00f3b uczciwy i zgodny z prawem, za Twoj\u0105 wiedz\u0105 i zgod\u0105. M\u00f3wimy r\u00f3wnie\u017c, dlaczego je zbieramy i w jaki spos\u00f3b b\u0119d\u0105 wykorzystywane.<\/span><\/p>\n<p><span style=\"color: #444444;\">Przechowujemy zebrane informacje tylko tak d\u0142ugo, jak jest to konieczne do \u015bwiadczenia \u017c\u0105danej us\u0142ugi. Kiedy przechowujemy dane, chronimy je w komercyjnie akceptowalnych \u015brodkach, aby zapobiec utracie i kradzie\u017cy, a tak\u017ce nieuprawnionemu dost\u0119powi, ujawnieniu, kopiowaniu, wykorzystaniu lub modyfikacji.<\/span><\/p>\n<p><span style=\"color: #444444;\">Nie udost\u0119pniamy danych osobowych publicznie ani stronom trzecim, chyba \u017ce jest to wymagane przez prawo.<\/span><\/p>\n<p><span style=\"color: #444444;\">Na naszej stronie internetowej mog\u0105 znajdowa\u0107 si\u0119 linki do zewn\u0119trznych stron internetowych, kt\u00f3re nie s\u0105 przez nas obs\u0142ugiwane. Nale\u017cy pami\u0119ta\u0107, \u017ce nie mamy kontroli nad tre\u015bci\u0105 i praktykami tych witryn i nie mo\u017cemy przej\u0105\u0107 odpowiedzialno\u015bci za ich tre\u015b\u0107\u00a0<\/span><a href=\"https:\/\/politicaprivacidade.com\/\" rel=\"noopener noreferrer\" target=\"_blank\" style=\"background-color: transparent; color: #444444;\">Polityka prywatno\u015bci<\/a><span style=\"color: #444444;\">.<\/span><\/p>\n<p><span style=\"color: #444444;\">Mo\u017cesz odrzuci\u0107 nasz\u0105 pro\u015bb\u0119 o udost\u0119pnienie Twoich danych osobowych, maj\u0105c \u015bwiadomo\u015b\u0107, \u017ce mo\u017cemy nie by\u0107 w stanie zapewni\u0107 Ci niekt\u00f3rych po\u017c\u0105danych us\u0142ug.<\/span><\/p>\n<p><span style=\"color: #444444;\">Dalsze korzystanie z naszej witryny internetowej b\u0119dzie uznane za akceptacj\u0119 naszych praktyk dotycz\u0105cych prywatno\u015bci i danych osobowych. Je\u015bli masz jakiekolwiek pytania dotycz\u0105ce sposobu, w jaki post\u0119pujemy z danymi u\u017cytkownik\u00f3w i danymi osobowymi, skontaktuj si\u0119 z nami.<\/span><\/p>\n<p><span style=\"color: #444444;\"><\/span><\/p>\n<ul>\n<li><span style=\"color: #444444;\">Us\u0142uga Google AdSense, z kt\u00f3rej korzystamy do wy\u015bwietlania reklam, korzysta z pliku cookie DoubleClick, aby wy\u015bwietla\u0107 trafniejsze reklamy w Internecie i ogranicza\u0107 liczb\u0119 wy\u015bwietle\u0144 danej reklamy.<\/span><\/li>\n<li><span style=\"color: #444444;\">Wi\u0119cej informacji na temat Google AdSense mo\u017cna znale\u017a\u0107 w oficjalnych odpowiedziach na najcz\u0119\u015bciej zadawane pytania dotycz\u0105ce prywatno\u015bci w Google AdSense.<\/span><\/li>\n<li><span style=\"color: #444444;\">U\u017cywamy reklam, aby zr\u00f3wnowa\u017cy\u0107 koszty prowadzenia tej witryny i zapewni\u0107 fundusze na przysz\u0142y rozw\u00f3j. Pliki cookie dotycz\u0105ce reklamy behawioralnej u\u017cywane na tej stronie maj\u0105 na celu zapewnienie, w miar\u0119 mo\u017cliwo\u015bci, dostarczania Ci najtrafniejszych reklam poprzez anonimowe \u015bledzenie Twoich zainteresowa\u0144 i prezentowanie podobnych rzeczy, kt\u00f3re mog\u0105 Ci\u0119 zainteresowa\u0107.<\/span><\/li>\n<li><span style=\"color: #444444;\">Kilku partner\u00f3w reklamuje si\u0119 w naszym imieniu, a pliki cookie s\u0142u\u017c\u0105ce do \u015bledzenia partner\u00f3w pozwalaj\u0105 nam po prostu sprawdzi\u0107, czy nasi klienci weszli na witryn\u0119 za po\u015brednictwem witryn naszych partner\u00f3w, dzi\u0119ki czemu mo\u017cemy im odpowiednio przyzna\u0107 uznanie i, w stosownych przypadkach, umo\u017cliwi\u0107 naszym partnerom stowarzyszonym oferowanie wszelkich promocji, kt\u00f3re mo\u017ce umo\u017cliwi\u0107 Ci dokonanie zakupu.<\/span><\/li>\n<\/ul>\n<p>&nbsp;<\/p>\n<p>&nbsp;<\/p>\n<h3><span style=\"color: #444444;\">Zaanga\u017cowanie u\u017cytkownika<\/span><\/h3>\n<p><span style=\"color: #444444;\">U\u017cytkownik zobowi\u0105zuje si\u0119 do odpowiedniego wykorzystania tre\u015bci i informacji oferowanych przez Holfik na stronie internetowej, o charakterze informacyjnym, ale nie ograniczaj\u0105cym:<\/span><\/p>\n<ul>\n<li><span style=\"color: #444444;\">A) Nie anga\u017cowa\u0107 si\u0119 w dzia\u0142ania niezgodne z prawem lub sprzeczne z dobr\u0105 wiar\u0105 i porz\u0105dkiem publicznym;<\/span><\/li>\n<li><span style=\"color: #444444;\">B) Nie rozpowszechniaj propagandy ani tre\u015bci o charakterze rasistowskim, ksenofobicznym, <\/span><span style=\"color: #212529;\"><a href=\"https:\/\/apostasonline.guru\/betano-apostas\/\" style=\"color: inherit !important; text-decoration: none !important; font-size: inherit !important;\"> zak\u0142ady betano<\/a><\/span><span style=\"color: #444444;\"> lub pech, wszelkiego rodzaju nielegaln\u0105 pornografi\u0119 wspieraj\u0105c\u0105 terroryzm lub sprzeczn\u0105 z prawami cz\u0142owieka;<\/span><\/li>\n<li><span style=\"color: #444444;\">C) Nie powodowa\u0107 uszkodze\u0144 system\u00f3w fizycznych (sprz\u0119tu) i logicznych (oprogramowania) firmy Holfik, jej dostawc\u00f3w lub os\u00f3b trzecich, wprowadza\u0107 lub rozpowszechnia\u0107 wirus\u00f3w komputerowych lub innych system\u00f3w sprz\u0119tu lub oprogramowania, kt\u00f3re mog\u0105 spowodowa\u0107 wy\u017cej wymienione szkody.<\/span><\/li>\n<\/ul>\n<h3><span style=\"color: #444444;\">Wi\u0119cej informacji<\/span><\/h3>\n<p><span style=\"color: #444444;\">Mamy nadziej\u0119, \u017ce to jasne i jak wspomniano wcze\u015bniej, je\u015bli jest co\u015b, czego nie jeste\u015b pewien, czy potrzebujesz, czy nie, zazwyczaj bezpieczniej jest pozostawi\u0107 w\u0142\u0105czon\u0105 obs\u0142ug\u0119 plik\u00f3w cookie na wypadek, gdyby wchodzi\u0142o to w interakcj\u0119 z jedn\u0105 z funkcji, kt\u00f3rych u\u017cywasz w naszej witrynie.<\/span><\/p>\n<p><span style=\"color: #444444;\">Niniejsza polityka obowi\u0105zuje od dnia 7 maja 2023 r. o godzinie 06:10<\/span><\/p>","protected":false},"excerpt":{"rendered":"<p>Polityka prywatno\u015bci Twoja prywatno\u015b\u0107 jest dla nas wa\u017cna. Polityk\u0105 firmy Holfik jest poszanowanie Twojej prywatno\u015bci w kontek\u015bcie wszelkich informacji, kt\u00f3re mo\u017cemy od Ciebie zbiera\u0107 za po\u015brednictwem witryny Holfik, a tak\u017ce innych stron, kt\u00f3re nale\u017c\u0105 do nas i s\u0105 przez nas obs\u0142ugiwane. Prosimy o podanie danych osobowych wy\u0142\u0105cznie wtedy, gdy jest to niezb\u0119dne do \u015bwiadczenia Ci us\u0142ug. Robimy to [\u2026]<\/p>","protected":false},"author":1,"featured_media":0,"parent":0,"menu_order":0,"comment_status":"closed","ping_status":"closed","template":"","meta":{"footnotes":""},"class_list":["post-6","page","type-page","status-publish","hentry"],"yoast_head":"<!-- This site is optimized with the Yoast SEO plugin v22.5 - https:\/\/yoast.com\/wordpress\/plugins\/seo\/ -->\n<title>Pol\u00edtica de Privacidade - Holfik<\/title>\n<meta name=\"robots\" content=\"index, follow, max-snippet:-1, max-image-preview:large, max-video-preview:-1\" \/>\n<link rel=\"canonical\" href=\"https:\/\/holfik.com\/pl\/politica-de-privacidade\/\" \/>\n<meta property=\"og:locale\" content=\"pl_PL\" \/>\n<meta property=\"og:type\" content=\"article\" \/>\n<meta property=\"og:title\" content=\"Pol\u00edtica de Privacidade - Holfik\" \/>\n<meta property=\"og:description\" content=\"Pol\u00edtica Privacidade A sua privacidade \u00e9 importante para n\u00f3s. \u00c9 pol\u00edtica do Holfik respeitar a sua privacidade em rela\u00e7\u00e3o a qualquer informa\u00e7\u00e3o sua que possamos coletar no site Holfik, e outros sites que possu\u00edmos e operamos. Solicitamos informa\u00e7\u00f5es pessoais apenas quando realmente precisamos delas para lhe fornecer um servi\u00e7o. Fazemo-lo [&hellip;]\" \/>\n<meta property=\"og:url\" content=\"https:\/\/holfik.com\/pl\/politica-de-privacidade\/\" \/>\n<meta property=\"og:site_name\" content=\"Holfik\" \/>\n<meta name=\"twitter:card\" content=\"summary_large_image\" \/>\n<meta name=\"twitter:label1\" content=\"Szacowany czas czytania\" \/>\n\t<meta name=\"twitter:data1\" content=\"3 minuty\" \/>\n<script type=\"application\/ld+json\" class=\"yoast-schema-graph\">{\"@context\":\"https:\/\/schema.org\",\"@graph\":[{\"@type\":\"WebPage\",\"@id\":\"https:\/\/holfik.com\/politica-de-privacidade\/\",\"url\":\"https:\/\/holfik.com\/politica-de-privacidade\/\",\"name\":\"Pol\u00edtica de Privacidade - Holfik\",\"isPartOf\":{\"@id\":\"https:\/\/holfik.com\/fr\/#website\"},\"datePublished\":\"2023-05-07T06:10:25+00:00\",\"dateModified\":\"2023-05-07T06:10:25+00:00\",\"breadcrumb\":{\"@id\":\"https:\/\/holfik.com\/politica-de-privacidade\/#breadcrumb\"},\"inLanguage\":\"pl-PL\",\"potentialAction\":[{\"@type\":\"ReadAction\",\"target\":[\"https:\/\/holfik.com\/politica-de-privacidade\/\"]}]},{\"@type\":\"BreadcrumbList\",\"@id\":\"https:\/\/holfik.com\/politica-de-privacidade\/#breadcrumb\",\"itemListElement\":[{\"@type\":\"ListItem\",\"position\":1,\"name\":\"In\u00edcio\",\"item\":\"https:\/\/holfik.com\/fr\/\"},{\"@type\":\"ListItem\",\"position\":2,\"name\":\"Pol\u00edtica de Privacidade\"}]},{\"@type\":\"WebSite\",\"@id\":\"https:\/\/holfik.com\/fr\/#website\",\"url\":\"https:\/\/holfik.com\/fr\/\",\"name\":\"Holfik\",\"description\":\"Site de Not\u00edcias e M\u00eddia\",\"publisher\":{\"@id\":\"https:\/\/holfik.com\/fr\/#organization\"},\"potentialAction\":[{\"@type\":\"SearchAction\",\"target\":{\"@type\":\"EntryPoint\",\"urlTemplate\":\"https:\/\/holfik.com\/fr\/?s={search_term_string}\"},\"query-input\":\"required name=search_term_string\"}],\"inLanguage\":\"pl-PL\"},{\"@type\":\"Organization\",\"@id\":\"https:\/\/holfik.com\/fr\/#organization\",\"name\":\"Holfik\",\"url\":\"https:\/\/holfik.com\/fr\/\",\"logo\":{\"@type\":\"ImageObject\",\"inLanguage\":\"pl-PL\",\"@id\":\"https:\/\/holfik.com\/fr\/#\/schema\/logo\/image\/\",\"url\":\"https:\/\/holfik.com\/wp-content\/uploads\/2025\/07\/download1.png\",\"contentUrl\":\"https:\/\/holfik.com\/wp-content\/uploads\/2025\/07\/download1.png\",\"width\":150,\"height\":100,\"caption\":\"Holfik\"},\"image\":{\"@id\":\"https:\/\/holfik.com\/fr\/#\/schema\/logo\/image\/\"}}]}<\/script>\n<!-- \/ Yoast SEO plugin. -->","yoast_head_json":{"title":"Pol\u00edtica de Privacidade - Holfik","robots":{"index":"index","follow":"follow","max-snippet":"max-snippet:-1","max-image-preview":"max-image-preview:large","max-video-preview":"max-video-preview:-1"},"canonical":"https:\/\/holfik.com\/pl\/politica-de-privacidade\/","og_locale":"pl_PL","og_type":"article","og_title":"Pol\u00edtica de Privacidade - Holfik","og_description":"Pol\u00edtica Privacidade A sua privacidade \u00e9 importante para n\u00f3s. \u00c9 pol\u00edtica do Holfik respeitar a sua privacidade em rela\u00e7\u00e3o a qualquer informa\u00e7\u00e3o sua que possamos coletar no site Holfik, e outros sites que possu\u00edmos e operamos. Solicitamos informa\u00e7\u00f5es pessoais apenas quando realmente precisamos delas para lhe fornecer um servi\u00e7o. Fazemo-lo [&hellip;]","og_url":"https:\/\/holfik.com\/pl\/politica-de-privacidade\/","og_site_name":"Holfik","twitter_card":"summary_large_image","twitter_misc":{"Szacowany czas czytania":"3 minuty"},"schema":{"@context":"https:\/\/schema.org","@graph":[{"@type":"WebPage","@id":"https:\/\/holfik.com\/politica-de-privacidade\/","url":"https:\/\/holfik.com\/politica-de-privacidade\/","name":"Pol\u00edtica de Privacidade - Holfik","isPartOf":{"@id":"https:\/\/holfik.com\/fr\/#website"},"datePublished":"2023-05-07T06:10:25+00:00","dateModified":"2023-05-07T06:10:25+00:00","breadcrumb":{"@id":"https:\/\/holfik.com\/politica-de-privacidade\/#breadcrumb"},"inLanguage":"pl-PL","potentialAction":[{"@type":"ReadAction","target":["https:\/\/holfik.com\/politica-de-privacidade\/"]}]},{"@type":"BreadcrumbList","@id":"https:\/\/holfik.com\/politica-de-privacidade\/#breadcrumb","itemListElement":[{"@type":"ListItem","position":1,"name":"In\u00edcio","item":"https:\/\/holfik.com\/fr\/"},{"@type":"ListItem","position":2,"name":"Pol\u00edtica de Privacidade"}]},{"@type":"WebSite","@id":"https:\/\/holfik.com\/fr\/#website","url":"https:\/\/holfik.com\/fr\/","name":"Holfik","description":"Site de Not\u00edcias e M\u00eddia","publisher":{"@id":"https:\/\/holfik.com\/fr\/#organization"},"potentialAction":[{"@type":"SearchAction","target":{"@type":"EntryPoint","urlTemplate":"https:\/\/holfik.com\/fr\/?s={search_term_string}"},"query-input":"required name=search_term_string"}],"inLanguage":"pl-PL"},{"@type":"Organization","@id":"https:\/\/holfik.com\/fr\/#organization","name":"Holfik","url":"https:\/\/holfik.com\/fr\/","logo":{"@type":"ImageObject","inLanguage":"pl-PL","@id":"https:\/\/holfik.com\/fr\/#\/schema\/logo\/image\/","url":"https:\/\/holfik.com\/wp-content\/uploads\/2025\/07\/download1.png","contentUrl":"https:\/\/holfik.com\/wp-content\/uploads\/2025\/07\/download1.png","width":150,"height":100,"caption":"Holfik"},"image":{"@id":"https:\/\/holfik.com\/fr\/#\/schema\/logo\/image\/"}}]}},"_links":{"self":[{"href":"https:\/\/holfik.com\/pl\/wp-json\/wp\/v2\/pages\/6","targetHints":{"allow":["GET"]}}],"collection":[{"href":"https:\/\/holfik.com\/pl\/wp-json\/wp\/v2\/pages"}],"about":[{"href":"https:\/\/holfik.com\/pl\/wp-json\/wp\/v2\/types\/page"}],"author":[{"embeddable":true,"href":"https:\/\/holfik.com\/pl\/wp-json\/wp\/v2\/users\/1"}],"replies":[{"embeddable":true,"href":"https:\/\/holfik.com\/pl\/wp-json\/wp\/v2\/comments?post=6"}],"version-history":[{"count":1,"href":"https:\/\/holfik.com\/pl\/wp-json\/wp\/v2\/pages\/6\/revisions"}],"predecessor-version":[{"id":9,"href":"https:\/\/holfik.com\/pl\/wp-json\/wp\/v2\/pages\/6\/revisions\/9"}],"wp:attachment":[{"href":"https:\/\/holfik.com\/pl\/wp-json\/wp\/v2\/media?parent=6"}],"curies":[{"name":"wp","href":"https:\/\/api.w.org\/{rel}","templated":true}]}}