{"id":12,"date":"2023-05-07T03:14:12","date_gmt":"2023-05-07T06:14:12","guid":{"rendered":"https:\/\/holfik.com\/?page_id=12"},"modified":"2023-05-07T03:14:12","modified_gmt":"2023-05-07T06:14:12","slug":"disclaimer","status":"publish","type":"page","link":"https:\/\/holfik.com\/pl\/disclaimer\/","title":{"rendered":"Zastrze\u017cenie"},"content":{"rendered":"<p>Uwaga:<br \/>\nHolfik w \u017cadnym wypadku nie \u017c\u0105da kwot pieni\u0119\u017cnych za udost\u0119pnienie jakiegokolwiek produktu finansowego, czy to karty kredytowej, finansowania czy po\u017cyczki. Je\u017celi tak si\u0119 zdarzy, prosimy o natychmiastowe poinformowanie nas o tym poprzez formularz. Uwagi: Holfik stara si\u0119, aby wszystkie informacje by\u0142y jak najbardziej aktualne. Nale\u017cy pami\u0119ta\u0107, \u017ce informacje te mog\u0105 r\u00f3\u017cni\u0107 si\u0119 od informacji podanych na stronach internetowych instytucji finansowych i\/lub dostawc\u00f3w us\u0142ug na konkretnej stronie internetowej. Je\u015bli chodzi o instytucje, z kt\u00f3rymi nie mamy partnerstwa, nie mamy \u017cadnej gwarancji, \u017ce wszystkie informacje dotycz\u0105ce produkt\u00f3w podanych na tej stronie internetowej https:\/\/holfik.com s\u0105 aktualne. Zawsze pami\u0119taj o zapoznaniu si\u0119 z warunkami korzystania i zakupu instytucji finansowej, kt\u00f3r\u0105 wybierasz. Partnerzy: Jak monetyzujemy? Otrzymujemy niewielk\u0105 kwot\u0119 z reklam na naszej stronie internetowej oraz od naszych partner\u00f3w, gdy polecimy u\u017cytkownika, kt\u00f3ry poprosi o produkt lub ofert\u0119. Wszystko, co publikujemy, opiera si\u0119 na ilo\u015bciowych i jako\u015bciowych ocenach ka\u017cdego produktu. Warto zauwa\u017cy\u0107, \u017ce nasi partnerzy mog\u0105 bezpo\u015brednio wp\u0142ywa\u0107 na to, o jakich produktach piszemy i co recenzujemy, na kolejno\u015b\u0107 \u201enajlepszych\u201d artyku\u0142\u00f3w i na to, gdzie te produkty pojawiaj\u0105 si\u0119 na holfik. Poniewa\u017c na naszej stronie internetowej znajduje si\u0119 wiele produkt\u00f3w, nie dajemy \u017cadnej gwarancji co do jako\u015bci i aktualno\u015bci informacji o wszystkich tych produktach. Dlatego te\u017c dajemy gwarancj\u0119 i priorytet informacjom od naszych partner\u00f3w. daj nam zna\u0107 poprzez formularz kontaktowy.<\/p>\n<p>Rozwa\u017cania:<br \/>\nHolfik dok\u0142ada wszelkich stara\u0144, aby wszystkie informacje by\u0142y aktualne i dok\u0142adne. Informacje te mog\u0105 r\u00f3\u017cni\u0107 si\u0119 od tych, kt\u00f3re mo\u017cna zobaczy\u0107 na stronach internetowych instytucji finansowych, dostawc\u00f3w us\u0142ug lub na stronach internetowych konkretnych produkt\u00f3w. W przypadku instytucji nieb\u0119d\u0105cych partnerami, wszystkie produkty finansowe s\u0105 prezentowane bez jakiejkolwiek gwarancji aktualno\u015bci informacji. Wybieraj\u0105c ofert\u0119, zapoznaj si\u0119 z warunkami instytucji finansowych i zasadami zakupu.<\/p>\n<p>Partnerstwa:<br \/>\nJak zarabiamy pieni\u0105dze? Otrzymujemy niewielk\u0105 rekompensat\u0119 za reklamy zamieszczane na naszej stronie, a tak\u017ce od naszych partner\u00f3w, gdy kto\u015b z\u0142o\u017cy wniosek o ofert\u0119 lub uzyska akceptacj\u0119 rekomendowanego przez nas produktu finansowego. Artyku\u0142y, kt\u00f3re publikujemy na portalu holfik, opieraj\u0105 si\u0119 wy\u0142\u0105cznie na jako\u015bciowych i ilo\u015bciowych ocenach ka\u017cdego produktu. Nasze partnerstwa mog\u0105 mie\u0107 wp\u0142yw na to, o jakich produktach piszemy i jakie recenzujemy, na kolejno\u015b\u0107, w jakiej produkty pojawiaj\u0105 si\u0119 w artyku\u0142ach z \u201enajlepszymi\u201d, na to, czy i gdzie produkty pojawiaj\u0105 si\u0119 na holfik, a tak\u017ce na to, gdzie s\u0105 wy\u015bwietlane na stronie. Jak wida\u0107 na naszej stronie internetowej, prezentujemy kilka produkt\u00f3w. Nie gwarantujemy jako\u015bci i aktualno\u015bci informacji dla wszystkich z nich, dlatego te\u017c priorytetowo traktujemy i gwarantujemy informacje pochodz\u0105ce od instytucji partnerskich.<\/p>","protected":false},"excerpt":{"rendered":"<p>Uwaga: Holfik nie \u017c\u0105da \u017cadnej kwoty pieni\u0119dzy pod \u017cadnymi okoliczno\u015bciami za udost\u0119pnienie jakiegokolwiek produktu finansowego, czy to karty kredytowej, finansowania czy po\u017cyczki. Je\u017celi tak si\u0119 zdarzy, prosimy o natychmiastowe poinformowanie nas o tym poprzez formularz. Uwagi: Holfik stara si\u0119, aby wszystkie informacje by\u0142y jak najbardziej aktualne. Warto zauwa\u017cy\u0107, \u017ce te [\u2026]<\/p>","protected":false},"author":1,"featured_media":0,"parent":0,"menu_order":0,"comment_status":"closed","ping_status":"closed","template":"","meta":{"footnotes":""},"class_list":["post-12","page","type-page","status-publish","hentry"],"yoast_head":"<!-- This site is optimized with the Yoast SEO plugin v22.5 - https:\/\/yoast.com\/wordpress\/plugins\/seo\/ -->\n<title>Disclaimer - Holfik<\/title>\n<meta name=\"robots\" content=\"index, follow, max-snippet:-1, max-image-preview:large, max-video-preview:-1\" \/>\n<link rel=\"canonical\" href=\"https:\/\/holfik.com\/pl\/disclaimer\/\" \/>\n<meta property=\"og:locale\" content=\"pl_PL\" \/>\n<meta property=\"og:type\" content=\"article\" \/>\n<meta property=\"og:title\" content=\"Disclaimer - Holfik\" \/>\n<meta property=\"og:description\" content=\"Aten\u00e7\u00e3o: O holfik n\u00e3o solicita em nenhuma situa\u00e7\u00e3o quantias em dinheiro para libera\u00e7\u00e3o de qualquer tipo de produto financeiro, seja cart\u00e3o de cr\u00e9dito, financiamento ou empr\u00e9stimo. Caso isto aconte\u00e7a nos avise pelo formul\u00e1rio imediatamente. Observa\u00e7\u00f5es: O holfik trabalha para manter todas informa\u00e7\u00f5es o mais atualizadas poss\u00edvel. Vale ressaltar que essas [&hellip;]\" \/>\n<meta property=\"og:url\" content=\"https:\/\/holfik.com\/pl\/disclaimer\/\" \/>\n<meta property=\"og:site_name\" content=\"Holfik\" \/>\n<meta name=\"twitter:card\" content=\"summary_large_image\" \/>\n<meta name=\"twitter:label1\" content=\"Szacowany czas czytania\" \/>\n\t<meta name=\"twitter:data1\" content=\"2 minuty\" \/>\n<script type=\"application\/ld+json\" class=\"yoast-schema-graph\">{\"@context\":\"https:\/\/schema.org\",\"@graph\":[{\"@type\":\"WebPage\",\"@id\":\"https:\/\/holfik.com\/de\/disclaimer\/\",\"url\":\"https:\/\/holfik.com\/de\/disclaimer\/\",\"name\":\"Disclaimer - Holfik\",\"isPartOf\":{\"@id\":\"https:\/\/holfik.com\/fr\/#website\"},\"datePublished\":\"2023-05-07T06:14:12+00:00\",\"dateModified\":\"2023-05-07T06:14:12+00:00\",\"breadcrumb\":{\"@id\":\"https:\/\/holfik.com\/de\/disclaimer\/#breadcrumb\"},\"inLanguage\":\"pl-PL\",\"potentialAction\":[{\"@type\":\"ReadAction\",\"target\":[\"https:\/\/holfik.com\/de\/disclaimer\/\"]}]},{\"@type\":\"BreadcrumbList\",\"@id\":\"https:\/\/holfik.com\/de\/disclaimer\/#breadcrumb\",\"itemListElement\":[{\"@type\":\"ListItem\",\"position\":1,\"name\":\"In\u00edcio\",\"item\":\"https:\/\/holfik.com\/fr\/\"},{\"@type\":\"ListItem\",\"position\":2,\"name\":\"Disclaimer\"}]},{\"@type\":\"WebSite\",\"@id\":\"https:\/\/holfik.com\/fr\/#website\",\"url\":\"https:\/\/holfik.com\/fr\/\",\"name\":\"Holfik\",\"description\":\"Site de Not\u00edcias e M\u00eddia\",\"publisher\":{\"@id\":\"https:\/\/holfik.com\/fr\/#organization\"},\"potentialAction\":[{\"@type\":\"SearchAction\",\"target\":{\"@type\":\"EntryPoint\",\"urlTemplate\":\"https:\/\/holfik.com\/fr\/?s={search_term_string}\"},\"query-input\":\"required name=search_term_string\"}],\"inLanguage\":\"pl-PL\"},{\"@type\":\"Organization\",\"@id\":\"https:\/\/holfik.com\/fr\/#organization\",\"name\":\"Holfik\",\"url\":\"https:\/\/holfik.com\/fr\/\",\"logo\":{\"@type\":\"ImageObject\",\"inLanguage\":\"pl-PL\",\"@id\":\"https:\/\/holfik.com\/fr\/#\/schema\/logo\/image\/\",\"url\":\"https:\/\/holfik.com\/wp-content\/uploads\/2025\/07\/download1.png\",\"contentUrl\":\"https:\/\/holfik.com\/wp-content\/uploads\/2025\/07\/download1.png\",\"width\":150,\"height\":100,\"caption\":\"Holfik\"},\"image\":{\"@id\":\"https:\/\/holfik.com\/fr\/#\/schema\/logo\/image\/\"}}]}<\/script>\n<!-- \/ Yoast SEO plugin. -->","yoast_head_json":{"title":"Disclaimer - Holfik","robots":{"index":"index","follow":"follow","max-snippet":"max-snippet:-1","max-image-preview":"max-image-preview:large","max-video-preview":"max-video-preview:-1"},"canonical":"https:\/\/holfik.com\/pl\/disclaimer\/","og_locale":"pl_PL","og_type":"article","og_title":"Disclaimer - Holfik","og_description":"Aten\u00e7\u00e3o: O holfik n\u00e3o solicita em nenhuma situa\u00e7\u00e3o quantias em dinheiro para libera\u00e7\u00e3o de qualquer tipo de produto financeiro, seja cart\u00e3o de cr\u00e9dito, financiamento ou empr\u00e9stimo. Caso isto aconte\u00e7a nos avise pelo formul\u00e1rio imediatamente. Observa\u00e7\u00f5es: O holfik trabalha para manter todas informa\u00e7\u00f5es o mais atualizadas poss\u00edvel. Vale ressaltar que essas [&hellip;]","og_url":"https:\/\/holfik.com\/pl\/disclaimer\/","og_site_name":"Holfik","twitter_card":"summary_large_image","twitter_misc":{"Szacowany czas czytania":"2 minuty"},"schema":{"@context":"https:\/\/schema.org","@graph":[{"@type":"WebPage","@id":"https:\/\/holfik.com\/de\/disclaimer\/","url":"https:\/\/holfik.com\/de\/disclaimer\/","name":"Disclaimer - Holfik","isPartOf":{"@id":"https:\/\/holfik.com\/fr\/#website"},"datePublished":"2023-05-07T06:14:12+00:00","dateModified":"2023-05-07T06:14:12+00:00","breadcrumb":{"@id":"https:\/\/holfik.com\/de\/disclaimer\/#breadcrumb"},"inLanguage":"pl-PL","potentialAction":[{"@type":"ReadAction","target":["https:\/\/holfik.com\/de\/disclaimer\/"]}]},{"@type":"BreadcrumbList","@id":"https:\/\/holfik.com\/de\/disclaimer\/#breadcrumb","itemListElement":[{"@type":"ListItem","position":1,"name":"In\u00edcio","item":"https:\/\/holfik.com\/fr\/"},{"@type":"ListItem","position":2,"name":"Disclaimer"}]},{"@type":"WebSite","@id":"https:\/\/holfik.com\/fr\/#website","url":"https:\/\/holfik.com\/fr\/","name":"Holfik","description":"Site de Not\u00edcias e M\u00eddia","publisher":{"@id":"https:\/\/holfik.com\/fr\/#organization"},"potentialAction":[{"@type":"SearchAction","target":{"@type":"EntryPoint","urlTemplate":"https:\/\/holfik.com\/fr\/?s={search_term_string}"},"query-input":"required name=search_term_string"}],"inLanguage":"pl-PL"},{"@type":"Organization","@id":"https:\/\/holfik.com\/fr\/#organization","name":"Holfik","url":"https:\/\/holfik.com\/fr\/","logo":{"@type":"ImageObject","inLanguage":"pl-PL","@id":"https:\/\/holfik.com\/fr\/#\/schema\/logo\/image\/","url":"https:\/\/holfik.com\/wp-content\/uploads\/2025\/07\/download1.png","contentUrl":"https:\/\/holfik.com\/wp-content\/uploads\/2025\/07\/download1.png","width":150,"height":100,"caption":"Holfik"},"image":{"@id":"https:\/\/holfik.com\/fr\/#\/schema\/logo\/image\/"}}]}},"_links":{"self":[{"href":"https:\/\/holfik.com\/pl\/wp-json\/wp\/v2\/pages\/12","targetHints":{"allow":["GET"]}}],"collection":[{"href":"https:\/\/holfik.com\/pl\/wp-json\/wp\/v2\/pages"}],"about":[{"href":"https:\/\/holfik.com\/pl\/wp-json\/wp\/v2\/types\/page"}],"author":[{"embeddable":true,"href":"https:\/\/holfik.com\/pl\/wp-json\/wp\/v2\/users\/1"}],"replies":[{"embeddable":true,"href":"https:\/\/holfik.com\/pl\/wp-json\/wp\/v2\/comments?post=12"}],"version-history":[{"count":1,"href":"https:\/\/holfik.com\/pl\/wp-json\/wp\/v2\/pages\/12\/revisions"}],"predecessor-version":[{"id":13,"href":"https:\/\/holfik.com\/pl\/wp-json\/wp\/v2\/pages\/12\/revisions\/13"}],"wp:attachment":[{"href":"https:\/\/holfik.com\/pl\/wp-json\/wp\/v2\/media?parent=12"}],"curies":[{"name":"wp","href":"https:\/\/api.w.org\/{rel}","templated":true}]}}