{"id":10,"date":"2023-05-07T03:10:39","date_gmt":"2023-05-07T06:10:39","guid":{"rendered":"https:\/\/holfik.com\/?page_id=10"},"modified":"2023-05-07T03:10:39","modified_gmt":"2023-05-07T06:10:39","slug":"termos-e-condicoes","status":"publish","type":"page","link":"https:\/\/holfik.com\/pl\/termos-e-condicoes\/","title":{"rendered":"Regulamin"},"content":{"rendered":"<h2><span style=\"color: rgb(68, 68, 68);\">1. Warunki<\/span><\/h2>\n<p><span style=\"color: rgb(68, 68, 68);\">Podczas uzyskiwania dost\u0119pu do strony internetowej <a href=\"https:\/\/holfik.com\/pl\/\">Holfik<\/a>, zgadzasz si\u0119 przestrzega\u0107 niniejszych warunk\u00f3w \u015bwiadczenia us\u0142ug, wszystkich obowi\u0105zuj\u0105cych praw i przepis\u00f3w oraz zgadzasz si\u0119, \u017ce jeste\u015b odpowiedzialny za przestrzeganie wszelkich obowi\u0105zuj\u0105cych przepis\u00f3w lokalnych. Je\u015bli nie zgadzasz si\u0119 z kt\u00f3rymkolwiek z tych warunk\u00f3w, nie mo\u017cesz korzysta\u0107 z tej witryny ani uzyskiwa\u0107 do niej dost\u0119pu. Materia\u0142y zawarte w tej witrynie s\u0105 chronione obowi\u0105zuj\u0105cymi przepisami dotycz\u0105cymi praw autorskich i znak\u00f3w towarowych.<\/span><\/p>\n<h2><span style=\"color: rgb(68, 68, 68);\">2. Korzystanie z licencji<\/span><\/h2>\n<p><span style=\"color: rgb(68, 68, 68);\">Zezwala si\u0119 na tymczasowe pobranie jednej kopii materia\u0142\u00f3w (informacji lub oprogramowania) ze strony internetowej Holfik, wy\u0142\u0105cznie do osobistego, niekomercyjnego, tymczasowego przegl\u0105dania. Jest to udzielenie licencji, a nie przeniesienie tytu\u0142u i na mocy tej licencji nie mo\u017cesz:&nbsp;<\/span><\/p>\n<ol>\n<li><span style=\"color: rgb(68, 68, 68);\">modyfikowa\u0107 lub kopiowa\u0107 materia\u0142y;&nbsp;<\/span><\/li>\n<li><span style=\"color: rgb(68, 68, 68);\">wykorzystywa\u0107 materia\u0142\u00f3w do cel\u00f3w komercyjnych lub do publicznego wy\u015bwietlania (komercyjnego lub niekomercyjnego);&nbsp;<\/span><\/li>\n<li><span style=\"color: rgb(68, 68, 68);\">podejmowa\u0107 pr\u00f3b dekompilacji lub in\u017cynierii wstecznej jakiegokolwiek oprogramowania zawartego na stronie internetowej Holfik;&nbsp;<\/span><\/li>\n<li><span style=\"color: rgb(68, 68, 68);\">usun\u0105\u0107 z materia\u0142\u00f3w wszelkie oznaczenia dotycz\u0105ce praw autorskich lub innych praw w\u0142asno\u015bci; Lub&nbsp;<\/span><\/li>\n<li><span style=\"color: rgb(68, 68, 68);\">przenie\u015b\u0107 materia\u0142y na inn\u0105 osob\u0119 lub \u201eodzwierciedli\u0107\u201d materia\u0142y na innym serwerze.<\/span><\/li>\n<\/ol>\n<p><span style=\"color: rgb(68, 68, 68);\">Licencja ta wygasa automatycznie w przypadku naruszenia kt\u00f3regokolwiek z tych ogranicze\u0144 i mo\u017ce zosta\u0107 wypowiedziana przez Holfik w dowolnym momencie. Po zako\u0144czeniu przegl\u0105dania tych materia\u0142\u00f3w lub wyga\u015bni\u0119ciu niniejszej licencji nale\u017cy usun\u0105\u0107 wszelkie pobrane materia\u0142y znajduj\u0105ce si\u0119 w posiadaniu, zar\u00f3wno w formacie elektronicznym, jak i drukowanym.<\/span><\/p>\n<h2><span style=\"color: rgb(68, 68, 68);\">3. Zastrze\u017cenie<\/span><\/h2>\n<ol>\n<li><span style=\"color: rgb(68, 68, 68);\">Materia\u0142y na stronie internetowej Holfik s\u0105 dostarczane w stanie takim, w jakim s\u0105. Holfik nie udziela \u017cadnych gwarancji, wyra\u017anych ani dorozumianych, i niniejszym zrzeka si\u0119 i neguje wszelkie inne gwarancje, w tym mi\u0119dzy innymi dorozumiane gwarancje lub warunki przydatno\u015bci handlowej, przydatno\u015bci do okre\u015blonego celu lub nienaruszania w\u0142asno\u015bci intelektualnej lub innego naruszenia praw.<\/span><\/li>\n<li><span style=\"color: rgb(68, 68, 68);\">Ponadto Holfik nie gwarantuje ani nie sk\u0142ada \u017cadnych o\u015bwiadcze\u0144 dotycz\u0105cych dok\u0142adno\u015bci, prawdopodobnych wynik\u00f3w lub wiarygodno\u015bci wykorzystania materia\u0142\u00f3w znajduj\u0105cych si\u0119 na jej stronie internetowej lub w inny spos\u00f3b odnosz\u0105cych si\u0119 do takich materia\u0142\u00f3w lub do jakichkolwiek stron powi\u0105zanych z t\u0105 witryn\u0105.<\/span><\/li>\n<\/ol>\n<h2><span style=\"color: rgb(68, 68, 68);\">4. Ograniczenia<\/span><\/h2>\n<p><span style=\"color: rgb(68, 68, 68);\">W \u017cadnym przypadku Holfik ani jego dostawcy nie ponosz\u0105 odpowiedzialno\u015bci za jakiekolwiek szkody (w tym, bez ogranicze\u0144, szkody z tytu\u0142u utraty danych lub zysk\u00f3w lub z powodu przerwy w dzia\u0142alno\u015bci) powsta\u0142e w wyniku u\u017cycia lub niemo\u017cno\u015bci wykorzystania materia\u0142\u00f3w znajduj\u0105cych si\u0119 na stronie internetowej Holfik, nawet je\u015bli Firma Holfik lub jej upowa\u017cniony przedstawiciel zosta\u0142a ustnie lub pisemnie powiadomiona o mo\u017cliwo\u015bci wyst\u0105pienia takich szk\u00f3d. Poniewa\u017c niekt\u00f3re jurysdykcje nie zezwalaj\u0105 na ograniczenia dorozumianych gwarancji lub ograniczenia odpowiedzialno\u015bci za szkody wt\u00f3rne lub przypadkowe, ograniczenia te mog\u0105 nie mie\u0107 zastosowania w Twoim przypadku.<\/span><\/p>\n<h2><span style=\"color: rgb(68, 68, 68);\">5. Precyzja materia\u0142\u00f3w<\/span><\/h2>\n<p><span style=\"color: rgb(68, 68, 68);\">Materia\u0142y pojawiaj\u0105ce si\u0119 na stronie internetowej Holfik mog\u0105 zawiera\u0107 b\u0142\u0119dy techniczne, typograficzne lub fotograficzne. Holfik nie gwarantuje, \u017ce jakiekolwiek materia\u0142y znajduj\u0105ce si\u0119 na jej stronie internetowej s\u0105 dok\u0142adne, kompletne i aktualne. Holfik mo\u017ce dokona\u0107 zmian w materia\u0142ach zawartych na swojej stronie internetowej w dowolnym momencie i bez uprzedzenia. Jednak\u017ce Holfik nie zobowi\u0105zuje si\u0119 do aktualizacji materia\u0142\u00f3w.<\/span><\/p>\n<h2><span style=\"color: rgb(68, 68, 68);\">6. Linki<\/span><\/h2>\n<p><span style=\"color: rgb(68, 68, 68);\">Firma Holfik nie sprawdzi\u0142a wszystkich stron, do kt\u00f3rych prowadz\u0105 linki do jej witryny i nie ponosi odpowiedzialno\u015bci za zawarto\u015b\u0107 witryn, do kt\u00f3rych prowadz\u0105 linki. Zamieszczenie jakiegokolwiek \u0142\u0105cza nie oznacza poparcia witryny przez firm\u0119 Holfik. Korzystanie z jakiejkolwiek witryny, do kt\u00f3rej prowadz\u0105 linki, odbywa si\u0119 na w\u0142asne ryzyko u\u017cytkownika.<\/span><\/p>\n<p><\/p>\n<h3><span style=\"color: rgb(68, 68, 68);\">Modyfikacje<\/span><\/h3>\n<p><span style=\"color: rgb(68, 68, 68);\">Holfik mo\u017ce zmieni\u0107 niniejsze warunki \u015bwiadczenia us\u0142ug na swojej stronie internetowej w dowolnym momencie i bez uprzedzenia. Korzystaj\u0105c z tej witryny, wyra\u017casz zgod\u0119 na obowi\u0105zuj\u0105c\u0105 wersj\u0119 niniejszych warunk\u00f3w \u015bwiadczenia us\u0142ug.<\/span><\/p>\n<h3><span style=\"color: rgb(68, 68, 68);\">Obowi\u0105zuj\u0105ce prawo<\/span><\/h3>\n<p><span style=\"color: rgb(68, 68, 68);\">Niniejsze warunki podlegaj\u0105 prawu Holfik i s\u0105 zgodnie z nim interpretowane, a u\u017cytkownik nieodwo\u0142alnie poddaje si\u0119 wy\u0142\u0105cznej jurysdykcji s\u0105d\u00f3w w tym pa\u0144stwie lub lokalizacji.<\/span><\/p>","protected":false},"excerpt":{"rendered":"<p>1. Warunki Korzystaj\u0105c ze strony internetowej Holfik, zgadzasz si\u0119 przestrzega\u0107 niniejszych warunk\u00f3w korzystania z us\u0142ugi, wszystkich obowi\u0105zuj\u0105cych przepis\u00f3w i regulacji, a tak\u017ce przyjmujesz na siebie odpowiedzialno\u015b\u0107 za przestrzeganie wszystkich obowi\u0105zuj\u0105cych przepis\u00f3w lokalnych. Je\u015bli nie zgadzasz si\u0119 z kt\u00f3rymkolwiek z tych warunk\u00f3w, nie mo\u017cesz korzysta\u0107 z tej witryny ani uzyskiwa\u0107 do niej dost\u0119pu. Ty [\u2026]<\/p>","protected":false},"author":1,"featured_media":0,"parent":0,"menu_order":0,"comment_status":"closed","ping_status":"closed","template":"","meta":{"footnotes":""},"class_list":["post-10","page","type-page","status-publish","hentry"],"yoast_head":"<!-- This site is optimized with the Yoast SEO plugin v22.5 - https:\/\/yoast.com\/wordpress\/plugins\/seo\/ -->\n<title>Termos e Condi\u00e7\u00f5es - Holfik<\/title>\n<meta name=\"robots\" content=\"index, follow, max-snippet:-1, max-image-preview:large, max-video-preview:-1\" \/>\n<link rel=\"canonical\" href=\"https:\/\/holfik.com\/pl\/termos-e-condicoes\/\" \/>\n<meta property=\"og:locale\" content=\"pl_PL\" \/>\n<meta property=\"og:type\" content=\"article\" \/>\n<meta property=\"og:title\" content=\"Termos e Condi\u00e7\u00f5es - Holfik\" \/>\n<meta property=\"og:description\" content=\"1. Termos Ao acessar ao site Holfik, concorda em cumprir estes termos de servi\u00e7o, todas as leis e regulamentos aplic\u00e1veis \u200b\u200be concorda que \u00e9 respons\u00e1vel pelo cumprimento de todas as leis locais aplic\u00e1veis. Se voc\u00ea n\u00e3o concordar com algum desses termos, est\u00e1 proibido de usar ou acessar este site. Os [&hellip;]\" \/>\n<meta property=\"og:url\" content=\"https:\/\/holfik.com\/pl\/termos-e-condicoes\/\" \/>\n<meta property=\"og:site_name\" content=\"Holfik\" \/>\n<meta name=\"twitter:card\" content=\"summary_large_image\" \/>\n<meta name=\"twitter:label1\" content=\"Szacowany czas czytania\" \/>\n\t<meta name=\"twitter:data1\" content=\"3 minuty\" \/>\n<script type=\"application\/ld+json\" class=\"yoast-schema-graph\">{\"@context\":\"https:\/\/schema.org\",\"@graph\":[{\"@type\":\"WebPage\",\"@id\":\"https:\/\/holfik.com\/nb\/termos-e-condicoes\/\",\"url\":\"https:\/\/holfik.com\/nb\/termos-e-condicoes\/\",\"name\":\"Termos e Condi\u00e7\u00f5es - Holfik\",\"isPartOf\":{\"@id\":\"https:\/\/holfik.com\/fr\/#website\"},\"datePublished\":\"2023-05-07T06:10:39+00:00\",\"dateModified\":\"2023-05-07T06:10:39+00:00\",\"breadcrumb\":{\"@id\":\"https:\/\/holfik.com\/nb\/termos-e-condicoes\/#breadcrumb\"},\"inLanguage\":\"pl-PL\",\"potentialAction\":[{\"@type\":\"ReadAction\",\"target\":[\"https:\/\/holfik.com\/nb\/termos-e-condicoes\/\"]}]},{\"@type\":\"BreadcrumbList\",\"@id\":\"https:\/\/holfik.com\/nb\/termos-e-condicoes\/#breadcrumb\",\"itemListElement\":[{\"@type\":\"ListItem\",\"position\":1,\"name\":\"In\u00edcio\",\"item\":\"https:\/\/holfik.com\/fr\/\"},{\"@type\":\"ListItem\",\"position\":2,\"name\":\"Termos e Condi\u00e7\u00f5es\"}]},{\"@type\":\"WebSite\",\"@id\":\"https:\/\/holfik.com\/fr\/#website\",\"url\":\"https:\/\/holfik.com\/fr\/\",\"name\":\"Holfik\",\"description\":\"Site de Not\u00edcias e M\u00eddia\",\"publisher\":{\"@id\":\"https:\/\/holfik.com\/fr\/#organization\"},\"potentialAction\":[{\"@type\":\"SearchAction\",\"target\":{\"@type\":\"EntryPoint\",\"urlTemplate\":\"https:\/\/holfik.com\/fr\/?s={search_term_string}\"},\"query-input\":\"required name=search_term_string\"}],\"inLanguage\":\"pl-PL\"},{\"@type\":\"Organization\",\"@id\":\"https:\/\/holfik.com\/fr\/#organization\",\"name\":\"Holfik\",\"url\":\"https:\/\/holfik.com\/fr\/\",\"logo\":{\"@type\":\"ImageObject\",\"inLanguage\":\"pl-PL\",\"@id\":\"https:\/\/holfik.com\/fr\/#\/schema\/logo\/image\/\",\"url\":\"https:\/\/holfik.com\/wp-content\/uploads\/2025\/07\/download1.png\",\"contentUrl\":\"https:\/\/holfik.com\/wp-content\/uploads\/2025\/07\/download1.png\",\"width\":150,\"height\":100,\"caption\":\"Holfik\"},\"image\":{\"@id\":\"https:\/\/holfik.com\/fr\/#\/schema\/logo\/image\/\"}}]}<\/script>\n<!-- \/ Yoast SEO plugin. -->","yoast_head_json":{"title":"Termos e Condi\u00e7\u00f5es - Holfik","robots":{"index":"index","follow":"follow","max-snippet":"max-snippet:-1","max-image-preview":"max-image-preview:large","max-video-preview":"max-video-preview:-1"},"canonical":"https:\/\/holfik.com\/pl\/termos-e-condicoes\/","og_locale":"pl_PL","og_type":"article","og_title":"Termos e Condi\u00e7\u00f5es - Holfik","og_description":"1. Termos Ao acessar ao site Holfik, concorda em cumprir estes termos de servi\u00e7o, todas as leis e regulamentos aplic\u00e1veis \u200b\u200be concorda que \u00e9 respons\u00e1vel pelo cumprimento de todas as leis locais aplic\u00e1veis. Se voc\u00ea n\u00e3o concordar com algum desses termos, est\u00e1 proibido de usar ou acessar este site. Os [&hellip;]","og_url":"https:\/\/holfik.com\/pl\/termos-e-condicoes\/","og_site_name":"Holfik","twitter_card":"summary_large_image","twitter_misc":{"Szacowany czas czytania":"3 minuty"},"schema":{"@context":"https:\/\/schema.org","@graph":[{"@type":"WebPage","@id":"https:\/\/holfik.com\/nb\/termos-e-condicoes\/","url":"https:\/\/holfik.com\/nb\/termos-e-condicoes\/","name":"Termos e Condi\u00e7\u00f5es - Holfik","isPartOf":{"@id":"https:\/\/holfik.com\/fr\/#website"},"datePublished":"2023-05-07T06:10:39+00:00","dateModified":"2023-05-07T06:10:39+00:00","breadcrumb":{"@id":"https:\/\/holfik.com\/nb\/termos-e-condicoes\/#breadcrumb"},"inLanguage":"pl-PL","potentialAction":[{"@type":"ReadAction","target":["https:\/\/holfik.com\/nb\/termos-e-condicoes\/"]}]},{"@type":"BreadcrumbList","@id":"https:\/\/holfik.com\/nb\/termos-e-condicoes\/#breadcrumb","itemListElement":[{"@type":"ListItem","position":1,"name":"In\u00edcio","item":"https:\/\/holfik.com\/fr\/"},{"@type":"ListItem","position":2,"name":"Termos e Condi\u00e7\u00f5es"}]},{"@type":"WebSite","@id":"https:\/\/holfik.com\/fr\/#website","url":"https:\/\/holfik.com\/fr\/","name":"Holfik","description":"Site de Not\u00edcias e M\u00eddia","publisher":{"@id":"https:\/\/holfik.com\/fr\/#organization"},"potentialAction":[{"@type":"SearchAction","target":{"@type":"EntryPoint","urlTemplate":"https:\/\/holfik.com\/fr\/?s={search_term_string}"},"query-input":"required name=search_term_string"}],"inLanguage":"pl-PL"},{"@type":"Organization","@id":"https:\/\/holfik.com\/fr\/#organization","name":"Holfik","url":"https:\/\/holfik.com\/fr\/","logo":{"@type":"ImageObject","inLanguage":"pl-PL","@id":"https:\/\/holfik.com\/fr\/#\/schema\/logo\/image\/","url":"https:\/\/holfik.com\/wp-content\/uploads\/2025\/07\/download1.png","contentUrl":"https:\/\/holfik.com\/wp-content\/uploads\/2025\/07\/download1.png","width":150,"height":100,"caption":"Holfik"},"image":{"@id":"https:\/\/holfik.com\/fr\/#\/schema\/logo\/image\/"}}]}},"_links":{"self":[{"href":"https:\/\/holfik.com\/pl\/wp-json\/wp\/v2\/pages\/10","targetHints":{"allow":["GET"]}}],"collection":[{"href":"https:\/\/holfik.com\/pl\/wp-json\/wp\/v2\/pages"}],"about":[{"href":"https:\/\/holfik.com\/pl\/wp-json\/wp\/v2\/types\/page"}],"author":[{"embeddable":true,"href":"https:\/\/holfik.com\/pl\/wp-json\/wp\/v2\/users\/1"}],"replies":[{"embeddable":true,"href":"https:\/\/holfik.com\/pl\/wp-json\/wp\/v2\/comments?post=10"}],"version-history":[{"count":1,"href":"https:\/\/holfik.com\/pl\/wp-json\/wp\/v2\/pages\/10\/revisions"}],"predecessor-version":[{"id":11,"href":"https:\/\/holfik.com\/pl\/wp-json\/wp\/v2\/pages\/10\/revisions\/11"}],"wp:attachment":[{"href":"https:\/\/holfik.com\/pl\/wp-json\/wp\/v2\/media?parent=10"}],"curies":[{"name":"wp","href":"https:\/\/api.w.org\/{rel}","templated":true}]}}