{"id":6,"date":"2023-05-07T03:10:25","date_gmt":"2023-05-07T06:10:25","guid":{"rendered":"https:\/\/holfik.com\/?page_id=6"},"modified":"2023-05-07T03:10:25","modified_gmt":"2023-05-07T06:10:25","slug":"politica-de-privacidade","status":"publish","type":"page","link":"https:\/\/holfik.com\/nl\/politica-de-privacidade\/","title":{"rendered":"Privacybeleid"},"content":{"rendered":"<h2><span style=\"color: #444444;\">Privacybeleid<\/span><\/h2>\n<p><span style=\"color: #444444;\">Uw privacy is belangrijk voor ons. Het is het beleid van Holfik om uw privacy te respecteren met betrekking tot alle informatie die we op de website van u verzamelen <a href=\"https:\/\/holfik.com\/nl\/\">Holfik<\/a>en andere sites die wij bezitten en exploiteren.<\/span><\/p>\n<p><span style=\"color: #444444;\">Wij vragen alleen persoonlijke gegevens als we deze echt nodig hebben om u een dienst te kunnen verlenen. Wij doen dit op eerlijke en legale wijze, met uw medeweten en toestemming. We vertellen u ook waarom we het verzamelen en hoe het zal worden gebruikt.<\/span><\/p>\n<p><span style=\"color: #444444;\">Wij bewaren verzamelde gegevens slechts zo lang als nodig is om de gevraagde dienst te kunnen leveren. Wanneer we gegevens opslaan, beschermen we deze met commercieel aanvaardbare middelen om verlies en diefstal te voorkomen, evenals ongeoorloofde toegang, openbaarmaking, kopi\u00ebren, gebruik of wijziging.<\/span><\/p>\n<p><span style=\"color: #444444;\">Wij delen geen persoonlijk identificeerbare informatie publiekelijk of met derden, behalve wanneer dit wettelijk verplicht is.<\/span><\/p>\n<p><span style=\"color: #444444;\">Onze website kan links bevatten naar externe websites die niet door ons worden beheerd. Houd er rekening mee dat wij geen controle hebben over de inhoud en praktijken van deze sites en geen verantwoordelijkheid kunnen aanvaarden voor de respectieve sites\u00a0<\/span><a href=\"https:\/\/politicaprivacidade.com\/\" rel=\"noopener noreferrer\" target=\"_blank\" style=\"background-color: transparent; color: #444444;\">Privacy beleid<\/a><span style=\"color: #444444;\">.<\/span><\/p>\n<p><span style=\"color: #444444;\">Het staat u vrij om ons verzoek om uw persoonlijke gegevens te weigeren, met dien verstande dat wij u mogelijk sommige van de door u gewenste diensten niet kunnen leveren.<\/span><\/p>\n<p><span style=\"color: #444444;\">Als u onze website blijft gebruiken, wordt dit beschouwd als aanvaarding van onze praktijken op het gebied van privacy en persoonlijke informatie. Als u vragen heeft over hoe wij omgaan met gebruikersgegevens en persoonlijke informatie, neem dan contact met ons op.<\/span><\/p>\n<p><span style=\"color: #444444;\"><\/span><\/p>\n<ul>\n<li><span style=\"color: #444444;\">De Google AdSense-service die we gebruiken om advertenties weer te geven, maakt gebruik van een DoubleClick-cookie om relevantere advertenties op internet weer te geven en het aantal keren dat een bepaalde advertentie aan u wordt getoond te beperken.<\/span><\/li>\n<li><span style=\"color: #444444;\">Voor meer informatie over Google AdSense raadpleegt u de offici\u00eble veelgestelde vragen over privacy van Google AdSense.<\/span><\/li>\n<li><span style=\"color: #444444;\">We gebruiken advertenties om de kosten van het runnen van deze site te compenseren en financiering te verstrekken voor toekomstige ontwikkeling. De gedragsadvertentiecookies die door deze site worden gebruikt, zijn ontworpen om ervoor te zorgen dat we u waar mogelijk de meest relevante advertenties bieden door uw interesses anoniem te volgen en soortgelijke dingen te presenteren die voor u interessant kunnen zijn.<\/span><\/li>\n<li><span style=\"color: #444444;\">Verschillende partners adverteren namens ons en affiliate tracking cookies stellen ons eenvoudig in staat om te zien of onze klanten de site hebben bezocht via een van de sites van onze partners, zodat we ze op de juiste manier kunnen crediteren en, indien van toepassing, onze affiliate partners in staat kunnen stellen elke promotie aan te bieden die kan u een aankoop doen.<\/span><\/li>\n<\/ul>\n<p>&nbsp;<\/p>\n<p>&nbsp;<\/p>\n<h3><span style=\"color: #444444;\">Gebruikersbetrokkenheid<\/span><\/h3>\n<p><span style=\"color: #444444;\">De gebruiker verbindt zich ertoe om op passende wijze gebruik te maken van de inhoud en informatie die Holfik op de website aanbiedt en met een enunciatief maar niet beperkend karakter:<\/span><\/p>\n<ul>\n<li><span style=\"color: #444444;\">A) zich niet bezighouden met activiteiten die illegaal zijn of in strijd zijn met de goede trouw en de openbare orde;<\/span><\/li>\n<li><span style=\"color: #444444;\">B) Verspreid geen propaganda of inhoud van racistische, xenofobe, <\/span><span style=\"color: #212529;\"><a href=\"https:\/\/apostasonline.guru\/betano-apostas\/\" style=\"color: inherit !important; text-decoration: none !important; font-size: inherit !important;\"> betano-weddenschappen<\/a><\/span><span style=\"color: #444444;\"> of pech, elke vorm van illegale pornografie, ter ondersteuning van terrorisme of tegen de mensenrechten;<\/span><\/li>\n<li><span style=\"color: #444444;\">C) Geen schade veroorzaken aan de fysieke (hardware) en logische (software) systemen van Holfik, haar leveranciers of derden, om computervirussen of andere hardware- of softwaresystemen te introduceren of te verspreiden die de bovengenoemde schade kunnen veroorzaken.<\/span><\/li>\n<\/ul>\n<h3><span style=\"color: #444444;\">Meer informatie<\/span><\/h3>\n<p><span style=\"color: #444444;\">Hopelijk is dit duidelijk, en zoals eerder vermeld: als u niet zeker weet of u iets nodig heeft of niet, is het meestal veiliger om cookies ingeschakeld te laten voor het geval er interactie is met een van de functies die u op onze site gebruikt.<\/span><\/p>\n<p><span style=\"color: #444444;\">Dit beleid is van kracht vanaf 7 mei 2023 06:10 uur<\/span><\/p>","protected":false},"excerpt":{"rendered":"<p>Privacybeleid Uw privacy is belangrijk voor ons. Het beleid van Holfik is erop gericht uw privacy te respecteren met betrekking tot alle informatie die wij van u verzamelen via de Holfik-website en andere sites die wij bezitten en beheren. Wij vragen alleen om persoonlijke gegevens als wij deze echt nodig hebben om u een dienst te verlenen. Wij doen het [\u2026]<\/p>","protected":false},"author":1,"featured_media":0,"parent":0,"menu_order":0,"comment_status":"closed","ping_status":"closed","template":"","meta":{"footnotes":""},"class_list":["post-6","page","type-page","status-publish","hentry"],"yoast_head":"<!-- This site is optimized with the Yoast SEO plugin v22.5 - https:\/\/yoast.com\/wordpress\/plugins\/seo\/ -->\n<title>Pol\u00edtica de Privacidade - Holfik<\/title>\n<meta name=\"robots\" content=\"index, follow, max-snippet:-1, max-image-preview:large, max-video-preview:-1\" \/>\n<link rel=\"canonical\" href=\"https:\/\/holfik.com\/nl\/politica-de-privacidade\/\" \/>\n<meta property=\"og:locale\" content=\"nl_NL\" \/>\n<meta property=\"og:type\" content=\"article\" \/>\n<meta property=\"og:title\" content=\"Pol\u00edtica de Privacidade - Holfik\" \/>\n<meta property=\"og:description\" content=\"Pol\u00edtica Privacidade A sua privacidade \u00e9 importante para n\u00f3s. \u00c9 pol\u00edtica do Holfik respeitar a sua privacidade em rela\u00e7\u00e3o a qualquer informa\u00e7\u00e3o sua que possamos coletar no site Holfik, e outros sites que possu\u00edmos e operamos. Solicitamos informa\u00e7\u00f5es pessoais apenas quando realmente precisamos delas para lhe fornecer um servi\u00e7o. Fazemo-lo [&hellip;]\" \/>\n<meta property=\"og:url\" content=\"https:\/\/holfik.com\/nl\/politica-de-privacidade\/\" \/>\n<meta property=\"og:site_name\" content=\"Holfik\" \/>\n<meta name=\"twitter:card\" content=\"summary_large_image\" \/>\n<meta name=\"twitter:label1\" content=\"Geschatte leestijd\" \/>\n\t<meta name=\"twitter:data1\" content=\"3 minuten\" \/>\n<script type=\"application\/ld+json\" class=\"yoast-schema-graph\">{\"@context\":\"https:\/\/schema.org\",\"@graph\":[{\"@type\":\"WebPage\",\"@id\":\"https:\/\/holfik.com\/politica-de-privacidade\/\",\"url\":\"https:\/\/holfik.com\/politica-de-privacidade\/\",\"name\":\"Pol\u00edtica de Privacidade - Holfik\",\"isPartOf\":{\"@id\":\"https:\/\/holfik.com\/fr\/#website\"},\"datePublished\":\"2023-05-07T06:10:25+00:00\",\"dateModified\":\"2023-05-07T06:10:25+00:00\",\"breadcrumb\":{\"@id\":\"https:\/\/holfik.com\/politica-de-privacidade\/#breadcrumb\"},\"inLanguage\":\"nl-NL\",\"potentialAction\":[{\"@type\":\"ReadAction\",\"target\":[\"https:\/\/holfik.com\/politica-de-privacidade\/\"]}]},{\"@type\":\"BreadcrumbList\",\"@id\":\"https:\/\/holfik.com\/politica-de-privacidade\/#breadcrumb\",\"itemListElement\":[{\"@type\":\"ListItem\",\"position\":1,\"name\":\"In\u00edcio\",\"item\":\"https:\/\/holfik.com\/fr\/\"},{\"@type\":\"ListItem\",\"position\":2,\"name\":\"Pol\u00edtica de Privacidade\"}]},{\"@type\":\"WebSite\",\"@id\":\"https:\/\/holfik.com\/fr\/#website\",\"url\":\"https:\/\/holfik.com\/fr\/\",\"name\":\"Holfik\",\"description\":\"Site de Not\u00edcias e M\u00eddia\",\"publisher\":{\"@id\":\"https:\/\/holfik.com\/fr\/#organization\"},\"potentialAction\":[{\"@type\":\"SearchAction\",\"target\":{\"@type\":\"EntryPoint\",\"urlTemplate\":\"https:\/\/holfik.com\/fr\/?s={search_term_string}\"},\"query-input\":\"required name=search_term_string\"}],\"inLanguage\":\"nl-NL\"},{\"@type\":\"Organization\",\"@id\":\"https:\/\/holfik.com\/fr\/#organization\",\"name\":\"Holfik\",\"url\":\"https:\/\/holfik.com\/fr\/\",\"logo\":{\"@type\":\"ImageObject\",\"inLanguage\":\"nl-NL\",\"@id\":\"https:\/\/holfik.com\/fr\/#\/schema\/logo\/image\/\",\"url\":\"https:\/\/holfik.com\/wp-content\/uploads\/2025\/07\/download1.png\",\"contentUrl\":\"https:\/\/holfik.com\/wp-content\/uploads\/2025\/07\/download1.png\",\"width\":150,\"height\":100,\"caption\":\"Holfik\"},\"image\":{\"@id\":\"https:\/\/holfik.com\/fr\/#\/schema\/logo\/image\/\"}}]}<\/script>\n<!-- \/ Yoast SEO plugin. -->","yoast_head_json":{"title":"Pol\u00edtica de Privacidade - Holfik","robots":{"index":"index","follow":"follow","max-snippet":"max-snippet:-1","max-image-preview":"max-image-preview:large","max-video-preview":"max-video-preview:-1"},"canonical":"https:\/\/holfik.com\/nl\/politica-de-privacidade\/","og_locale":"nl_NL","og_type":"article","og_title":"Pol\u00edtica de Privacidade - Holfik","og_description":"Pol\u00edtica Privacidade A sua privacidade \u00e9 importante para n\u00f3s. \u00c9 pol\u00edtica do Holfik respeitar a sua privacidade em rela\u00e7\u00e3o a qualquer informa\u00e7\u00e3o sua que possamos coletar no site Holfik, e outros sites que possu\u00edmos e operamos. Solicitamos informa\u00e7\u00f5es pessoais apenas quando realmente precisamos delas para lhe fornecer um servi\u00e7o. Fazemo-lo [&hellip;]","og_url":"https:\/\/holfik.com\/nl\/politica-de-privacidade\/","og_site_name":"Holfik","twitter_card":"summary_large_image","twitter_misc":{"Geschatte leestijd":"3 minuten"},"schema":{"@context":"https:\/\/schema.org","@graph":[{"@type":"WebPage","@id":"https:\/\/holfik.com\/politica-de-privacidade\/","url":"https:\/\/holfik.com\/politica-de-privacidade\/","name":"Pol\u00edtica de Privacidade - Holfik","isPartOf":{"@id":"https:\/\/holfik.com\/fr\/#website"},"datePublished":"2023-05-07T06:10:25+00:00","dateModified":"2023-05-07T06:10:25+00:00","breadcrumb":{"@id":"https:\/\/holfik.com\/politica-de-privacidade\/#breadcrumb"},"inLanguage":"nl-NL","potentialAction":[{"@type":"ReadAction","target":["https:\/\/holfik.com\/politica-de-privacidade\/"]}]},{"@type":"BreadcrumbList","@id":"https:\/\/holfik.com\/politica-de-privacidade\/#breadcrumb","itemListElement":[{"@type":"ListItem","position":1,"name":"In\u00edcio","item":"https:\/\/holfik.com\/fr\/"},{"@type":"ListItem","position":2,"name":"Pol\u00edtica de Privacidade"}]},{"@type":"WebSite","@id":"https:\/\/holfik.com\/fr\/#website","url":"https:\/\/holfik.com\/fr\/","name":"Holfik","description":"Site de Not\u00edcias e M\u00eddia","publisher":{"@id":"https:\/\/holfik.com\/fr\/#organization"},"potentialAction":[{"@type":"SearchAction","target":{"@type":"EntryPoint","urlTemplate":"https:\/\/holfik.com\/fr\/?s={search_term_string}"},"query-input":"required name=search_term_string"}],"inLanguage":"nl-NL"},{"@type":"Organization","@id":"https:\/\/holfik.com\/fr\/#organization","name":"Holfik","url":"https:\/\/holfik.com\/fr\/","logo":{"@type":"ImageObject","inLanguage":"nl-NL","@id":"https:\/\/holfik.com\/fr\/#\/schema\/logo\/image\/","url":"https:\/\/holfik.com\/wp-content\/uploads\/2025\/07\/download1.png","contentUrl":"https:\/\/holfik.com\/wp-content\/uploads\/2025\/07\/download1.png","width":150,"height":100,"caption":"Holfik"},"image":{"@id":"https:\/\/holfik.com\/fr\/#\/schema\/logo\/image\/"}}]}},"_links":{"self":[{"href":"https:\/\/holfik.com\/nl\/wp-json\/wp\/v2\/pages\/6","targetHints":{"allow":["GET"]}}],"collection":[{"href":"https:\/\/holfik.com\/nl\/wp-json\/wp\/v2\/pages"}],"about":[{"href":"https:\/\/holfik.com\/nl\/wp-json\/wp\/v2\/types\/page"}],"author":[{"embeddable":true,"href":"https:\/\/holfik.com\/nl\/wp-json\/wp\/v2\/users\/1"}],"replies":[{"embeddable":true,"href":"https:\/\/holfik.com\/nl\/wp-json\/wp\/v2\/comments?post=6"}],"version-history":[{"count":1,"href":"https:\/\/holfik.com\/nl\/wp-json\/wp\/v2\/pages\/6\/revisions"}],"predecessor-version":[{"id":9,"href":"https:\/\/holfik.com\/nl\/wp-json\/wp\/v2\/pages\/6\/revisions\/9"}],"wp:attachment":[{"href":"https:\/\/holfik.com\/nl\/wp-json\/wp\/v2\/media?parent=6"}],"curies":[{"name":"wp","href":"https:\/\/api.w.org\/{rel}","templated":true}]}}