{"id":389,"date":"2024-02-01T16:58:15","date_gmt":"2024-02-01T19:58:15","guid":{"rendered":"https:\/\/holfik.com\/?page_id=389"},"modified":"2024-02-01T16:58:15","modified_gmt":"2024-02-01T19:58:15","slug":"pagina-inicial","status":"publish","type":"page","link":"https:\/\/holfik.com\/nl\/pagina-inicial\/","title":{"rendered":"Startpagina"},"content":{"rendered":"<h2>Waarom toegang krijgen tot onze inhoud<\/h2>\n<p>In een steeds meer verbonden wereld is informatie toegankelijker dan ooit. Door de overvloed aan beschikbare inhoud kan het echter moeilijk zijn om betrouwbare en relevante informatie te vinden. Dit is waar de rol van een artikel- en nieuwswebsite om de hoek komt kijken. Onze inhoud wordt geproduceerd door een team van ervaren en gekwalificeerde journalisten, die zich inzetten om lezers te voorzien van nauwkeurige en actuele informatie. Bovendien is onze inhoud veelomvattend en omvat ze een breed scala aan onderwerpen, van actueel nieuws tot entertainment en cultuur. Dit betekent dat u altijd iets interessants zult vinden, ongeacht uw interesses.<\/p>\n<h4>Nieuws<\/h4>\n<p>Ongepubliceerd nieuws over wat er over de hele wereld gebeurt, hier heb je een rijke omgeving met bijgewerkte 100%-informatie.<\/p>\n<h4>Financi\u00ebn<\/h4>\n<p>Ontdek de belangrijkste gebeurtenissen op de huidige financi\u00eble markt, krijg tips, methoden en nog veel meer!<\/p>\n<h4>Kwaliteit<\/h4>\n<p>Op onze website is kwaliteit gegarandeerd en bieden we rijke, betrouwbare en vooral kwalitatieve informatie.<\/p>","protected":false},"excerpt":{"rendered":"<p>Waarom toegang tot onze content? In een wereld die steeds meer verbonden is, is informatie toegankelijker dan ooit. Door de overvloed aan beschikbare content kan het echter lastig zijn om betrouwbare en relevante informatie te vinden. Dit is waar de rol van een artikel- en nieuwswebsite om de hoek komt kijken. De onze [\u2026]<\/p>","protected":false},"author":1,"featured_media":0,"parent":0,"menu_order":0,"comment_status":"closed","ping_status":"closed","template":"","meta":{"footnotes":""},"class_list":["post-389","page","type-page","status-publish","hentry"],"yoast_head":"<!-- This site is optimized with the Yoast SEO plugin v22.5 - https:\/\/yoast.com\/wordpress\/plugins\/seo\/ -->\n<title>pagina inicial - Holfik<\/title>\n<meta name=\"robots\" content=\"index, follow, max-snippet:-1, max-image-preview:large, max-video-preview:-1\" \/>\n<link rel=\"canonical\" href=\"http:\/\/holfik.com\/nl\/pagina-inicial\/\" \/>\n<meta property=\"og:locale\" content=\"nl_NL\" \/>\n<meta property=\"og:type\" content=\"article\" \/>\n<meta property=\"og:title\" content=\"pagina inicial - Holfik\" \/>\n<meta property=\"og:description\" content=\"Por que acessar nossos conte\u00fados Em um mundo cada vez mais conectado, a informa\u00e7\u00e3o \u00e9 mais acess\u00edvel do que nunca. No entanto, com a abund\u00e2ncia de conte\u00fado dispon\u00edvel, pode ser dif\u00edcil encontrar informa\u00e7\u00f5es confi\u00e1veis e relevantes. \u00c9 aqui que entra o papel de um site de artigos e not\u00edcias. Nossos [&hellip;]\" \/>\n<meta property=\"og:url\" content=\"http:\/\/holfik.com\/nl\/pagina-inicial\/\" \/>\n<meta property=\"og:site_name\" content=\"Holfik\" \/>\n<meta name=\"twitter:card\" content=\"summary_large_image\" \/>\n<script type=\"application\/ld+json\" class=\"yoast-schema-graph\">{\"@context\":\"https:\/\/schema.org\",\"@graph\":[{\"@type\":\"WebPage\",\"@id\":\"http:\/\/holfik.com\/it\/pagina-inicial\/\",\"url\":\"http:\/\/holfik.com\/it\/pagina-inicial\/\",\"name\":\"pagina inicial - Holfik\",\"isPartOf\":{\"@id\":\"https:\/\/holfik.com\/fr\/#website\"},\"datePublished\":\"2024-02-01T19:58:15+00:00\",\"dateModified\":\"2024-02-01T19:58:15+00:00\",\"breadcrumb\":{\"@id\":\"http:\/\/holfik.com\/it\/pagina-inicial\/#breadcrumb\"},\"inLanguage\":\"nl-NL\",\"potentialAction\":[{\"@type\":\"ReadAction\",\"target\":[\"http:\/\/holfik.com\/it\/pagina-inicial\/\"]}]},{\"@type\":\"BreadcrumbList\",\"@id\":\"http:\/\/holfik.com\/it\/pagina-inicial\/#breadcrumb\",\"itemListElement\":[{\"@type\":\"ListItem\",\"position\":1,\"name\":\"In\u00edcio\",\"item\":\"https:\/\/holfik.com\/fr\/\"},{\"@type\":\"ListItem\",\"position\":2,\"name\":\"pagina inicial\"}]},{\"@type\":\"WebSite\",\"@id\":\"https:\/\/holfik.com\/fr\/#website\",\"url\":\"https:\/\/holfik.com\/fr\/\",\"name\":\"Holfik\",\"description\":\"Site de Not\u00edcias e M\u00eddia\",\"publisher\":{\"@id\":\"https:\/\/holfik.com\/fr\/#organization\"},\"potentialAction\":[{\"@type\":\"SearchAction\",\"target\":{\"@type\":\"EntryPoint\",\"urlTemplate\":\"https:\/\/holfik.com\/fr\/?s={search_term_string}\"},\"query-input\":\"required name=search_term_string\"}],\"inLanguage\":\"nl-NL\"},{\"@type\":\"Organization\",\"@id\":\"https:\/\/holfik.com\/fr\/#organization\",\"name\":\"Holfik\",\"url\":\"https:\/\/holfik.com\/fr\/\",\"logo\":{\"@type\":\"ImageObject\",\"inLanguage\":\"nl-NL\",\"@id\":\"https:\/\/holfik.com\/fr\/#\/schema\/logo\/image\/\",\"url\":\"https:\/\/holfik.com\/wp-content\/uploads\/2025\/07\/download1.png\",\"contentUrl\":\"https:\/\/holfik.com\/wp-content\/uploads\/2025\/07\/download1.png\",\"width\":150,\"height\":100,\"caption\":\"Holfik\"},\"image\":{\"@id\":\"https:\/\/holfik.com\/fr\/#\/schema\/logo\/image\/\"}}]}<\/script>\n<!-- \/ Yoast SEO plugin. -->","yoast_head_json":{"title":"pagina inicial - Holfik","robots":{"index":"index","follow":"follow","max-snippet":"max-snippet:-1","max-image-preview":"max-image-preview:large","max-video-preview":"max-video-preview:-1"},"canonical":"http:\/\/holfik.com\/nl\/pagina-inicial\/","og_locale":"nl_NL","og_type":"article","og_title":"pagina inicial - Holfik","og_description":"Por que acessar nossos conte\u00fados Em um mundo cada vez mais conectado, a informa\u00e7\u00e3o \u00e9 mais acess\u00edvel do que nunca. No entanto, com a abund\u00e2ncia de conte\u00fado dispon\u00edvel, pode ser dif\u00edcil encontrar informa\u00e7\u00f5es confi\u00e1veis e relevantes. \u00c9 aqui que entra o papel de um site de artigos e not\u00edcias. Nossos [&hellip;]","og_url":"http:\/\/holfik.com\/nl\/pagina-inicial\/","og_site_name":"Holfik","twitter_card":"summary_large_image","schema":{"@context":"https:\/\/schema.org","@graph":[{"@type":"WebPage","@id":"http:\/\/holfik.com\/it\/pagina-inicial\/","url":"http:\/\/holfik.com\/it\/pagina-inicial\/","name":"pagina inicial - Holfik","isPartOf":{"@id":"https:\/\/holfik.com\/fr\/#website"},"datePublished":"2024-02-01T19:58:15+00:00","dateModified":"2024-02-01T19:58:15+00:00","breadcrumb":{"@id":"http:\/\/holfik.com\/it\/pagina-inicial\/#breadcrumb"},"inLanguage":"nl-NL","potentialAction":[{"@type":"ReadAction","target":["http:\/\/holfik.com\/it\/pagina-inicial\/"]}]},{"@type":"BreadcrumbList","@id":"http:\/\/holfik.com\/it\/pagina-inicial\/#breadcrumb","itemListElement":[{"@type":"ListItem","position":1,"name":"In\u00edcio","item":"https:\/\/holfik.com\/fr\/"},{"@type":"ListItem","position":2,"name":"pagina inicial"}]},{"@type":"WebSite","@id":"https:\/\/holfik.com\/fr\/#website","url":"https:\/\/holfik.com\/fr\/","name":"Holfik","description":"Site de Not\u00edcias e M\u00eddia","publisher":{"@id":"https:\/\/holfik.com\/fr\/#organization"},"potentialAction":[{"@type":"SearchAction","target":{"@type":"EntryPoint","urlTemplate":"https:\/\/holfik.com\/fr\/?s={search_term_string}"},"query-input":"required name=search_term_string"}],"inLanguage":"nl-NL"},{"@type":"Organization","@id":"https:\/\/holfik.com\/fr\/#organization","name":"Holfik","url":"https:\/\/holfik.com\/fr\/","logo":{"@type":"ImageObject","inLanguage":"nl-NL","@id":"https:\/\/holfik.com\/fr\/#\/schema\/logo\/image\/","url":"https:\/\/holfik.com\/wp-content\/uploads\/2025\/07\/download1.png","contentUrl":"https:\/\/holfik.com\/wp-content\/uploads\/2025\/07\/download1.png","width":150,"height":100,"caption":"Holfik"},"image":{"@id":"https:\/\/holfik.com\/fr\/#\/schema\/logo\/image\/"}}]}},"_links":{"self":[{"href":"https:\/\/holfik.com\/nl\/wp-json\/wp\/v2\/pages\/389","targetHints":{"allow":["GET"]}}],"collection":[{"href":"https:\/\/holfik.com\/nl\/wp-json\/wp\/v2\/pages"}],"about":[{"href":"https:\/\/holfik.com\/nl\/wp-json\/wp\/v2\/types\/page"}],"author":[{"embeddable":true,"href":"https:\/\/holfik.com\/nl\/wp-json\/wp\/v2\/users\/1"}],"replies":[{"embeddable":true,"href":"https:\/\/holfik.com\/nl\/wp-json\/wp\/v2\/comments?post=389"}],"version-history":[{"count":1,"href":"https:\/\/holfik.com\/nl\/wp-json\/wp\/v2\/pages\/389\/revisions"}],"predecessor-version":[{"id":391,"href":"https:\/\/holfik.com\/nl\/wp-json\/wp\/v2\/pages\/389\/revisions\/391"}],"wp:attachment":[{"href":"https:\/\/holfik.com\/nl\/wp-json\/wp\/v2\/media?parent=389"}],"curies":[{"name":"wp","href":"https:\/\/api.w.org\/{rel}","templated":true}]}}