{"id":10,"date":"2023-05-07T03:10:39","date_gmt":"2023-05-07T06:10:39","guid":{"rendered":"https:\/\/holfik.com\/?page_id=10"},"modified":"2023-05-07T03:10:39","modified_gmt":"2023-05-07T06:10:39","slug":"termos-e-condicoes","status":"publish","type":"page","link":"https:\/\/holfik.com\/nl\/termos-e-condicoes\/","title":{"rendered":"Voorwaarden"},"content":{"rendered":"<h2><span style=\"color: rgb(68, 68, 68);\">1. Voorwaarden<\/span><\/h2>\n<p><span style=\"color: rgb(68, 68, 68);\">Bij het bezoeken van de website <a href=\"https:\/\/holfik.com\/nl\/\">Holfik<\/a>gaat u ermee akkoord deze servicevoorwaarden en alle toepasselijke wet- en regelgeving na te leven, en gaat u ermee akkoord dat u verantwoordelijk bent voor de naleving van alle toepasselijke lokale wetten. Als u niet akkoord gaat met een van deze voorwaarden, mag u deze site niet gebruiken of openen. De materialen op deze site zijn beschermd door toepasselijke auteursrecht- en handelsmerkwetten.<\/span><\/p>\n<h2><span style=\"color: rgb(68, 68, 68);\">2. Licentiegebruik<\/span><\/h2>\n<p><span style=\"color: rgb(68, 68, 68);\">Er wordt toestemming verleend om tijdelijk \u00e9\u00e9n exemplaar van het materiaal (informatie of software) op de website van Holfik te downloaden, uitsluitend voor persoonlijk, niet-commercieel, tijdelijk bekijken. Dit is het verlenen van een licentie, geen eigendomsoverdracht, en onder deze licentie mag u niet:&nbsp;<\/span><\/p>\n<ol>\n<li><span style=\"color: rgb(68, 68, 68);\">de materialen wijzigen of kopi\u00ebren;&nbsp;<\/span><\/li>\n<li><span style=\"color: rgb(68, 68, 68);\">de materialen gebruiken voor commerci\u00eble doeleinden of voor openbare vertoning (commercieel of niet-commercieel);&nbsp;<\/span><\/li>\n<li><span style=\"color: rgb(68, 68, 68);\">proberen software op de website van Holfik te decompileren of reverse-engineeren;&nbsp;<\/span><\/li>\n<li><span style=\"color: rgb(68, 68, 68);\">eventuele auteursrecht- of andere eigendomsaantekeningen uit de materialen verwijderen; of&nbsp;<\/span><\/li>\n<li><span style=\"color: rgb(68, 68, 68);\">het materiaal overdragen aan een andere persoon of het materiaal &#039;spiegelen&#039; op een andere server.<\/span><\/li>\n<\/ol>\n<p><span style=\"color: rgb(68, 68, 68);\">Deze licentie wordt automatisch be\u00ebindigd als u een van deze beperkingen schendt en kan op elk moment door Holfik worden be\u00ebindigd. Bij het be\u00ebindigen van het bekijken van dit materiaal of bij het be\u00ebindigen van deze licentie, moet u alle gedownloade materialen in uw bezit verwijderen, ongeacht of deze in elektronische of gedrukte vorm zijn.<\/span><\/p>\n<h2><span style=\"color: rgb(68, 68, 68);\">3. Disclaimer<\/span><\/h2>\n<ol>\n<li><span style=\"color: rgb(68, 68, 68);\">De materialen op de website van Holfik worden geleverd op een &#039;as is&#039;-basis. Holfik geeft geen garanties, expliciet of impliciet, en wijst hierbij alle andere garanties af en ontkent deze, inclusief maar niet beperkt tot impliciete garanties of voorwaarden van verkoopbaarheid, geschiktheid voor een bepaald doel, of niet-schending van intellectueel eigendom of andere schending van rechten.<\/span><\/li>\n<li><span style=\"color: rgb(68, 68, 68);\">Verder geeft Holfik geen garantie of doet geen uitspraken met betrekking tot de nauwkeurigheid, waarschijnlijke resultaten of betrouwbaarheid van het gebruik van het materiaal op haar website of anderszins gerelateerd aan dergelijk materiaal of op sites die aan deze site zijn gekoppeld.<\/span><\/li>\n<\/ol>\n<h2><span style=\"color: rgb(68, 68, 68);\">4. Beperkingen<\/span><\/h2>\n<p><span style=\"color: rgb(68, 68, 68);\">In geen geval zal Holfik of haar leveranciers aansprakelijk zijn voor enige schade (inclusief, maar niet beperkt tot, schade door verlies van gegevens of winst, of als gevolg van bedrijfsonderbreking) die voortvloeit uit het gebruik of de onmogelijkheid om de materialen op Holfik te gebruiken, zelfs als Holfik of een door Holfik geautoriseerde vertegenwoordiger mondeling of schriftelijk op de hoogte is gesteld van de mogelijkheid van dergelijke schade. Omdat in sommige rechtsgebieden geen beperkingen op impliciete garanties of aansprakelijkheidsbeperkingen voor gevolgschade of incidentele schade zijn toegestaan, zijn deze beperkingen mogelijk niet op u van toepassing.<\/span><\/p>\n<h2><span style=\"color: rgb(68, 68, 68);\">5. Precisie van materialen<\/span><\/h2>\n<p><span style=\"color: rgb(68, 68, 68);\">De materialen die op de website van Holfik verschijnen, kunnen technische, typografische of fotografische fouten bevatten. Holfik garandeert niet dat de materialen op haar website accuraat, volledig of actueel zijn. Holfik kan op elk moment zonder voorafgaande kennisgeving wijzigingen aanbrengen in de materialen op haar website. Holfik doet echter geen enkele belofte om de materialen bij te werken.<\/span><\/p>\n<h2><span style=\"color: rgb(68, 68, 68);\">6. Koppelingen<\/span><\/h2>\n<p><span style=\"color: rgb(68, 68, 68);\">Holfik heeft niet alle sites beoordeeld die aan haar website zijn gekoppeld en is niet verantwoordelijk voor de inhoud van enige gekoppelde site. Het opnemen van een link impliceert geen goedkeuring door Holfik van de site. Het gebruik van een gelinkte site is op eigen risico van de gebruiker.<\/span><\/p>\n<p><\/p>\n<h3><span style=\"color: rgb(68, 68, 68);\">Wijzigingen<\/span><\/h3>\n<p><span style=\"color: rgb(68, 68, 68);\">Holfik kan deze servicevoorwaarden voor haar website op elk moment zonder voorafgaande kennisgeving herzien. Door deze website te gebruiken, gaat u ermee akkoord gebonden te zijn aan de huidige versie van deze servicevoorwaarden.<\/span><\/p>\n<h3><span style=\"color: rgb(68, 68, 68);\">Toepasselijk recht<\/span><\/h3>\n<p><span style=\"color: rgb(68, 68, 68);\">Deze algemene voorwaarden worden beheerst door en ge\u00efnterpreteerd in overeenstemming met de wetten van Holfik en u onderwerpt zich onherroepelijk aan de exclusieve jurisdictie van de rechtbanken in die staat of locatie.<\/span><\/p>","protected":false},"excerpt":{"rendered":"<p>1. Voorwaarden Door de website van Holfik te bezoeken, gaat u ermee akkoord deze servicevoorwaarden en alle toepasselijke wet- en regelgeving na te leven. Daarnaast gaat u ermee akkoord dat u verantwoordelijk bent voor de naleving van alle toepasselijke lokale wetten. Als u niet akkoord gaat met een van deze voorwaarden, is het u verboden deze site te gebruiken of te bezoeken. Jij [\u2026]<\/p>","protected":false},"author":1,"featured_media":0,"parent":0,"menu_order":0,"comment_status":"closed","ping_status":"closed","template":"","meta":{"footnotes":""},"class_list":["post-10","page","type-page","status-publish","hentry"],"yoast_head":"<!-- This site is optimized with the Yoast SEO plugin v22.5 - https:\/\/yoast.com\/wordpress\/plugins\/seo\/ -->\n<title>Termos e Condi\u00e7\u00f5es - Holfik<\/title>\n<meta name=\"robots\" content=\"index, follow, max-snippet:-1, max-image-preview:large, max-video-preview:-1\" \/>\n<link rel=\"canonical\" href=\"http:\/\/holfik.com\/nl\/termos-e-condicoes\/\" \/>\n<meta property=\"og:locale\" content=\"nl_NL\" \/>\n<meta property=\"og:type\" content=\"article\" \/>\n<meta property=\"og:title\" content=\"Termos e Condi\u00e7\u00f5es - Holfik\" \/>\n<meta property=\"og:description\" content=\"1. Termos Ao acessar ao site Holfik, concorda em cumprir estes termos de servi\u00e7o, todas as leis e regulamentos aplic\u00e1veis \u200b\u200be concorda que \u00e9 respons\u00e1vel pelo cumprimento de todas as leis locais aplic\u00e1veis. Se voc\u00ea n\u00e3o concordar com algum desses termos, est\u00e1 proibido de usar ou acessar este site. Os [&hellip;]\" \/>\n<meta property=\"og:url\" content=\"http:\/\/holfik.com\/nl\/termos-e-condicoes\/\" \/>\n<meta property=\"og:site_name\" content=\"Holfik\" \/>\n<meta name=\"twitter:card\" content=\"summary_large_image\" \/>\n<meta name=\"twitter:label1\" content=\"Geschatte leestijd\" \/>\n\t<meta name=\"twitter:data1\" content=\"3 minuten\" \/>\n<script type=\"application\/ld+json\" class=\"yoast-schema-graph\">{\"@context\":\"https:\/\/schema.org\",\"@graph\":[{\"@type\":\"WebPage\",\"@id\":\"http:\/\/holfik.com\/en\/termos-e-condicoes\/\",\"url\":\"http:\/\/holfik.com\/en\/termos-e-condicoes\/\",\"name\":\"Termos e Condi\u00e7\u00f5es - Holfik\",\"isPartOf\":{\"@id\":\"https:\/\/holfik.com\/it\/#website\"},\"datePublished\":\"2023-05-07T06:10:39+00:00\",\"dateModified\":\"2023-05-07T06:10:39+00:00\",\"breadcrumb\":{\"@id\":\"http:\/\/holfik.com\/en\/termos-e-condicoes\/#breadcrumb\"},\"inLanguage\":\"nl-NL\",\"potentialAction\":[{\"@type\":\"ReadAction\",\"target\":[\"http:\/\/holfik.com\/en\/termos-e-condicoes\/\"]}]},{\"@type\":\"BreadcrumbList\",\"@id\":\"http:\/\/holfik.com\/en\/termos-e-condicoes\/#breadcrumb\",\"itemListElement\":[{\"@type\":\"ListItem\",\"position\":1,\"name\":\"In\u00edcio\",\"item\":\"https:\/\/holfik.com\/it\/\"},{\"@type\":\"ListItem\",\"position\":2,\"name\":\"Termos e Condi\u00e7\u00f5es\"}]},{\"@type\":\"WebSite\",\"@id\":\"https:\/\/holfik.com\/it\/#website\",\"url\":\"https:\/\/holfik.com\/it\/\",\"name\":\"Holfik\",\"description\":\"Site de Not\u00edcias e M\u00eddia\",\"publisher\":{\"@id\":\"https:\/\/holfik.com\/it\/#organization\"},\"potentialAction\":[{\"@type\":\"SearchAction\",\"target\":{\"@type\":\"EntryPoint\",\"urlTemplate\":\"https:\/\/holfik.com\/it\/?s={search_term_string}\"},\"query-input\":\"required name=search_term_string\"}],\"inLanguage\":\"nl-NL\"},{\"@type\":\"Organization\",\"@id\":\"https:\/\/holfik.com\/it\/#organization\",\"name\":\"Holfik\",\"url\":\"https:\/\/holfik.com\/it\/\",\"logo\":{\"@type\":\"ImageObject\",\"inLanguage\":\"nl-NL\",\"@id\":\"https:\/\/holfik.com\/it\/#\/schema\/logo\/image\/\",\"url\":\"https:\/\/holfik.com\/wp-content\/uploads\/2025\/07\/download1.png\",\"contentUrl\":\"https:\/\/holfik.com\/wp-content\/uploads\/2025\/07\/download1.png\",\"width\":150,\"height\":100,\"caption\":\"Holfik\"},\"image\":{\"@id\":\"https:\/\/holfik.com\/it\/#\/schema\/logo\/image\/\"}}]}<\/script>\n<!-- \/ Yoast SEO plugin. -->","yoast_head_json":{"title":"Termos e Condi\u00e7\u00f5es - Holfik","robots":{"index":"index","follow":"follow","max-snippet":"max-snippet:-1","max-image-preview":"max-image-preview:large","max-video-preview":"max-video-preview:-1"},"canonical":"http:\/\/holfik.com\/nl\/termos-e-condicoes\/","og_locale":"nl_NL","og_type":"article","og_title":"Termos e Condi\u00e7\u00f5es - Holfik","og_description":"1. Termos Ao acessar ao site Holfik, concorda em cumprir estes termos de servi\u00e7o, todas as leis e regulamentos aplic\u00e1veis \u200b\u200be concorda que \u00e9 respons\u00e1vel pelo cumprimento de todas as leis locais aplic\u00e1veis. Se voc\u00ea n\u00e3o concordar com algum desses termos, est\u00e1 proibido de usar ou acessar este site. Os [&hellip;]","og_url":"http:\/\/holfik.com\/nl\/termos-e-condicoes\/","og_site_name":"Holfik","twitter_card":"summary_large_image","twitter_misc":{"Geschatte leestijd":"3 minuten"},"schema":{"@context":"https:\/\/schema.org","@graph":[{"@type":"WebPage","@id":"http:\/\/holfik.com\/en\/termos-e-condicoes\/","url":"http:\/\/holfik.com\/en\/termos-e-condicoes\/","name":"Termos e Condi\u00e7\u00f5es - Holfik","isPartOf":{"@id":"https:\/\/holfik.com\/it\/#website"},"datePublished":"2023-05-07T06:10:39+00:00","dateModified":"2023-05-07T06:10:39+00:00","breadcrumb":{"@id":"http:\/\/holfik.com\/en\/termos-e-condicoes\/#breadcrumb"},"inLanguage":"nl-NL","potentialAction":[{"@type":"ReadAction","target":["http:\/\/holfik.com\/en\/termos-e-condicoes\/"]}]},{"@type":"BreadcrumbList","@id":"http:\/\/holfik.com\/en\/termos-e-condicoes\/#breadcrumb","itemListElement":[{"@type":"ListItem","position":1,"name":"In\u00edcio","item":"https:\/\/holfik.com\/it\/"},{"@type":"ListItem","position":2,"name":"Termos e Condi\u00e7\u00f5es"}]},{"@type":"WebSite","@id":"https:\/\/holfik.com\/it\/#website","url":"https:\/\/holfik.com\/it\/","name":"Holfik","description":"Site de Not\u00edcias e M\u00eddia","publisher":{"@id":"https:\/\/holfik.com\/it\/#organization"},"potentialAction":[{"@type":"SearchAction","target":{"@type":"EntryPoint","urlTemplate":"https:\/\/holfik.com\/it\/?s={search_term_string}"},"query-input":"required name=search_term_string"}],"inLanguage":"nl-NL"},{"@type":"Organization","@id":"https:\/\/holfik.com\/it\/#organization","name":"Holfik","url":"https:\/\/holfik.com\/it\/","logo":{"@type":"ImageObject","inLanguage":"nl-NL","@id":"https:\/\/holfik.com\/it\/#\/schema\/logo\/image\/","url":"https:\/\/holfik.com\/wp-content\/uploads\/2025\/07\/download1.png","contentUrl":"https:\/\/holfik.com\/wp-content\/uploads\/2025\/07\/download1.png","width":150,"height":100,"caption":"Holfik"},"image":{"@id":"https:\/\/holfik.com\/it\/#\/schema\/logo\/image\/"}}]}},"_links":{"self":[{"href":"https:\/\/holfik.com\/nl\/wp-json\/wp\/v2\/pages\/10","targetHints":{"allow":["GET"]}}],"collection":[{"href":"https:\/\/holfik.com\/nl\/wp-json\/wp\/v2\/pages"}],"about":[{"href":"https:\/\/holfik.com\/nl\/wp-json\/wp\/v2\/types\/page"}],"author":[{"embeddable":true,"href":"https:\/\/holfik.com\/nl\/wp-json\/wp\/v2\/users\/1"}],"replies":[{"embeddable":true,"href":"https:\/\/holfik.com\/nl\/wp-json\/wp\/v2\/comments?post=10"}],"version-history":[{"count":1,"href":"https:\/\/holfik.com\/nl\/wp-json\/wp\/v2\/pages\/10\/revisions"}],"predecessor-version":[{"id":11,"href":"https:\/\/holfik.com\/nl\/wp-json\/wp\/v2\/pages\/10\/revisions\/11"}],"wp:attachment":[{"href":"https:\/\/holfik.com\/nl\/wp-json\/wp\/v2\/media?parent=10"}],"curies":[{"name":"wp","href":"https:\/\/api.w.org\/{rel}","templated":true}]}}