{"id":6,"date":"2023-05-07T03:10:25","date_gmt":"2023-05-07T06:10:25","guid":{"rendered":"https:\/\/holfik.com\/?page_id=6"},"modified":"2023-05-07T03:10:25","modified_gmt":"2023-05-07T06:10:25","slug":"politica-de-privacidade","status":"publish","type":"page","link":"https:\/\/holfik.com\/nb\/politica-de-privacidade\/","title":{"rendered":"Personvernerkl\u00e6ring"},"content":{"rendered":"<h2><span style=\"color: #444444;\">Personvernerkl\u00e6ring<\/span><\/h2>\n<p><span style=\"color: #444444;\">Personvernet ditt er viktig for oss. Det er Holfiks policy \u00e5 respektere ditt personvern ang\u00e5ende all informasjon vi kan samle inn fra deg p\u00e5 nettstedet <a href=\"https:\/\/holfik.com\/nb\/\">Holfik<\/a>, og andre nettsteder vi eier og driver.<\/span><\/p>\n<p><span style=\"color: #444444;\">Vi ber kun om personopplysninger n\u00e5r vi virkelig trenger det for \u00e5 gi deg en tjeneste. Vi gj\u00f8r det p\u00e5 rettferdige og lovlige m\u00e5ter, med din kunnskap og ditt samtykke. Vi forteller deg ogs\u00e5 hvorfor vi samler det inn og hvordan det skal brukes.<\/span><\/p>\n<p><span style=\"color: #444444;\">Vi beholder kun innsamlet informasjon s\u00e5 lenge det er n\u00f8dvendig for \u00e5 yte den forespurte tjenesten. N\u00e5r vi lagrer data, beskytter vi dem innenfor kommersielt akseptable midler for \u00e5 forhindre tap og tyveri, samt uautorisert tilgang, avsl\u00f8ring, kopiering, bruk eller modifikasjon.<\/span><\/p>\n<p><span style=\"color: #444444;\">Vi deler ikke personlig identifiserbar informasjon offentlig eller med tredjeparter unntatt n\u00e5r det er p\u00e5krevd ved lov.<\/span><\/p>\n<p><span style=\"color: #444444;\">V\u00e5r nettside kan ha lenker til eksterne nettsider som ikke drives av oss. V\u00e6r oppmerksom p\u00e5 at vi ikke har kontroll over innholdet og praksisen p\u00e5 disse sidene og kan ikke akseptere ansvar for deres respektive\u00a0<\/span><a href=\"https:\/\/politicaprivacidade.com\/\" rel=\"noopener noreferrer\" target=\"_blank\" style=\"background-color: transparent; color: #444444;\">personvernregler<\/a><span style=\"color: #444444;\">.<\/span><\/p>\n<p><span style=\"color: #444444;\">Du st\u00e5r fritt til \u00e5 avsl\u00e5 v\u00e5r foresp\u00f8rsel om din personlige informasjon, med den forst\u00e5else at vi kanskje ikke kan gi deg noen av dine \u00f8nskede tjenester.<\/span><\/p>\n<p><span style=\"color: #444444;\">Din fortsatte bruk av nettstedet v\u00e5rt vil bli ansett som aksept av v\u00e5r praksis rundt personvern og personlig informasjon. Hvis du har sp\u00f8rsm\u00e5l om hvordan vi h\u00e5ndterer brukerdata og personopplysninger, vennligst kontakt oss.<\/span><\/p>\n<p><span style=\"color: #444444;\"><\/span><\/p>\n<ul>\n<li><span style=\"color: #444444;\">Google AdSense-tjenesten vi bruker for \u00e5 vise annonser, bruker en DoubleClick-informasjonskapsel for \u00e5 vise mer relevante annonser p\u00e5 nettet og begrense antall ganger en bestemt annonse vises til deg.<\/span><\/li>\n<li><span style=\"color: #444444;\">For mer informasjon om Google AdSense, se de offisielle sp\u00f8rsm\u00e5lene om personvern for Google AdSense.<\/span><\/li>\n<li><span style=\"color: #444444;\">Vi bruker annonser for \u00e5 kompensere for kostnadene ved \u00e5 drive denne siden og gi finansiering til fremtidig utvikling. De adferdsbaserte annonseringsinformasjonskapslene som brukes av dette nettstedet er utformet for \u00e5 sikre at vi gir deg de mest relevante annonsene der det er mulig ved anonymt \u00e5 spore interessene dine og presentere lignende ting som kan v\u00e6re av interesse for deg.<\/span><\/li>\n<li><span style=\"color: #444444;\">Flere partnere annonserer p\u00e5 v\u00e5re vegne og tilknyttede sporingsinformasjonskapsler lar oss ganske enkelt se om kundene v\u00e5re har bes\u00f8kt nettstedet gjennom en av partnernes nettsteder, slik at vi kan kreditere dem p\u00e5 riktig m\u00e5te og, der det er aktuelt, tillate v\u00e5re tilknyttede partnere \u00e5 tilby kampanjer som kan gi deg et kj\u00f8p.<\/span><\/li>\n<\/ul>\n<p>&nbsp;<\/p>\n<p>&nbsp;<\/p>\n<h3><span style=\"color: #444444;\">Brukerforpliktelse<\/span><\/h3>\n<p><span style=\"color: #444444;\">Brukeren forplikter seg til \u00e5 gj\u00f8re hensiktsmessig bruk av innholdet og informasjonen som Holfik tilbyr p\u00e5 nettstedet og med en uttalende, men ikke begrensende karakter:<\/span><\/p>\n<ul>\n<li><span style=\"color: #444444;\">A) Ikke delta i aktiviteter som er ulovlige eller i strid med god tro og offentlig orden;<\/span><\/li>\n<li><span style=\"color: #444444;\">B) Ikke spre propaganda eller innhold av en rasist, fremmedfiendtlig, <\/span><span style=\"color: #212529;\"><a href=\"https:\/\/apostasonline.guru\/betano-apostas\/\" style=\"color: inherit !important; text-decoration: none !important; font-size: inherit !important;\"> betano-spill<\/a><\/span><span style=\"color: #444444;\"> eller uflaks, enhver form for ulovlig pornografi, til st\u00f8tte for terrorisme eller mot menneskerettigheter;<\/span><\/li>\n<li><span style=\"color: #444444;\">C) Ikke for\u00e5rsake skade p\u00e5 de fysiske (hardware) og logiske (programvare) systemene til Holfik, dets leverand\u00f8rer eller tredjeparter, for \u00e5 introdusere eller spre datavirus eller andre maskinvare- eller programvaresystemer som er i stand til \u00e5 for\u00e5rsake de nevnte skadene.<\/span><\/li>\n<\/ul>\n<h3><span style=\"color: #444444;\">Mer informasjon<\/span><\/h3>\n<p><span style=\"color: #444444;\">Forh\u00e5pentligvis er det klart, og som nevnt tidligere, hvis det er noe du ikke er sikker p\u00e5 om du trenger eller ikke, er det vanligvis tryggere \u00e5 la informasjonskapsler v\u00e6re aktivert i tilfelle det samhandler med en av funksjonene du bruker p\u00e5 nettstedet v\u00e5rt.<\/span><\/p>\n<p><span style=\"color: #444444;\">Denne policyen trer i kraft fra 7. mai 2023 kl. 06:10<\/span><\/p>","protected":false},"excerpt":{"rendered":"<p>Personvernerkl\u00e6ring Ditt personvern er viktig for oss. Det er Holfiks policy \u00e5 respektere personvernet ditt ang\u00e5ende all informasjon vi samler inn fra deg p\u00e5 Holfiks nettsted og andre nettsteder vi eier og driver. Vi ber bare om personopplysninger n\u00e5r vi virkelig trenger dem for \u00e5 kunne tilby deg en tjeneste. Vi gj\u00f8r det [\u2026]<\/p>","protected":false},"author":1,"featured_media":0,"parent":0,"menu_order":0,"comment_status":"closed","ping_status":"closed","template":"","meta":{"footnotes":""},"class_list":["post-6","page","type-page","status-publish","hentry"],"yoast_head":"<!-- This site is optimized with the Yoast SEO plugin v22.5 - https:\/\/yoast.com\/wordpress\/plugins\/seo\/ -->\n<title>Pol\u00edtica de Privacidade - Holfik<\/title>\n<meta name=\"robots\" content=\"index, follow, max-snippet:-1, max-image-preview:large, max-video-preview:-1\" \/>\n<link rel=\"canonical\" href=\"https:\/\/holfik.com\/nb\/politica-de-privacidade\/\" \/>\n<meta property=\"og:locale\" content=\"nb_NO\" \/>\n<meta property=\"og:type\" content=\"article\" \/>\n<meta property=\"og:title\" content=\"Pol\u00edtica de Privacidade - Holfik\" \/>\n<meta property=\"og:description\" content=\"Pol\u00edtica Privacidade A sua privacidade \u00e9 importante para n\u00f3s. \u00c9 pol\u00edtica do Holfik respeitar a sua privacidade em rela\u00e7\u00e3o a qualquer informa\u00e7\u00e3o sua que possamos coletar no site Holfik, e outros sites que possu\u00edmos e operamos. Solicitamos informa\u00e7\u00f5es pessoais apenas quando realmente precisamos delas para lhe fornecer um servi\u00e7o. Fazemo-lo [&hellip;]\" \/>\n<meta property=\"og:url\" content=\"https:\/\/holfik.com\/nb\/politica-de-privacidade\/\" \/>\n<meta property=\"og:site_name\" content=\"Holfik\" \/>\n<meta name=\"twitter:card\" content=\"summary_large_image\" \/>\n<meta name=\"twitter:label1\" content=\"Ansl. lesetid\" \/>\n\t<meta name=\"twitter:data1\" content=\"3 minutter\" \/>\n<script type=\"application\/ld+json\" class=\"yoast-schema-graph\">{\"@context\":\"https:\/\/schema.org\",\"@graph\":[{\"@type\":\"WebPage\",\"@id\":\"https:\/\/holfik.com\/nb\/politica-de-privacidade\/\",\"url\":\"https:\/\/holfik.com\/nb\/politica-de-privacidade\/\",\"name\":\"Pol\u00edtica de Privacidade - Holfik\",\"isPartOf\":{\"@id\":\"https:\/\/holfik.com\/it\/#website\"},\"datePublished\":\"2023-05-07T06:10:25+00:00\",\"dateModified\":\"2023-05-07T06:10:25+00:00\",\"breadcrumb\":{\"@id\":\"https:\/\/holfik.com\/nb\/politica-de-privacidade\/#breadcrumb\"},\"inLanguage\":\"nb-NO\",\"potentialAction\":[{\"@type\":\"ReadAction\",\"target\":[\"https:\/\/holfik.com\/nb\/politica-de-privacidade\/\"]}]},{\"@type\":\"BreadcrumbList\",\"@id\":\"https:\/\/holfik.com\/nb\/politica-de-privacidade\/#breadcrumb\",\"itemListElement\":[{\"@type\":\"ListItem\",\"position\":1,\"name\":\"In\u00edcio\",\"item\":\"https:\/\/holfik.com\/it\/\"},{\"@type\":\"ListItem\",\"position\":2,\"name\":\"Pol\u00edtica de Privacidade\"}]},{\"@type\":\"WebSite\",\"@id\":\"https:\/\/holfik.com\/it\/#website\",\"url\":\"https:\/\/holfik.com\/it\/\",\"name\":\"Holfik\",\"description\":\"Site de Not\u00edcias e M\u00eddia\",\"publisher\":{\"@id\":\"https:\/\/holfik.com\/it\/#organization\"},\"potentialAction\":[{\"@type\":\"SearchAction\",\"target\":{\"@type\":\"EntryPoint\",\"urlTemplate\":\"https:\/\/holfik.com\/it\/?s={search_term_string}\"},\"query-input\":\"required name=search_term_string\"}],\"inLanguage\":\"nb-NO\"},{\"@type\":\"Organization\",\"@id\":\"https:\/\/holfik.com\/it\/#organization\",\"name\":\"Holfik\",\"url\":\"https:\/\/holfik.com\/it\/\",\"logo\":{\"@type\":\"ImageObject\",\"inLanguage\":\"nb-NO\",\"@id\":\"https:\/\/holfik.com\/it\/#\/schema\/logo\/image\/\",\"url\":\"https:\/\/holfik.com\/wp-content\/uploads\/2025\/07\/download1.png\",\"contentUrl\":\"https:\/\/holfik.com\/wp-content\/uploads\/2025\/07\/download1.png\",\"width\":150,\"height\":100,\"caption\":\"Holfik\"},\"image\":{\"@id\":\"https:\/\/holfik.com\/it\/#\/schema\/logo\/image\/\"}}]}<\/script>\n<!-- \/ Yoast SEO plugin. -->","yoast_head_json":{"title":"Pol\u00edtica de Privacidade - Holfik","robots":{"index":"index","follow":"follow","max-snippet":"max-snippet:-1","max-image-preview":"max-image-preview:large","max-video-preview":"max-video-preview:-1"},"canonical":"https:\/\/holfik.com\/nb\/politica-de-privacidade\/","og_locale":"nb_NO","og_type":"article","og_title":"Pol\u00edtica de Privacidade - Holfik","og_description":"Pol\u00edtica Privacidade A sua privacidade \u00e9 importante para n\u00f3s. \u00c9 pol\u00edtica do Holfik respeitar a sua privacidade em rela\u00e7\u00e3o a qualquer informa\u00e7\u00e3o sua que possamos coletar no site Holfik, e outros sites que possu\u00edmos e operamos. Solicitamos informa\u00e7\u00f5es pessoais apenas quando realmente precisamos delas para lhe fornecer um servi\u00e7o. Fazemo-lo [&hellip;]","og_url":"https:\/\/holfik.com\/nb\/politica-de-privacidade\/","og_site_name":"Holfik","twitter_card":"summary_large_image","twitter_misc":{"Ansl. lesetid":"3 minutter"},"schema":{"@context":"https:\/\/schema.org","@graph":[{"@type":"WebPage","@id":"https:\/\/holfik.com\/nb\/politica-de-privacidade\/","url":"https:\/\/holfik.com\/nb\/politica-de-privacidade\/","name":"Pol\u00edtica de Privacidade - Holfik","isPartOf":{"@id":"https:\/\/holfik.com\/it\/#website"},"datePublished":"2023-05-07T06:10:25+00:00","dateModified":"2023-05-07T06:10:25+00:00","breadcrumb":{"@id":"https:\/\/holfik.com\/nb\/politica-de-privacidade\/#breadcrumb"},"inLanguage":"nb-NO","potentialAction":[{"@type":"ReadAction","target":["https:\/\/holfik.com\/nb\/politica-de-privacidade\/"]}]},{"@type":"BreadcrumbList","@id":"https:\/\/holfik.com\/nb\/politica-de-privacidade\/#breadcrumb","itemListElement":[{"@type":"ListItem","position":1,"name":"In\u00edcio","item":"https:\/\/holfik.com\/it\/"},{"@type":"ListItem","position":2,"name":"Pol\u00edtica de Privacidade"}]},{"@type":"WebSite","@id":"https:\/\/holfik.com\/it\/#website","url":"https:\/\/holfik.com\/it\/","name":"Holfik","description":"Site de Not\u00edcias e M\u00eddia","publisher":{"@id":"https:\/\/holfik.com\/it\/#organization"},"potentialAction":[{"@type":"SearchAction","target":{"@type":"EntryPoint","urlTemplate":"https:\/\/holfik.com\/it\/?s={search_term_string}"},"query-input":"required name=search_term_string"}],"inLanguage":"nb-NO"},{"@type":"Organization","@id":"https:\/\/holfik.com\/it\/#organization","name":"Holfik","url":"https:\/\/holfik.com\/it\/","logo":{"@type":"ImageObject","inLanguage":"nb-NO","@id":"https:\/\/holfik.com\/it\/#\/schema\/logo\/image\/","url":"https:\/\/holfik.com\/wp-content\/uploads\/2025\/07\/download1.png","contentUrl":"https:\/\/holfik.com\/wp-content\/uploads\/2025\/07\/download1.png","width":150,"height":100,"caption":"Holfik"},"image":{"@id":"https:\/\/holfik.com\/it\/#\/schema\/logo\/image\/"}}]}},"_links":{"self":[{"href":"https:\/\/holfik.com\/nb\/wp-json\/wp\/v2\/pages\/6","targetHints":{"allow":["GET"]}}],"collection":[{"href":"https:\/\/holfik.com\/nb\/wp-json\/wp\/v2\/pages"}],"about":[{"href":"https:\/\/holfik.com\/nb\/wp-json\/wp\/v2\/types\/page"}],"author":[{"embeddable":true,"href":"https:\/\/holfik.com\/nb\/wp-json\/wp\/v2\/users\/1"}],"replies":[{"embeddable":true,"href":"https:\/\/holfik.com\/nb\/wp-json\/wp\/v2\/comments?post=6"}],"version-history":[{"count":1,"href":"https:\/\/holfik.com\/nb\/wp-json\/wp\/v2\/pages\/6\/revisions"}],"predecessor-version":[{"id":9,"href":"https:\/\/holfik.com\/nb\/wp-json\/wp\/v2\/pages\/6\/revisions\/9"}],"wp:attachment":[{"href":"https:\/\/holfik.com\/nb\/wp-json\/wp\/v2\/media?parent=6"}],"curies":[{"name":"wp","href":"https:\/\/api.w.org\/{rel}","templated":true}]}}