{"id":12,"date":"2023-05-07T03:14:12","date_gmt":"2023-05-07T06:14:12","guid":{"rendered":"https:\/\/holfik.com\/?page_id=12"},"modified":"2023-05-07T03:14:12","modified_gmt":"2023-05-07T06:14:12","slug":"disclaimer","status":"publish","type":"page","link":"https:\/\/holfik.com\/nb\/disclaimer\/","title":{"rendered":"Ansvarsfraskrivelse"},"content":{"rendered":"<p>Merk f\u00f8lgende:<br \/>\nHolfik ber ikke under noen omstendigheter om pengesummer for \u00e5 frigi noen form for finansielt produkt, det v\u00e6re seg kredittkort, finansiering eller l\u00e5n. Hvis dette skjer, gi oss beskjed via skjemaet umiddelbart. Merknader: Holfik jobber for \u00e5 holde all informasjon s\u00e5 oppdatert som mulig. Det er verdt \u00e5 merke seg at denne informasjonen kan avvike fra informasjonen som finnes p\u00e5 nettsidene til finansinstitusjoner og\/eller tjenesteleverand\u00f8rer p\u00e5 et bestemt nettsted. N\u00e5r det gjelder institusjoner som vi ikke har partnerskap med, har alle produkter oppf\u00f8rt p\u00e5 denne nettsiden https:\/\/holfik.com ingen garanti for at informasjonen er oppdatert. Husk alltid \u00e5 lese bruksvilk\u00e5rene og oppkj\u00f8psvilk\u00e5rene til finansinstitusjonene du velger. Partnere: Hvordan tjener vi penger? Vi mottar et lite bel\u00f8p fra annonsering p\u00e5 nettstedet v\u00e5rt og fra v\u00e5re partnere n\u00e5r vi henviser en bruker som ber om et produkt eller et forslag. Alt vi publiserer er basert p\u00e5 kvantitative og kvalitative evalueringer av hvert produkt. Det er verdt \u00e5 nevne at v\u00e5re partnere direkte kan p\u00e5virke produktene vi skriver og anmelder, i rekkef\u00f8lgen av de \u00abbeste\u00bb artiklene og hvor disse produktene vises p\u00e5 Holfik. Ettersom vi har flere produkter p\u00e5 nettsiden v\u00e5r gir vi ingen form for garanti for kvaliteten eller aktualiteten til informasjonen p\u00e5 alle disse produktene, derfor garanterer og prioriterer vi informasjon fra v\u00e5re samarbeidspartnere. Gi oss beskjed ved \u00e5 bruke v\u00e5rt kontaktskjema.<\/p>\n<p>Betraktninger:<br \/>\nHolfik tilstreber \u00e5 holde all informasjon oppdatert og n\u00f8yaktig. Denne informasjonen kan v\u00e6re forskjellig fra det du ser p\u00e5 nettsidene til finansinstitusjoner, tjenesteleverand\u00f8rer eller et spesifikt produktnettsted. For ikke-partnerinstitusjoner presenteres alle finansielle produkter uten \u00e5 garantere at informasjonen er oppdatert. N\u00e5r du velger tilbudet ditt, les betingelsene for finansinstitusjonene og oppkj\u00f8psvilk\u00e5rene.<\/p>\n<p>Partnerskap:<br \/>\nHvordan tjener vi penger? Vi mottar en liten kompensasjon fra annonsering p\u00e5 nettsiden v\u00e5r, fra v\u00e5re partnere n\u00e5r noen kommer med en foresp\u00f8rsel om forslag eller blir godkjent for et finansielt produkt vi anbefaler. Artiklene vi publiserer p\u00e5 holfik er basert p\u00e5 kvalitative og kvantitative vurderinger av hvert produkt \u2013 kun. V\u00e5re partnerskap kan p\u00e5virke hvilke produkter vi skriver om og anmelder, i hvilken rekkef\u00f8lge produktene vises i \u00abbeste\u00bb artikler, hvor og om produktene vises p\u00e5 Holfik, og hvor de vises p\u00e5 siden. Vi presenterer flere produkter, som du kan se p\u00e5 nettsiden v\u00e5r, vi garanterer ikke kvaliteten og aktualiteten til informasjonen p\u00e5 alle, av denne grunn prioriterer og garanterer vi informasjon fra partnerinstitusjoner.<\/p>","protected":false},"excerpt":{"rendered":"<p>Merk: Holfik ber ikke under noen omstendigheter om penger for \u00e5 frigi noen form for finansielt produkt, verken det er kredittkort, finansiering eller l\u00e5n. Hvis dette skjer, vennligst gi oss beskjed via skjemaet umiddelbart. Merknader: Holfik jobber for \u00e5 holde all informasjon s\u00e5 oppdatert som mulig. Det er verdt \u00e5 merke seg at disse [\u2026]<\/p>","protected":false},"author":1,"featured_media":0,"parent":0,"menu_order":0,"comment_status":"closed","ping_status":"closed","template":"","meta":{"footnotes":""},"class_list":["post-12","page","type-page","status-publish","hentry"],"yoast_head":"<!-- This site is optimized with the Yoast SEO plugin v22.5 - https:\/\/yoast.com\/wordpress\/plugins\/seo\/ -->\n<title>Disclaimer - Holfik<\/title>\n<meta name=\"robots\" content=\"index, follow, max-snippet:-1, max-image-preview:large, max-video-preview:-1\" \/>\n<link rel=\"canonical\" href=\"https:\/\/holfik.com\/nb\/disclaimer\/\" \/>\n<meta property=\"og:locale\" content=\"nb_NO\" \/>\n<meta property=\"og:type\" content=\"article\" \/>\n<meta property=\"og:title\" content=\"Disclaimer - Holfik\" \/>\n<meta property=\"og:description\" content=\"Aten\u00e7\u00e3o: O holfik n\u00e3o solicita em nenhuma situa\u00e7\u00e3o quantias em dinheiro para libera\u00e7\u00e3o de qualquer tipo de produto financeiro, seja cart\u00e3o de cr\u00e9dito, financiamento ou empr\u00e9stimo. Caso isto aconte\u00e7a nos avise pelo formul\u00e1rio imediatamente. Observa\u00e7\u00f5es: O holfik trabalha para manter todas informa\u00e7\u00f5es o mais atualizadas poss\u00edvel. Vale ressaltar que essas [&hellip;]\" \/>\n<meta property=\"og:url\" content=\"https:\/\/holfik.com\/nb\/disclaimer\/\" \/>\n<meta property=\"og:site_name\" content=\"Holfik\" \/>\n<meta name=\"twitter:card\" content=\"summary_large_image\" \/>\n<meta name=\"twitter:label1\" content=\"Ansl. lesetid\" \/>\n\t<meta name=\"twitter:data1\" content=\"2 minutter\" \/>\n<script type=\"application\/ld+json\" class=\"yoast-schema-graph\">{\"@context\":\"https:\/\/schema.org\",\"@graph\":[{\"@type\":\"WebPage\",\"@id\":\"https:\/\/holfik.com\/de\/disclaimer\/\",\"url\":\"https:\/\/holfik.com\/de\/disclaimer\/\",\"name\":\"Disclaimer - Holfik\",\"isPartOf\":{\"@id\":\"https:\/\/holfik.com\/fr\/#website\"},\"datePublished\":\"2023-05-07T06:14:12+00:00\",\"dateModified\":\"2023-05-07T06:14:12+00:00\",\"breadcrumb\":{\"@id\":\"https:\/\/holfik.com\/de\/disclaimer\/#breadcrumb\"},\"inLanguage\":\"nb-NO\",\"potentialAction\":[{\"@type\":\"ReadAction\",\"target\":[\"https:\/\/holfik.com\/de\/disclaimer\/\"]}]},{\"@type\":\"BreadcrumbList\",\"@id\":\"https:\/\/holfik.com\/de\/disclaimer\/#breadcrumb\",\"itemListElement\":[{\"@type\":\"ListItem\",\"position\":1,\"name\":\"In\u00edcio\",\"item\":\"https:\/\/holfik.com\/fr\/\"},{\"@type\":\"ListItem\",\"position\":2,\"name\":\"Disclaimer\"}]},{\"@type\":\"WebSite\",\"@id\":\"https:\/\/holfik.com\/fr\/#website\",\"url\":\"https:\/\/holfik.com\/fr\/\",\"name\":\"Holfik\",\"description\":\"Site de Not\u00edcias e M\u00eddia\",\"publisher\":{\"@id\":\"https:\/\/holfik.com\/fr\/#organization\"},\"potentialAction\":[{\"@type\":\"SearchAction\",\"target\":{\"@type\":\"EntryPoint\",\"urlTemplate\":\"https:\/\/holfik.com\/fr\/?s={search_term_string}\"},\"query-input\":\"required name=search_term_string\"}],\"inLanguage\":\"nb-NO\"},{\"@type\":\"Organization\",\"@id\":\"https:\/\/holfik.com\/fr\/#organization\",\"name\":\"Holfik\",\"url\":\"https:\/\/holfik.com\/fr\/\",\"logo\":{\"@type\":\"ImageObject\",\"inLanguage\":\"nb-NO\",\"@id\":\"https:\/\/holfik.com\/fr\/#\/schema\/logo\/image\/\",\"url\":\"https:\/\/holfik.com\/wp-content\/uploads\/2025\/07\/download1.png\",\"contentUrl\":\"https:\/\/holfik.com\/wp-content\/uploads\/2025\/07\/download1.png\",\"width\":150,\"height\":100,\"caption\":\"Holfik\"},\"image\":{\"@id\":\"https:\/\/holfik.com\/fr\/#\/schema\/logo\/image\/\"}}]}<\/script>\n<!-- \/ Yoast SEO plugin. -->","yoast_head_json":{"title":"Disclaimer - Holfik","robots":{"index":"index","follow":"follow","max-snippet":"max-snippet:-1","max-image-preview":"max-image-preview:large","max-video-preview":"max-video-preview:-1"},"canonical":"https:\/\/holfik.com\/nb\/disclaimer\/","og_locale":"nb_NO","og_type":"article","og_title":"Disclaimer - Holfik","og_description":"Aten\u00e7\u00e3o: O holfik n\u00e3o solicita em nenhuma situa\u00e7\u00e3o quantias em dinheiro para libera\u00e7\u00e3o de qualquer tipo de produto financeiro, seja cart\u00e3o de cr\u00e9dito, financiamento ou empr\u00e9stimo. Caso isto aconte\u00e7a nos avise pelo formul\u00e1rio imediatamente. Observa\u00e7\u00f5es: O holfik trabalha para manter todas informa\u00e7\u00f5es o mais atualizadas poss\u00edvel. Vale ressaltar que essas [&hellip;]","og_url":"https:\/\/holfik.com\/nb\/disclaimer\/","og_site_name":"Holfik","twitter_card":"summary_large_image","twitter_misc":{"Ansl. lesetid":"2 minutter"},"schema":{"@context":"https:\/\/schema.org","@graph":[{"@type":"WebPage","@id":"https:\/\/holfik.com\/de\/disclaimer\/","url":"https:\/\/holfik.com\/de\/disclaimer\/","name":"Disclaimer - Holfik","isPartOf":{"@id":"https:\/\/holfik.com\/fr\/#website"},"datePublished":"2023-05-07T06:14:12+00:00","dateModified":"2023-05-07T06:14:12+00:00","breadcrumb":{"@id":"https:\/\/holfik.com\/de\/disclaimer\/#breadcrumb"},"inLanguage":"nb-NO","potentialAction":[{"@type":"ReadAction","target":["https:\/\/holfik.com\/de\/disclaimer\/"]}]},{"@type":"BreadcrumbList","@id":"https:\/\/holfik.com\/de\/disclaimer\/#breadcrumb","itemListElement":[{"@type":"ListItem","position":1,"name":"In\u00edcio","item":"https:\/\/holfik.com\/fr\/"},{"@type":"ListItem","position":2,"name":"Disclaimer"}]},{"@type":"WebSite","@id":"https:\/\/holfik.com\/fr\/#website","url":"https:\/\/holfik.com\/fr\/","name":"Holfik","description":"Site de Not\u00edcias e M\u00eddia","publisher":{"@id":"https:\/\/holfik.com\/fr\/#organization"},"potentialAction":[{"@type":"SearchAction","target":{"@type":"EntryPoint","urlTemplate":"https:\/\/holfik.com\/fr\/?s={search_term_string}"},"query-input":"required name=search_term_string"}],"inLanguage":"nb-NO"},{"@type":"Organization","@id":"https:\/\/holfik.com\/fr\/#organization","name":"Holfik","url":"https:\/\/holfik.com\/fr\/","logo":{"@type":"ImageObject","inLanguage":"nb-NO","@id":"https:\/\/holfik.com\/fr\/#\/schema\/logo\/image\/","url":"https:\/\/holfik.com\/wp-content\/uploads\/2025\/07\/download1.png","contentUrl":"https:\/\/holfik.com\/wp-content\/uploads\/2025\/07\/download1.png","width":150,"height":100,"caption":"Holfik"},"image":{"@id":"https:\/\/holfik.com\/fr\/#\/schema\/logo\/image\/"}}]}},"_links":{"self":[{"href":"https:\/\/holfik.com\/nb\/wp-json\/wp\/v2\/pages\/12","targetHints":{"allow":["GET"]}}],"collection":[{"href":"https:\/\/holfik.com\/nb\/wp-json\/wp\/v2\/pages"}],"about":[{"href":"https:\/\/holfik.com\/nb\/wp-json\/wp\/v2\/types\/page"}],"author":[{"embeddable":true,"href":"https:\/\/holfik.com\/nb\/wp-json\/wp\/v2\/users\/1"}],"replies":[{"embeddable":true,"href":"https:\/\/holfik.com\/nb\/wp-json\/wp\/v2\/comments?post=12"}],"version-history":[{"count":1,"href":"https:\/\/holfik.com\/nb\/wp-json\/wp\/v2\/pages\/12\/revisions"}],"predecessor-version":[{"id":13,"href":"https:\/\/holfik.com\/nb\/wp-json\/wp\/v2\/pages\/12\/revisions\/13"}],"wp:attachment":[{"href":"https:\/\/holfik.com\/nb\/wp-json\/wp\/v2\/media?parent=12"}],"curies":[{"name":"wp","href":"https:\/\/api.w.org\/{rel}","templated":true}]}}