{"id":10,"date":"2023-05-07T03:10:39","date_gmt":"2023-05-07T06:10:39","guid":{"rendered":"https:\/\/holfik.com\/?page_id=10"},"modified":"2023-05-07T03:10:39","modified_gmt":"2023-05-07T06:10:39","slug":"termos-e-condicoes","status":"publish","type":"page","link":"https:\/\/holfik.com\/nb\/termos-e-condicoes\/","title":{"rendered":"Vilk\u00e5r og betingelser"},"content":{"rendered":"<h2><span style=\"color: rgb(68, 68, 68);\">1. Vilk\u00e5r<\/span><\/h2>\n<p><span style=\"color: rgb(68, 68, 68);\">N\u00e5r du g\u00e5r inn p\u00e5 nettsiden <a href=\"https:\/\/holfik.com\/nb\/\">Holfik<\/a>, samtykker du i \u00e5 overholde disse tjenestevilk\u00e5rene, alle gjeldende lover og forskrifter, og godtar at du er ansvarlig for \u00e5 overholde gjeldende lokale lover. Hvis du ikke godtar noen av disse vilk\u00e5rene, har du forbud mot \u00e5 bruke eller f\u00e5 tilgang til dette nettstedet. Materialet p\u00e5 dette nettstedet er beskyttet av gjeldende lover om opphavsrett og varemerke.<\/span><\/p>\n<h2><span style=\"color: rgb(68, 68, 68);\">2. Lisensbruk<\/span><\/h2>\n<p><span style=\"color: rgb(68, 68, 68);\">Det gis tillatelse til midlertidig \u00e5 laste ned \u00e9n kopi av materialet (informasjon eller programvare) p\u00e5 Holfiks nettside kun for personlig, ikke-kommersiell forbig\u00e5ende visning. Dette er tildeling av en lisens, ikke en overf\u00f8ring av eiendom, og under denne lisensen kan du ikke:&nbsp;<\/span><\/p>\n<ol>\n<li><span style=\"color: rgb(68, 68, 68);\">endre eller kopiere materialet;&nbsp;<\/span><\/li>\n<li><span style=\"color: rgb(68, 68, 68);\">bruke materialet til kommersielle form\u00e5l eller for offentlig visning (kommersiell eller ikke-kommersiell);&nbsp;<\/span><\/li>\n<li><span style=\"color: rgb(68, 68, 68);\">fors\u00f8ke \u00e5 dekompilere eller reversere programvare som finnes p\u00e5 Holfiks nettsted;&nbsp;<\/span><\/li>\n<li><span style=\"color: rgb(68, 68, 68);\">fjerne opphavsrett eller andre eiendomsbetegnelser fra materialet; eller&nbsp;<\/span><\/li>\n<li><span style=\"color: rgb(68, 68, 68);\">overf\u00f8re materialet til en annen person eller &#039;speile&#039; materialet p\u00e5 en annen server.<\/span><\/li>\n<\/ol>\n<p><span style=\"color: rgb(68, 68, 68);\">Denne lisensen opph\u00f8rer automatisk hvis du bryter noen av disse begrensningene og kan sies opp av Holfik n\u00e5r som helst. N\u00e5r du avslutter visningen av dette materialet eller ved oppsigelse av denne lisensen, m\u00e5 du slette alt nedlastet materiale i din besittelse, enten i elektronisk eller trykt format.<\/span><\/p>\n<h2><span style=\"color: rgb(68, 68, 68);\">3. Ansvarsfraskrivelse<\/span><\/h2>\n<ol>\n<li><span style=\"color: rgb(68, 68, 68);\">Materialene p\u00e5 Holfiks nettsider leveres p\u00e5 \u00absom det er\u00bb-basis. Holfik gir ingen garantier, uttrykte eller underforst\u00e5tte, og fraskriver seg og nekter herved alle andre garantier, inkludert, uten begrensning, underforst\u00e5tte garantier eller betingelser for salgbarhet, egnethet for et bestemt form\u00e5l, eller ikke-krenkelse av intellektuell eiendom eller andre brudd p\u00e5 rettigheter.<\/span><\/li>\n<li><span style=\"color: rgb(68, 68, 68);\">Videre garanterer eller gir ikke Holfik noen representasjoner ang\u00e5ende n\u00f8yaktigheten, sannsynlige resultater eller p\u00e5liteligheten av bruken av materialet p\u00e5 nettstedet eller p\u00e5 annen m\u00e5te relatert til slikt materiale eller p\u00e5 noen nettsteder som er koblet til dette nettstedet.<\/span><\/li>\n<\/ol>\n<h2><span style=\"color: rgb(68, 68, 68);\">4. Begrensninger<\/span><\/h2>\n<p><span style=\"color: rgb(68, 68, 68);\">Under ingen omstendigheter skal Holfik eller dets leverand\u00f8rer holdes ansvarlig for skader (inkludert, uten begrensning, skader for tap av data eller fortjeneste, eller p\u00e5 grunn av forretningsavbrudd) som oppst\u00e5r som f\u00f8lge av bruk eller manglende evne til \u00e5 bruke materialet p\u00e5 Holfiks nettside, selv om Holfik eller en Holfik-autorisert representant har blitt varslet muntlig eller skriftlig om muligheten for slike skader. Fordi noen jurisdiksjoner ikke tillater begrensninger p\u00e5 underforst\u00e5tte garantier, eller begrensninger av ansvar for f\u00f8lgeskader eller tilfeldige skader, kan det hende at disse begrensningene ikke gjelder deg.<\/span><\/p>\n<h2><span style=\"color: rgb(68, 68, 68);\">5. Presisjon av materialer<\/span><\/h2>\n<p><span style=\"color: rgb(68, 68, 68);\">Materialet som vises p\u00e5 Holfiks nettsted kan inneholde tekniske, typografiske eller fotografiske feil. Holfik garanterer ikke at noe materiale p\u00e5 nettstedet er n\u00f8yaktig, fullstendig eller oppdatert. Holfik kan n\u00e5r som helst foreta endringer i materialet som finnes p\u00e5 nettsiden uten varsel. Holfik forplikter seg imidlertid ikke til \u00e5 oppdatere materialet.<\/span><\/p>\n<h2><span style=\"color: rgb(68, 68, 68);\">6. Lenker<\/span><\/h2>\n<p><span style=\"color: rgb(68, 68, 68);\">Holfik har ikke gjennomg\u00e5tt alle nettstedene som er lenket til nettsiden sin og er ikke ansvarlig for innholdet p\u00e5 noen lenkede nettsider. Inkluderingen av noen lenke inneb\u00e6rer ikke at Holfik godkjenner nettstedet. Bruk av et lenket nettsted er p\u00e5 brukerens egen risiko.<\/span><\/p>\n<p><\/p>\n<h3><span style=\"color: rgb(68, 68, 68);\">Modifikasjoner<\/span><\/h3>\n<p><span style=\"color: rgb(68, 68, 68);\">Holfik kan revidere disse tjenestevilk\u00e5rene for nettstedet sitt n\u00e5r som helst uten varsel. Ved \u00e5 bruke denne nettsiden godtar du \u00e5 v\u00e6re bundet av gjeldende versjon av disse tjenestevilk\u00e5rene.<\/span><\/p>\n<h3><span style=\"color: rgb(68, 68, 68);\">Gjeldende lov<\/span><\/h3>\n<p><span style=\"color: rgb(68, 68, 68);\">Disse vilk\u00e5rene og betingelsene styres av og tolkes i samsvar med lovene til Holfik, og du underkaster deg ugjenkallelig den eksklusive jurisdiksjonen til domstolene i den staten eller stedet.<\/span><\/p>","protected":false},"excerpt":{"rendered":"<p>1. Vilk\u00e5r Ved \u00e5 g\u00e5 inn p\u00e5 Holfiks nettsted, samtykker du i \u00e5 overholde disse tjenestevilk\u00e5rene, alle gjeldende lover og forskrifter, og samtykker i at du er ansvarlig for \u00e5 overholde alle gjeldende lokale lover. Hvis du ikke godtar noen av disse vilk\u00e5rene, er du forbudt \u00e5 bruke eller f\u00e5 tilgang til dette nettstedet. Du [\u2026]<\/p>","protected":false},"author":1,"featured_media":0,"parent":0,"menu_order":0,"comment_status":"closed","ping_status":"closed","template":"","meta":{"footnotes":""},"class_list":["post-10","page","type-page","status-publish","hentry"],"yoast_head":"<!-- This site is optimized with the Yoast SEO plugin v22.5 - https:\/\/yoast.com\/wordpress\/plugins\/seo\/ -->\n<title>Termos e Condi\u00e7\u00f5es - Holfik<\/title>\n<meta name=\"robots\" content=\"index, follow, max-snippet:-1, max-image-preview:large, max-video-preview:-1\" \/>\n<link rel=\"canonical\" href=\"https:\/\/holfik.com\/nb\/termos-e-condicoes\/\" \/>\n<meta property=\"og:locale\" content=\"nb_NO\" \/>\n<meta property=\"og:type\" content=\"article\" \/>\n<meta property=\"og:title\" content=\"Termos e Condi\u00e7\u00f5es - Holfik\" \/>\n<meta property=\"og:description\" content=\"1. Termos Ao acessar ao site Holfik, concorda em cumprir estes termos de servi\u00e7o, todas as leis e regulamentos aplic\u00e1veis \u200b\u200be concorda que \u00e9 respons\u00e1vel pelo cumprimento de todas as leis locais aplic\u00e1veis. Se voc\u00ea n\u00e3o concordar com algum desses termos, est\u00e1 proibido de usar ou acessar este site. Os [&hellip;]\" \/>\n<meta property=\"og:url\" content=\"https:\/\/holfik.com\/nb\/termos-e-condicoes\/\" \/>\n<meta property=\"og:site_name\" content=\"Holfik\" \/>\n<meta name=\"twitter:card\" content=\"summary_large_image\" \/>\n<meta name=\"twitter:label1\" content=\"Ansl. lesetid\" \/>\n\t<meta name=\"twitter:data1\" content=\"3 minutter\" \/>\n<script type=\"application\/ld+json\" class=\"yoast-schema-graph\">{\"@context\":\"https:\/\/schema.org\",\"@graph\":[{\"@type\":\"WebPage\",\"@id\":\"https:\/\/holfik.com\/nb\/termos-e-condicoes\/\",\"url\":\"https:\/\/holfik.com\/nb\/termos-e-condicoes\/\",\"name\":\"Termos e Condi\u00e7\u00f5es - Holfik\",\"isPartOf\":{\"@id\":\"https:\/\/holfik.com\/fr\/#website\"},\"datePublished\":\"2023-05-07T06:10:39+00:00\",\"dateModified\":\"2023-05-07T06:10:39+00:00\",\"breadcrumb\":{\"@id\":\"https:\/\/holfik.com\/nb\/termos-e-condicoes\/#breadcrumb\"},\"inLanguage\":\"nb-NO\",\"potentialAction\":[{\"@type\":\"ReadAction\",\"target\":[\"https:\/\/holfik.com\/nb\/termos-e-condicoes\/\"]}]},{\"@type\":\"BreadcrumbList\",\"@id\":\"https:\/\/holfik.com\/nb\/termos-e-condicoes\/#breadcrumb\",\"itemListElement\":[{\"@type\":\"ListItem\",\"position\":1,\"name\":\"In\u00edcio\",\"item\":\"https:\/\/holfik.com\/fr\/\"},{\"@type\":\"ListItem\",\"position\":2,\"name\":\"Termos e Condi\u00e7\u00f5es\"}]},{\"@type\":\"WebSite\",\"@id\":\"https:\/\/holfik.com\/fr\/#website\",\"url\":\"https:\/\/holfik.com\/fr\/\",\"name\":\"Holfik\",\"description\":\"Site de Not\u00edcias e M\u00eddia\",\"publisher\":{\"@id\":\"https:\/\/holfik.com\/fr\/#organization\"},\"potentialAction\":[{\"@type\":\"SearchAction\",\"target\":{\"@type\":\"EntryPoint\",\"urlTemplate\":\"https:\/\/holfik.com\/fr\/?s={search_term_string}\"},\"query-input\":\"required name=search_term_string\"}],\"inLanguage\":\"nb-NO\"},{\"@type\":\"Organization\",\"@id\":\"https:\/\/holfik.com\/fr\/#organization\",\"name\":\"Holfik\",\"url\":\"https:\/\/holfik.com\/fr\/\",\"logo\":{\"@type\":\"ImageObject\",\"inLanguage\":\"nb-NO\",\"@id\":\"https:\/\/holfik.com\/fr\/#\/schema\/logo\/image\/\",\"url\":\"https:\/\/holfik.com\/wp-content\/uploads\/2025\/07\/download1.png\",\"contentUrl\":\"https:\/\/holfik.com\/wp-content\/uploads\/2025\/07\/download1.png\",\"width\":150,\"height\":100,\"caption\":\"Holfik\"},\"image\":{\"@id\":\"https:\/\/holfik.com\/fr\/#\/schema\/logo\/image\/\"}}]}<\/script>\n<!-- \/ Yoast SEO plugin. -->","yoast_head_json":{"title":"Termos e Condi\u00e7\u00f5es - Holfik","robots":{"index":"index","follow":"follow","max-snippet":"max-snippet:-1","max-image-preview":"max-image-preview:large","max-video-preview":"max-video-preview:-1"},"canonical":"https:\/\/holfik.com\/nb\/termos-e-condicoes\/","og_locale":"nb_NO","og_type":"article","og_title":"Termos e Condi\u00e7\u00f5es - Holfik","og_description":"1. Termos Ao acessar ao site Holfik, concorda em cumprir estes termos de servi\u00e7o, todas as leis e regulamentos aplic\u00e1veis \u200b\u200be concorda que \u00e9 respons\u00e1vel pelo cumprimento de todas as leis locais aplic\u00e1veis. Se voc\u00ea n\u00e3o concordar com algum desses termos, est\u00e1 proibido de usar ou acessar este site. Os [&hellip;]","og_url":"https:\/\/holfik.com\/nb\/termos-e-condicoes\/","og_site_name":"Holfik","twitter_card":"summary_large_image","twitter_misc":{"Ansl. lesetid":"3 minutter"},"schema":{"@context":"https:\/\/schema.org","@graph":[{"@type":"WebPage","@id":"https:\/\/holfik.com\/nb\/termos-e-condicoes\/","url":"https:\/\/holfik.com\/nb\/termos-e-condicoes\/","name":"Termos e Condi\u00e7\u00f5es - Holfik","isPartOf":{"@id":"https:\/\/holfik.com\/fr\/#website"},"datePublished":"2023-05-07T06:10:39+00:00","dateModified":"2023-05-07T06:10:39+00:00","breadcrumb":{"@id":"https:\/\/holfik.com\/nb\/termos-e-condicoes\/#breadcrumb"},"inLanguage":"nb-NO","potentialAction":[{"@type":"ReadAction","target":["https:\/\/holfik.com\/nb\/termos-e-condicoes\/"]}]},{"@type":"BreadcrumbList","@id":"https:\/\/holfik.com\/nb\/termos-e-condicoes\/#breadcrumb","itemListElement":[{"@type":"ListItem","position":1,"name":"In\u00edcio","item":"https:\/\/holfik.com\/fr\/"},{"@type":"ListItem","position":2,"name":"Termos e Condi\u00e7\u00f5es"}]},{"@type":"WebSite","@id":"https:\/\/holfik.com\/fr\/#website","url":"https:\/\/holfik.com\/fr\/","name":"Holfik","description":"Site de Not\u00edcias e M\u00eddia","publisher":{"@id":"https:\/\/holfik.com\/fr\/#organization"},"potentialAction":[{"@type":"SearchAction","target":{"@type":"EntryPoint","urlTemplate":"https:\/\/holfik.com\/fr\/?s={search_term_string}"},"query-input":"required name=search_term_string"}],"inLanguage":"nb-NO"},{"@type":"Organization","@id":"https:\/\/holfik.com\/fr\/#organization","name":"Holfik","url":"https:\/\/holfik.com\/fr\/","logo":{"@type":"ImageObject","inLanguage":"nb-NO","@id":"https:\/\/holfik.com\/fr\/#\/schema\/logo\/image\/","url":"https:\/\/holfik.com\/wp-content\/uploads\/2025\/07\/download1.png","contentUrl":"https:\/\/holfik.com\/wp-content\/uploads\/2025\/07\/download1.png","width":150,"height":100,"caption":"Holfik"},"image":{"@id":"https:\/\/holfik.com\/fr\/#\/schema\/logo\/image\/"}}]}},"_links":{"self":[{"href":"https:\/\/holfik.com\/nb\/wp-json\/wp\/v2\/pages\/10","targetHints":{"allow":["GET"]}}],"collection":[{"href":"https:\/\/holfik.com\/nb\/wp-json\/wp\/v2\/pages"}],"about":[{"href":"https:\/\/holfik.com\/nb\/wp-json\/wp\/v2\/types\/page"}],"author":[{"embeddable":true,"href":"https:\/\/holfik.com\/nb\/wp-json\/wp\/v2\/users\/1"}],"replies":[{"embeddable":true,"href":"https:\/\/holfik.com\/nb\/wp-json\/wp\/v2\/comments?post=10"}],"version-history":[{"count":1,"href":"https:\/\/holfik.com\/nb\/wp-json\/wp\/v2\/pages\/10\/revisions"}],"predecessor-version":[{"id":11,"href":"https:\/\/holfik.com\/nb\/wp-json\/wp\/v2\/pages\/10\/revisions\/11"}],"wp:attachment":[{"href":"https:\/\/holfik.com\/nb\/wp-json\/wp\/v2\/media?parent=10"}],"curies":[{"name":"wp","href":"https:\/\/api.w.org\/{rel}","templated":true}]}}