{"id":12,"date":"2023-05-07T03:14:12","date_gmt":"2023-05-07T06:14:12","guid":{"rendered":"https:\/\/holfik.com\/?page_id=12"},"modified":"2023-05-07T03:14:12","modified_gmt":"2023-05-07T06:14:12","slug":"disclaimer","status":"publish","type":"page","link":"https:\/\/holfik.com\/it\/disclaimer\/","title":{"rendered":"Disclaimer"},"content":{"rendered":"<p>Attenzione:<br \/>\nHolfik non richiede in nessun caso somme di denaro per sbloccare alcun tipo di prodotto finanziario, sia esso carta di credito, finanziamento o prestito. Se ci\u00f2 accade, faccelo sapere immediatamente tramite il modulo. Note: Holfik si impegna a mantenere tutte le informazioni il pi\u00f9 aggiornate possibile. Vale la pena notare che queste informazioni potrebbero differire dalle informazioni trovate sui siti web degli istituti finanziari e\/o dei fornitori di servizi su un sito web specifico. Per quanto riguarda le istituzioni con cui non abbiamo partnership, tutti i prodotti elencati su questo sito Web https:\/\/holfik.com non garantiscono che le informazioni siano aggiornate. Ricordati sempre di leggere le condizioni d&#039;uso e i termini di acquisizione degli istituti finanziari che sceglierai. Partner: come monetizziamo? Riceviamo una piccola somma dalla pubblicit\u00e0 sul nostro sito e dai nostri partner quando segnaliamo un utente che richiede un prodotto o una proposta. Tutto ci\u00f2 che pubblichiamo si basa su valutazioni quantitative e qualitative di ciascun prodotto. Vale la pena ricordare che i nostri partner possono influenzare direttamente i prodotti che scriviamo e recensiamo, nell&#039;ordine degli articoli &quot;migliori&quot; e dove questi prodotti appaiono su Holfik. Poich\u00e9 sul nostro sito sono presenti diversi prodotti, non forniamo alcun tipo di garanzia sulla qualit\u00e0 o sulla tempestivit\u00e0 delle informazioni su tutti questi prodotti, motivo per cui garantiamo e diamo priorit\u00e0 alle informazioni dei nostri partner. Fatecelo sapere utilizzando il nostro modulo di contatto.<\/p>\n<p>Considerazioni:<br \/>\nHolfik si impegna a mantenere tutte le informazioni aggiornate e precise. Queste informazioni potrebbero essere diverse da quelle visualizzate sui siti Web di istituti finanziari, fornitori di servizi o sul sito Web di un prodotto specifico. Nel caso di istituti non partner, tutti i prodotti finanziari vengono presentati senza garantire l&#039;aggiornamento delle informazioni. Ogni volta che scegli la tua offerta, leggi le condizioni degli istituti finanziari e i termini di acquisizione.<\/p>\n<p>Partenariati:<br \/>\nCome facciamo soldi? Riceviamo un piccolo compenso dalla pubblicit\u00e0 sul nostro sito, dai nostri partner quando qualcuno fa una richiesta di proposta o viene approvato per un prodotto finanziario che consigliamo. Gli articoli che pubblichiamo su holfik si basano esclusivamente su valutazioni qualitative e quantitative di ciascun prodotto. Le nostre partnership possono influenzare i prodotti di cui scriviamo e recensiamo, l&#039;ordine in cui i prodotti appaiono negli articoli &quot;migliori&quot;, dove e se i prodotti appaiono su Holfik e dove vengono visualizzati sul sito. Presentiamo diversi prodotti, come puoi vedere sul nostro sito, non garantiamo la qualit\u00e0 e la tempestivit\u00e0 delle informazioni su tutti, per questo motivo diamo priorit\u00e0 e garantiamo le informazioni provenienti dalle istituzioni partner.<\/p>","protected":false},"excerpt":{"rendered":"<p>Attenzione: Holfik non richiede in nessun caso alcuna somma di denaro per erogare alcun tipo di prodotto finanziario, sia esso una carta di credito, un finanziamento o un prestito. Se ci\u00f2 dovesse accadere, vi preghiamo di comunicarcelo immediatamente tramite il modulo. Note: Holfik si impegna a mantenere tutte le informazioni il pi\u00f9 aggiornate possibile. Vale la pena notare che questi [\u2026]<\/p>","protected":false},"author":1,"featured_media":0,"parent":0,"menu_order":0,"comment_status":"closed","ping_status":"closed","template":"","meta":{"footnotes":""},"class_list":["post-12","page","type-page","status-publish","hentry"],"yoast_head":"<!-- This site is optimized with the Yoast SEO plugin v22.5 - https:\/\/yoast.com\/wordpress\/plugins\/seo\/ -->\n<title>Disclaimer - Holfik<\/title>\n<meta name=\"robots\" content=\"index, follow, max-snippet:-1, max-image-preview:large, max-video-preview:-1\" \/>\n<link rel=\"canonical\" href=\"https:\/\/holfik.com\/it\/disclaimer\/\" \/>\n<meta property=\"og:locale\" content=\"it_IT\" \/>\n<meta property=\"og:type\" content=\"article\" \/>\n<meta property=\"og:title\" content=\"Disclaimer - Holfik\" \/>\n<meta property=\"og:description\" content=\"Aten\u00e7\u00e3o: O holfik n\u00e3o solicita em nenhuma situa\u00e7\u00e3o quantias em dinheiro para libera\u00e7\u00e3o de qualquer tipo de produto financeiro, seja cart\u00e3o de cr\u00e9dito, financiamento ou empr\u00e9stimo. Caso isto aconte\u00e7a nos avise pelo formul\u00e1rio imediatamente. Observa\u00e7\u00f5es: O holfik trabalha para manter todas informa\u00e7\u00f5es o mais atualizadas poss\u00edvel. Vale ressaltar que essas [&hellip;]\" \/>\n<meta property=\"og:url\" content=\"https:\/\/holfik.com\/it\/disclaimer\/\" \/>\n<meta property=\"og:site_name\" content=\"Holfik\" \/>\n<meta name=\"twitter:card\" content=\"summary_large_image\" \/>\n<meta name=\"twitter:label1\" content=\"Tempo di lettura stimato\" \/>\n\t<meta name=\"twitter:data1\" content=\"2 minuti\" \/>\n<script type=\"application\/ld+json\" class=\"yoast-schema-graph\">{\"@context\":\"https:\/\/schema.org\",\"@graph\":[{\"@type\":\"WebPage\",\"@id\":\"https:\/\/holfik.com\/de\/disclaimer\/\",\"url\":\"https:\/\/holfik.com\/de\/disclaimer\/\",\"name\":\"Disclaimer - Holfik\",\"isPartOf\":{\"@id\":\"https:\/\/holfik.com\/fr\/#website\"},\"datePublished\":\"2023-05-07T06:14:12+00:00\",\"dateModified\":\"2023-05-07T06:14:12+00:00\",\"breadcrumb\":{\"@id\":\"https:\/\/holfik.com\/de\/disclaimer\/#breadcrumb\"},\"inLanguage\":\"it-IT\",\"potentialAction\":[{\"@type\":\"ReadAction\",\"target\":[\"https:\/\/holfik.com\/de\/disclaimer\/\"]}]},{\"@type\":\"BreadcrumbList\",\"@id\":\"https:\/\/holfik.com\/de\/disclaimer\/#breadcrumb\",\"itemListElement\":[{\"@type\":\"ListItem\",\"position\":1,\"name\":\"In\u00edcio\",\"item\":\"https:\/\/holfik.com\/fr\/\"},{\"@type\":\"ListItem\",\"position\":2,\"name\":\"Disclaimer\"}]},{\"@type\":\"WebSite\",\"@id\":\"https:\/\/holfik.com\/fr\/#website\",\"url\":\"https:\/\/holfik.com\/fr\/\",\"name\":\"Holfik\",\"description\":\"Site de Not\u00edcias e M\u00eddia\",\"publisher\":{\"@id\":\"https:\/\/holfik.com\/fr\/#organization\"},\"potentialAction\":[{\"@type\":\"SearchAction\",\"target\":{\"@type\":\"EntryPoint\",\"urlTemplate\":\"https:\/\/holfik.com\/fr\/?s={search_term_string}\"},\"query-input\":\"required name=search_term_string\"}],\"inLanguage\":\"it-IT\"},{\"@type\":\"Organization\",\"@id\":\"https:\/\/holfik.com\/fr\/#organization\",\"name\":\"Holfik\",\"url\":\"https:\/\/holfik.com\/fr\/\",\"logo\":{\"@type\":\"ImageObject\",\"inLanguage\":\"it-IT\",\"@id\":\"https:\/\/holfik.com\/fr\/#\/schema\/logo\/image\/\",\"url\":\"https:\/\/holfik.com\/wp-content\/uploads\/2025\/07\/download1.png\",\"contentUrl\":\"https:\/\/holfik.com\/wp-content\/uploads\/2025\/07\/download1.png\",\"width\":150,\"height\":100,\"caption\":\"Holfik\"},\"image\":{\"@id\":\"https:\/\/holfik.com\/fr\/#\/schema\/logo\/image\/\"}}]}<\/script>\n<!-- \/ Yoast SEO plugin. -->","yoast_head_json":{"title":"Disclaimer - Holfik","robots":{"index":"index","follow":"follow","max-snippet":"max-snippet:-1","max-image-preview":"max-image-preview:large","max-video-preview":"max-video-preview:-1"},"canonical":"https:\/\/holfik.com\/it\/disclaimer\/","og_locale":"it_IT","og_type":"article","og_title":"Disclaimer - Holfik","og_description":"Aten\u00e7\u00e3o: O holfik n\u00e3o solicita em nenhuma situa\u00e7\u00e3o quantias em dinheiro para libera\u00e7\u00e3o de qualquer tipo de produto financeiro, seja cart\u00e3o de cr\u00e9dito, financiamento ou empr\u00e9stimo. Caso isto aconte\u00e7a nos avise pelo formul\u00e1rio imediatamente. Observa\u00e7\u00f5es: O holfik trabalha para manter todas informa\u00e7\u00f5es o mais atualizadas poss\u00edvel. Vale ressaltar que essas [&hellip;]","og_url":"https:\/\/holfik.com\/it\/disclaimer\/","og_site_name":"Holfik","twitter_card":"summary_large_image","twitter_misc":{"Tempo di lettura stimato":"2 minuti"},"schema":{"@context":"https:\/\/schema.org","@graph":[{"@type":"WebPage","@id":"https:\/\/holfik.com\/de\/disclaimer\/","url":"https:\/\/holfik.com\/de\/disclaimer\/","name":"Disclaimer - Holfik","isPartOf":{"@id":"https:\/\/holfik.com\/fr\/#website"},"datePublished":"2023-05-07T06:14:12+00:00","dateModified":"2023-05-07T06:14:12+00:00","breadcrumb":{"@id":"https:\/\/holfik.com\/de\/disclaimer\/#breadcrumb"},"inLanguage":"it-IT","potentialAction":[{"@type":"ReadAction","target":["https:\/\/holfik.com\/de\/disclaimer\/"]}]},{"@type":"BreadcrumbList","@id":"https:\/\/holfik.com\/de\/disclaimer\/#breadcrumb","itemListElement":[{"@type":"ListItem","position":1,"name":"In\u00edcio","item":"https:\/\/holfik.com\/fr\/"},{"@type":"ListItem","position":2,"name":"Disclaimer"}]},{"@type":"WebSite","@id":"https:\/\/holfik.com\/fr\/#website","url":"https:\/\/holfik.com\/fr\/","name":"Holfik","description":"Site de Not\u00edcias e M\u00eddia","publisher":{"@id":"https:\/\/holfik.com\/fr\/#organization"},"potentialAction":[{"@type":"SearchAction","target":{"@type":"EntryPoint","urlTemplate":"https:\/\/holfik.com\/fr\/?s={search_term_string}"},"query-input":"required name=search_term_string"}],"inLanguage":"it-IT"},{"@type":"Organization","@id":"https:\/\/holfik.com\/fr\/#organization","name":"Holfik","url":"https:\/\/holfik.com\/fr\/","logo":{"@type":"ImageObject","inLanguage":"it-IT","@id":"https:\/\/holfik.com\/fr\/#\/schema\/logo\/image\/","url":"https:\/\/holfik.com\/wp-content\/uploads\/2025\/07\/download1.png","contentUrl":"https:\/\/holfik.com\/wp-content\/uploads\/2025\/07\/download1.png","width":150,"height":100,"caption":"Holfik"},"image":{"@id":"https:\/\/holfik.com\/fr\/#\/schema\/logo\/image\/"}}]}},"_links":{"self":[{"href":"https:\/\/holfik.com\/it\/wp-json\/wp\/v2\/pages\/12","targetHints":{"allow":["GET"]}}],"collection":[{"href":"https:\/\/holfik.com\/it\/wp-json\/wp\/v2\/pages"}],"about":[{"href":"https:\/\/holfik.com\/it\/wp-json\/wp\/v2\/types\/page"}],"author":[{"embeddable":true,"href":"https:\/\/holfik.com\/it\/wp-json\/wp\/v2\/users\/1"}],"replies":[{"embeddable":true,"href":"https:\/\/holfik.com\/it\/wp-json\/wp\/v2\/comments?post=12"}],"version-history":[{"count":1,"href":"https:\/\/holfik.com\/it\/wp-json\/wp\/v2\/pages\/12\/revisions"}],"predecessor-version":[{"id":13,"href":"https:\/\/holfik.com\/it\/wp-json\/wp\/v2\/pages\/12\/revisions\/13"}],"wp:attachment":[{"href":"https:\/\/holfik.com\/it\/wp-json\/wp\/v2\/media?parent=12"}],"curies":[{"name":"wp","href":"https:\/\/api.w.org\/{rel}","templated":true}]}}