{"id":10,"date":"2023-05-07T03:10:39","date_gmt":"2023-05-07T06:10:39","guid":{"rendered":"https:\/\/holfik.com\/?page_id=10"},"modified":"2023-05-07T03:10:39","modified_gmt":"2023-05-07T06:10:39","slug":"termos-e-condicoes","status":"publish","type":"page","link":"https:\/\/holfik.com\/it\/termos-e-condicoes\/","title":{"rendered":"Termini e Condizioni"},"content":{"rendered":"<h2><span style=\"color: rgb(68, 68, 68);\">1. Termini<\/span><\/h2>\n<p><span style=\"color: rgb(68, 68, 68);\">Quando si accede al sito web <a href=\"https:\/\/holfik.com\/it\/\">Holfik<\/a>, accetti di rispettare i presenti termini di servizio, tutte le leggi e i regolamenti applicabili e accetti di essere responsabile del rispetto di tutte le leggi locali applicabili. Se non sei d&#039;accordo con uno qualsiasi di questi termini, ti \u00e8 vietato utilizzare o accedere a questo sito. I materiali contenuti in questo sito sono protetti dalle leggi applicabili sul copyright e sui marchi.<\/span><\/p>\n<h2><span style=\"color: rgb(68, 68, 68);\">2. Utilizzo della licenza<\/span><\/h2>\n<p><span style=\"color: rgb(68, 68, 68);\">\u00c8 concesso il permesso di scaricare temporaneamente una copia dei materiali (informazioni o software) sul sito web di Holfik solo per la visualizzazione transitoria personale e non commerciale. Questa \u00e8 la concessione di una licenza, non un trasferimento di titolo, e con questa licenza non puoi:&nbsp;<\/span><\/p>\n<ol>\n<li><span style=\"color: rgb(68, 68, 68);\">modificare o copiare i materiali;&nbsp;<\/span><\/li>\n<li><span style=\"color: rgb(68, 68, 68);\">utilizzare i materiali per qualsiasi scopo commerciale o per esposizione pubblica (commerciale o non commerciale);&nbsp;<\/span><\/li>\n<li><span style=\"color: rgb(68, 68, 68);\">tentare di decompilare o decodificare qualsiasi software contenuto nel sito web di Holfik;&nbsp;<\/span><\/li>\n<li><span style=\"color: rgb(68, 68, 68);\">rimuovere qualsiasi copyright o altra notazione proprietaria dai materiali; O&nbsp;<\/span><\/li>\n<li><span style=\"color: rgb(68, 68, 68);\">trasferire i materiali a un&#039;altra persona o eseguire il &quot;mirroring&quot; dei materiali su qualsiasi altro server.<\/span><\/li>\n<\/ol>\n<p><span style=\"color: rgb(68, 68, 68);\">Questa licenza terminer\u00e0 automaticamente in caso di violazione di una qualsiasi di queste restrizioni e potr\u00e0 essere revocata da Holfik in qualsiasi momento. Al termine della visualizzazione di questi materiali o al termine della presente licenza, \u00e8 necessario eliminare qualsiasi materiale scaricato in proprio possesso sia in formato elettronico che stampato.<\/span><\/p>\n<h2><span style=\"color: rgb(68, 68, 68);\">3. Dichiarazione di non responsabilit\u00e0<\/span><\/h2>\n<ol>\n<li><span style=\"color: rgb(68, 68, 68);\">I materiali sul sito web di Holfik sono forniti &quot;cos\u00ec come sono&quot;. Holfik non fornisce alcuna garanzia, espressa o implicita, e con la presente esclude e nega tutte le altre garanzie, incluse, senza limitazioni, garanzie implicite o condizioni di commerciabilit\u00e0, idoneit\u00e0 per uno scopo particolare o non violazione della propriet\u00e0 intellettuale o altra violazione dei diritti.<\/span><\/li>\n<li><span style=\"color: rgb(68, 68, 68);\">Inoltre, Holfik non garantisce n\u00e9 rilascia alcuna dichiarazione riguardante l&#039;accuratezza, i probabili risultati o l&#039;affidabilit\u00e0 dell&#039;uso dei materiali sul proprio sito Web o altrimenti relativi a tali materiali o su qualsiasi sito collegato a questo sito.<\/span><\/li>\n<\/ol>\n<h2><span style=\"color: rgb(68, 68, 68);\">4. Limitazioni<\/span><\/h2>\n<p><span style=\"color: rgb(68, 68, 68);\">In nessun caso Holfik o i suoi fornitori saranno responsabili per eventuali danni (inclusi, senza limitazione, danni per perdita di dati o profitti o dovuti a interruzione dell&#039;attivit\u00e0) derivanti dall&#039;uso o dall&#039;impossibilit\u00e0 di utilizzare i materiali sul sito web di Holfik, anche se Holfik o un rappresentante autorizzato di Holfik \u00e8 stato informato oralmente o per iscritto della possibilit\u00e0 di tali danni. Poich\u00e9 alcune giurisdizioni non consentono limitazioni sulle garanzie implicite o limitazioni di responsabilit\u00e0 per danni consequenziali o incidentali, tali limitazioni potrebbero non applicarsi all&#039;utente.<\/span><\/p>\n<h2><span style=\"color: rgb(68, 68, 68);\">5. Precisione dei materiali<\/span><\/h2>\n<p><span style=\"color: rgb(68, 68, 68);\">I materiali che appaiono sul sito web di Holfik potrebbero includere errori tecnici, tipografici o fotografici. Holfik non garantisce che i materiali presenti sul proprio sito web siano accurati, completi o aggiornati. Holfik pu\u00f2 apportare modifiche ai materiali contenuti nel proprio sito web in qualsiasi momento senza preavviso. Tuttavia Holfik non si assume alcun impegno ad aggiornare i materiali.<\/span><\/p>\n<h2><span style=\"color: rgb(68, 68, 68);\">6. Collegamenti<\/span><\/h2>\n<p><span style=\"color: rgb(68, 68, 68);\">Holfik non ha esaminato tutti i siti collegati al proprio sito Web e non \u00e8 responsabile del contenuto di alcun sito collegato. L&#039;inclusione di qualsiasi collegamento non implica l&#039;approvazione del sito da parte di Holfik. L&#039;utilizzo di qualsiasi sito collegato \u00e8 a rischio e pericolo dell&#039;utente.<\/span><\/p>\n<p><\/p>\n<h3><span style=\"color: rgb(68, 68, 68);\">Modifiche<\/span><\/h3>\n<p><span style=\"color: rgb(68, 68, 68);\">Holfik pu\u00f2 modificare i presenti termini di servizio per il proprio sito Web in qualsiasi momento senza preavviso. Utilizzando questo sito Web, accetti di essere vincolato dalla versione corrente di questi termini di servizio.<\/span><\/p>\n<h3><span style=\"color: rgb(68, 68, 68);\">Legge applicabile<\/span><\/h3>\n<p><span style=\"color: rgb(68, 68, 68);\">I presenti termini e condizioni sono regolati e interpretati in conformit\u00e0 con le leggi di Holfik e l&#039;utente si sottopone irrevocabilmente alla giurisdizione esclusiva dei tribunali di tale Stato o luogo.<\/span><\/p>","protected":false},"excerpt":{"rendered":"<p>1. Termini Accedendo al sito web Holfik, accetti di rispettare i presenti termini di servizio, tutte le leggi e i regolamenti applicabili e accetti di essere responsabile del rispetto di tutte le leggi locali applicabili. Se non accetti uno qualsiasi di questi termini, ti \u00e8 vietato utilizzare o accedere a questo sito. Voi [\u2026]<\/p>","protected":false},"author":1,"featured_media":0,"parent":0,"menu_order":0,"comment_status":"closed","ping_status":"closed","template":"","meta":{"footnotes":""},"class_list":["post-10","page","type-page","status-publish","hentry"],"yoast_head":"<!-- This site is optimized with the Yoast SEO plugin v22.5 - https:\/\/yoast.com\/wordpress\/plugins\/seo\/ -->\n<title>Termos e Condi\u00e7\u00f5es - Holfik<\/title>\n<meta name=\"robots\" content=\"index, follow, max-snippet:-1, max-image-preview:large, max-video-preview:-1\" \/>\n<link rel=\"canonical\" href=\"https:\/\/holfik.com\/it\/termos-e-condicoes\/\" \/>\n<meta property=\"og:locale\" content=\"it_IT\" \/>\n<meta property=\"og:type\" content=\"article\" \/>\n<meta property=\"og:title\" content=\"Termos e Condi\u00e7\u00f5es - Holfik\" \/>\n<meta property=\"og:description\" content=\"1. Termos Ao acessar ao site Holfik, concorda em cumprir estes termos de servi\u00e7o, todas as leis e regulamentos aplic\u00e1veis \u200b\u200be concorda que \u00e9 respons\u00e1vel pelo cumprimento de todas as leis locais aplic\u00e1veis. Se voc\u00ea n\u00e3o concordar com algum desses termos, est\u00e1 proibido de usar ou acessar este site. Os [&hellip;]\" \/>\n<meta property=\"og:url\" content=\"https:\/\/holfik.com\/it\/termos-e-condicoes\/\" \/>\n<meta property=\"og:site_name\" content=\"Holfik\" \/>\n<meta name=\"twitter:card\" content=\"summary_large_image\" \/>\n<meta name=\"twitter:label1\" content=\"Tempo di lettura stimato\" \/>\n\t<meta name=\"twitter:data1\" content=\"3 minuti\" \/>\n<script type=\"application\/ld+json\" class=\"yoast-schema-graph\">{\"@context\":\"https:\/\/schema.org\",\"@graph\":[{\"@type\":\"WebPage\",\"@id\":\"https:\/\/holfik.com\/nb\/termos-e-condicoes\/\",\"url\":\"https:\/\/holfik.com\/nb\/termos-e-condicoes\/\",\"name\":\"Termos e Condi\u00e7\u00f5es - Holfik\",\"isPartOf\":{\"@id\":\"https:\/\/holfik.com\/fr\/#website\"},\"datePublished\":\"2023-05-07T06:10:39+00:00\",\"dateModified\":\"2023-05-07T06:10:39+00:00\",\"breadcrumb\":{\"@id\":\"https:\/\/holfik.com\/nb\/termos-e-condicoes\/#breadcrumb\"},\"inLanguage\":\"it-IT\",\"potentialAction\":[{\"@type\":\"ReadAction\",\"target\":[\"https:\/\/holfik.com\/nb\/termos-e-condicoes\/\"]}]},{\"@type\":\"BreadcrumbList\",\"@id\":\"https:\/\/holfik.com\/nb\/termos-e-condicoes\/#breadcrumb\",\"itemListElement\":[{\"@type\":\"ListItem\",\"position\":1,\"name\":\"In\u00edcio\",\"item\":\"https:\/\/holfik.com\/fr\/\"},{\"@type\":\"ListItem\",\"position\":2,\"name\":\"Termos e Condi\u00e7\u00f5es\"}]},{\"@type\":\"WebSite\",\"@id\":\"https:\/\/holfik.com\/fr\/#website\",\"url\":\"https:\/\/holfik.com\/fr\/\",\"name\":\"Holfik\",\"description\":\"Site de Not\u00edcias e M\u00eddia\",\"publisher\":{\"@id\":\"https:\/\/holfik.com\/fr\/#organization\"},\"potentialAction\":[{\"@type\":\"SearchAction\",\"target\":{\"@type\":\"EntryPoint\",\"urlTemplate\":\"https:\/\/holfik.com\/fr\/?s={search_term_string}\"},\"query-input\":\"required name=search_term_string\"}],\"inLanguage\":\"it-IT\"},{\"@type\":\"Organization\",\"@id\":\"https:\/\/holfik.com\/fr\/#organization\",\"name\":\"Holfik\",\"url\":\"https:\/\/holfik.com\/fr\/\",\"logo\":{\"@type\":\"ImageObject\",\"inLanguage\":\"it-IT\",\"@id\":\"https:\/\/holfik.com\/fr\/#\/schema\/logo\/image\/\",\"url\":\"https:\/\/holfik.com\/wp-content\/uploads\/2025\/07\/download1.png\",\"contentUrl\":\"https:\/\/holfik.com\/wp-content\/uploads\/2025\/07\/download1.png\",\"width\":150,\"height\":100,\"caption\":\"Holfik\"},\"image\":{\"@id\":\"https:\/\/holfik.com\/fr\/#\/schema\/logo\/image\/\"}}]}<\/script>\n<!-- \/ Yoast SEO plugin. -->","yoast_head_json":{"title":"Termos e Condi\u00e7\u00f5es - Holfik","robots":{"index":"index","follow":"follow","max-snippet":"max-snippet:-1","max-image-preview":"max-image-preview:large","max-video-preview":"max-video-preview:-1"},"canonical":"https:\/\/holfik.com\/it\/termos-e-condicoes\/","og_locale":"it_IT","og_type":"article","og_title":"Termos e Condi\u00e7\u00f5es - Holfik","og_description":"1. Termos Ao acessar ao site Holfik, concorda em cumprir estes termos de servi\u00e7o, todas as leis e regulamentos aplic\u00e1veis \u200b\u200be concorda que \u00e9 respons\u00e1vel pelo cumprimento de todas as leis locais aplic\u00e1veis. Se voc\u00ea n\u00e3o concordar com algum desses termos, est\u00e1 proibido de usar ou acessar este site. Os [&hellip;]","og_url":"https:\/\/holfik.com\/it\/termos-e-condicoes\/","og_site_name":"Holfik","twitter_card":"summary_large_image","twitter_misc":{"Tempo di lettura stimato":"3 minuti"},"schema":{"@context":"https:\/\/schema.org","@graph":[{"@type":"WebPage","@id":"https:\/\/holfik.com\/nb\/termos-e-condicoes\/","url":"https:\/\/holfik.com\/nb\/termos-e-condicoes\/","name":"Termos e Condi\u00e7\u00f5es - Holfik","isPartOf":{"@id":"https:\/\/holfik.com\/fr\/#website"},"datePublished":"2023-05-07T06:10:39+00:00","dateModified":"2023-05-07T06:10:39+00:00","breadcrumb":{"@id":"https:\/\/holfik.com\/nb\/termos-e-condicoes\/#breadcrumb"},"inLanguage":"it-IT","potentialAction":[{"@type":"ReadAction","target":["https:\/\/holfik.com\/nb\/termos-e-condicoes\/"]}]},{"@type":"BreadcrumbList","@id":"https:\/\/holfik.com\/nb\/termos-e-condicoes\/#breadcrumb","itemListElement":[{"@type":"ListItem","position":1,"name":"In\u00edcio","item":"https:\/\/holfik.com\/fr\/"},{"@type":"ListItem","position":2,"name":"Termos e Condi\u00e7\u00f5es"}]},{"@type":"WebSite","@id":"https:\/\/holfik.com\/fr\/#website","url":"https:\/\/holfik.com\/fr\/","name":"Holfik","description":"Site de Not\u00edcias e M\u00eddia","publisher":{"@id":"https:\/\/holfik.com\/fr\/#organization"},"potentialAction":[{"@type":"SearchAction","target":{"@type":"EntryPoint","urlTemplate":"https:\/\/holfik.com\/fr\/?s={search_term_string}"},"query-input":"required name=search_term_string"}],"inLanguage":"it-IT"},{"@type":"Organization","@id":"https:\/\/holfik.com\/fr\/#organization","name":"Holfik","url":"https:\/\/holfik.com\/fr\/","logo":{"@type":"ImageObject","inLanguage":"it-IT","@id":"https:\/\/holfik.com\/fr\/#\/schema\/logo\/image\/","url":"https:\/\/holfik.com\/wp-content\/uploads\/2025\/07\/download1.png","contentUrl":"https:\/\/holfik.com\/wp-content\/uploads\/2025\/07\/download1.png","width":150,"height":100,"caption":"Holfik"},"image":{"@id":"https:\/\/holfik.com\/fr\/#\/schema\/logo\/image\/"}}]}},"_links":{"self":[{"href":"https:\/\/holfik.com\/it\/wp-json\/wp\/v2\/pages\/10","targetHints":{"allow":["GET"]}}],"collection":[{"href":"https:\/\/holfik.com\/it\/wp-json\/wp\/v2\/pages"}],"about":[{"href":"https:\/\/holfik.com\/it\/wp-json\/wp\/v2\/types\/page"}],"author":[{"embeddable":true,"href":"https:\/\/holfik.com\/it\/wp-json\/wp\/v2\/users\/1"}],"replies":[{"embeddable":true,"href":"https:\/\/holfik.com\/it\/wp-json\/wp\/v2\/comments?post=10"}],"version-history":[{"count":1,"href":"https:\/\/holfik.com\/it\/wp-json\/wp\/v2\/pages\/10\/revisions"}],"predecessor-version":[{"id":11,"href":"https:\/\/holfik.com\/it\/wp-json\/wp\/v2\/pages\/10\/revisions\/11"}],"wp:attachment":[{"href":"https:\/\/holfik.com\/it\/wp-json\/wp\/v2\/media?parent=10"}],"curies":[{"name":"wp","href":"https:\/\/api.w.org\/{rel}","templated":true}]}}