{"id":6,"date":"2023-05-07T03:10:25","date_gmt":"2023-05-07T06:10:25","guid":{"rendered":"https:\/\/holfik.com\/?page_id=6"},"modified":"2023-05-07T03:10:25","modified_gmt":"2023-05-07T06:10:25","slug":"politica-de-privacidade","status":"publish","type":"page","link":"https:\/\/holfik.com\/hu\/politica-de-privacidade\/","title":{"rendered":"Adatv\u00e9delmi ir\u00e1nyelvek"},"content":{"rendered":"<h2><span style=\"color: #444444;\">Adatv\u00e9delmi ir\u00e1nyelvek<\/span><\/h2>\n<p><span style=\"color: #444444;\">Az \u00d6n adatainak v\u00e9delme fontos sz\u00e1munkra. A Holfik politik\u00e1ja szerint tiszteletben tartja az \u00d6n adatainak v\u00e9delm\u00e9t minden olyan inform\u00e1ci\u00f3 tekintet\u00e9ben, amelyet \u00d6nt\u0151l gy\u0171jthet\u00fcnk a weboldalon <a href=\"https:\/\/holfik.com\/hu\/\">Holfik<\/a>, valamint a tulajdonunkban l\u00e9v\u0151 \u00e9s \u00e1ltalunk m\u0171k\u00f6dtetett egy\u00e9b webhelyek.<\/span><\/p>\n<p><span style=\"color: #444444;\">Csak akkor k\u00e9r\u00fcnk szem\u00e9lyes adatokat, ha val\u00f3ban sz\u00fcks\u00e9g\u00fcnk van r\u00e1juk egy szolg\u00e1ltat\u00e1s ny\u00fajt\u00e1s\u00e1hoz. Ezt tisztess\u00e9ges \u00e9s t\u00f6rv\u00e9nyes eszk\u00f6z\u00f6kkel, az \u00d6n tudt\u00e1val \u00e9s beleegyez\u00e9s\u00e9vel tessz\u00fck. Azt is elmondjuk, mi\u00e9rt gy\u0171jtj\u00fck, \u00e9s hogyan fogjuk felhaszn\u00e1lni.<\/span><\/p>\n<p><span style=\"color: #444444;\">Az \u00f6sszegy\u0171jt\u00f6tt inform\u00e1ci\u00f3kat csak addig \u0151rizz\u00fck meg, am\u00edg az a k\u00e9rt szolg\u00e1ltat\u00e1s ny\u00fajt\u00e1s\u00e1hoz sz\u00fcks\u00e9ges. Amikor adatokat t\u00e1rolunk, azokat a kereskedelmileg elfogadhat\u00f3 m\u00f3don v\u00e9dj\u00fck, hogy megakad\u00e1lyozzuk az adatveszt\u00e9st \u00e9s lop\u00e1st, valamint a jogosulatlan hozz\u00e1f\u00e9r\u00e9st, nyilv\u00e1noss\u00e1gra hozatalt, m\u00e1sol\u00e1st, felhaszn\u00e1l\u00e1st vagy m\u00f3dos\u00edt\u00e1st.<\/span><\/p>\n<p><span style=\"color: #444444;\">Szem\u00e9lyazonos\u00edt\u00e1sra alkalmas adatokat nem osztunk meg nyilv\u00e1nosan vagy harmadik felekkel, kiv\u00e9ve, ha azt t\u00f6rv\u00e9ny \u00edrja el\u0151.<\/span><\/p>\n<p><span style=\"color: #444444;\">Weboldalunk tartalmazhat hivatkoz\u00e1sokat olyan k\u00fcls\u0151 webhelyekre, amelyeket nem mi \u00fczemeltet\u00fcnk. K\u00e9rj\u00fck, vegye figyelembe, hogy nincs befoly\u00e1sunk ezeknek a webhelyeknek a tartalm\u00e1ra \u00e9s gyakorlat\u00e1ra, \u00e9s nem v\u00e1llalhatunk felel\u0151ss\u00e9get azok\u00e9rt\u00a0<\/span><a href=\"https:\/\/politicaprivacidade.com\/\" rel=\"noopener noreferrer\" target=\"_blank\" style=\"background-color: transparent; color: #444444;\">adatv\u00e9delmi ir\u00e1nyelvek<\/a><span style=\"color: #444444;\">.<\/span><\/p>\n<p><span style=\"color: #444444;\">\u00d6n szabadon visszautas\u00edthatja szem\u00e9lyes adataira vonatkoz\u00f3 k\u00e9r\u00e9s\u00fcnket, azzal a tudattal, hogy el\u0151fordulhat, hogy nem tudjuk biztos\u00edtani \u00d6nnek az \u00d6n \u00e1ltal k\u00edv\u00e1nt szolg\u00e1ltat\u00e1sok egy r\u00e9sz\u00e9t.<\/span><\/p>\n<p><span style=\"color: #444444;\">Weboldalunk tov\u00e1bbi haszn\u00e1lata az adatv\u00e9delemmel \u00e9s a szem\u00e9lyes adatokkal kapcsolatos gyakorlatunk elfogad\u00e1s\u00e1nak min\u0151s\u00fcl. Ha b\u00e1rmilyen k\u00e9rd\u00e9se van a felhaszn\u00e1l\u00f3i adatok \u00e9s szem\u00e9lyes adatok kezel\u00e9s\u00e9vel kapcsolatban, k\u00e9rj\u00fck, l\u00e9pjen kapcsolatba vel\u00fcnk.<\/span><\/p>\n<p><span style=\"color: #444444;\"><\/span><\/p>\n<ul>\n<li><span style=\"color: #444444;\">A hirdet\u00e9sek megjelen\u00edt\u00e9s\u00e9re haszn\u00e1lt Google AdSense szolg\u00e1ltat\u00e1s DoubleClick cookie-t haszn\u00e1l, hogy relev\u00e1nsabb hirdet\u00e9seket jelen\u00edtsen meg az interneten, \u00e9s korl\u00e1tozza, hogy egy adott hirdet\u00e9s h\u00e1nyszor jelenjen meg \u00d6nnek.<\/span><\/li>\n<li><span style=\"color: #444444;\">A Google AdSense szolg\u00e1ltat\u00e1ssal kapcsolatos tov\u00e1bbi inform\u00e1ci\u00f3k\u00e9rt tekintse meg a hivatalos Google AdSense adatv\u00e9delmi GYIK-et.<\/span><\/li>\n<li><span style=\"color: #444444;\">Hirdet\u00e9sekkel ellens\u00falyozzuk az oldal \u00fczemeltet\u00e9si k\u00f6lts\u00e9geit, \u00e9s finansz\u00edroz\u00e1st biztos\u00edtunk a j\u00f6v\u0151beni fejleszt\u00e9sekhez. Az ezen az oldalon haszn\u00e1lt viselked\u00e9salap\u00fa hirdet\u00e9si cookie-k c\u00e9lja annak biztos\u00edt\u00e1sa, hogy lehet\u0151s\u00e9g szerint a legrelev\u00e1nsabb hirdet\u00e9seket biztos\u00edtsuk az \u00d6n \u00e9rdekl\u0151d\u00e9si k\u00f6r\u00e9nek anonim nyomon k\u00f6vet\u00e9s\u00e9vel \u00e9s hasonl\u00f3 dolgok bemutat\u00e1s\u00e1val, amelyek \u00e9rdekelhetik \u00d6nt.<\/span><\/li>\n<li><span style=\"color: #444444;\">Sz\u00e1mos partner hirdet a nev\u00fcnkben, \u00e9s a kapcsolt v\u00e1llalkoz\u00e1sok nyomk\u00f6vet\u0151 s\u00fctijei egyszer\u0171en lehet\u0151v\u00e9 teszik sz\u00e1munkra, hogy megn\u00e9zz\u00fck, \u00fcgyfeleink valamelyik partner\u00fcnk webhely\u00e9n kereszt\u00fcl jutottak-e el az oldalra, \u00edgy megfelel\u0151en j\u00f3v\u00e1\u00edrhatjuk \u0151ket, \u00e9s adott esetben lehet\u0151v\u00e9 tessz\u00fck kapcsolt partnereink sz\u00e1m\u00e1ra, hogy olyan prom\u00f3ci\u00f3t k\u00edn\u00e1ljanak, biztos\u00edtani tudja a v\u00e1s\u00e1rl\u00e1shoz.<\/span><\/li>\n<\/ul>\n<p>&nbsp;<\/p>\n<p>&nbsp;<\/p>\n<h3><span style=\"color: #444444;\">Felhaszn\u00e1l\u00f3i k\u00f6telezetts\u00e9gv\u00e1llal\u00e1s<\/span><\/h3>\n<p><span style=\"color: #444444;\">A felhaszn\u00e1l\u00f3 k\u00f6telezetts\u00e9get v\u00e1llal arra, hogy a Holfik \u00e1ltal a weboldalon k\u00edn\u00e1lt tartalmat \u00e9s inform\u00e1ci\u00f3kat megfelel\u0151 m\u00f3don, kifejez\u0151, de nem korl\u00e1toz\u00f3 jelleggel haszn\u00e1lja fel:<\/span><\/p>\n<ul>\n<li><span style=\"color: #444444;\">A) nem folytat olyan tev\u00e9kenys\u00e9get, amely illeg\u00e1lis vagy ellent\u00e9tes a j\u00f3hiszem\u0171s\u00e9ggel \u00e9s a k\u00f6zrenddel;<\/span><\/li>\n<li><span style=\"color: #444444;\">B) Ne terjesszen propagand\u00e1t vagy rasszista, idegengy\u0171l\u00f6l\u0151, <\/span><span style=\"color: #212529;\"><a href=\"https:\/\/apostasonline.guru\/betano-apostas\/\" style=\"color: inherit !important; text-decoration: none !important; font-size: inherit !important;\"> betano fogad\u00e1sok<\/a><\/span><span style=\"color: #444444;\"> vagy balszerencse, b\u00e1rmilyen t\u00edpus\u00fa illeg\u00e1lis pornogr\u00e1fia, a terrorizmus t\u00e1mogat\u00e1s\u00e1ra vagy az emberi jogok ellen;<\/span><\/li>\n<li><span style=\"color: #444444;\">C) Ne okozzon k\u00e1rt a Holfik, besz\u00e1ll\u00edt\u00f3i vagy harmadik felek fizikai (hardver) \u00e9s logikai (szoftver) rendszer\u00e9ben, sz\u00e1m\u00edt\u00f3g\u00e9pes v\u00edrusok vagy egy\u00e9b olyan hardver- vagy szoftverrendszerek bejuttat\u00e1s\u00e1val vagy terjeszt\u00e9s\u00e9vel, amelyek a fent eml\u00edtett k\u00e1rokat okozhatj\u00e1k.<\/span><\/li>\n<\/ul>\n<h3><span style=\"color: #444444;\">T\u00f6bb inform\u00e1ci\u00f3<\/span><\/h3>\n<p><span style=\"color: #444444;\">Rem\u00e9lhet\u0151leg ez egy\u00e9rtelm\u0171, \u00e9s amint azt kor\u00e1bban eml\u00edtett\u00fck, ha valamiben nem biztos abban, hogy sz\u00fcks\u00e9ge van-e vagy sem, \u00e1ltal\u00e1ban biztons\u00e1gosabb, ha enged\u00e9lyezi a cookie-kat arra az esetre, ha az interakci\u00f3ba l\u00e9pne a webhely\u00fcnk\u00f6n haszn\u00e1lt funkci\u00f3k valamelyik\u00e9vel.<\/span><\/p>\n<p><span style=\"color: #444444;\">Ez a szab\u00e1lyzat 2023. m\u00e1jus 7-\u00e9n 06:10-t\u0151l hat\u00e1lyos<\/span><\/p>","protected":false},"excerpt":{"rendered":"<p>Adatv\u00e9delmi szab\u00e1lyzat Az \u00d6n adatainak v\u00e9delme fontos sz\u00e1munkra. A Holfik szab\u00e1lyzata szerint tiszteletben tartja az \u00d6n adatainak v\u00e9delm\u00e9t minden olyan inform\u00e1ci\u00f3 tekintet\u00e9ben, amelyet \u00d6nt\u0151l gy\u0171jthet\u00fcnk a Holfik webhelyen, valamint a tulajdonunkban l\u00e9v\u0151 \u00e9s \u00fczemeltetett egy\u00e9b webhelyeken. Csak akkor k\u00e9r\u00fcnk szem\u00e9lyes adatokat, ha val\u00f3ban sz\u00fcks\u00e9g\u00fcnk van r\u00e1juk ahhoz, hogy szolg\u00e1ltat\u00e1st ny\u00fajthassunk \u00d6nnek. Mi csin\u00e1ljuk [\u2026]<\/p>","protected":false},"author":1,"featured_media":0,"parent":0,"menu_order":0,"comment_status":"closed","ping_status":"closed","template":"","meta":{"footnotes":""},"class_list":["post-6","page","type-page","status-publish","hentry"],"yoast_head":"<!-- This site is optimized with the Yoast SEO plugin v22.5 - https:\/\/yoast.com\/wordpress\/plugins\/seo\/ -->\n<title>Pol\u00edtica de Privacidade - Holfik<\/title>\n<meta name=\"robots\" content=\"index, follow, max-snippet:-1, max-image-preview:large, max-video-preview:-1\" \/>\n<link rel=\"canonical\" href=\"https:\/\/holfik.com\/hu\/politica-de-privacidade\/\" \/>\n<meta property=\"og:locale\" content=\"hu_HU\" \/>\n<meta property=\"og:type\" content=\"article\" \/>\n<meta property=\"og:title\" content=\"Pol\u00edtica de Privacidade - Holfik\" \/>\n<meta property=\"og:description\" content=\"Pol\u00edtica Privacidade A sua privacidade \u00e9 importante para n\u00f3s. \u00c9 pol\u00edtica do Holfik respeitar a sua privacidade em rela\u00e7\u00e3o a qualquer informa\u00e7\u00e3o sua que possamos coletar no site Holfik, e outros sites que possu\u00edmos e operamos. Solicitamos informa\u00e7\u00f5es pessoais apenas quando realmente precisamos delas para lhe fornecer um servi\u00e7o. Fazemo-lo [&hellip;]\" \/>\n<meta property=\"og:url\" content=\"https:\/\/holfik.com\/hu\/politica-de-privacidade\/\" \/>\n<meta property=\"og:site_name\" content=\"Holfik\" \/>\n<meta name=\"twitter:card\" content=\"summary_large_image\" \/>\n<meta name=\"twitter:label1\" content=\"Becs\u00fclt olvas\u00e1si id\u0151\" \/>\n\t<meta name=\"twitter:data1\" content=\"3 perc\" \/>\n<script type=\"application\/ld+json\" class=\"yoast-schema-graph\">{\"@context\":\"https:\/\/schema.org\",\"@graph\":[{\"@type\":\"WebPage\",\"@id\":\"https:\/\/holfik.com\/politica-de-privacidade\/\",\"url\":\"https:\/\/holfik.com\/politica-de-privacidade\/\",\"name\":\"Pol\u00edtica de Privacidade - Holfik\",\"isPartOf\":{\"@id\":\"https:\/\/holfik.com\/fr\/#website\"},\"datePublished\":\"2023-05-07T06:10:25+00:00\",\"dateModified\":\"2023-05-07T06:10:25+00:00\",\"breadcrumb\":{\"@id\":\"https:\/\/holfik.com\/politica-de-privacidade\/#breadcrumb\"},\"inLanguage\":\"hu\",\"potentialAction\":[{\"@type\":\"ReadAction\",\"target\":[\"https:\/\/holfik.com\/politica-de-privacidade\/\"]}]},{\"@type\":\"BreadcrumbList\",\"@id\":\"https:\/\/holfik.com\/politica-de-privacidade\/#breadcrumb\",\"itemListElement\":[{\"@type\":\"ListItem\",\"position\":1,\"name\":\"In\u00edcio\",\"item\":\"https:\/\/holfik.com\/fr\/\"},{\"@type\":\"ListItem\",\"position\":2,\"name\":\"Pol\u00edtica de Privacidade\"}]},{\"@type\":\"WebSite\",\"@id\":\"https:\/\/holfik.com\/fr\/#website\",\"url\":\"https:\/\/holfik.com\/fr\/\",\"name\":\"Holfik\",\"description\":\"Site de Not\u00edcias e M\u00eddia\",\"publisher\":{\"@id\":\"https:\/\/holfik.com\/fr\/#organization\"},\"potentialAction\":[{\"@type\":\"SearchAction\",\"target\":{\"@type\":\"EntryPoint\",\"urlTemplate\":\"https:\/\/holfik.com\/fr\/?s={search_term_string}\"},\"query-input\":\"required name=search_term_string\"}],\"inLanguage\":\"hu\"},{\"@type\":\"Organization\",\"@id\":\"https:\/\/holfik.com\/fr\/#organization\",\"name\":\"Holfik\",\"url\":\"https:\/\/holfik.com\/fr\/\",\"logo\":{\"@type\":\"ImageObject\",\"inLanguage\":\"hu\",\"@id\":\"https:\/\/holfik.com\/fr\/#\/schema\/logo\/image\/\",\"url\":\"https:\/\/holfik.com\/wp-content\/uploads\/2025\/07\/download1.png\",\"contentUrl\":\"https:\/\/holfik.com\/wp-content\/uploads\/2025\/07\/download1.png\",\"width\":150,\"height\":100,\"caption\":\"Holfik\"},\"image\":{\"@id\":\"https:\/\/holfik.com\/fr\/#\/schema\/logo\/image\/\"}}]}<\/script>\n<!-- \/ Yoast SEO plugin. -->","yoast_head_json":{"title":"Pol\u00edtica de Privacidade - Holfik","robots":{"index":"index","follow":"follow","max-snippet":"max-snippet:-1","max-image-preview":"max-image-preview:large","max-video-preview":"max-video-preview:-1"},"canonical":"https:\/\/holfik.com\/hu\/politica-de-privacidade\/","og_locale":"hu_HU","og_type":"article","og_title":"Pol\u00edtica de Privacidade - Holfik","og_description":"Pol\u00edtica Privacidade A sua privacidade \u00e9 importante para n\u00f3s. \u00c9 pol\u00edtica do Holfik respeitar a sua privacidade em rela\u00e7\u00e3o a qualquer informa\u00e7\u00e3o sua que possamos coletar no site Holfik, e outros sites que possu\u00edmos e operamos. Solicitamos informa\u00e7\u00f5es pessoais apenas quando realmente precisamos delas para lhe fornecer um servi\u00e7o. Fazemo-lo [&hellip;]","og_url":"https:\/\/holfik.com\/hu\/politica-de-privacidade\/","og_site_name":"Holfik","twitter_card":"summary_large_image","twitter_misc":{"Becs\u00fclt olvas\u00e1si id\u0151":"3 perc"},"schema":{"@context":"https:\/\/schema.org","@graph":[{"@type":"WebPage","@id":"https:\/\/holfik.com\/politica-de-privacidade\/","url":"https:\/\/holfik.com\/politica-de-privacidade\/","name":"Pol\u00edtica de Privacidade - Holfik","isPartOf":{"@id":"https:\/\/holfik.com\/fr\/#website"},"datePublished":"2023-05-07T06:10:25+00:00","dateModified":"2023-05-07T06:10:25+00:00","breadcrumb":{"@id":"https:\/\/holfik.com\/politica-de-privacidade\/#breadcrumb"},"inLanguage":"hu","potentialAction":[{"@type":"ReadAction","target":["https:\/\/holfik.com\/politica-de-privacidade\/"]}]},{"@type":"BreadcrumbList","@id":"https:\/\/holfik.com\/politica-de-privacidade\/#breadcrumb","itemListElement":[{"@type":"ListItem","position":1,"name":"In\u00edcio","item":"https:\/\/holfik.com\/fr\/"},{"@type":"ListItem","position":2,"name":"Pol\u00edtica de Privacidade"}]},{"@type":"WebSite","@id":"https:\/\/holfik.com\/fr\/#website","url":"https:\/\/holfik.com\/fr\/","name":"Holfik","description":"Site de Not\u00edcias e M\u00eddia","publisher":{"@id":"https:\/\/holfik.com\/fr\/#organization"},"potentialAction":[{"@type":"SearchAction","target":{"@type":"EntryPoint","urlTemplate":"https:\/\/holfik.com\/fr\/?s={search_term_string}"},"query-input":"required name=search_term_string"}],"inLanguage":"hu"},{"@type":"Organization","@id":"https:\/\/holfik.com\/fr\/#organization","name":"Holfik","url":"https:\/\/holfik.com\/fr\/","logo":{"@type":"ImageObject","inLanguage":"hu","@id":"https:\/\/holfik.com\/fr\/#\/schema\/logo\/image\/","url":"https:\/\/holfik.com\/wp-content\/uploads\/2025\/07\/download1.png","contentUrl":"https:\/\/holfik.com\/wp-content\/uploads\/2025\/07\/download1.png","width":150,"height":100,"caption":"Holfik"},"image":{"@id":"https:\/\/holfik.com\/fr\/#\/schema\/logo\/image\/"}}]}},"_links":{"self":[{"href":"https:\/\/holfik.com\/hu\/wp-json\/wp\/v2\/pages\/6","targetHints":{"allow":["GET"]}}],"collection":[{"href":"https:\/\/holfik.com\/hu\/wp-json\/wp\/v2\/pages"}],"about":[{"href":"https:\/\/holfik.com\/hu\/wp-json\/wp\/v2\/types\/page"}],"author":[{"embeddable":true,"href":"https:\/\/holfik.com\/hu\/wp-json\/wp\/v2\/users\/1"}],"replies":[{"embeddable":true,"href":"https:\/\/holfik.com\/hu\/wp-json\/wp\/v2\/comments?post=6"}],"version-history":[{"count":1,"href":"https:\/\/holfik.com\/hu\/wp-json\/wp\/v2\/pages\/6\/revisions"}],"predecessor-version":[{"id":9,"href":"https:\/\/holfik.com\/hu\/wp-json\/wp\/v2\/pages\/6\/revisions\/9"}],"wp:attachment":[{"href":"https:\/\/holfik.com\/hu\/wp-json\/wp\/v2\/media?parent=6"}],"curies":[{"name":"wp","href":"https:\/\/api.w.org\/{rel}","templated":true}]}}