{"id":389,"date":"2024-02-01T16:58:15","date_gmt":"2024-02-01T19:58:15","guid":{"rendered":"https:\/\/holfik.com\/?page_id=389"},"modified":"2024-02-01T16:58:15","modified_gmt":"2024-02-01T19:58:15","slug":"pagina-inicial","status":"publish","type":"page","link":"https:\/\/holfik.com\/hu\/pagina-inicial\/","title":{"rendered":"kezd\u0151lap"},"content":{"rendered":"<h2>Mi\u00e9rt \u00e9rheti el a tartalmainkat?<\/h2>\n<p>Az egyre ink\u00e1bb \u00f6sszekapcsol\u00f3d\u00f3 vil\u00e1gban az inform\u00e1ci\u00f3 minden eddigin\u00e9l k\u00f6nnyebben hozz\u00e1f\u00e9rhet\u0151. A rendelkez\u00e9sre \u00e1ll\u00f3 tartalom b\u0151s\u00e9ge miatt azonban neh\u00e9z megb\u00edzhat\u00f3 \u00e9s relev\u00e1ns inform\u00e1ci\u00f3kat tal\u00e1lni. Itt j\u00f6n be a cikk- \u00e9s h\u00edroldal szerepe. Tartalomunkat tapasztalt \u00e9s k\u00e9pzett \u00fajs\u00e1g\u00edr\u00f3kb\u00f3l \u00e1ll\u00f3 csapat k\u00e9sz\u00edti, akik elk\u00f6telezettek az olvas\u00f3k pontos \u00e9s naprak\u00e9sz inform\u00e1ci\u00f3kkal val\u00f3 ell\u00e1t\u00e1s\u00e1ban. S\u0151t, tartalmaink \u00e1tfog\u00f3ak, t\u00e9m\u00e1k sz\u00e9les sk\u00e1l\u00e1j\u00e1t fedik le, az aktu\u00e1lis h\u00edrekt\u0151l a sz\u00f3rakoztat\u00e1sig \u00e9s a kult\u00far\u00e1ig. Ez azt jelenti, hogy \u00e9rdekl\u0151d\u00e9si k\u00f6r\u00e9t\u0151l f\u00fcggetlen\u00fcl mindig tal\u00e1l valami \u00e9rdekeset.<\/p>\n<h4>h\u00edrek<\/h4>\n<p>Kiadatlan h\u00edrek arr\u00f3l, hogy mi t\u00f6rt\u00e9nik szerte a vil\u00e1gon, itt van egy gazdag k\u00f6rnyezet friss\u00edtett 100% inform\u00e1ci\u00f3kkal.<\/p>\n<h4>P\u00e9nz\u00fcgy<\/h4>\n<p>Ismerje meg a jelenlegi p\u00e9nz\u00fcgyi piac f\u0151bb esem\u00e9nyeit, kaphat tippeket, m\u00f3dszereket \u00e9s m\u00e9g sok m\u00e1st!<\/p>\n<h4>Min\u0151s\u00e9g<\/h4>\n<p>Weboldalunkon a min\u0151s\u00e9g garant\u00e1lt, gazdag, megb\u00edzhat\u00f3 \u00e9s mindenekel\u0151tt min\u0151s\u00e9gi inform\u00e1ci\u00f3kat ny\u00fajt.<\/p>","protected":false},"excerpt":{"rendered":"<p>Mi\u00e9rt \u00e9rdemes hozz\u00e1f\u00e9rni a tartalmainkhoz? Egyre ink\u00e1bb \u00f6sszekapcsol\u00f3d\u00f3 vil\u00e1gunkban az inform\u00e1ci\u00f3k minden eddigin\u00e9l k\u00f6nnyebben el\u00e9rhet\u0151k. Azonban a rendelkez\u00e9sre \u00e1ll\u00f3 tartalom b\u0151s\u00e9ge miatt neh\u00e9z lehet megb\u00edzhat\u00f3 \u00e9s relev\u00e1ns inform\u00e1ci\u00f3kat tal\u00e1lni. Itt j\u00f6n k\u00e9pbe egy cikk \u00e9s egy h\u00edrport\u00e1l szerepe. A mi\u00e9nk [\u2026]<\/p>","protected":false},"author":1,"featured_media":0,"parent":0,"menu_order":0,"comment_status":"closed","ping_status":"closed","template":"","meta":{"footnotes":""},"class_list":["post-389","page","type-page","status-publish","hentry"],"yoast_head":"<!-- This site is optimized with the Yoast SEO plugin v22.5 - https:\/\/yoast.com\/wordpress\/plugins\/seo\/ -->\n<title>pagina inicial - Holfik<\/title>\n<meta name=\"robots\" content=\"index, follow, max-snippet:-1, max-image-preview:large, max-video-preview:-1\" \/>\n<link rel=\"canonical\" href=\"http:\/\/holfik.com\/hu\/pagina-inicial\/\" \/>\n<meta property=\"og:locale\" content=\"hu_HU\" \/>\n<meta property=\"og:type\" content=\"article\" \/>\n<meta property=\"og:title\" content=\"pagina inicial - Holfik\" \/>\n<meta property=\"og:description\" content=\"Por que acessar nossos conte\u00fados Em um mundo cada vez mais conectado, a informa\u00e7\u00e3o \u00e9 mais acess\u00edvel do que nunca. No entanto, com a abund\u00e2ncia de conte\u00fado dispon\u00edvel, pode ser dif\u00edcil encontrar informa\u00e7\u00f5es confi\u00e1veis e relevantes. \u00c9 aqui que entra o papel de um site de artigos e not\u00edcias. Nossos [&hellip;]\" \/>\n<meta property=\"og:url\" content=\"http:\/\/holfik.com\/hu\/pagina-inicial\/\" \/>\n<meta property=\"og:site_name\" content=\"Holfik\" \/>\n<meta name=\"twitter:card\" content=\"summary_large_image\" \/>\n<script type=\"application\/ld+json\" class=\"yoast-schema-graph\">{\"@context\":\"https:\/\/schema.org\",\"@graph\":[{\"@type\":\"WebPage\",\"@id\":\"http:\/\/holfik.com\/it\/pagina-inicial\/\",\"url\":\"http:\/\/holfik.com\/it\/pagina-inicial\/\",\"name\":\"pagina inicial - Holfik\",\"isPartOf\":{\"@id\":\"https:\/\/holfik.com\/fr\/#website\"},\"datePublished\":\"2024-02-01T19:58:15+00:00\",\"dateModified\":\"2024-02-01T19:58:15+00:00\",\"breadcrumb\":{\"@id\":\"http:\/\/holfik.com\/it\/pagina-inicial\/#breadcrumb\"},\"inLanguage\":\"hu\",\"potentialAction\":[{\"@type\":\"ReadAction\",\"target\":[\"http:\/\/holfik.com\/it\/pagina-inicial\/\"]}]},{\"@type\":\"BreadcrumbList\",\"@id\":\"http:\/\/holfik.com\/it\/pagina-inicial\/#breadcrumb\",\"itemListElement\":[{\"@type\":\"ListItem\",\"position\":1,\"name\":\"In\u00edcio\",\"item\":\"https:\/\/holfik.com\/fr\/\"},{\"@type\":\"ListItem\",\"position\":2,\"name\":\"pagina inicial\"}]},{\"@type\":\"WebSite\",\"@id\":\"https:\/\/holfik.com\/fr\/#website\",\"url\":\"https:\/\/holfik.com\/fr\/\",\"name\":\"Holfik\",\"description\":\"Site de Not\u00edcias e M\u00eddia\",\"publisher\":{\"@id\":\"https:\/\/holfik.com\/fr\/#organization\"},\"potentialAction\":[{\"@type\":\"SearchAction\",\"target\":{\"@type\":\"EntryPoint\",\"urlTemplate\":\"https:\/\/holfik.com\/fr\/?s={search_term_string}\"},\"query-input\":\"required name=search_term_string\"}],\"inLanguage\":\"hu\"},{\"@type\":\"Organization\",\"@id\":\"https:\/\/holfik.com\/fr\/#organization\",\"name\":\"Holfik\",\"url\":\"https:\/\/holfik.com\/fr\/\",\"logo\":{\"@type\":\"ImageObject\",\"inLanguage\":\"hu\",\"@id\":\"https:\/\/holfik.com\/fr\/#\/schema\/logo\/image\/\",\"url\":\"https:\/\/holfik.com\/wp-content\/uploads\/2025\/07\/download1.png\",\"contentUrl\":\"https:\/\/holfik.com\/wp-content\/uploads\/2025\/07\/download1.png\",\"width\":150,\"height\":100,\"caption\":\"Holfik\"},\"image\":{\"@id\":\"https:\/\/holfik.com\/fr\/#\/schema\/logo\/image\/\"}}]}<\/script>\n<!-- \/ Yoast SEO plugin. -->","yoast_head_json":{"title":"pagina inicial - Holfik","robots":{"index":"index","follow":"follow","max-snippet":"max-snippet:-1","max-image-preview":"max-image-preview:large","max-video-preview":"max-video-preview:-1"},"canonical":"http:\/\/holfik.com\/hu\/pagina-inicial\/","og_locale":"hu_HU","og_type":"article","og_title":"pagina inicial - Holfik","og_description":"Por que acessar nossos conte\u00fados Em um mundo cada vez mais conectado, a informa\u00e7\u00e3o \u00e9 mais acess\u00edvel do que nunca. No entanto, com a abund\u00e2ncia de conte\u00fado dispon\u00edvel, pode ser dif\u00edcil encontrar informa\u00e7\u00f5es confi\u00e1veis e relevantes. \u00c9 aqui que entra o papel de um site de artigos e not\u00edcias. Nossos [&hellip;]","og_url":"http:\/\/holfik.com\/hu\/pagina-inicial\/","og_site_name":"Holfik","twitter_card":"summary_large_image","schema":{"@context":"https:\/\/schema.org","@graph":[{"@type":"WebPage","@id":"http:\/\/holfik.com\/it\/pagina-inicial\/","url":"http:\/\/holfik.com\/it\/pagina-inicial\/","name":"pagina inicial - Holfik","isPartOf":{"@id":"https:\/\/holfik.com\/fr\/#website"},"datePublished":"2024-02-01T19:58:15+00:00","dateModified":"2024-02-01T19:58:15+00:00","breadcrumb":{"@id":"http:\/\/holfik.com\/it\/pagina-inicial\/#breadcrumb"},"inLanguage":"hu","potentialAction":[{"@type":"ReadAction","target":["http:\/\/holfik.com\/it\/pagina-inicial\/"]}]},{"@type":"BreadcrumbList","@id":"http:\/\/holfik.com\/it\/pagina-inicial\/#breadcrumb","itemListElement":[{"@type":"ListItem","position":1,"name":"In\u00edcio","item":"https:\/\/holfik.com\/fr\/"},{"@type":"ListItem","position":2,"name":"pagina inicial"}]},{"@type":"WebSite","@id":"https:\/\/holfik.com\/fr\/#website","url":"https:\/\/holfik.com\/fr\/","name":"Holfik","description":"Site de Not\u00edcias e M\u00eddia","publisher":{"@id":"https:\/\/holfik.com\/fr\/#organization"},"potentialAction":[{"@type":"SearchAction","target":{"@type":"EntryPoint","urlTemplate":"https:\/\/holfik.com\/fr\/?s={search_term_string}"},"query-input":"required name=search_term_string"}],"inLanguage":"hu"},{"@type":"Organization","@id":"https:\/\/holfik.com\/fr\/#organization","name":"Holfik","url":"https:\/\/holfik.com\/fr\/","logo":{"@type":"ImageObject","inLanguage":"hu","@id":"https:\/\/holfik.com\/fr\/#\/schema\/logo\/image\/","url":"https:\/\/holfik.com\/wp-content\/uploads\/2025\/07\/download1.png","contentUrl":"https:\/\/holfik.com\/wp-content\/uploads\/2025\/07\/download1.png","width":150,"height":100,"caption":"Holfik"},"image":{"@id":"https:\/\/holfik.com\/fr\/#\/schema\/logo\/image\/"}}]}},"_links":{"self":[{"href":"https:\/\/holfik.com\/hu\/wp-json\/wp\/v2\/pages\/389","targetHints":{"allow":["GET"]}}],"collection":[{"href":"https:\/\/holfik.com\/hu\/wp-json\/wp\/v2\/pages"}],"about":[{"href":"https:\/\/holfik.com\/hu\/wp-json\/wp\/v2\/types\/page"}],"author":[{"embeddable":true,"href":"https:\/\/holfik.com\/hu\/wp-json\/wp\/v2\/users\/1"}],"replies":[{"embeddable":true,"href":"https:\/\/holfik.com\/hu\/wp-json\/wp\/v2\/comments?post=389"}],"version-history":[{"count":1,"href":"https:\/\/holfik.com\/hu\/wp-json\/wp\/v2\/pages\/389\/revisions"}],"predecessor-version":[{"id":391,"href":"https:\/\/holfik.com\/hu\/wp-json\/wp\/v2\/pages\/389\/revisions\/391"}],"wp:attachment":[{"href":"https:\/\/holfik.com\/hu\/wp-json\/wp\/v2\/media?parent=389"}],"curies":[{"name":"wp","href":"https:\/\/api.w.org\/{rel}","templated":true}]}}