{"id":340,"date":"2023-09-28T17:35:49","date_gmt":"2023-09-28T20:35:49","guid":{"rendered":"https:\/\/holfik.com\/?page_id=340"},"modified":"2023-09-29T10:09:15","modified_gmt":"2023-09-29T13:09:15","slug":"confira-os-aplicativos-detector-de-metais","status":"publish","type":"page","link":"https:\/\/holfik.com\/hu\/confira-os-aplicativos-detector-de-metais\/","title":{"rendered":"N\u00e9zze meg a f\u00e9mdetektor alkalmaz\u00e1sokat"},"content":{"rendered":"<p><span>\u00c1lmodt\u00e1l m\u00e1r arr\u00f3l, hogy kincsvad\u00e1sz legy\u00e9l? A technol\u00f3giai fejleszt\u00e9seknek k\u00f6sz\u00f6nhet\u0151en okostelefonj\u00e1t imm\u00e1r er\u0151teljes f\u00e9m\u00e9rz\u00e9kel\u00e9si eszk\u00f6zz\u00e9 var\u00e1zsolhatja.<\/span><\/p>\n<p>&nbsp;<\/p>\n<div style=\"width: '100%';\">\n<div><strong>Tekintse meg az alkalmaz\u00e1sokat az egyes f\u00e9mt\u00edpusok \u00e9szlel\u00e9s\u00e9hez<\/strong>:<\/div>\n<div><center><a class=\"meu-botao-vermelho\" href=\"#\">F\u00c9M \u00c9RZ\u00c9KEL\u00c9SE TELEFONJ\u00c1VAL<\/a><\/center><!--Vermelho--><\/div>\n<div><center><a class=\"meu-botao-azul\" href=\"#\">AZ EZ\u00dcST \u00c9SZLEL\u00c9SE TELEFONJ\u00c1VAL<\/a><\/center><!--azul--><\/div>\n<div><center><a class=\"meu-botao-amarelo\" href=\"#\">AZ ARANY \u00c9SZLEL\u00c9SE TELEFONJ\u00c1VAL<\/a><\/center><!--amarelo--><\/div>\n<\/div>\n<p>A f\u00e9mdetektor alkalmaz\u00e1sok egyre n\u00e9pszer\u0171bbek a rajong\u00f3k \u00e9s a kalandorok k\u00f6r\u00e9ben.<\/p>\n<p><img loading=\"lazy\" decoding=\"async\" src=\"http:\/\/holfik.com\/wp-content\/uploads\/2023\/09\/5e9990e8-b729-44cd-a1ef-8b5fa314f846-300x300.webp\" alt=\"\" width=\"300\" height=\"300\" class=\"alignnone size-medium wp-image-335 aligncenter\" srcset=\"https:\/\/holfik.com\/wp-content\/uploads\/2023\/09\/5e9990e8-b729-44cd-a1ef-8b5fa314f846-300x300.webp 300w, https:\/\/holfik.com\/wp-content\/uploads\/2023\/09\/5e9990e8-b729-44cd-a1ef-8b5fa314f846-150x150.webp 150w, https:\/\/holfik.com\/wp-content\/uploads\/2023\/09\/5e9990e8-b729-44cd-a1ef-8b5fa314f846-12x12.webp 12w, https:\/\/holfik.com\/wp-content\/uploads\/2023\/09\/5e9990e8-b729-44cd-a1ef-8b5fa314f846.webp 512w\" sizes=\"auto, (max-width: 300px) 100vw, 300px\" \/><\/p>\n<p><center><a href=\"https:\/\/holfik.com\/hu\/pt\/descubra-tesouros-ocultos-com-aplicativos-detector-de-metais\/?utm_source=334_pt_340_HF&amp;utm_medium=JNN&amp;utm_campaign=JNN\"><u><button style=\"font-size: 14px; width: 95%; height: 40px; background-color: #111111; color: #ffffff !important; border-radius: 1px; box-shadow: none !important; border: 1px solid #0a89df;\">N\u00c9ZD MEG T\u00d6BBET AZ ALKALMAZ\u00c1SOKHOZ<\/button><\/u><\/a><\/center>&nbsp;<\/p>\n<p>Izgalmas \u00e9s megfizethet\u0151 m\u00f3dot k\u00edn\u00e1lnak a vil\u00e1g felfedez\u00e9s\u00e9re a f\u00f6ld alatt eltemetett \u00e9rt\u00e9kes t\u00e1rgyak ut\u00e1n kutatva.<\/p>","protected":false},"excerpt":{"rendered":"<p>\u00c1lmodt\u00e1l m\u00e1r arr\u00f3l, hogy kincsvad\u00e1sz leszel? A technol\u00f3giai fejl\u0151d\u00e9snek k\u00f6sz\u00f6nhet\u0151en most m\u00e1r okostelefonj\u00e1t hat\u00e9kony f\u00e9mdetektorr\u00e1 alak\u00edthatja.  N\u00e9zd meg az alkalmaz\u00e1sokat az egyes f\u00e9mt\u00edpusok \u00e9szlel\u00e9s\u00e9hez: F\u00c9M FELFEDEZ\u00c9SE MOBILTELEFONJ\u00c1VAL EZ\u00dcST FELFEDEZ\u00c9SE MOBILTELEFONJ\u00c1VAL ARANY FELFEDEZ\u00c9SE [\u2026]<\/p>","protected":false},"author":3,"featured_media":0,"parent":0,"menu_order":0,"comment_status":"closed","ping_status":"closed","template":"","meta":{"footnotes":""},"class_list":["post-340","page","type-page","status-publish","hentry"],"yoast_head":"<!-- This site is optimized with the Yoast SEO plugin v22.5 - https:\/\/yoast.com\/wordpress\/plugins\/seo\/ -->\n<title>Confira os Aplicativos Detector de Metais - Holfik<\/title>\n<meta name=\"description\" content=\"Com os avan\u00e7os atuais voc\u00ea pode transformar seu celular em uma poderosa ferramenta de detec\u00e7\u00e3o de metais com os aplicativos Detector.\" \/>\n<meta name=\"robots\" content=\"index, follow, max-snippet:-1, max-image-preview:large, max-video-preview:-1\" \/>\n<link rel=\"canonical\" href=\"http:\/\/holfik.com\/hu\/confira-os-aplicativos-detector-de-metais\/\" \/>\n<meta property=\"og:locale\" content=\"hu_HU\" \/>\n<meta property=\"og:type\" content=\"article\" \/>\n<meta property=\"og:title\" content=\"Confira os Aplicativos Detector de Metais - Holfik\" \/>\n<meta property=\"og:description\" content=\"Com os avan\u00e7os atuais voc\u00ea pode transformar seu celular em uma poderosa ferramenta de detec\u00e7\u00e3o de metais com os aplicativos Detector.\" \/>\n<meta property=\"og:url\" content=\"http:\/\/holfik.com\/hu\/confira-os-aplicativos-detector-de-metais\/\" \/>\n<meta property=\"og:site_name\" content=\"Holfik\" \/>\n<meta property=\"article:modified_time\" content=\"2023-09-29T13:09:15+00:00\" \/>\n<meta property=\"og:image\" content=\"http:\/\/holfik.com\/wp-content\/uploads\/2023\/09\/5e9990e8-b729-44cd-a1ef-8b5fa314f846-300x300.webp\" \/>\n<meta name=\"twitter:card\" content=\"summary_large_image\" \/>\n<meta name=\"twitter:label1\" content=\"Becs\u00fclt olvas\u00e1si id\u0151\" \/>\n\t<meta name=\"twitter:data1\" content=\"1 perc\" \/>\n<script type=\"application\/ld+json\" class=\"yoast-schema-graph\">{\"@context\":\"https:\/\/schema.org\",\"@graph\":[{\"@type\":\"WebPage\",\"@id\":\"http:\/\/holfik.com\/el\/confira-os-aplicativos-detector-de-metais\/\",\"url\":\"http:\/\/holfik.com\/el\/confira-os-aplicativos-detector-de-metais\/\",\"name\":\"Confira os Aplicativos Detector de Metais - Holfik\",\"isPartOf\":{\"@id\":\"https:\/\/holfik.com\/fr\/#website\"},\"primaryImageOfPage\":{\"@id\":\"http:\/\/holfik.com\/el\/confira-os-aplicativos-detector-de-metais\/#primaryimage\"},\"image\":{\"@id\":\"http:\/\/holfik.com\/el\/confira-os-aplicativos-detector-de-metais\/#primaryimage\"},\"thumbnailUrl\":\"http:\/\/holfik.com\/wp-content\/uploads\/2023\/09\/5e9990e8-b729-44cd-a1ef-8b5fa314f846-300x300.webp\",\"datePublished\":\"2023-09-28T20:35:49+00:00\",\"dateModified\":\"2023-09-29T13:09:15+00:00\",\"description\":\"Com os avan\u00e7os atuais voc\u00ea pode transformar seu celular em uma poderosa ferramenta de detec\u00e7\u00e3o de metais com os aplicativos Detector.\",\"breadcrumb\":{\"@id\":\"http:\/\/holfik.com\/el\/confira-os-aplicativos-detector-de-metais\/#breadcrumb\"},\"inLanguage\":\"hu\",\"potentialAction\":[{\"@type\":\"ReadAction\",\"target\":[\"http:\/\/holfik.com\/el\/confira-os-aplicativos-detector-de-metais\/\"]}]},{\"@type\":\"ImageObject\",\"inLanguage\":\"hu\",\"@id\":\"http:\/\/holfik.com\/el\/confira-os-aplicativos-detector-de-metais\/#primaryimage\",\"url\":\"http:\/\/holfik.com\/wp-content\/uploads\/2023\/09\/5e9990e8-b729-44cd-a1ef-8b5fa314f846-300x300.webp\",\"contentUrl\":\"http:\/\/holfik.com\/wp-content\/uploads\/2023\/09\/5e9990e8-b729-44cd-a1ef-8b5fa314f846-300x300.webp\"},{\"@type\":\"BreadcrumbList\",\"@id\":\"http:\/\/holfik.com\/el\/confira-os-aplicativos-detector-de-metais\/#breadcrumb\",\"itemListElement\":[{\"@type\":\"ListItem\",\"position\":1,\"name\":\"In\u00edcio\",\"item\":\"https:\/\/holfik.com\/fr\/\"},{\"@type\":\"ListItem\",\"position\":2,\"name\":\"Confira os Aplicativos Detector de Metais\"}]},{\"@type\":\"WebSite\",\"@id\":\"https:\/\/holfik.com\/fr\/#website\",\"url\":\"https:\/\/holfik.com\/fr\/\",\"name\":\"Holfik\",\"description\":\"Site de Not\u00edcias e M\u00eddia\",\"publisher\":{\"@id\":\"https:\/\/holfik.com\/fr\/#organization\"},\"potentialAction\":[{\"@type\":\"SearchAction\",\"target\":{\"@type\":\"EntryPoint\",\"urlTemplate\":\"https:\/\/holfik.com\/fr\/?s={search_term_string}\"},\"query-input\":\"required name=search_term_string\"}],\"inLanguage\":\"hu\"},{\"@type\":\"Organization\",\"@id\":\"https:\/\/holfik.com\/fr\/#organization\",\"name\":\"Holfik\",\"url\":\"https:\/\/holfik.com\/fr\/\",\"logo\":{\"@type\":\"ImageObject\",\"inLanguage\":\"hu\",\"@id\":\"https:\/\/holfik.com\/fr\/#\/schema\/logo\/image\/\",\"url\":\"https:\/\/holfik.com\/wp-content\/uploads\/2025\/07\/download1.png\",\"contentUrl\":\"https:\/\/holfik.com\/wp-content\/uploads\/2025\/07\/download1.png\",\"width\":150,\"height\":100,\"caption\":\"Holfik\"},\"image\":{\"@id\":\"https:\/\/holfik.com\/fr\/#\/schema\/logo\/image\/\"}}]}<\/script>\n<!-- \/ Yoast SEO plugin. -->","yoast_head_json":{"title":"Confira os Aplicativos Detector de Metais - Holfik","description":"Com os avan\u00e7os atuais voc\u00ea pode transformar seu celular em uma poderosa ferramenta de detec\u00e7\u00e3o de metais com os aplicativos Detector.","robots":{"index":"index","follow":"follow","max-snippet":"max-snippet:-1","max-image-preview":"max-image-preview:large","max-video-preview":"max-video-preview:-1"},"canonical":"http:\/\/holfik.com\/hu\/confira-os-aplicativos-detector-de-metais\/","og_locale":"hu_HU","og_type":"article","og_title":"Confira os Aplicativos Detector de Metais - Holfik","og_description":"Com os avan\u00e7os atuais voc\u00ea pode transformar seu celular em uma poderosa ferramenta de detec\u00e7\u00e3o de metais com os aplicativos Detector.","og_url":"http:\/\/holfik.com\/hu\/confira-os-aplicativos-detector-de-metais\/","og_site_name":"Holfik","article_modified_time":"2023-09-29T13:09:15+00:00","og_image":[{"url":"http:\/\/holfik.com\/wp-content\/uploads\/2023\/09\/5e9990e8-b729-44cd-a1ef-8b5fa314f846-300x300.webp"}],"twitter_card":"summary_large_image","twitter_misc":{"Becs\u00fclt olvas\u00e1si id\u0151":"1 perc"},"schema":{"@context":"https:\/\/schema.org","@graph":[{"@type":"WebPage","@id":"http:\/\/holfik.com\/el\/confira-os-aplicativos-detector-de-metais\/","url":"http:\/\/holfik.com\/el\/confira-os-aplicativos-detector-de-metais\/","name":"Confira os Aplicativos Detector de Metais - Holfik","isPartOf":{"@id":"https:\/\/holfik.com\/fr\/#website"},"primaryImageOfPage":{"@id":"http:\/\/holfik.com\/el\/confira-os-aplicativos-detector-de-metais\/#primaryimage"},"image":{"@id":"http:\/\/holfik.com\/el\/confira-os-aplicativos-detector-de-metais\/#primaryimage"},"thumbnailUrl":"http:\/\/holfik.com\/wp-content\/uploads\/2023\/09\/5e9990e8-b729-44cd-a1ef-8b5fa314f846-300x300.webp","datePublished":"2023-09-28T20:35:49+00:00","dateModified":"2023-09-29T13:09:15+00:00","description":"Com os avan\u00e7os atuais voc\u00ea pode transformar seu celular em uma poderosa ferramenta de detec\u00e7\u00e3o de metais com os aplicativos Detector.","breadcrumb":{"@id":"http:\/\/holfik.com\/el\/confira-os-aplicativos-detector-de-metais\/#breadcrumb"},"inLanguage":"hu","potentialAction":[{"@type":"ReadAction","target":["http:\/\/holfik.com\/el\/confira-os-aplicativos-detector-de-metais\/"]}]},{"@type":"ImageObject","inLanguage":"hu","@id":"http:\/\/holfik.com\/el\/confira-os-aplicativos-detector-de-metais\/#primaryimage","url":"http:\/\/holfik.com\/wp-content\/uploads\/2023\/09\/5e9990e8-b729-44cd-a1ef-8b5fa314f846-300x300.webp","contentUrl":"http:\/\/holfik.com\/wp-content\/uploads\/2023\/09\/5e9990e8-b729-44cd-a1ef-8b5fa314f846-300x300.webp"},{"@type":"BreadcrumbList","@id":"http:\/\/holfik.com\/el\/confira-os-aplicativos-detector-de-metais\/#breadcrumb","itemListElement":[{"@type":"ListItem","position":1,"name":"In\u00edcio","item":"https:\/\/holfik.com\/fr\/"},{"@type":"ListItem","position":2,"name":"Confira os Aplicativos Detector de Metais"}]},{"@type":"WebSite","@id":"https:\/\/holfik.com\/fr\/#website","url":"https:\/\/holfik.com\/fr\/","name":"Holfik","description":"Site de Not\u00edcias e M\u00eddia","publisher":{"@id":"https:\/\/holfik.com\/fr\/#organization"},"potentialAction":[{"@type":"SearchAction","target":{"@type":"EntryPoint","urlTemplate":"https:\/\/holfik.com\/fr\/?s={search_term_string}"},"query-input":"required name=search_term_string"}],"inLanguage":"hu"},{"@type":"Organization","@id":"https:\/\/holfik.com\/fr\/#organization","name":"Holfik","url":"https:\/\/holfik.com\/fr\/","logo":{"@type":"ImageObject","inLanguage":"hu","@id":"https:\/\/holfik.com\/fr\/#\/schema\/logo\/image\/","url":"https:\/\/holfik.com\/wp-content\/uploads\/2025\/07\/download1.png","contentUrl":"https:\/\/holfik.com\/wp-content\/uploads\/2025\/07\/download1.png","width":150,"height":100,"caption":"Holfik"},"image":{"@id":"https:\/\/holfik.com\/fr\/#\/schema\/logo\/image\/"}}]}},"_links":{"self":[{"href":"https:\/\/holfik.com\/hu\/wp-json\/wp\/v2\/pages\/340","targetHints":{"allow":["GET"]}}],"collection":[{"href":"https:\/\/holfik.com\/hu\/wp-json\/wp\/v2\/pages"}],"about":[{"href":"https:\/\/holfik.com\/hu\/wp-json\/wp\/v2\/types\/page"}],"author":[{"embeddable":true,"href":"https:\/\/holfik.com\/hu\/wp-json\/wp\/v2\/users\/3"}],"replies":[{"embeddable":true,"href":"https:\/\/holfik.com\/hu\/wp-json\/wp\/v2\/comments?post=340"}],"version-history":[{"count":8,"href":"https:\/\/holfik.com\/hu\/wp-json\/wp\/v2\/pages\/340\/revisions"}],"predecessor-version":[{"id":349,"href":"https:\/\/holfik.com\/hu\/wp-json\/wp\/v2\/pages\/340\/revisions\/349"}],"wp:attachment":[{"href":"https:\/\/holfik.com\/hu\/wp-json\/wp\/v2\/media?parent=340"}],"curies":[{"name":"wp","href":"https:\/\/api.w.org\/{rel}","templated":true}]}}