{"id":12,"date":"2023-05-07T03:14:12","date_gmt":"2023-05-07T06:14:12","guid":{"rendered":"https:\/\/holfik.com\/?page_id=12"},"modified":"2023-05-07T03:14:12","modified_gmt":"2023-05-07T06:14:12","slug":"disclaimer","status":"publish","type":"page","link":"https:\/\/holfik.com\/hu\/disclaimer\/","title":{"rendered":"Jogi nyilatkozat"},"content":{"rendered":"<p>Figyelem:<br \/>\nA Holfik semmilyen k\u00f6r\u00fclm\u00e9nyek k\u00f6z\u00f6tt nem k\u00e9r p\u00e9nz\u00f6sszeget semmilyen p\u00e9nz\u00fcgyi term\u00e9k kiad\u00e1s\u00e1ra, legyen az hitelk\u00e1rtya, finansz\u00edroz\u00e1s vagy hitel. Ha ez megt\u00f6rt\u00e9nik, azonnal \u00e9rtes\u00edtsen minket az \u0171rlapon kereszt\u00fcl. Megjegyz\u00e9sek: A Holfik azon dolgozik, hogy minden inform\u00e1ci\u00f3 a lehet\u0151 legfrissebb legyen. \u00c9rdemes megjegyezni, hogy ezek az inform\u00e1ci\u00f3k elt\u00e9rhetnek a p\u00e9nz\u00fcgyi int\u00e9zm\u00e9nyek \u00e9s\/vagy szolg\u00e1ltat\u00f3k weboldalain tal\u00e1lhat\u00f3 inform\u00e1ci\u00f3kt\u00f3l egy adott weboldalon. Azon int\u00e9zm\u00e9nyekkel kapcsolatban, amelyekkel nem \u00e1llunk partnerkapcsolatban, a https:\/\/holfik.com weboldalon felsorolt term\u00e9kek mindegyike nem garant\u00e1lja, hogy az inform\u00e1ci\u00f3k naprak\u00e9szek. Mindig ne felejtse el elolvasni az \u00d6n \u00e1ltal v\u00e1lasztott p\u00e9nzint\u00e9zetek felhaszn\u00e1l\u00e1si felt\u00e9teleit \u00e9s akviz\u00edci\u00f3s felt\u00e9teleit. Partnerek: Hogyan szerezz\u00fcnk bev\u00e9telt? Kis \u00f6sszeget kapunk a weboldalunkon megjelen\u0151 hirdet\u00e9sekb\u0151l \u00e9s a partnereinkt\u0151l, amikor egy term\u00e9ket vagy aj\u00e1nlatot k\u00e9r\u0151 felhaszn\u00e1l\u00f3t ir\u00e1ny\u00edtunk. Minden, amit k\u00f6zz\u00e9tesz\u00fcnk, az egyes term\u00e9kek mennyis\u00e9gi \u00e9s min\u0151s\u00e9gi \u00e9rt\u00e9kel\u00e9s\u00e9n alapul. \u00c9rdemes megeml\u00edteni, hogy partnereink k\u00f6zvetlen\u00fcl befoly\u00e1solhatj\u00e1k, hogy milyen term\u00e9keket \u00edrunk \u00e9s \u00e9rt\u00e9kel\u00fcnk, a \u201elegjobb\u201d cikkek sorrendj\u00e9ben, illetve, hogy ezek a term\u00e9kek hol jelennek meg a Holfikon. Mivel weboldalunkon t\u00f6bb term\u00e9k\u00fcnk is megtal\u00e1lhat\u00f3, ezeken a term\u00e9keken nem v\u00e1llalunk semmilyen garanci\u00e1t az inform\u00e1ci\u00f3k min\u0151s\u00e9g\u00e9re vagy id\u0151szer\u0171s\u00e9g\u00e9re, ez\u00e9rt garant\u00e1ljuk \u00e9s el\u0151nyben r\u00e9szes\u00edtj\u00fck a partnereinkt\u0151l \u00e9rkez\u0151 inform\u00e1ci\u00f3kat. T\u00e1j\u00e9koztassa vel\u00fcnk kapcsolatfelv\u00e9teli \u0171rlapunk seg\u00edts\u00e9g\u00e9vel.<\/p>\n<p>Megfontol\u00e1sok:<br \/>\nA Holfik arra t\u00f6rekszik, hogy minden inform\u00e1ci\u00f3t naprak\u00e9sz \u00e9s pontos legyen. Ezek az inform\u00e1ci\u00f3k elt\u00e9rhetnek att\u00f3l, amit a p\u00e9nzint\u00e9zetek, szolg\u00e1ltat\u00f3k vagy egy adott term\u00e9k webhelyein l\u00e1t. A nem partnerint\u00e9zm\u00e9nyek eset\u00e9ben minden p\u00e9nz\u00fcgyi term\u00e9k bemutat\u00e1sra ker\u00fcl an\u00e9lk\u00fcl, hogy garant\u00e1ln\u00e1nk az inform\u00e1ci\u00f3k naprak\u00e9szs\u00e9g\u00e9t. Az aj\u00e1nlat kiv\u00e1laszt\u00e1sakor mindig olvassa el a p\u00e9nzint\u00e9zeti felt\u00e9teleket \u00e9s az akviz\u00edci\u00f3s felt\u00e9teleket.<\/p>\n<p>Partners\u00e9gek:<br \/>\nHogyan keress\u00fcnk p\u00e9nzt? Kis \u00f6sszeg\u0171 ellent\u00e9telez\u00e9st kapunk a weboldalunkon t\u00f6rt\u00e9n\u0151 hirdet\u00e9s\u00e9rt, partnereinkt\u0151l, ha valaki aj\u00e1nlatk\u00e9r\u00e9st tesz, vagy j\u00f3v\u00e1hagy\u00e1st nyer egy \u00e1ltalunk aj\u00e1nlott p\u00e9nz\u00fcgyi term\u00e9kre. A holfikon megjelent cikkeink az egyes term\u00e9kek min\u0151s\u00e9gi \u00e9s mennyis\u00e9gi \u00e9rt\u00e9kel\u00e9s\u00e9n alapulnak \u2013 kiz\u00e1r\u00f3lag. Partnerkapcsolataink befoly\u00e1solhatj\u00e1k, hogy mely term\u00e9kekr\u0151l \u00edrunk \u00e9s \u00e9rt\u00e9kel\u00fcnk, milyen sorrendben jelennek meg a term\u00e9kek a \u201elegjobb\u201d cikkekben, hol \u00e9s hol jelennek meg a term\u00e9kek a Holfikon, illetve hol jelennek meg az oldalon. Sz\u00e1mos term\u00e9ket mutatunk be, amint az honlapunkon is l\u00e1that\u00f3, nem garant\u00e1ljuk mindegyikn\u00e9l a t\u00e1j\u00e9koztat\u00e1s min\u0151s\u00e9g\u00e9t \u00e9s id\u0151szer\u0171s\u00e9g\u00e9t, ez\u00e9rt kiemelten kezelj\u00fck \u00e9s garant\u00e1ljuk a partnerint\u00e9zm\u00e9nyek t\u00e1j\u00e9koztat\u00e1s\u00e1t.<\/p>","protected":false},"excerpt":{"rendered":"<p>Figyelem: A Holfik semmilyen k\u00f6r\u00fclm\u00e9nyek k\u00f6z\u00f6tt nem k\u00e9r p\u00e9nzt semmilyen p\u00e9nz\u00fcgyi term\u00e9k kibocs\u00e1t\u00e1s\u00e1\u00e9rt, legyen az hitelk\u00e1rtya, finansz\u00edroz\u00e1s vagy k\u00f6lcs\u00f6n. Ha ez megt\u00f6rt\u00e9nik, k\u00e9rj\u00fck, azonnal jelezze fel\u00e9nk az \u0171rlapon kereszt\u00fcl. Megjegyz\u00e9sek: A Holfik mindent megtesz annak \u00e9rdek\u00e9ben, hogy minden inform\u00e1ci\u00f3 a lehet\u0151 legnaprak\u00e9szebb legyen. \u00c9rdemes megjegyezni, hogy ezek [\u2026]<\/p>","protected":false},"author":1,"featured_media":0,"parent":0,"menu_order":0,"comment_status":"closed","ping_status":"closed","template":"","meta":{"footnotes":""},"class_list":["post-12","page","type-page","status-publish","hentry"],"yoast_head":"<!-- This site is optimized with the Yoast SEO plugin v22.5 - https:\/\/yoast.com\/wordpress\/plugins\/seo\/ -->\n<title>Disclaimer - Holfik<\/title>\n<meta name=\"robots\" content=\"index, follow, max-snippet:-1, max-image-preview:large, max-video-preview:-1\" \/>\n<link rel=\"canonical\" href=\"https:\/\/holfik.com\/hu\/disclaimer\/\" \/>\n<meta property=\"og:locale\" content=\"hu_HU\" \/>\n<meta property=\"og:type\" content=\"article\" \/>\n<meta property=\"og:title\" content=\"Disclaimer - Holfik\" \/>\n<meta property=\"og:description\" content=\"Aten\u00e7\u00e3o: O holfik n\u00e3o solicita em nenhuma situa\u00e7\u00e3o quantias em dinheiro para libera\u00e7\u00e3o de qualquer tipo de produto financeiro, seja cart\u00e3o de cr\u00e9dito, financiamento ou empr\u00e9stimo. Caso isto aconte\u00e7a nos avise pelo formul\u00e1rio imediatamente. Observa\u00e7\u00f5es: O holfik trabalha para manter todas informa\u00e7\u00f5es o mais atualizadas poss\u00edvel. Vale ressaltar que essas [&hellip;]\" \/>\n<meta property=\"og:url\" content=\"https:\/\/holfik.com\/hu\/disclaimer\/\" \/>\n<meta property=\"og:site_name\" content=\"Holfik\" \/>\n<meta name=\"twitter:card\" content=\"summary_large_image\" \/>\n<meta name=\"twitter:label1\" content=\"Becs\u00fclt olvas\u00e1si id\u0151\" \/>\n\t<meta name=\"twitter:data1\" content=\"2 perc\" \/>\n<script type=\"application\/ld+json\" class=\"yoast-schema-graph\">{\"@context\":\"https:\/\/schema.org\",\"@graph\":[{\"@type\":\"WebPage\",\"@id\":\"https:\/\/holfik.com\/de\/disclaimer\/\",\"url\":\"https:\/\/holfik.com\/de\/disclaimer\/\",\"name\":\"Disclaimer - Holfik\",\"isPartOf\":{\"@id\":\"https:\/\/holfik.com\/fr\/#website\"},\"datePublished\":\"2023-05-07T06:14:12+00:00\",\"dateModified\":\"2023-05-07T06:14:12+00:00\",\"breadcrumb\":{\"@id\":\"https:\/\/holfik.com\/de\/disclaimer\/#breadcrumb\"},\"inLanguage\":\"hu\",\"potentialAction\":[{\"@type\":\"ReadAction\",\"target\":[\"https:\/\/holfik.com\/de\/disclaimer\/\"]}]},{\"@type\":\"BreadcrumbList\",\"@id\":\"https:\/\/holfik.com\/de\/disclaimer\/#breadcrumb\",\"itemListElement\":[{\"@type\":\"ListItem\",\"position\":1,\"name\":\"In\u00edcio\",\"item\":\"https:\/\/holfik.com\/fr\/\"},{\"@type\":\"ListItem\",\"position\":2,\"name\":\"Disclaimer\"}]},{\"@type\":\"WebSite\",\"@id\":\"https:\/\/holfik.com\/fr\/#website\",\"url\":\"https:\/\/holfik.com\/fr\/\",\"name\":\"Holfik\",\"description\":\"Site de Not\u00edcias e M\u00eddia\",\"publisher\":{\"@id\":\"https:\/\/holfik.com\/fr\/#organization\"},\"potentialAction\":[{\"@type\":\"SearchAction\",\"target\":{\"@type\":\"EntryPoint\",\"urlTemplate\":\"https:\/\/holfik.com\/fr\/?s={search_term_string}\"},\"query-input\":\"required name=search_term_string\"}],\"inLanguage\":\"hu\"},{\"@type\":\"Organization\",\"@id\":\"https:\/\/holfik.com\/fr\/#organization\",\"name\":\"Holfik\",\"url\":\"https:\/\/holfik.com\/fr\/\",\"logo\":{\"@type\":\"ImageObject\",\"inLanguage\":\"hu\",\"@id\":\"https:\/\/holfik.com\/fr\/#\/schema\/logo\/image\/\",\"url\":\"https:\/\/holfik.com\/wp-content\/uploads\/2025\/07\/download1.png\",\"contentUrl\":\"https:\/\/holfik.com\/wp-content\/uploads\/2025\/07\/download1.png\",\"width\":150,\"height\":100,\"caption\":\"Holfik\"},\"image\":{\"@id\":\"https:\/\/holfik.com\/fr\/#\/schema\/logo\/image\/\"}}]}<\/script>\n<!-- \/ Yoast SEO plugin. -->","yoast_head_json":{"title":"Disclaimer - Holfik","robots":{"index":"index","follow":"follow","max-snippet":"max-snippet:-1","max-image-preview":"max-image-preview:large","max-video-preview":"max-video-preview:-1"},"canonical":"https:\/\/holfik.com\/hu\/disclaimer\/","og_locale":"hu_HU","og_type":"article","og_title":"Disclaimer - Holfik","og_description":"Aten\u00e7\u00e3o: O holfik n\u00e3o solicita em nenhuma situa\u00e7\u00e3o quantias em dinheiro para libera\u00e7\u00e3o de qualquer tipo de produto financeiro, seja cart\u00e3o de cr\u00e9dito, financiamento ou empr\u00e9stimo. Caso isto aconte\u00e7a nos avise pelo formul\u00e1rio imediatamente. Observa\u00e7\u00f5es: O holfik trabalha para manter todas informa\u00e7\u00f5es o mais atualizadas poss\u00edvel. Vale ressaltar que essas [&hellip;]","og_url":"https:\/\/holfik.com\/hu\/disclaimer\/","og_site_name":"Holfik","twitter_card":"summary_large_image","twitter_misc":{"Becs\u00fclt olvas\u00e1si id\u0151":"2 perc"},"schema":{"@context":"https:\/\/schema.org","@graph":[{"@type":"WebPage","@id":"https:\/\/holfik.com\/de\/disclaimer\/","url":"https:\/\/holfik.com\/de\/disclaimer\/","name":"Disclaimer - Holfik","isPartOf":{"@id":"https:\/\/holfik.com\/fr\/#website"},"datePublished":"2023-05-07T06:14:12+00:00","dateModified":"2023-05-07T06:14:12+00:00","breadcrumb":{"@id":"https:\/\/holfik.com\/de\/disclaimer\/#breadcrumb"},"inLanguage":"hu","potentialAction":[{"@type":"ReadAction","target":["https:\/\/holfik.com\/de\/disclaimer\/"]}]},{"@type":"BreadcrumbList","@id":"https:\/\/holfik.com\/de\/disclaimer\/#breadcrumb","itemListElement":[{"@type":"ListItem","position":1,"name":"In\u00edcio","item":"https:\/\/holfik.com\/fr\/"},{"@type":"ListItem","position":2,"name":"Disclaimer"}]},{"@type":"WebSite","@id":"https:\/\/holfik.com\/fr\/#website","url":"https:\/\/holfik.com\/fr\/","name":"Holfik","description":"Site de Not\u00edcias e M\u00eddia","publisher":{"@id":"https:\/\/holfik.com\/fr\/#organization"},"potentialAction":[{"@type":"SearchAction","target":{"@type":"EntryPoint","urlTemplate":"https:\/\/holfik.com\/fr\/?s={search_term_string}"},"query-input":"required name=search_term_string"}],"inLanguage":"hu"},{"@type":"Organization","@id":"https:\/\/holfik.com\/fr\/#organization","name":"Holfik","url":"https:\/\/holfik.com\/fr\/","logo":{"@type":"ImageObject","inLanguage":"hu","@id":"https:\/\/holfik.com\/fr\/#\/schema\/logo\/image\/","url":"https:\/\/holfik.com\/wp-content\/uploads\/2025\/07\/download1.png","contentUrl":"https:\/\/holfik.com\/wp-content\/uploads\/2025\/07\/download1.png","width":150,"height":100,"caption":"Holfik"},"image":{"@id":"https:\/\/holfik.com\/fr\/#\/schema\/logo\/image\/"}}]}},"_links":{"self":[{"href":"https:\/\/holfik.com\/hu\/wp-json\/wp\/v2\/pages\/12","targetHints":{"allow":["GET"]}}],"collection":[{"href":"https:\/\/holfik.com\/hu\/wp-json\/wp\/v2\/pages"}],"about":[{"href":"https:\/\/holfik.com\/hu\/wp-json\/wp\/v2\/types\/page"}],"author":[{"embeddable":true,"href":"https:\/\/holfik.com\/hu\/wp-json\/wp\/v2\/users\/1"}],"replies":[{"embeddable":true,"href":"https:\/\/holfik.com\/hu\/wp-json\/wp\/v2\/comments?post=12"}],"version-history":[{"count":1,"href":"https:\/\/holfik.com\/hu\/wp-json\/wp\/v2\/pages\/12\/revisions"}],"predecessor-version":[{"id":13,"href":"https:\/\/holfik.com\/hu\/wp-json\/wp\/v2\/pages\/12\/revisions\/13"}],"wp:attachment":[{"href":"https:\/\/holfik.com\/hu\/wp-json\/wp\/v2\/media?parent=12"}],"curies":[{"name":"wp","href":"https:\/\/api.w.org\/{rel}","templated":true}]}}