{"id":12,"date":"2023-05-07T03:14:12","date_gmt":"2023-05-07T06:14:12","guid":{"rendered":"https:\/\/holfik.com\/?page_id=12"},"modified":"2023-05-07T03:14:12","modified_gmt":"2023-05-07T06:14:12","slug":"disclaimer","status":"publish","type":"page","link":"https:\/\/holfik.com\/fr\/disclaimer\/","title":{"rendered":"Clause de non-responsabilit\u00e9"},"content":{"rendered":"<p>Attention:<br \/>\nHolfik ne demande en aucun cas des sommes d&#039;argent pour d\u00e9bloquer tout type de produit financier, qu&#039;il s&#039;agisse d&#039;une carte de cr\u00e9dit, d&#039;un financement ou d&#039;un pr\u00eat. Si cela se produit, faites-le-nous savoir imm\u00e9diatement via le formulaire. Remarques\u00a0: Holfik s&#039;efforce de maintenir toutes les informations aussi \u00e0 jour que possible. Il convient de noter que ces informations peuvent diff\u00e9rer des informations trouv\u00e9es sur les sites Internet des institutions financi\u00e8res et\/ou des prestataires de services sur un site Internet sp\u00e9cifique. Concernant les institutions avec lesquelles nous n&#039;avons pas de partenariats, tous les produits r\u00e9pertori\u00e9s sur ce site https:\/\/holfik.com n&#039;ont aucune garantie que les informations soient \u00e0 jour. Pensez toujours \u00e0 lire les conditions d\u2019utilisation et les modalit\u00e9s d\u2019acquisition des institutions financi\u00e8res que vous choisissez. Partenaires\u00a0: Comment mon\u00e9tiser\u00a0? Nous recevons une petite somme de la publicit\u00e9 sur notre site Web et de nos partenaires lorsque nous r\u00e9f\u00e9rons un utilisateur qui demande un produit ou une proposition. Tout ce que nous publions est bas\u00e9 sur des \u00e9valuations quantitatives et qualitatives de chaque produit. Il convient de mentionner que nos partenaires peuvent influencer directement les produits que nous r\u00e9digeons et \u00e9valuons, dans l&#039;ordre des \u00ab meilleurs \u00bb articles et o\u00f9 ces produits apparaissent sur Holfik. Comme nous avons plusieurs produits sur notre site Internet, nous ne donnons aucun type de garantie quant \u00e0 la qualit\u00e9 ou \u00e0 l&#039;actualit\u00e9 des informations sur tous ces produits, c&#039;est pourquoi nous garantissons et priorisons les informations de nos partenaires. Faites-le-nous savoir en utilisant notre formulaire de contact.<\/p>\n<p>Consid\u00e9rations\u00a0:<br \/>\nHolfik s&#039;efforce de maintenir toutes les informations \u00e0 jour et exactes. Ces informations peuvent \u00eatre diff\u00e9rentes de celles que vous voyez sur les sites Internet des institutions financi\u00e8res, des prestataires de services ou sur un site Internet de produit sp\u00e9cifique. Dans le cas des institutions non partenaires, tous les produits financiers sont pr\u00e9sent\u00e9s sans garantir la mise \u00e0 jour des informations. Lors du choix de votre offre, lisez les conditions des institutions financi\u00e8res et les modalit\u00e9s d&#039;acquisition.<\/p>\n<p>Partenariats\u00a0:<br \/>\nComment pouvons-nous gagner de l\u2019argent ? Nous recevons une petite compensation gr\u00e2ce \u00e0 la publicit\u00e9 sur notre site Web, de la part de nos partenaires, lorsque quelqu&#039;un fait une demande de proposition ou est approuv\u00e9 pour un produit financier que nous recommandons. Les articles que nous publions sur Holfik sont bas\u00e9s uniquement sur des \u00e9valuations qualitatives et quantitatives de chaque produit. Nos partenariats peuvent influencer les produits sur lesquels nous \u00e9crivons et examinons, l&#039;ordre dans lequel les produits apparaissent dans les \u00ab meilleurs \u00bb articles, o\u00f9 et si les produits apparaissent sur Holfik, et o\u00f9 ils sont affich\u00e9s sur le site. Nous pr\u00e9sentons plusieurs produits, comme vous pouvez le voir sur notre site Internet, nous ne garantissons pas la qualit\u00e9 et l&#039;actualit\u00e9 des informations sur chacun d&#039;eux, c&#039;est pourquoi nous priorisons et garantissons les informations des institutions partenaires.<\/p>","protected":false},"excerpt":{"rendered":"<p>Attention : Holfik ne demande en aucun cas une somme d&#039;argent pour \u00e9mettre un quelconque type de produit financier, qu&#039;il s&#039;agisse d&#039;une carte de cr\u00e9dit, d&#039;un financement ou d&#039;un pr\u00eat. Si cela se produit, veuillez nous en informer imm\u00e9diatement via le formulaire. Remarques : Holfik s&#039;efforce de maintenir toutes les informations aussi \u00e0 jour que possible. Il convient de noter que ces [\u2026]<\/p>","protected":false},"author":1,"featured_media":0,"parent":0,"menu_order":0,"comment_status":"closed","ping_status":"closed","template":"","meta":{"footnotes":""},"class_list":["post-12","page","type-page","status-publish","hentry"],"yoast_head":"<!-- This site is optimized with the Yoast SEO plugin v22.5 - https:\/\/yoast.com\/wordpress\/plugins\/seo\/ -->\n<title>Disclaimer - Holfik<\/title>\n<meta name=\"robots\" content=\"index, follow, max-snippet:-1, max-image-preview:large, max-video-preview:-1\" \/>\n<link rel=\"canonical\" href=\"https:\/\/holfik.com\/fr\/disclaimer\/\" \/>\n<meta property=\"og:locale\" content=\"fr_FR\" \/>\n<meta property=\"og:type\" content=\"article\" \/>\n<meta property=\"og:title\" content=\"Disclaimer - Holfik\" \/>\n<meta property=\"og:description\" content=\"Aten\u00e7\u00e3o: O holfik n\u00e3o solicita em nenhuma situa\u00e7\u00e3o quantias em dinheiro para libera\u00e7\u00e3o de qualquer tipo de produto financeiro, seja cart\u00e3o de cr\u00e9dito, financiamento ou empr\u00e9stimo. Caso isto aconte\u00e7a nos avise pelo formul\u00e1rio imediatamente. Observa\u00e7\u00f5es: O holfik trabalha para manter todas informa\u00e7\u00f5es o mais atualizadas poss\u00edvel. Vale ressaltar que essas [&hellip;]\" \/>\n<meta property=\"og:url\" content=\"https:\/\/holfik.com\/fr\/disclaimer\/\" \/>\n<meta property=\"og:site_name\" content=\"Holfik\" \/>\n<meta name=\"twitter:card\" content=\"summary_large_image\" \/>\n<meta name=\"twitter:label1\" content=\"Dur\u00e9e de lecture estim\u00e9e\" \/>\n\t<meta name=\"twitter:data1\" content=\"2 minutes\" \/>\n<script type=\"application\/ld+json\" class=\"yoast-schema-graph\">{\"@context\":\"https:\/\/schema.org\",\"@graph\":[{\"@type\":\"WebPage\",\"@id\":\"https:\/\/holfik.com\/de\/disclaimer\/\",\"url\":\"https:\/\/holfik.com\/de\/disclaimer\/\",\"name\":\"Disclaimer - Holfik\",\"isPartOf\":{\"@id\":\"https:\/\/holfik.com\/fr\/#website\"},\"datePublished\":\"2023-05-07T06:14:12+00:00\",\"dateModified\":\"2023-05-07T06:14:12+00:00\",\"breadcrumb\":{\"@id\":\"https:\/\/holfik.com\/de\/disclaimer\/#breadcrumb\"},\"inLanguage\":\"fr-FR\",\"potentialAction\":[{\"@type\":\"ReadAction\",\"target\":[\"https:\/\/holfik.com\/de\/disclaimer\/\"]}]},{\"@type\":\"BreadcrumbList\",\"@id\":\"https:\/\/holfik.com\/de\/disclaimer\/#breadcrumb\",\"itemListElement\":[{\"@type\":\"ListItem\",\"position\":1,\"name\":\"In\u00edcio\",\"item\":\"https:\/\/holfik.com\/fr\/\"},{\"@type\":\"ListItem\",\"position\":2,\"name\":\"Disclaimer\"}]},{\"@type\":\"WebSite\",\"@id\":\"https:\/\/holfik.com\/fr\/#website\",\"url\":\"https:\/\/holfik.com\/fr\/\",\"name\":\"Holfik\",\"description\":\"Site de Not\u00edcias e M\u00eddia\",\"publisher\":{\"@id\":\"https:\/\/holfik.com\/fr\/#organization\"},\"potentialAction\":[{\"@type\":\"SearchAction\",\"target\":{\"@type\":\"EntryPoint\",\"urlTemplate\":\"https:\/\/holfik.com\/fr\/?s={search_term_string}\"},\"query-input\":\"required name=search_term_string\"}],\"inLanguage\":\"fr-FR\"},{\"@type\":\"Organization\",\"@id\":\"https:\/\/holfik.com\/fr\/#organization\",\"name\":\"Holfik\",\"url\":\"https:\/\/holfik.com\/fr\/\",\"logo\":{\"@type\":\"ImageObject\",\"inLanguage\":\"fr-FR\",\"@id\":\"https:\/\/holfik.com\/fr\/#\/schema\/logo\/image\/\",\"url\":\"https:\/\/holfik.com\/wp-content\/uploads\/2025\/07\/download1.png\",\"contentUrl\":\"https:\/\/holfik.com\/wp-content\/uploads\/2025\/07\/download1.png\",\"width\":150,\"height\":100,\"caption\":\"Holfik\"},\"image\":{\"@id\":\"https:\/\/holfik.com\/fr\/#\/schema\/logo\/image\/\"}}]}<\/script>\n<!-- \/ Yoast SEO plugin. -->","yoast_head_json":{"title":"Disclaimer - Holfik","robots":{"index":"index","follow":"follow","max-snippet":"max-snippet:-1","max-image-preview":"max-image-preview:large","max-video-preview":"max-video-preview:-1"},"canonical":"https:\/\/holfik.com\/fr\/disclaimer\/","og_locale":"fr_FR","og_type":"article","og_title":"Disclaimer - Holfik","og_description":"Aten\u00e7\u00e3o: O holfik n\u00e3o solicita em nenhuma situa\u00e7\u00e3o quantias em dinheiro para libera\u00e7\u00e3o de qualquer tipo de produto financeiro, seja cart\u00e3o de cr\u00e9dito, financiamento ou empr\u00e9stimo. Caso isto aconte\u00e7a nos avise pelo formul\u00e1rio imediatamente. Observa\u00e7\u00f5es: O holfik trabalha para manter todas informa\u00e7\u00f5es o mais atualizadas poss\u00edvel. Vale ressaltar que essas [&hellip;]","og_url":"https:\/\/holfik.com\/fr\/disclaimer\/","og_site_name":"Holfik","twitter_card":"summary_large_image","twitter_misc":{"Dur\u00e9e de lecture estim\u00e9e":"2 minutes"},"schema":{"@context":"https:\/\/schema.org","@graph":[{"@type":"WebPage","@id":"https:\/\/holfik.com\/de\/disclaimer\/","url":"https:\/\/holfik.com\/de\/disclaimer\/","name":"Disclaimer - Holfik","isPartOf":{"@id":"https:\/\/holfik.com\/fr\/#website"},"datePublished":"2023-05-07T06:14:12+00:00","dateModified":"2023-05-07T06:14:12+00:00","breadcrumb":{"@id":"https:\/\/holfik.com\/de\/disclaimer\/#breadcrumb"},"inLanguage":"fr-FR","potentialAction":[{"@type":"ReadAction","target":["https:\/\/holfik.com\/de\/disclaimer\/"]}]},{"@type":"BreadcrumbList","@id":"https:\/\/holfik.com\/de\/disclaimer\/#breadcrumb","itemListElement":[{"@type":"ListItem","position":1,"name":"In\u00edcio","item":"https:\/\/holfik.com\/fr\/"},{"@type":"ListItem","position":2,"name":"Disclaimer"}]},{"@type":"WebSite","@id":"https:\/\/holfik.com\/fr\/#website","url":"https:\/\/holfik.com\/fr\/","name":"Holfik","description":"Site de Not\u00edcias e M\u00eddia","publisher":{"@id":"https:\/\/holfik.com\/fr\/#organization"},"potentialAction":[{"@type":"SearchAction","target":{"@type":"EntryPoint","urlTemplate":"https:\/\/holfik.com\/fr\/?s={search_term_string}"},"query-input":"required name=search_term_string"}],"inLanguage":"fr-FR"},{"@type":"Organization","@id":"https:\/\/holfik.com\/fr\/#organization","name":"Holfik","url":"https:\/\/holfik.com\/fr\/","logo":{"@type":"ImageObject","inLanguage":"fr-FR","@id":"https:\/\/holfik.com\/fr\/#\/schema\/logo\/image\/","url":"https:\/\/holfik.com\/wp-content\/uploads\/2025\/07\/download1.png","contentUrl":"https:\/\/holfik.com\/wp-content\/uploads\/2025\/07\/download1.png","width":150,"height":100,"caption":"Holfik"},"image":{"@id":"https:\/\/holfik.com\/fr\/#\/schema\/logo\/image\/"}}]}},"_links":{"self":[{"href":"https:\/\/holfik.com\/fr\/wp-json\/wp\/v2\/pages\/12","targetHints":{"allow":["GET"]}}],"collection":[{"href":"https:\/\/holfik.com\/fr\/wp-json\/wp\/v2\/pages"}],"about":[{"href":"https:\/\/holfik.com\/fr\/wp-json\/wp\/v2\/types\/page"}],"author":[{"embeddable":true,"href":"https:\/\/holfik.com\/fr\/wp-json\/wp\/v2\/users\/1"}],"replies":[{"embeddable":true,"href":"https:\/\/holfik.com\/fr\/wp-json\/wp\/v2\/comments?post=12"}],"version-history":[{"count":1,"href":"https:\/\/holfik.com\/fr\/wp-json\/wp\/v2\/pages\/12\/revisions"}],"predecessor-version":[{"id":13,"href":"https:\/\/holfik.com\/fr\/wp-json\/wp\/v2\/pages\/12\/revisions\/13"}],"wp:attachment":[{"href":"https:\/\/holfik.com\/fr\/wp-json\/wp\/v2\/media?parent=12"}],"curies":[{"name":"wp","href":"https:\/\/api.w.org\/{rel}","templated":true}]}}