{"id":389,"date":"2024-02-01T16:58:15","date_gmt":"2024-02-01T19:58:15","guid":{"rendered":"https:\/\/holfik.com\/?page_id=389"},"modified":"2024-02-01T16:58:15","modified_gmt":"2024-02-01T19:58:15","slug":"pagina-inicial","status":"publish","type":"page","link":"https:\/\/holfik.com\/fi\/pagina-inicial\/","title":{"rendered":"kotisivu"},"content":{"rendered":"<h2>Miksi k\u00e4ytt\u00e4\u00e4 sis\u00e4lt\u00f6\u00e4mme<\/h2>\n<p>Yh\u00e4 enemm\u00e4n verkostoituvassa maailmassa tieto on saatavilla paremmin kuin koskaan. Saatavilla olevan sis\u00e4ll\u00f6n runsauden vuoksi voi kuitenkin olla vaikeaa l\u00f6yt\u00e4\u00e4 luotettavaa ja relevanttia tietoa. T\u00e4ss\u00e4 tulee esiin artikkeli- ja uutissivuston rooli. Sis\u00e4lt\u00f6mme tuottaa kokeneiden ja p\u00e4tevien toimittajien tiimi, joka on omistautunut tarjoamaan lukijoille t\u00e4sm\u00e4llist\u00e4 ja ajantasaista tietoa. Lis\u00e4ksi sis\u00e4lt\u00f6mme on kattavaa, ja se kattaa laajan valikoiman aiheita ajankohtaisista uutisista viihteeseen ja kulttuuriin. T\u00e4m\u00e4 tarkoittaa, ett\u00e4 l\u00f6yd\u00e4t aina jotain kiinnostavaa kiinnostuksen kohteistasi riippumatta.<\/p>\n<h4>Uutiset<\/h4>\n<p>Julkaisemattomia uutisia siit\u00e4, mit\u00e4 tapahtuu ymp\u00e4ri maailmaa, t\u00e4\u00e4ll\u00e4 on rikas p\u00e4ivitettyjen 100%-tietojen ymp\u00e4rist\u00f6.<\/p>\n<h4>Rahoittaa<\/h4>\n<p>Tutustu nykyisten rahoitusmarkkinoiden t\u00e4rkeimpiin tapahtumiin, hanki vinkkej\u00e4, menetelmi\u00e4 ja paljon muuta!<\/p>\n<h4>Laatu<\/h4>\n<p>Verkkosivustollamme laatu on taattu, ja se tarjoaa monipuolista, luotettavaa ja ennen kaikkea laadukasta tietoa.<\/p>","protected":false},"excerpt":{"rendered":"<p>Miksi k\u00e4ytt\u00e4\u00e4 sis\u00e4lt\u00f6\u00e4mme? Yh\u00e4 verkottuneemmassa maailmassa tietoa on helpommin saatavilla kuin koskaan. Saatavilla olevan sis\u00e4ll\u00f6n runsauden vuoksi luotettavan ja relevantin tiedon l\u00f6yt\u00e4minen voi kuitenkin olla vaikeaa. T\u00e4ss\u00e4 kohtaa artikkelin ja uutissivuston rooli astuu kuvaan. Meid\u00e4n [\u2026]<\/p>","protected":false},"author":1,"featured_media":0,"parent":0,"menu_order":0,"comment_status":"closed","ping_status":"closed","template":"","meta":{"footnotes":""},"class_list":["post-389","page","type-page","status-publish","hentry"],"yoast_head":"<!-- This site is optimized with the Yoast SEO plugin v22.5 - https:\/\/yoast.com\/wordpress\/plugins\/seo\/ -->\n<title>pagina inicial - Holfik<\/title>\n<meta name=\"robots\" content=\"index, follow, max-snippet:-1, max-image-preview:large, max-video-preview:-1\" \/>\n<link rel=\"canonical\" href=\"https:\/\/holfik.com\/fi\/pagina-inicial\/\" \/>\n<meta property=\"og:locale\" content=\"fi_FI\" \/>\n<meta property=\"og:type\" content=\"article\" \/>\n<meta property=\"og:title\" content=\"pagina inicial - Holfik\" \/>\n<meta property=\"og:description\" content=\"Por que acessar nossos conte\u00fados Em um mundo cada vez mais conectado, a informa\u00e7\u00e3o \u00e9 mais acess\u00edvel do que nunca. No entanto, com a abund\u00e2ncia de conte\u00fado dispon\u00edvel, pode ser dif\u00edcil encontrar informa\u00e7\u00f5es confi\u00e1veis e relevantes. \u00c9 aqui que entra o papel de um site de artigos e not\u00edcias. Nossos [&hellip;]\" \/>\n<meta property=\"og:url\" content=\"https:\/\/holfik.com\/fi\/pagina-inicial\/\" \/>\n<meta property=\"og:site_name\" content=\"Holfik\" \/>\n<meta name=\"twitter:card\" content=\"summary_large_image\" \/>\n<script type=\"application\/ld+json\" class=\"yoast-schema-graph\">{\"@context\":\"https:\/\/schema.org\",\"@graph\":[{\"@type\":\"WebPage\",\"@id\":\"http:\/\/holfik.com\/pagina-inicial\/\",\"url\":\"http:\/\/holfik.com\/pagina-inicial\/\",\"name\":\"pagina inicial - Holfik\",\"isPartOf\":{\"@id\":\"https:\/\/holfik.com\/it\/#website\"},\"datePublished\":\"2024-02-01T19:58:15+00:00\",\"dateModified\":\"2024-02-01T19:58:15+00:00\",\"breadcrumb\":{\"@id\":\"http:\/\/holfik.com\/pagina-inicial\/#breadcrumb\"},\"inLanguage\":\"fi\",\"potentialAction\":[{\"@type\":\"ReadAction\",\"target\":[\"http:\/\/holfik.com\/pagina-inicial\/\"]}]},{\"@type\":\"BreadcrumbList\",\"@id\":\"http:\/\/holfik.com\/pagina-inicial\/#breadcrumb\",\"itemListElement\":[{\"@type\":\"ListItem\",\"position\":1,\"name\":\"In\u00edcio\",\"item\":\"https:\/\/holfik.com\/it\/\"},{\"@type\":\"ListItem\",\"position\":2,\"name\":\"pagina inicial\"}]},{\"@type\":\"WebSite\",\"@id\":\"https:\/\/holfik.com\/it\/#website\",\"url\":\"https:\/\/holfik.com\/it\/\",\"name\":\"Holfik\",\"description\":\"Site de Not\u00edcias e M\u00eddia\",\"publisher\":{\"@id\":\"https:\/\/holfik.com\/it\/#organization\"},\"potentialAction\":[{\"@type\":\"SearchAction\",\"target\":{\"@type\":\"EntryPoint\",\"urlTemplate\":\"https:\/\/holfik.com\/it\/?s={search_term_string}\"},\"query-input\":\"required name=search_term_string\"}],\"inLanguage\":\"fi\"},{\"@type\":\"Organization\",\"@id\":\"https:\/\/holfik.com\/it\/#organization\",\"name\":\"Holfik\",\"url\":\"https:\/\/holfik.com\/it\/\",\"logo\":{\"@type\":\"ImageObject\",\"inLanguage\":\"fi\",\"@id\":\"https:\/\/holfik.com\/it\/#\/schema\/logo\/image\/\",\"url\":\"https:\/\/holfik.com\/wp-content\/uploads\/2025\/07\/download1.png\",\"contentUrl\":\"https:\/\/holfik.com\/wp-content\/uploads\/2025\/07\/download1.png\",\"width\":150,\"height\":100,\"caption\":\"Holfik\"},\"image\":{\"@id\":\"https:\/\/holfik.com\/it\/#\/schema\/logo\/image\/\"}}]}<\/script>\n<!-- \/ Yoast SEO plugin. -->","yoast_head_json":{"title":"pagina inicial - Holfik","robots":{"index":"index","follow":"follow","max-snippet":"max-snippet:-1","max-image-preview":"max-image-preview:large","max-video-preview":"max-video-preview:-1"},"canonical":"https:\/\/holfik.com\/fi\/pagina-inicial\/","og_locale":"fi_FI","og_type":"article","og_title":"pagina inicial - Holfik","og_description":"Por que acessar nossos conte\u00fados Em um mundo cada vez mais conectado, a informa\u00e7\u00e3o \u00e9 mais acess\u00edvel do que nunca. No entanto, com a abund\u00e2ncia de conte\u00fado dispon\u00edvel, pode ser dif\u00edcil encontrar informa\u00e7\u00f5es confi\u00e1veis e relevantes. \u00c9 aqui que entra o papel de um site de artigos e not\u00edcias. Nossos [&hellip;]","og_url":"https:\/\/holfik.com\/fi\/pagina-inicial\/","og_site_name":"Holfik","twitter_card":"summary_large_image","schema":{"@context":"https:\/\/schema.org","@graph":[{"@type":"WebPage","@id":"http:\/\/holfik.com\/pagina-inicial\/","url":"http:\/\/holfik.com\/pagina-inicial\/","name":"pagina inicial - Holfik","isPartOf":{"@id":"https:\/\/holfik.com\/it\/#website"},"datePublished":"2024-02-01T19:58:15+00:00","dateModified":"2024-02-01T19:58:15+00:00","breadcrumb":{"@id":"http:\/\/holfik.com\/pagina-inicial\/#breadcrumb"},"inLanguage":"fi","potentialAction":[{"@type":"ReadAction","target":["http:\/\/holfik.com\/pagina-inicial\/"]}]},{"@type":"BreadcrumbList","@id":"http:\/\/holfik.com\/pagina-inicial\/#breadcrumb","itemListElement":[{"@type":"ListItem","position":1,"name":"In\u00edcio","item":"https:\/\/holfik.com\/it\/"},{"@type":"ListItem","position":2,"name":"pagina inicial"}]},{"@type":"WebSite","@id":"https:\/\/holfik.com\/it\/#website","url":"https:\/\/holfik.com\/it\/","name":"Holfik","description":"Site de Not\u00edcias e M\u00eddia","publisher":{"@id":"https:\/\/holfik.com\/it\/#organization"},"potentialAction":[{"@type":"SearchAction","target":{"@type":"EntryPoint","urlTemplate":"https:\/\/holfik.com\/it\/?s={search_term_string}"},"query-input":"required name=search_term_string"}],"inLanguage":"fi"},{"@type":"Organization","@id":"https:\/\/holfik.com\/it\/#organization","name":"Holfik","url":"https:\/\/holfik.com\/it\/","logo":{"@type":"ImageObject","inLanguage":"fi","@id":"https:\/\/holfik.com\/it\/#\/schema\/logo\/image\/","url":"https:\/\/holfik.com\/wp-content\/uploads\/2025\/07\/download1.png","contentUrl":"https:\/\/holfik.com\/wp-content\/uploads\/2025\/07\/download1.png","width":150,"height":100,"caption":"Holfik"},"image":{"@id":"https:\/\/holfik.com\/it\/#\/schema\/logo\/image\/"}}]}},"_links":{"self":[{"href":"https:\/\/holfik.com\/fi\/wp-json\/wp\/v2\/pages\/389","targetHints":{"allow":["GET"]}}],"collection":[{"href":"https:\/\/holfik.com\/fi\/wp-json\/wp\/v2\/pages"}],"about":[{"href":"https:\/\/holfik.com\/fi\/wp-json\/wp\/v2\/types\/page"}],"author":[{"embeddable":true,"href":"https:\/\/holfik.com\/fi\/wp-json\/wp\/v2\/users\/1"}],"replies":[{"embeddable":true,"href":"https:\/\/holfik.com\/fi\/wp-json\/wp\/v2\/comments?post=389"}],"version-history":[{"count":1,"href":"https:\/\/holfik.com\/fi\/wp-json\/wp\/v2\/pages\/389\/revisions"}],"predecessor-version":[{"id":391,"href":"https:\/\/holfik.com\/fi\/wp-json\/wp\/v2\/pages\/389\/revisions\/391"}],"wp:attachment":[{"href":"https:\/\/holfik.com\/fi\/wp-json\/wp\/v2\/media?parent=389"}],"curies":[{"name":"wp","href":"https:\/\/api.w.org\/{rel}","templated":true}]}}