{"id":12,"date":"2023-05-07T03:14:12","date_gmt":"2023-05-07T06:14:12","guid":{"rendered":"https:\/\/holfik.com\/?page_id=12"},"modified":"2023-05-07T03:14:12","modified_gmt":"2023-05-07T06:14:12","slug":"disclaimer","status":"publish","type":"page","link":"https:\/\/holfik.com\/fi\/disclaimer\/","title":{"rendered":"Vastuuvapauslauseke"},"content":{"rendered":"<p>Huomio:<br \/>\nHolfik ei miss\u00e4\u00e4n olosuhteissa pyyd\u00e4 rahasummia mink\u00e4\u00e4nlaisen rahoitustuotteen vapauttamiseksi, olipa kyseess\u00e4 sitten luottokortti, rahoitus tai laina. Jos n\u00e4in tapahtuu, ilmoita siit\u00e4 meille v\u00e4litt\u00f6m\u00e4sti lomakkeella. Huomautuksia: Holfik pyrkii pit\u00e4m\u00e4\u00e4n kaikki tiedot mahdollisimman ajan tasalla. On syyt\u00e4 huomata, ett\u00e4 n\u00e4m\u00e4 tiedot voivat poiketa tiedoista, jotka l\u00f6ytyv\u00e4t rahoituslaitosten ja\/tai palveluntarjoajien verkkosivustoilta tietyll\u00e4 verkkosivustolla. Niiden laitosten osalta, joiden kanssa meill\u00e4 ei ole kumppanuuksia, kaikilla t\u00e4ll\u00e4 sivustolla https:\/\/holfik.com luetelluilla tuotteilla ei ole mit\u00e4\u00e4n takeita siit\u00e4, ett\u00e4 tiedot ovat ajan tasalla. Muista aina lukea valitsemiesi rahoituslaitosten k\u00e4ytt\u00f6ehdot ja hankintaehdot. Yhteisty\u00f6kumppanit: Kuinka kaupallistamme? Saamme pienen summan mainonnasta verkkosivuillamme ja kumppaneiltamme, kun ohjaamme k\u00e4ytt\u00e4j\u00e4\u00e4, joka pyyt\u00e4\u00e4 tuotetta tai ehdotusta. Kaikki julkaisemamme perustuu kunkin tuotteen m\u00e4\u00e4r\u00e4llisiin ja laadullisiin arviointeihin. On syyt\u00e4 mainita, ett\u00e4 kumppanimme voivat suoraan vaikuttaa tuotteisiin, joita kirjoitamme ja arvostelemme, &quot;parhaiden&quot; artikkelien j\u00e4rjestyksess\u00e4 ja miss\u00e4 n\u00e4m\u00e4 tuotteet n\u00e4kyv\u00e4t Holfikissa. Koska verkkosivuillamme on useita tuotteita, emme anna mink\u00e4\u00e4nlaista takuuta kaikkien n\u00e4iden tuotteiden tietojen laadusta tai ajantasaisuudesta, mink\u00e4 vuoksi takaamme ja priorisoimme kumppaneidemme tiedot. Kerro meille yhteydenottolomakkeellamme.<\/p>\n<p>Huomioitavaa:<br \/>\nHolfik pyrkii pit\u00e4m\u00e4\u00e4n kaikki tiedot ajan tasalla ja t\u00e4sm\u00e4llisin\u00e4. N\u00e4m\u00e4 tiedot voivat poiketa siit\u00e4, mit\u00e4 n\u00e4et rahoituslaitosten, palveluntarjoajien tai tietyn tuotteen verkkosivustoilla. Muiden kuin kumppanilaitosten tapauksessa kaikki rahoitustuotteet esitet\u00e4\u00e4n takaamatta tietojen ajantasaisuutta. Aina kun valitset tarjoustasi, lue rahoituslaitosten ehdot ja hankintaehdot.<\/p>\n<p>Kumppanuudet:<br \/>\nMiten teemme rahaa? Saamme pienen korvauksen mainonnasta verkkosivuillamme, kumppaneiltamme, kun joku tekee ehdotuspyynn\u00f6n tai hyv\u00e4ksyt\u00e4\u00e4n suosittelemamme rahoitustuotteeseen. Holfikissa julkaisemamme artikkelit perustuvat vain kunkin tuotteen laadullisiin ja m\u00e4\u00e4r\u00e4llisiin arvioihin. Kumppanuutemme voivat vaikuttaa siihen, mist\u00e4 tuotteista kirjoitamme ja arvioimme, miss\u00e4 j\u00e4rjestyksess\u00e4 tuotteet n\u00e4kyv\u00e4t &quot;parhaissa&quot; artikkeleissa, miss\u00e4 ja ovatko tuotteet Holfikissa ja miss\u00e4 ne n\u00e4ytet\u00e4\u00e4n sivustolla. Esittelemme useita tuotteita, kuten voit n\u00e4hd\u00e4 verkkosivuillamme, emme takaa kaikkien tietojen laatua ja ajantasaisuutta, t\u00e4st\u00e4 syyst\u00e4 priorisoimme ja takaamme yhteisty\u00f6instituutioiden tiedot.<\/p>","protected":false},"excerpt":{"rendered":"<p>Huomio: Holfik ei pyyd\u00e4 miss\u00e4\u00e4n olosuhteissa rahaa mink\u00e4\u00e4nlaisen rahoitustuotteen vapauttamisesta, olipa kyseess\u00e4 sitten luottokortti, rahoitus tai laina. Jos n\u00e4in k\u00e4y, ilmoitathan siit\u00e4 meille v\u00e4litt\u00f6m\u00e4sti lomakkeen kautta. Huomautuksia: Holfik pyrkii pit\u00e4m\u00e4\u00e4n kaikki tiedot mahdollisimman ajan tasalla. On syyt\u00e4 huomata, ett\u00e4 n\u00e4m\u00e4 [\u2026]<\/p>","protected":false},"author":1,"featured_media":0,"parent":0,"menu_order":0,"comment_status":"closed","ping_status":"closed","template":"","meta":{"footnotes":""},"class_list":["post-12","page","type-page","status-publish","hentry"],"yoast_head":"<!-- This site is optimized with the Yoast SEO plugin v22.5 - https:\/\/yoast.com\/wordpress\/plugins\/seo\/ -->\n<title>Disclaimer - Holfik<\/title>\n<meta name=\"robots\" content=\"index, follow, max-snippet:-1, max-image-preview:large, max-video-preview:-1\" \/>\n<link rel=\"canonical\" href=\"https:\/\/holfik.com\/fi\/disclaimer\/\" \/>\n<meta property=\"og:locale\" content=\"fi_FI\" \/>\n<meta property=\"og:type\" content=\"article\" \/>\n<meta property=\"og:title\" content=\"Disclaimer - Holfik\" \/>\n<meta property=\"og:description\" content=\"Aten\u00e7\u00e3o: O holfik n\u00e3o solicita em nenhuma situa\u00e7\u00e3o quantias em dinheiro para libera\u00e7\u00e3o de qualquer tipo de produto financeiro, seja cart\u00e3o de cr\u00e9dito, financiamento ou empr\u00e9stimo. Caso isto aconte\u00e7a nos avise pelo formul\u00e1rio imediatamente. Observa\u00e7\u00f5es: O holfik trabalha para manter todas informa\u00e7\u00f5es o mais atualizadas poss\u00edvel. Vale ressaltar que essas [&hellip;]\" \/>\n<meta property=\"og:url\" content=\"https:\/\/holfik.com\/fi\/disclaimer\/\" \/>\n<meta property=\"og:site_name\" content=\"Holfik\" \/>\n<meta name=\"twitter:card\" content=\"summary_large_image\" \/>\n<meta name=\"twitter:label1\" content=\"Arvioitu lukuaika\" \/>\n\t<meta name=\"twitter:data1\" content=\"2 minuuttia\" \/>\n<script type=\"application\/ld+json\" class=\"yoast-schema-graph\">{\"@context\":\"https:\/\/schema.org\",\"@graph\":[{\"@type\":\"WebPage\",\"@id\":\"https:\/\/holfik.com\/de\/disclaimer\/\",\"url\":\"https:\/\/holfik.com\/de\/disclaimer\/\",\"name\":\"Disclaimer - Holfik\",\"isPartOf\":{\"@id\":\"https:\/\/holfik.com\/fr\/#website\"},\"datePublished\":\"2023-05-07T06:14:12+00:00\",\"dateModified\":\"2023-05-07T06:14:12+00:00\",\"breadcrumb\":{\"@id\":\"https:\/\/holfik.com\/de\/disclaimer\/#breadcrumb\"},\"inLanguage\":\"fi\",\"potentialAction\":[{\"@type\":\"ReadAction\",\"target\":[\"https:\/\/holfik.com\/de\/disclaimer\/\"]}]},{\"@type\":\"BreadcrumbList\",\"@id\":\"https:\/\/holfik.com\/de\/disclaimer\/#breadcrumb\",\"itemListElement\":[{\"@type\":\"ListItem\",\"position\":1,\"name\":\"In\u00edcio\",\"item\":\"https:\/\/holfik.com\/fr\/\"},{\"@type\":\"ListItem\",\"position\":2,\"name\":\"Disclaimer\"}]},{\"@type\":\"WebSite\",\"@id\":\"https:\/\/holfik.com\/fr\/#website\",\"url\":\"https:\/\/holfik.com\/fr\/\",\"name\":\"Holfik\",\"description\":\"Site de Not\u00edcias e M\u00eddia\",\"publisher\":{\"@id\":\"https:\/\/holfik.com\/fr\/#organization\"},\"potentialAction\":[{\"@type\":\"SearchAction\",\"target\":{\"@type\":\"EntryPoint\",\"urlTemplate\":\"https:\/\/holfik.com\/fr\/?s={search_term_string}\"},\"query-input\":\"required name=search_term_string\"}],\"inLanguage\":\"fi\"},{\"@type\":\"Organization\",\"@id\":\"https:\/\/holfik.com\/fr\/#organization\",\"name\":\"Holfik\",\"url\":\"https:\/\/holfik.com\/fr\/\",\"logo\":{\"@type\":\"ImageObject\",\"inLanguage\":\"fi\",\"@id\":\"https:\/\/holfik.com\/fr\/#\/schema\/logo\/image\/\",\"url\":\"https:\/\/holfik.com\/wp-content\/uploads\/2025\/07\/download1.png\",\"contentUrl\":\"https:\/\/holfik.com\/wp-content\/uploads\/2025\/07\/download1.png\",\"width\":150,\"height\":100,\"caption\":\"Holfik\"},\"image\":{\"@id\":\"https:\/\/holfik.com\/fr\/#\/schema\/logo\/image\/\"}}]}<\/script>\n<!-- \/ Yoast SEO plugin. -->","yoast_head_json":{"title":"Disclaimer - Holfik","robots":{"index":"index","follow":"follow","max-snippet":"max-snippet:-1","max-image-preview":"max-image-preview:large","max-video-preview":"max-video-preview:-1"},"canonical":"https:\/\/holfik.com\/fi\/disclaimer\/","og_locale":"fi_FI","og_type":"article","og_title":"Disclaimer - Holfik","og_description":"Aten\u00e7\u00e3o: O holfik n\u00e3o solicita em nenhuma situa\u00e7\u00e3o quantias em dinheiro para libera\u00e7\u00e3o de qualquer tipo de produto financeiro, seja cart\u00e3o de cr\u00e9dito, financiamento ou empr\u00e9stimo. Caso isto aconte\u00e7a nos avise pelo formul\u00e1rio imediatamente. Observa\u00e7\u00f5es: O holfik trabalha para manter todas informa\u00e7\u00f5es o mais atualizadas poss\u00edvel. Vale ressaltar que essas [&hellip;]","og_url":"https:\/\/holfik.com\/fi\/disclaimer\/","og_site_name":"Holfik","twitter_card":"summary_large_image","twitter_misc":{"Arvioitu lukuaika":"2 minuuttia"},"schema":{"@context":"https:\/\/schema.org","@graph":[{"@type":"WebPage","@id":"https:\/\/holfik.com\/de\/disclaimer\/","url":"https:\/\/holfik.com\/de\/disclaimer\/","name":"Disclaimer - Holfik","isPartOf":{"@id":"https:\/\/holfik.com\/fr\/#website"},"datePublished":"2023-05-07T06:14:12+00:00","dateModified":"2023-05-07T06:14:12+00:00","breadcrumb":{"@id":"https:\/\/holfik.com\/de\/disclaimer\/#breadcrumb"},"inLanguage":"fi","potentialAction":[{"@type":"ReadAction","target":["https:\/\/holfik.com\/de\/disclaimer\/"]}]},{"@type":"BreadcrumbList","@id":"https:\/\/holfik.com\/de\/disclaimer\/#breadcrumb","itemListElement":[{"@type":"ListItem","position":1,"name":"In\u00edcio","item":"https:\/\/holfik.com\/fr\/"},{"@type":"ListItem","position":2,"name":"Disclaimer"}]},{"@type":"WebSite","@id":"https:\/\/holfik.com\/fr\/#website","url":"https:\/\/holfik.com\/fr\/","name":"Holfik","description":"Site de Not\u00edcias e M\u00eddia","publisher":{"@id":"https:\/\/holfik.com\/fr\/#organization"},"potentialAction":[{"@type":"SearchAction","target":{"@type":"EntryPoint","urlTemplate":"https:\/\/holfik.com\/fr\/?s={search_term_string}"},"query-input":"required name=search_term_string"}],"inLanguage":"fi"},{"@type":"Organization","@id":"https:\/\/holfik.com\/fr\/#organization","name":"Holfik","url":"https:\/\/holfik.com\/fr\/","logo":{"@type":"ImageObject","inLanguage":"fi","@id":"https:\/\/holfik.com\/fr\/#\/schema\/logo\/image\/","url":"https:\/\/holfik.com\/wp-content\/uploads\/2025\/07\/download1.png","contentUrl":"https:\/\/holfik.com\/wp-content\/uploads\/2025\/07\/download1.png","width":150,"height":100,"caption":"Holfik"},"image":{"@id":"https:\/\/holfik.com\/fr\/#\/schema\/logo\/image\/"}}]}},"_links":{"self":[{"href":"https:\/\/holfik.com\/fi\/wp-json\/wp\/v2\/pages\/12","targetHints":{"allow":["GET"]}}],"collection":[{"href":"https:\/\/holfik.com\/fi\/wp-json\/wp\/v2\/pages"}],"about":[{"href":"https:\/\/holfik.com\/fi\/wp-json\/wp\/v2\/types\/page"}],"author":[{"embeddable":true,"href":"https:\/\/holfik.com\/fi\/wp-json\/wp\/v2\/users\/1"}],"replies":[{"embeddable":true,"href":"https:\/\/holfik.com\/fi\/wp-json\/wp\/v2\/comments?post=12"}],"version-history":[{"count":1,"href":"https:\/\/holfik.com\/fi\/wp-json\/wp\/v2\/pages\/12\/revisions"}],"predecessor-version":[{"id":13,"href":"https:\/\/holfik.com\/fi\/wp-json\/wp\/v2\/pages\/12\/revisions\/13"}],"wp:attachment":[{"href":"https:\/\/holfik.com\/fi\/wp-json\/wp\/v2\/media?parent=12"}],"curies":[{"name":"wp","href":"https:\/\/api.w.org\/{rel}","templated":true}]}}