{"id":10,"date":"2023-05-07T03:10:39","date_gmt":"2023-05-07T06:10:39","guid":{"rendered":"https:\/\/holfik.com\/?page_id=10"},"modified":"2023-05-07T03:10:39","modified_gmt":"2023-05-07T06:10:39","slug":"termos-e-condicoes","status":"publish","type":"page","link":"https:\/\/holfik.com\/fi\/termos-e-condicoes\/","title":{"rendered":"K\u00e4ytt\u00f6ehdot"},"content":{"rendered":"<h2><span style=\"color: rgb(68, 68, 68);\">1. Ehdot<\/span><\/h2>\n<p><span style=\"color: rgb(68, 68, 68);\">Sivustoa k\u00e4ytett\u00e4ess\u00e4 <a href=\"https:\/\/holfik.com\/fi\/\">Holfik<\/a>, sitoudut noudattamaan n\u00e4it\u00e4 palveluehtoja, kaikkia sovellettavia lakeja ja m\u00e4\u00e4r\u00e4yksi\u00e4 ja hyv\u00e4ksyt, ett\u00e4 olet vastuussa sovellettavien paikallisten lakien noudattamisesta. Jos et hyv\u00e4ksy jotakin n\u00e4ist\u00e4 ehdoista, sinua ei saa k\u00e4ytt\u00e4\u00e4 tai k\u00e4ytt\u00e4\u00e4 t\u00e4t\u00e4 sivustoa. T\u00e4m\u00e4n sivuston materiaalit ovat sovellettavien tekij\u00e4noikeus- ja tavaramerkkilakien suojaamia.<\/span><\/p>\n<h2><span style=\"color: rgb(68, 68, 68);\">2. Lisenssin k\u00e4ytt\u00f6<\/span><\/h2>\n<p><span style=\"color: rgb(68, 68, 68);\">Lupa my\u00f6nnet\u00e4\u00e4n tilap\u00e4isesti ladata yksi kopio materiaalista (tiedoista tai ohjelmistoista) Holfikin verkkosivuilta vain henkil\u00f6kohtaiseen, ei-kaupalliseen tilap\u00e4iseen katseluun. T\u00e4m\u00e4 on lisenssin my\u00f6nt\u00e4minen, ei omistusoikeuden siirto, ja t\u00e4m\u00e4n lisenssin nojalla et saa:&nbsp;<\/span><\/p>\n<ol>\n<li><span style=\"color: rgb(68, 68, 68);\">muokata tai kopioida materiaaleja;&nbsp;<\/span><\/li>\n<li><span style=\"color: rgb(68, 68, 68);\">k\u00e4ytt\u00e4\u00e4 materiaaleja mihin tahansa kaupalliseen tarkoitukseen tai julkiseen esittelyyn (kaupalliseen tai ei-kaupalliseen);&nbsp;<\/span><\/li>\n<li><span style=\"color: rgb(68, 68, 68);\">yritt\u00e4\u00e4 purkaa tai muuttaa Holfikin verkkosivustolla olevia ohjelmistoja;&nbsp;<\/span><\/li>\n<li><span style=\"color: rgb(68, 68, 68);\">poistaa materiaalista kaikki tekij\u00e4noikeus- tai muut omistusoikeudelliset merkinn\u00e4t; tai&nbsp;<\/span><\/li>\n<li><span style=\"color: rgb(68, 68, 68);\">siirt\u00e4\u00e4 materiaalit toiselle henkil\u00f6lle tai &quot;peilata&quot; materiaalia mill\u00e4 tahansa toisella palvelimella.<\/span><\/li>\n<\/ol>\n<p><span style=\"color: rgb(68, 68, 68);\">T\u00e4m\u00e4 lisenssi p\u00e4\u00e4ttyy automaattisesti, jos rikot jotakin n\u00e4ist\u00e4 rajoituksista, ja Holfik voi irtisanoa sen milloin tahansa. Kun lopetat n\u00e4iden materiaalien katselun tai t\u00e4m\u00e4n lisenssin, sinun on poistettava hallussasi oleva ladattu materiaali joko s\u00e4hk\u00f6isess\u00e4 tai painetussa muodossa.<\/span><\/p>\n<h2><span style=\"color: rgb(68, 68, 68);\">3. Vastuuvapauslauseke<\/span><\/h2>\n<ol>\n<li><span style=\"color: rgb(68, 68, 68);\">Holfikin verkkosivuilla olevat materiaalit toimitetaan sellaisenaan. Holfik ei my\u00f6nn\u00e4 takuita, ilmaistuja tai oletettuja, ja t\u00e4ten irtisanoutuu ja mit\u00e4t\u00f6i kaikki muut takuut, mukaan lukien rajoituksetta oletetut takuut tai ehdot kaupallisuudesta, sopivuudesta tiettyyn tarkoitukseen tai immateriaalioikeuksien loukkaamattomuuteen tai muuhun oikeuksien loukkaamiseen.<\/span><\/li>\n<li><span style=\"color: rgb(68, 68, 68);\">Lis\u00e4ksi Holfik ei takaa tai esit\u00e4 mink\u00e4\u00e4nlaisia \u200b\u200bv\u00e4itteit\u00e4, jotka koskevat materiaalin k\u00e4yt\u00f6n tarkkuutta, todenn\u00e4k\u00f6isi\u00e4 tuloksia tai luotettavuutta verkkosivuillaan tai muuten sellaisiin materiaaleihin tai t\u00e4h\u00e4n sivustoon linkitetyill\u00e4 sivustoilla.<\/span><\/li>\n<\/ol>\n<h2><span style=\"color: rgb(68, 68, 68);\">4. Rajoitukset<\/span><\/h2>\n<p><span style=\"color: rgb(68, 68, 68);\">Holfik tai sen toimittajat eiv\u00e4t ole miss\u00e4\u00e4n tapauksessa vastuussa mist\u00e4\u00e4n vahingoista (mukaan lukien rajoituksetta tietojen tai voiton menetyksest\u00e4 tai liiketoiminnan keskeytymisest\u00e4 johtuvat vahingot), jotka johtuvat Holfikin verkkosivuston materiaalin k\u00e4yt\u00f6st\u00e4 tai kyvytt\u00f6myydest\u00e4 k\u00e4ytt\u00e4\u00e4 materiaalia, vaikka Holfikille tai Holfikin valtuutetulle edustajalle on ilmoitettu suullisesti tai kirjallisesti t\u00e4llaisten vahinkojen mahdollisuudesta. Koska jotkin laink\u00e4ytt\u00f6alueet eiv\u00e4t salli oletettujen takuiden tai v\u00e4lillisten tai satunnaisten vahinkojen vastuun rajoituksia, n\u00e4m\u00e4 rajoitukset eiv\u00e4t v\u00e4ltt\u00e4m\u00e4tt\u00e4 koske sinua.<\/span><\/p>\n<h2><span style=\"color: rgb(68, 68, 68);\">5. Materiaalien tarkkuus<\/span><\/h2>\n<p><span style=\"color: rgb(68, 68, 68);\">Holfikin verkkosivuilla n\u00e4kyv\u00e4 materiaali saattaa sis\u00e4lt\u00e4\u00e4 teknisi\u00e4, typografisia tai valokuvavirheit\u00e4. Holfik ei takaa, ett\u00e4 sen verkkosivuilla olevat materiaalit ovat tarkkoja, t\u00e4ydellisi\u00e4 tai ajan tasalla. Holfik voi tehd\u00e4 muutoksia verkkosivuillaan olevaan materiaaliin milloin tahansa ilman erillist\u00e4 ilmoitusta. Holfik ei kuitenkaan sitoudu materiaalien p\u00e4ivitt\u00e4miseen.<\/span><\/p>\n<h2><span style=\"color: rgb(68, 68, 68);\">6. Linkit<\/span><\/h2>\n<p><span style=\"color: rgb(68, 68, 68);\">Holfik ei ole tarkistanut kaikkia sen verkkosivuille linkitettyj\u00e4 sivustoja eik\u00e4 ole vastuussa mink\u00e4\u00e4n linkitetyn sivuston sis\u00e4ll\u00f6st\u00e4. Mink\u00e4\u00e4n linkin lis\u00e4\u00e4minen ei tarkoita, ett\u00e4 Holfik hyv\u00e4ksyy sivuston. Mink\u00e4 tahansa linkitetyn sivuston k\u00e4ytt\u00f6 on k\u00e4ytt\u00e4j\u00e4n omalla vastuulla.<\/span><\/p>\n<p><\/p>\n<h3><span style=\"color: rgb(68, 68, 68);\">Muutokset<\/span><\/h3>\n<p><span style=\"color: rgb(68, 68, 68);\">Holfik voi muuttaa n\u00e4it\u00e4 verkkosivustonsa palveluehtoja milloin tahansa ilman erillist\u00e4 ilmoitusta. K\u00e4ytt\u00e4m\u00e4ll\u00e4 t\u00e4t\u00e4 verkkosivustoa sitoudut noudattamaan n\u00e4iden palveluehtojen nykyist\u00e4 versiota.<\/span><\/p>\n<h3><span style=\"color: rgb(68, 68, 68);\">Sovellettava laki<\/span><\/h3>\n<p><span style=\"color: rgb(68, 68, 68);\">N\u00e4it\u00e4 ehtoja s\u00e4\u00e4telev\u00e4t ja tulkitaan Holfikin lakien mukaisesti ja alistut peruuttamattomasti kyseisen valtion tai paikkakunnan tuomioistuinten yksinomaiseen toimivaltaan.<\/span><\/p>","protected":false},"excerpt":{"rendered":"<p>1. Ehdot K\u00e4ytt\u00e4m\u00e4ll\u00e4 Holfikin verkkosivustoa sitoudut noudattamaan n\u00e4it\u00e4 k\u00e4ytt\u00f6ehtoja, kaikkia sovellettavia lakeja ja m\u00e4\u00e4r\u00e4yksi\u00e4 ja hyv\u00e4ksyt, ett\u00e4 olet vastuussa kaikkien sovellettavien paikallisten lakien noudattamisesta. Jos et hyv\u00e4ksy n\u00e4it\u00e4 ehtoja, et saa k\u00e4ytt\u00e4\u00e4 t\u00e4t\u00e4 sivustoa tai p\u00e4\u00e4st\u00e4 sille. Sin\u00e4 [\u2026]<\/p>","protected":false},"author":1,"featured_media":0,"parent":0,"menu_order":0,"comment_status":"closed","ping_status":"closed","template":"","meta":{"footnotes":""},"class_list":["post-10","page","type-page","status-publish","hentry"],"yoast_head":"<!-- This site is optimized with the Yoast SEO plugin v22.5 - https:\/\/yoast.com\/wordpress\/plugins\/seo\/ -->\n<title>Termos e Condi\u00e7\u00f5es - Holfik<\/title>\n<meta name=\"robots\" content=\"index, follow, max-snippet:-1, max-image-preview:large, max-video-preview:-1\" \/>\n<link rel=\"canonical\" href=\"http:\/\/holfik.com\/fi\/termos-e-condicoes\/\" \/>\n<meta property=\"og:locale\" content=\"fi_FI\" \/>\n<meta property=\"og:type\" content=\"article\" \/>\n<meta property=\"og:title\" content=\"Termos e Condi\u00e7\u00f5es - Holfik\" \/>\n<meta property=\"og:description\" content=\"1. Termos Ao acessar ao site Holfik, concorda em cumprir estes termos de servi\u00e7o, todas as leis e regulamentos aplic\u00e1veis \u200b\u200be concorda que \u00e9 respons\u00e1vel pelo cumprimento de todas as leis locais aplic\u00e1veis. Se voc\u00ea n\u00e3o concordar com algum desses termos, est\u00e1 proibido de usar ou acessar este site. Os [&hellip;]\" \/>\n<meta property=\"og:url\" content=\"http:\/\/holfik.com\/fi\/termos-e-condicoes\/\" \/>\n<meta property=\"og:site_name\" content=\"Holfik\" \/>\n<meta name=\"twitter:card\" content=\"summary_large_image\" \/>\n<meta name=\"twitter:label1\" content=\"Arvioitu lukuaika\" \/>\n\t<meta name=\"twitter:data1\" content=\"3 minuuttia\" \/>\n<script type=\"application\/ld+json\" class=\"yoast-schema-graph\">{\"@context\":\"https:\/\/schema.org\",\"@graph\":[{\"@type\":\"WebPage\",\"@id\":\"http:\/\/holfik.com\/en\/termos-e-condicoes\/\",\"url\":\"http:\/\/holfik.com\/en\/termos-e-condicoes\/\",\"name\":\"Termos e Condi\u00e7\u00f5es - Holfik\",\"isPartOf\":{\"@id\":\"https:\/\/holfik.com\/it\/#website\"},\"datePublished\":\"2023-05-07T06:10:39+00:00\",\"dateModified\":\"2023-05-07T06:10:39+00:00\",\"breadcrumb\":{\"@id\":\"http:\/\/holfik.com\/en\/termos-e-condicoes\/#breadcrumb\"},\"inLanguage\":\"fi\",\"potentialAction\":[{\"@type\":\"ReadAction\",\"target\":[\"http:\/\/holfik.com\/en\/termos-e-condicoes\/\"]}]},{\"@type\":\"BreadcrumbList\",\"@id\":\"http:\/\/holfik.com\/en\/termos-e-condicoes\/#breadcrumb\",\"itemListElement\":[{\"@type\":\"ListItem\",\"position\":1,\"name\":\"In\u00edcio\",\"item\":\"https:\/\/holfik.com\/it\/\"},{\"@type\":\"ListItem\",\"position\":2,\"name\":\"Termos e Condi\u00e7\u00f5es\"}]},{\"@type\":\"WebSite\",\"@id\":\"https:\/\/holfik.com\/it\/#website\",\"url\":\"https:\/\/holfik.com\/it\/\",\"name\":\"Holfik\",\"description\":\"Site de Not\u00edcias e M\u00eddia\",\"publisher\":{\"@id\":\"https:\/\/holfik.com\/it\/#organization\"},\"potentialAction\":[{\"@type\":\"SearchAction\",\"target\":{\"@type\":\"EntryPoint\",\"urlTemplate\":\"https:\/\/holfik.com\/it\/?s={search_term_string}\"},\"query-input\":\"required name=search_term_string\"}],\"inLanguage\":\"fi\"},{\"@type\":\"Organization\",\"@id\":\"https:\/\/holfik.com\/it\/#organization\",\"name\":\"Holfik\",\"url\":\"https:\/\/holfik.com\/it\/\",\"logo\":{\"@type\":\"ImageObject\",\"inLanguage\":\"fi\",\"@id\":\"https:\/\/holfik.com\/it\/#\/schema\/logo\/image\/\",\"url\":\"https:\/\/holfik.com\/wp-content\/uploads\/2025\/07\/download1.png\",\"contentUrl\":\"https:\/\/holfik.com\/wp-content\/uploads\/2025\/07\/download1.png\",\"width\":150,\"height\":100,\"caption\":\"Holfik\"},\"image\":{\"@id\":\"https:\/\/holfik.com\/it\/#\/schema\/logo\/image\/\"}}]}<\/script>\n<!-- \/ Yoast SEO plugin. -->","yoast_head_json":{"title":"Termos e Condi\u00e7\u00f5es - Holfik","robots":{"index":"index","follow":"follow","max-snippet":"max-snippet:-1","max-image-preview":"max-image-preview:large","max-video-preview":"max-video-preview:-1"},"canonical":"http:\/\/holfik.com\/fi\/termos-e-condicoes\/","og_locale":"fi_FI","og_type":"article","og_title":"Termos e Condi\u00e7\u00f5es - Holfik","og_description":"1. Termos Ao acessar ao site Holfik, concorda em cumprir estes termos de servi\u00e7o, todas as leis e regulamentos aplic\u00e1veis \u200b\u200be concorda que \u00e9 respons\u00e1vel pelo cumprimento de todas as leis locais aplic\u00e1veis. Se voc\u00ea n\u00e3o concordar com algum desses termos, est\u00e1 proibido de usar ou acessar este site. Os [&hellip;]","og_url":"http:\/\/holfik.com\/fi\/termos-e-condicoes\/","og_site_name":"Holfik","twitter_card":"summary_large_image","twitter_misc":{"Arvioitu lukuaika":"3 minuuttia"},"schema":{"@context":"https:\/\/schema.org","@graph":[{"@type":"WebPage","@id":"http:\/\/holfik.com\/en\/termos-e-condicoes\/","url":"http:\/\/holfik.com\/en\/termos-e-condicoes\/","name":"Termos e Condi\u00e7\u00f5es - Holfik","isPartOf":{"@id":"https:\/\/holfik.com\/it\/#website"},"datePublished":"2023-05-07T06:10:39+00:00","dateModified":"2023-05-07T06:10:39+00:00","breadcrumb":{"@id":"http:\/\/holfik.com\/en\/termos-e-condicoes\/#breadcrumb"},"inLanguage":"fi","potentialAction":[{"@type":"ReadAction","target":["http:\/\/holfik.com\/en\/termos-e-condicoes\/"]}]},{"@type":"BreadcrumbList","@id":"http:\/\/holfik.com\/en\/termos-e-condicoes\/#breadcrumb","itemListElement":[{"@type":"ListItem","position":1,"name":"In\u00edcio","item":"https:\/\/holfik.com\/it\/"},{"@type":"ListItem","position":2,"name":"Termos e Condi\u00e7\u00f5es"}]},{"@type":"WebSite","@id":"https:\/\/holfik.com\/it\/#website","url":"https:\/\/holfik.com\/it\/","name":"Holfik","description":"Site de Not\u00edcias e M\u00eddia","publisher":{"@id":"https:\/\/holfik.com\/it\/#organization"},"potentialAction":[{"@type":"SearchAction","target":{"@type":"EntryPoint","urlTemplate":"https:\/\/holfik.com\/it\/?s={search_term_string}"},"query-input":"required name=search_term_string"}],"inLanguage":"fi"},{"@type":"Organization","@id":"https:\/\/holfik.com\/it\/#organization","name":"Holfik","url":"https:\/\/holfik.com\/it\/","logo":{"@type":"ImageObject","inLanguage":"fi","@id":"https:\/\/holfik.com\/it\/#\/schema\/logo\/image\/","url":"https:\/\/holfik.com\/wp-content\/uploads\/2025\/07\/download1.png","contentUrl":"https:\/\/holfik.com\/wp-content\/uploads\/2025\/07\/download1.png","width":150,"height":100,"caption":"Holfik"},"image":{"@id":"https:\/\/holfik.com\/it\/#\/schema\/logo\/image\/"}}]}},"_links":{"self":[{"href":"https:\/\/holfik.com\/fi\/wp-json\/wp\/v2\/pages\/10","targetHints":{"allow":["GET"]}}],"collection":[{"href":"https:\/\/holfik.com\/fi\/wp-json\/wp\/v2\/pages"}],"about":[{"href":"https:\/\/holfik.com\/fi\/wp-json\/wp\/v2\/types\/page"}],"author":[{"embeddable":true,"href":"https:\/\/holfik.com\/fi\/wp-json\/wp\/v2\/users\/1"}],"replies":[{"embeddable":true,"href":"https:\/\/holfik.com\/fi\/wp-json\/wp\/v2\/comments?post=10"}],"version-history":[{"count":1,"href":"https:\/\/holfik.com\/fi\/wp-json\/wp\/v2\/pages\/10\/revisions"}],"predecessor-version":[{"id":11,"href":"https:\/\/holfik.com\/fi\/wp-json\/wp\/v2\/pages\/10\/revisions\/11"}],"wp:attachment":[{"href":"https:\/\/holfik.com\/fi\/wp-json\/wp\/v2\/media?parent=10"}],"curies":[{"name":"wp","href":"https:\/\/api.w.org\/{rel}","templated":true}]}}