{"id":12,"date":"2023-05-07T03:14:12","date_gmt":"2023-05-07T06:14:12","guid":{"rendered":"https:\/\/holfik.com\/?page_id=12"},"modified":"2023-05-07T03:14:12","modified_gmt":"2023-05-07T06:14:12","slug":"disclaimer","status":"publish","type":"page","link":"https:\/\/holfik.com\/en\/disclaimer\/","title":{"rendered":"Disclaimer"},"content":{"rendered":"<p>Attention:<br \/>\nHolfik does not, under any circumstances, request sums of money to release any type of financial product, be it a credit card, financing or loan. If this happens, let us know via the form immediately. Notes: Holfik works to keep all information as up to date as possible. It is worth noting that this information may differ from the information found on the websites of financial institutions and\/or service providers on a specific website. Regarding institutions that we do not have partnerships with, all products listed on this website https:\/\/holfik.com do not have any guarantee that the information is up to date. Always remember to read the conditions of use and terms of acquisition of the financial institutions you choose. Partners: How do we monetize? We receive a small amount from advertising on our website and from our partners when we refer a user who requests a product or proposal. Everything we publish is based on quantitative and qualitative evaluations of each product. It is worth mentioning that our partners can directly influence the products we write and review, in the order of the \u201cbest\u201d articles and where these products appear on Holfik. As we have several products on our website, we do not give any type of guarantee of the quality and timeliness of the information on all these products, which is why we guarantee and prioritize information from our partners. Let us know using our contact form.<\/p>\n<p>Considerations:<br \/>\nHolfik strives to keep all information up to date and accurate. This information may be different from what you see on the websites of financial institutions, service providers or a specific product website. In the case of non-partner institutions, all financial products are presented without guaranteeing that the information is up to date. Whenever choosing your offer, read the conditions of the financial institutions and acquisition terms.<\/p>\n<p>Partnerships:<br \/>\nHow do we make money? We receive a small compensation from advertising on our website, from our partners when someone makes a request for proposal or is approved for a financial product we recommend. The articles we publish on holfik are based on qualitative and quantitative evaluations of each product \u2013 only. Our partnerships can influence which products we write about and review, the order in which products appear in \u201cbest\u201d articles, where and whether products appear on Holfik, and where they are displayed on the site. We present several products, as you can see on our website, we do not guarantee the quality and timeliness of the information on all of them, for this reason we prioritize and guarantee information from partner institutions.<\/p>","protected":false},"excerpt":{"rendered":"<p>Attention: Holfik does not request any amount of money under any circumstances to release any type of financial product, be it a credit card, financing or loan. If this happens, please let us know immediately using the form. Notes: Holfik works to keep all information as up-to-date as possible. It is worth noting that these [\u2026]<\/p>","protected":false},"author":1,"featured_media":0,"parent":0,"menu_order":0,"comment_status":"closed","ping_status":"closed","template":"","meta":{"footnotes":""},"class_list":["post-12","page","type-page","status-publish","hentry"],"yoast_head":"<!-- This site is optimized with the Yoast SEO plugin v22.5 - https:\/\/yoast.com\/wordpress\/plugins\/seo\/ -->\n<title>Disclaimer - Holfik<\/title>\n<meta name=\"robots\" content=\"index, follow, max-snippet:-1, max-image-preview:large, max-video-preview:-1\" \/>\n<link rel=\"canonical\" href=\"https:\/\/holfik.com\/en\/disclaimer\/\" \/>\n<meta property=\"og:locale\" content=\"en_US\" \/>\n<meta property=\"og:type\" content=\"article\" \/>\n<meta property=\"og:title\" content=\"Disclaimer - Holfik\" \/>\n<meta property=\"og:description\" content=\"Aten\u00e7\u00e3o: O holfik n\u00e3o solicita em nenhuma situa\u00e7\u00e3o quantias em dinheiro para libera\u00e7\u00e3o de qualquer tipo de produto financeiro, seja cart\u00e3o de cr\u00e9dito, financiamento ou empr\u00e9stimo. Caso isto aconte\u00e7a nos avise pelo formul\u00e1rio imediatamente. Observa\u00e7\u00f5es: O holfik trabalha para manter todas informa\u00e7\u00f5es o mais atualizadas poss\u00edvel. Vale ressaltar que essas [&hellip;]\" \/>\n<meta property=\"og:url\" content=\"https:\/\/holfik.com\/en\/disclaimer\/\" \/>\n<meta property=\"og:site_name\" content=\"Holfik\" \/>\n<meta name=\"twitter:card\" content=\"summary_large_image\" \/>\n<meta name=\"twitter:label1\" content=\"Est. reading time\" \/>\n\t<meta name=\"twitter:data1\" content=\"2 minutes\" \/>\n<script type=\"application\/ld+json\" class=\"yoast-schema-graph\">{\"@context\":\"https:\/\/schema.org\",\"@graph\":[{\"@type\":\"WebPage\",\"@id\":\"https:\/\/holfik.com\/sv\/disclaimer\/\",\"url\":\"https:\/\/holfik.com\/sv\/disclaimer\/\",\"name\":\"Disclaimer - Holfik\",\"isPartOf\":{\"@id\":\"https:\/\/holfik.com\/it\/#website\"},\"datePublished\":\"2023-05-07T06:14:12+00:00\",\"dateModified\":\"2023-05-07T06:14:12+00:00\",\"breadcrumb\":{\"@id\":\"https:\/\/holfik.com\/sv\/disclaimer\/#breadcrumb\"},\"inLanguage\":\"en-US\",\"potentialAction\":[{\"@type\":\"ReadAction\",\"target\":[\"https:\/\/holfik.com\/sv\/disclaimer\/\"]}]},{\"@type\":\"BreadcrumbList\",\"@id\":\"https:\/\/holfik.com\/sv\/disclaimer\/#breadcrumb\",\"itemListElement\":[{\"@type\":\"ListItem\",\"position\":1,\"name\":\"In\u00edcio\",\"item\":\"https:\/\/holfik.com\/it\/\"},{\"@type\":\"ListItem\",\"position\":2,\"name\":\"Disclaimer\"}]},{\"@type\":\"WebSite\",\"@id\":\"https:\/\/holfik.com\/it\/#website\",\"url\":\"https:\/\/holfik.com\/it\/\",\"name\":\"Holfik\",\"description\":\"Site de Not\u00edcias e M\u00eddia\",\"publisher\":{\"@id\":\"https:\/\/holfik.com\/it\/#organization\"},\"potentialAction\":[{\"@type\":\"SearchAction\",\"target\":{\"@type\":\"EntryPoint\",\"urlTemplate\":\"https:\/\/holfik.com\/it\/?s={search_term_string}\"},\"query-input\":\"required name=search_term_string\"}],\"inLanguage\":\"en-US\"},{\"@type\":\"Organization\",\"@id\":\"https:\/\/holfik.com\/it\/#organization\",\"name\":\"Holfik\",\"url\":\"https:\/\/holfik.com\/it\/\",\"logo\":{\"@type\":\"ImageObject\",\"inLanguage\":\"en-US\",\"@id\":\"https:\/\/holfik.com\/it\/#\/schema\/logo\/image\/\",\"url\":\"https:\/\/holfik.com\/wp-content\/uploads\/2025\/07\/download1.png\",\"contentUrl\":\"https:\/\/holfik.com\/wp-content\/uploads\/2025\/07\/download1.png\",\"width\":150,\"height\":100,\"caption\":\"Holfik\"},\"image\":{\"@id\":\"https:\/\/holfik.com\/it\/#\/schema\/logo\/image\/\"}}]}<\/script>\n<!-- \/ Yoast SEO plugin. -->","yoast_head_json":{"title":"Disclaimer - Holfik","robots":{"index":"index","follow":"follow","max-snippet":"max-snippet:-1","max-image-preview":"max-image-preview:large","max-video-preview":"max-video-preview:-1"},"canonical":"https:\/\/holfik.com\/en\/disclaimer\/","og_locale":"en_US","og_type":"article","og_title":"Disclaimer - Holfik","og_description":"Aten\u00e7\u00e3o: O holfik n\u00e3o solicita em nenhuma situa\u00e7\u00e3o quantias em dinheiro para libera\u00e7\u00e3o de qualquer tipo de produto financeiro, seja cart\u00e3o de cr\u00e9dito, financiamento ou empr\u00e9stimo. Caso isto aconte\u00e7a nos avise pelo formul\u00e1rio imediatamente. Observa\u00e7\u00f5es: O holfik trabalha para manter todas informa\u00e7\u00f5es o mais atualizadas poss\u00edvel. Vale ressaltar que essas [&hellip;]","og_url":"https:\/\/holfik.com\/en\/disclaimer\/","og_site_name":"Holfik","twitter_card":"summary_large_image","twitter_misc":{"Est. reading time":"2 minutes"},"schema":{"@context":"https:\/\/schema.org","@graph":[{"@type":"WebPage","@id":"https:\/\/holfik.com\/sv\/disclaimer\/","url":"https:\/\/holfik.com\/sv\/disclaimer\/","name":"Disclaimer - Holfik","isPartOf":{"@id":"https:\/\/holfik.com\/it\/#website"},"datePublished":"2023-05-07T06:14:12+00:00","dateModified":"2023-05-07T06:14:12+00:00","breadcrumb":{"@id":"https:\/\/holfik.com\/sv\/disclaimer\/#breadcrumb"},"inLanguage":"en-US","potentialAction":[{"@type":"ReadAction","target":["https:\/\/holfik.com\/sv\/disclaimer\/"]}]},{"@type":"BreadcrumbList","@id":"https:\/\/holfik.com\/sv\/disclaimer\/#breadcrumb","itemListElement":[{"@type":"ListItem","position":1,"name":"In\u00edcio","item":"https:\/\/holfik.com\/it\/"},{"@type":"ListItem","position":2,"name":"Disclaimer"}]},{"@type":"WebSite","@id":"https:\/\/holfik.com\/it\/#website","url":"https:\/\/holfik.com\/it\/","name":"Holfik","description":"Site de Not\u00edcias e M\u00eddia","publisher":{"@id":"https:\/\/holfik.com\/it\/#organization"},"potentialAction":[{"@type":"SearchAction","target":{"@type":"EntryPoint","urlTemplate":"https:\/\/holfik.com\/it\/?s={search_term_string}"},"query-input":"required name=search_term_string"}],"inLanguage":"en-US"},{"@type":"Organization","@id":"https:\/\/holfik.com\/it\/#organization","name":"Holfik","url":"https:\/\/holfik.com\/it\/","logo":{"@type":"ImageObject","inLanguage":"en-US","@id":"https:\/\/holfik.com\/it\/#\/schema\/logo\/image\/","url":"https:\/\/holfik.com\/wp-content\/uploads\/2025\/07\/download1.png","contentUrl":"https:\/\/holfik.com\/wp-content\/uploads\/2025\/07\/download1.png","width":150,"height":100,"caption":"Holfik"},"image":{"@id":"https:\/\/holfik.com\/it\/#\/schema\/logo\/image\/"}}]}},"_links":{"self":[{"href":"https:\/\/holfik.com\/en\/wp-json\/wp\/v2\/pages\/12","targetHints":{"allow":["GET"]}}],"collection":[{"href":"https:\/\/holfik.com\/en\/wp-json\/wp\/v2\/pages"}],"about":[{"href":"https:\/\/holfik.com\/en\/wp-json\/wp\/v2\/types\/page"}],"author":[{"embeddable":true,"href":"https:\/\/holfik.com\/en\/wp-json\/wp\/v2\/users\/1"}],"replies":[{"embeddable":true,"href":"https:\/\/holfik.com\/en\/wp-json\/wp\/v2\/comments?post=12"}],"version-history":[{"count":1,"href":"https:\/\/holfik.com\/en\/wp-json\/wp\/v2\/pages\/12\/revisions"}],"predecessor-version":[{"id":13,"href":"https:\/\/holfik.com\/en\/wp-json\/wp\/v2\/pages\/12\/revisions\/13"}],"wp:attachment":[{"href":"https:\/\/holfik.com\/en\/wp-json\/wp\/v2\/media?parent=12"}],"curies":[{"name":"wp","href":"https:\/\/api.w.org\/{rel}","templated":true}]}}