{"id":10,"date":"2023-05-07T03:10:39","date_gmt":"2023-05-07T06:10:39","guid":{"rendered":"https:\/\/holfik.com\/?page_id=10"},"modified":"2023-05-07T03:10:39","modified_gmt":"2023-05-07T06:10:39","slug":"termos-e-condicoes","status":"publish","type":"page","link":"https:\/\/holfik.com\/en\/termos-e-condicoes\/","title":{"rendered":"Terms and conditions"},"content":{"rendered":"<h2><span style=\"color: rgb(68, 68, 68);\">1. Terms<\/span><\/h2>\n<p><span style=\"color: rgb(68, 68, 68);\">When accessing the website <a href=\"https:\/\/holfik.com\/en\/\">Holfik<\/a>, you agree to comply with these terms of service, all applicable laws and regulations, and agree that you are responsible for compliance with any applicable local laws. If you do not agree with any of these terms, you are prohibited from using or accessing this site. The materials contained in this site are protected by applicable copyright and trademark laws.<\/span><\/p>\n<h2><span style=\"color: rgb(68, 68, 68);\">2. License Use<\/span><\/h2>\n<p><span style=\"color: rgb(68, 68, 68);\">Permission is granted to temporarily download one copy of the materials (information or software) on Holfik&#039;s website for personal, non-commercial transitory viewing only. This is the grant of a license, not a transfer of title, and under this license you may not:&nbsp;<\/span><\/p>\n<ol>\n<li><span style=\"color: rgb(68, 68, 68);\">modify or copy the materials;&nbsp;<\/span><\/li>\n<li><span style=\"color: rgb(68, 68, 68);\">use the materials for any commercial purpose or for public display (commercial or non-commercial);&nbsp;<\/span><\/li>\n<li><span style=\"color: rgb(68, 68, 68);\">attempt to decompile or reverse engineer any software contained on Holfik&#039;s website;&nbsp;<\/span><\/li>\n<li><span style=\"color: rgb(68, 68, 68);\">remove any copyright or other proprietary notations from the materials; or&nbsp;<\/span><\/li>\n<li><span style=\"color: rgb(68, 68, 68);\">transfer the materials to another person or &#039;mirror&#039; the materials on any other server.<\/span><\/li>\n<\/ol>\n<p><span style=\"color: rgb(68, 68, 68);\">This license shall automatically terminate if you violate any of these restrictions and may be terminated by Holfik at any time. Upon terminating your viewing of these materials or upon the termination of this license, you must delete any downloaded materials in your possession whether in electronic or printed format.<\/span><\/p>\n<h2><span style=\"color: rgb(68, 68, 68);\">3. Disclaimer<\/span><\/h2>\n<ol>\n<li><span style=\"color: rgb(68, 68, 68);\">The materials on Holfik&#039;s website are provided on an &#039;as is&#039; basis. Holfik makes no warranties, expressed or implied, and hereby disclaims and negates all other warranties, including, without limitation, implied warranties or conditions of merchantability, fitness for a particular purpose, or non-infringement of intellectual property or other violation of rights.<\/span><\/li>\n<li><span style=\"color: rgb(68, 68, 68);\">Further, Holfik does not warrant or make any representations concerning the accuracy, likely results, or reliability of the use of the materials on its website or otherwise relating to such materials or on any sites linked to this site.<\/span><\/li>\n<\/ol>\n<h2><span style=\"color: rgb(68, 68, 68);\">4. Limitations<\/span><\/h2>\n<p><span style=\"color: rgb(68, 68, 68);\">In no event shall Holfik or its suppliers be liable for any damages (including, without limitation, damages for loss of data or profit, or due to business interruption) arising out of the use or inability to use the materials on Holfik&#039;s website, even if Holfik or a Holfik authorized representative has been notified orally or in writing of the possibility of such damages. Because some jurisdictions do not allow limitations on implied warranties, or limitations of liability for consequential or incidental damages, these limitations may not apply to you.<\/span><\/p>\n<h2><span style=\"color: rgb(68, 68, 68);\">5. Precision of materials<\/span><\/h2>\n<p><span style=\"color: rgb(68, 68, 68);\">The materials appearing on Holfik&#039;s website could include technical, typographical, or photographic errors. Holfik does not warrant that any materials on its website are accurate, complete or current. Holfik may make changes to the materials contained on its website at any time without notice. However Holfik does not make any commitment to update the materials.<\/span><\/p>\n<h2><span style=\"color: rgb(68, 68, 68);\">6. Links<\/span><\/h2>\n<p><span style=\"color: rgb(68, 68, 68);\">Holfik has not reviewed all of the sites linked to its website and is not responsible for the contents of any linked site. The inclusion of any link does not imply endorsement by Holfik of the site. Use of any linked site is at the user&#039;s own risk.<\/span><\/p>\n<p><\/p>\n<h3><span style=\"color: rgb(68, 68, 68);\">Modifications<\/span><\/h3>\n<p><span style=\"color: rgb(68, 68, 68);\">Holfik may revise these terms of service for its website at any time without notice. By using this website, you are agreeing to be bound by the current version of these terms of service.<\/span><\/p>\n<h3><span style=\"color: rgb(68, 68, 68);\">Applicable law<\/span><\/h3>\n<p><span style=\"color: rgb(68, 68, 68);\">These terms and conditions are governed by and construed in accordance with the laws of Holfik and you irrevocably submit to the exclusive jurisdiction of the courts in that State or location.<\/span><\/p>","protected":false},"excerpt":{"rendered":"<p>1. Terms By accessing the website at Holfik, you are agreeing to comply with these terms of service, all applicable laws and regulations, and agree that you are responsible for compliance with any applicable local laws. If you do not agree with any of these terms, you are prohibited from using or accessing this site. The [\u2026]<\/p>","protected":false},"author":1,"featured_media":0,"parent":0,"menu_order":0,"comment_status":"closed","ping_status":"closed","template":"","meta":{"footnotes":""},"class_list":["post-10","page","type-page","status-publish","hentry"],"yoast_head":"<!-- This site is optimized with the Yoast SEO plugin v22.5 - https:\/\/yoast.com\/wordpress\/plugins\/seo\/ -->\n<title>Termos e Condi\u00e7\u00f5es - Holfik<\/title>\n<meta name=\"robots\" content=\"index, follow, max-snippet:-1, max-image-preview:large, max-video-preview:-1\" \/>\n<link rel=\"canonical\" href=\"https:\/\/holfik.com\/en\/termos-e-condicoes\/\" \/>\n<meta property=\"og:locale\" content=\"en_US\" \/>\n<meta property=\"og:type\" content=\"article\" \/>\n<meta property=\"og:title\" content=\"Termos e Condi\u00e7\u00f5es - Holfik\" \/>\n<meta property=\"og:description\" content=\"1. Termos Ao acessar ao site Holfik, concorda em cumprir estes termos de servi\u00e7o, todas as leis e regulamentos aplic\u00e1veis \u200b\u200be concorda que \u00e9 respons\u00e1vel pelo cumprimento de todas as leis locais aplic\u00e1veis. Se voc\u00ea n\u00e3o concordar com algum desses termos, est\u00e1 proibido de usar ou acessar este site. Os [&hellip;]\" \/>\n<meta property=\"og:url\" content=\"https:\/\/holfik.com\/en\/termos-e-condicoes\/\" \/>\n<meta property=\"og:site_name\" content=\"Holfik\" \/>\n<meta name=\"twitter:card\" content=\"summary_large_image\" \/>\n<meta name=\"twitter:label1\" content=\"Est. reading time\" \/>\n\t<meta name=\"twitter:data1\" content=\"3 minutes\" \/>\n<script type=\"application\/ld+json\" class=\"yoast-schema-graph\">{\"@context\":\"https:\/\/schema.org\",\"@graph\":[{\"@type\":\"WebPage\",\"@id\":\"https:\/\/holfik.com\/nb\/termos-e-condicoes\/\",\"url\":\"https:\/\/holfik.com\/nb\/termos-e-condicoes\/\",\"name\":\"Termos e Condi\u00e7\u00f5es - Holfik\",\"isPartOf\":{\"@id\":\"https:\/\/holfik.com\/fr\/#website\"},\"datePublished\":\"2023-05-07T06:10:39+00:00\",\"dateModified\":\"2023-05-07T06:10:39+00:00\",\"breadcrumb\":{\"@id\":\"https:\/\/holfik.com\/nb\/termos-e-condicoes\/#breadcrumb\"},\"inLanguage\":\"en-US\",\"potentialAction\":[{\"@type\":\"ReadAction\",\"target\":[\"https:\/\/holfik.com\/nb\/termos-e-condicoes\/\"]}]},{\"@type\":\"BreadcrumbList\",\"@id\":\"https:\/\/holfik.com\/nb\/termos-e-condicoes\/#breadcrumb\",\"itemListElement\":[{\"@type\":\"ListItem\",\"position\":1,\"name\":\"In\u00edcio\",\"item\":\"https:\/\/holfik.com\/fr\/\"},{\"@type\":\"ListItem\",\"position\":2,\"name\":\"Termos e Condi\u00e7\u00f5es\"}]},{\"@type\":\"WebSite\",\"@id\":\"https:\/\/holfik.com\/fr\/#website\",\"url\":\"https:\/\/holfik.com\/fr\/\",\"name\":\"Holfik\",\"description\":\"Site de Not\u00edcias e M\u00eddia\",\"publisher\":{\"@id\":\"https:\/\/holfik.com\/fr\/#organization\"},\"potentialAction\":[{\"@type\":\"SearchAction\",\"target\":{\"@type\":\"EntryPoint\",\"urlTemplate\":\"https:\/\/holfik.com\/fr\/?s={search_term_string}\"},\"query-input\":\"required name=search_term_string\"}],\"inLanguage\":\"en-US\"},{\"@type\":\"Organization\",\"@id\":\"https:\/\/holfik.com\/fr\/#organization\",\"name\":\"Holfik\",\"url\":\"https:\/\/holfik.com\/fr\/\",\"logo\":{\"@type\":\"ImageObject\",\"inLanguage\":\"en-US\",\"@id\":\"https:\/\/holfik.com\/fr\/#\/schema\/logo\/image\/\",\"url\":\"https:\/\/holfik.com\/wp-content\/uploads\/2025\/07\/download1.png\",\"contentUrl\":\"https:\/\/holfik.com\/wp-content\/uploads\/2025\/07\/download1.png\",\"width\":150,\"height\":100,\"caption\":\"Holfik\"},\"image\":{\"@id\":\"https:\/\/holfik.com\/fr\/#\/schema\/logo\/image\/\"}}]}<\/script>\n<!-- \/ Yoast SEO plugin. -->","yoast_head_json":{"title":"Termos e Condi\u00e7\u00f5es - Holfik","robots":{"index":"index","follow":"follow","max-snippet":"max-snippet:-1","max-image-preview":"max-image-preview:large","max-video-preview":"max-video-preview:-1"},"canonical":"https:\/\/holfik.com\/en\/termos-e-condicoes\/","og_locale":"en_US","og_type":"article","og_title":"Termos e Condi\u00e7\u00f5es - Holfik","og_description":"1. Termos Ao acessar ao site Holfik, concorda em cumprir estes termos de servi\u00e7o, todas as leis e regulamentos aplic\u00e1veis \u200b\u200be concorda que \u00e9 respons\u00e1vel pelo cumprimento de todas as leis locais aplic\u00e1veis. Se voc\u00ea n\u00e3o concordar com algum desses termos, est\u00e1 proibido de usar ou acessar este site. Os [&hellip;]","og_url":"https:\/\/holfik.com\/en\/termos-e-condicoes\/","og_site_name":"Holfik","twitter_card":"summary_large_image","twitter_misc":{"Est. reading time":"3 minutes"},"schema":{"@context":"https:\/\/schema.org","@graph":[{"@type":"WebPage","@id":"https:\/\/holfik.com\/nb\/termos-e-condicoes\/","url":"https:\/\/holfik.com\/nb\/termos-e-condicoes\/","name":"Termos e Condi\u00e7\u00f5es - Holfik","isPartOf":{"@id":"https:\/\/holfik.com\/fr\/#website"},"datePublished":"2023-05-07T06:10:39+00:00","dateModified":"2023-05-07T06:10:39+00:00","breadcrumb":{"@id":"https:\/\/holfik.com\/nb\/termos-e-condicoes\/#breadcrumb"},"inLanguage":"en-US","potentialAction":[{"@type":"ReadAction","target":["https:\/\/holfik.com\/nb\/termos-e-condicoes\/"]}]},{"@type":"BreadcrumbList","@id":"https:\/\/holfik.com\/nb\/termos-e-condicoes\/#breadcrumb","itemListElement":[{"@type":"ListItem","position":1,"name":"In\u00edcio","item":"https:\/\/holfik.com\/fr\/"},{"@type":"ListItem","position":2,"name":"Termos e Condi\u00e7\u00f5es"}]},{"@type":"WebSite","@id":"https:\/\/holfik.com\/fr\/#website","url":"https:\/\/holfik.com\/fr\/","name":"Holfik","description":"Site de Not\u00edcias e M\u00eddia","publisher":{"@id":"https:\/\/holfik.com\/fr\/#organization"},"potentialAction":[{"@type":"SearchAction","target":{"@type":"EntryPoint","urlTemplate":"https:\/\/holfik.com\/fr\/?s={search_term_string}"},"query-input":"required name=search_term_string"}],"inLanguage":"en-US"},{"@type":"Organization","@id":"https:\/\/holfik.com\/fr\/#organization","name":"Holfik","url":"https:\/\/holfik.com\/fr\/","logo":{"@type":"ImageObject","inLanguage":"en-US","@id":"https:\/\/holfik.com\/fr\/#\/schema\/logo\/image\/","url":"https:\/\/holfik.com\/wp-content\/uploads\/2025\/07\/download1.png","contentUrl":"https:\/\/holfik.com\/wp-content\/uploads\/2025\/07\/download1.png","width":150,"height":100,"caption":"Holfik"},"image":{"@id":"https:\/\/holfik.com\/fr\/#\/schema\/logo\/image\/"}}]}},"_links":{"self":[{"href":"https:\/\/holfik.com\/en\/wp-json\/wp\/v2\/pages\/10","targetHints":{"allow":["GET"]}}],"collection":[{"href":"https:\/\/holfik.com\/en\/wp-json\/wp\/v2\/pages"}],"about":[{"href":"https:\/\/holfik.com\/en\/wp-json\/wp\/v2\/types\/page"}],"author":[{"embeddable":true,"href":"https:\/\/holfik.com\/en\/wp-json\/wp\/v2\/users\/1"}],"replies":[{"embeddable":true,"href":"https:\/\/holfik.com\/en\/wp-json\/wp\/v2\/comments?post=10"}],"version-history":[{"count":1,"href":"https:\/\/holfik.com\/en\/wp-json\/wp\/v2\/pages\/10\/revisions"}],"predecessor-version":[{"id":11,"href":"https:\/\/holfik.com\/en\/wp-json\/wp\/v2\/pages\/10\/revisions\/11"}],"wp:attachment":[{"href":"https:\/\/holfik.com\/en\/wp-json\/wp\/v2\/media?parent=10"}],"curies":[{"name":"wp","href":"https:\/\/api.w.org\/{rel}","templated":true}]}}