{"id":340,"date":"2023-09-28T17:35:49","date_gmt":"2023-09-28T20:35:49","guid":{"rendered":"https:\/\/holfik.com\/?page_id=340"},"modified":"2023-09-29T10:09:15","modified_gmt":"2023-09-29T13:09:15","slug":"confira-os-aplicativos-detector-de-metais","status":"publish","type":"page","link":"https:\/\/holfik.com\/el\/confira-os-aplicativos-detector-de-metais\/","title":{"rendered":"\u03a1\u03af\u03be\u03c4\u03b5 \u03bc\u03b9\u03b1 \u03bc\u03b1\u03c4\u03b9\u03ac \u03c3\u03c4\u03b9\u03c2 \u03b5\u03c6\u03b1\u03c1\u03bc\u03bf\u03b3\u03ad\u03c2 \u03b1\u03bd\u03b9\u03c7\u03bd\u03b5\u03c5\u03c4\u03ce\u03bd \u03bc\u03b5\u03c4\u03ac\u03bb\u03bb\u03c9\u03bd"},"content":{"rendered":"<p><span>\u039f\u03bd\u03b5\u03b9\u03c1\u03b5\u03c5\u03c4\u03ae\u03ba\u03b1\u03c4\u03b5 \u03c0\u03bf\u03c4\u03ad \u03bd\u03b1 \u03b3\u03af\u03bd\u03b5\u03c4\u03b5 \u03ba\u03c5\u03bd\u03b7\u03b3\u03cc\u03c2 \u03b8\u03b7\u03c3\u03b1\u03c5\u03c1\u03bf\u03cd; \u039c\u03b5 \u03c4\u03b9\u03c2 \u03c4\u03b5\u03c7\u03bd\u03bf\u03bb\u03bf\u03b3\u03b9\u03ba\u03ad\u03c2 \u03b5\u03be\u03b5\u03bb\u03af\u03be\u03b5\u03b9\u03c2, \u03bc\u03c0\u03bf\u03c1\u03b5\u03af\u03c4\u03b5 \u03c0\u03bb\u03ad\u03bf\u03bd \u03bd\u03b1 \u03bc\u03b5\u03c4\u03b1\u03c4\u03c1\u03ad\u03c8\u03b5\u03c4\u03b5 \u03c4\u03bf smartphone \u03c3\u03b1\u03c2 \u03c3\u03b5 \u03ad\u03bd\u03b1 \u03b9\u03c3\u03c7\u03c5\u03c1\u03cc \u03b5\u03c1\u03b3\u03b1\u03bb\u03b5\u03af\u03bf \u03b1\u03bd\u03af\u03c7\u03bd\u03b5\u03c5\u03c3\u03b7\u03c2 \u03bc\u03b5\u03c4\u03ac\u03bb\u03bb\u03c9\u03bd.<\/span><\/p>\n<p>&nbsp;<\/p>\n<div style=\"width: '100%';\">\n<div><strong>\u03a1\u03af\u03be\u03c4\u03b5 \u03bc\u03b9\u03b1 \u03bc\u03b1\u03c4\u03b9\u03ac \u03c3\u03c4\u03b9\u03c2 \u0395\u03c6\u03b1\u03c1\u03bc\u03bf\u03b3\u03ad\u03c2 \u03b3\u03b9\u03b1 \u03c4\u03bf\u03bd \u03b5\u03bd\u03c4\u03bf\u03c0\u03b9\u03c3\u03bc\u03cc \u03ba\u03ac\u03b8\u03b5 \u03c4\u03cd\u03c0\u03bf\u03c5 \u03bc\u03b5\u03c4\u03ac\u03bb\u03bb\u03bf\u03c5<\/strong>:<\/div>\n<div><center><a class=\"meu-botao-vermelho\" href=\"#\">\u0391\u039d\u0399\u03a7\u039d\u0395\u03a5\u03a3\u03a4\u0395 \u039c\u0395\u03a4\u0391\u039b\u039b\u039f \u039c\u0395 \u03a4\u039f \u039a\u0399\u039d\u0397\u03a4\u039f \u03a3\u0391\u03a3<\/a><\/center><!--Vermelho--><\/div>\n<div><center><a class=\"meu-botao-azul\" href=\"#\">\u0391\u039d\u0399\u03a7\u039d\u0395\u03a5\u03a3\u03a4\u0395 \u0391\u03a3\u0397\u039c\u0399 \u039c\u0395 \u03a4\u039f \u039a\u0399\u039d\u0397\u03a4\u039f \u03a3\u0391\u03a3<\/a><\/center><!--azul--><\/div>\n<div><center><a class=\"meu-botao-amarelo\" href=\"#\">\u0391\u039d\u0399\u03a7\u039d\u0395\u03a5\u03a3\u03a4\u0395 \u03a7\u03a1\u03a5\u03a3\u039f \u039c\u0395 \u03a4\u039f \u039a\u0399\u039d\u0397\u03a4\u039f \u03a3\u0391\u03a3<\/a><\/center><!--amarelo--><\/div>\n<\/div>\n<p>\u039f\u03b9 \u03b5\u03c6\u03b1\u03c1\u03bc\u03bf\u03b3\u03ad\u03c2 \u03b1\u03bd\u03b9\u03c7\u03bd\u03b5\u03c5\u03c4\u03ce\u03bd \u03bc\u03b5\u03c4\u03ac\u03bb\u03bb\u03c9\u03bd \u03b3\u03af\u03bd\u03bf\u03bd\u03c4\u03b1\u03b9 \u03cc\u03bb\u03bf \u03ba\u03b1\u03b9 \u03c0\u03b9\u03bf \u03b4\u03b7\u03bc\u03bf\u03c6\u03b9\u03bb\u03b5\u03af\u03c2 \u03bc\u03b5\u03c4\u03b1\u03be\u03cd \u03c4\u03c9\u03bd \u03b5\u03bd\u03b8\u03bf\u03c5\u03c3\u03b9\u03c9\u03b4\u03ce\u03bd \u03ba\u03b1\u03b9 \u03c4\u03c9\u03bd \u03bb\u03ac\u03c4\u03c1\u03b5\u03b9\u03c2 \u03c4\u03b7\u03c2 \u03c0\u03b5\u03c1\u03b9\u03c0\u03ad\u03c4\u03b5\u03b9\u03b1\u03c2.<\/p>\n<p><img loading=\"lazy\" decoding=\"async\" src=\"http:\/\/holfik.com\/wp-content\/uploads\/2023\/09\/5e9990e8-b729-44cd-a1ef-8b5fa314f846-300x300.webp\" alt=\"\" width=\"300\" height=\"300\" class=\"alignnone size-medium wp-image-335 aligncenter\" srcset=\"https:\/\/holfik.com\/wp-content\/uploads\/2023\/09\/5e9990e8-b729-44cd-a1ef-8b5fa314f846-300x300.webp 300w, https:\/\/holfik.com\/wp-content\/uploads\/2023\/09\/5e9990e8-b729-44cd-a1ef-8b5fa314f846-150x150.webp 150w, https:\/\/holfik.com\/wp-content\/uploads\/2023\/09\/5e9990e8-b729-44cd-a1ef-8b5fa314f846-12x12.webp 12w, https:\/\/holfik.com\/wp-content\/uploads\/2023\/09\/5e9990e8-b729-44cd-a1ef-8b5fa314f846.webp 512w\" sizes=\"auto, (max-width: 300px) 100vw, 300px\" \/><\/p>\n<p><center><a href=\"https:\/\/holfik.com\/el\/pt\/descubra-tesouros-ocultos-com-aplicativos-detector-de-metais\/?utm_source=334_pt_340_HF&amp;utm_medium=JNN&amp;utm_campaign=JNN\"><u><button style=\"font-size: 14px; width: 95%; height: 40px; background-color: #111111; color: #ffffff !important; border-radius: 1px; box-shadow: none !important; border: 1px solid #0a89df;\">\u0394\u0395\u0399\u03a4\u0395 \u03a0\u0395\u03a1\u0399\u03a3\u03a3\u039f\u03a4\u0395\u03a1\u0391 \u03a3\u03a7\u0395\u03a4\u0399\u039a\u0391 \u039c\u0395 \u03a4\u0399\u03a3 \u0395\u03a6\u0391\u03a1\u039c\u039f\u0393\u0395\u03a3<\/button><\/u><\/a><\/center>&nbsp;<\/p>\n<p>\u03a0\u03c1\u03bf\u03c3\u03c6\u03ad\u03c1\u03bf\u03c5\u03bd \u03ad\u03bd\u03b1\u03bd \u03c3\u03c5\u03bd\u03b1\u03c1\u03c0\u03b1\u03c3\u03c4\u03b9\u03ba\u03cc \u03ba\u03b1\u03b9 \u03c0\u03c1\u03bf\u03c3\u03b9\u03c4\u03cc \u03c4\u03c1\u03cc\u03c0\u03bf \u03b3\u03b9\u03b1 \u03bd\u03b1 \u03b5\u03be\u03b5\u03c1\u03b5\u03c5\u03bd\u03ae\u03c3\u03b5\u03c4\u03b5 \u03c4\u03bf\u03bd \u03ba\u03cc\u03c3\u03bc\u03bf \u03b1\u03bd\u03b1\u03b6\u03b7\u03c4\u03ce\u03bd\u03c4\u03b1\u03c2 \u03c0\u03bf\u03bb\u03cd\u03c4\u03b9\u03bc\u03b1 \u03b1\u03bd\u03c4\u03b9\u03ba\u03b5\u03af\u03bc\u03b5\u03bd\u03b1 \u03c0\u03bf\u03c5 \u03b5\u03af\u03bd\u03b1\u03b9 \u03b8\u03b1\u03bc\u03bc\u03ad\u03bd\u03b1 \u03ba\u03ac\u03c4\u03c9 \u03b1\u03c0\u03cc \u03c4\u03b7 \u03b3\u03b7.<\/p>","protected":false},"excerpt":{"rendered":"<p>\u039f\u03bd\u03b5\u03b9\u03c1\u03b5\u03c5\u03c4\u03ae\u03ba\u03b1\u03c4\u03b5 \u03c0\u03bf\u03c4\u03ad \u03bd\u03b1 \u03b3\u03af\u03bd\u03b5\u03c4\u03b5 \u03ba\u03c5\u03bd\u03b7\u03b3\u03cc\u03c2 \u03b8\u03b7\u03c3\u03b1\u03c5\u03c1\u03bf\u03cd; \u039c\u03b5 \u03c4\u03b9\u03c2 \u03c4\u03b5\u03c7\u03bd\u03bf\u03bb\u03bf\u03b3\u03b9\u03ba\u03ad\u03c2 \u03b5\u03be\u03b5\u03bb\u03af\u03be\u03b5\u03b9\u03c2, \u03bc\u03c0\u03bf\u03c1\u03b5\u03af\u03c4\u03b5 \u03c0\u03bb\u03ad\u03bf\u03bd \u03bd\u03b1 \u03bc\u03b5\u03c4\u03b1\u03c4\u03c1\u03ad\u03c8\u03b5\u03c4\u03b5 \u03c4\u03bf smartphone \u03c3\u03b1\u03c2 \u03c3\u03b5 \u03ad\u03bd\u03b1 \u03b9\u03c3\u03c7\u03c5\u03c1\u03cc \u03b5\u03c1\u03b3\u03b1\u03bb\u03b5\u03af\u03bf \u03b1\u03bd\u03af\u03c7\u03bd\u03b5\u03c5\u03c3\u03b7\u03c2 \u03bc\u03b5\u03c4\u03ac\u03bb\u03bb\u03c9\u03bd. \u03a1\u03af\u03be\u03c4\u03b5 \u03bc\u03b9\u03b1 \u03bc\u03b1\u03c4\u03b9\u03ac \u03c3\u03c4\u03b9\u03c2 \u0395\u03c6\u03b1\u03c1\u03bc\u03bf\u03b3\u03ad\u03c2 \u03b3\u03b9\u03b1 \u03c4\u03bf\u03bd \u03b5\u03bd\u03c4\u03bf\u03c0\u03b9\u03c3\u03bc\u03cc \u03ba\u03ac\u03b8\u03b5 \u03c4\u03cd\u03c0\u03bf\u03c5 \u03bc\u03b5\u03c4\u03ac\u03bb\u03bb\u03bf\u03c5: \u0391\u039d\u0399\u03a7\u039d\u0395\u03a5\u03a3\u03a4\u0395 \u039c\u0395\u03a4\u0391\u039b\u039b\u039f \u039c\u0395 \u03a4\u039f \u03a4\u0397\u039b\u0395\u03a6\u03a9\u039d\u039f \u03a3\u0391\u03a3 \u0391\u039d\u0399\u03a7\u039d\u0395\u03a5\u03a3\u03a4\u0395 \u0391\u03a3\u0397\u039c\u0399 \u039c\u0395 \u03a4\u039f \u03a4\u0397\u039b\u0395\u03a6\u03a9\u039d\u039f \u03a3\u0391\u03a3 \u0391\u039d\u0399\u03a7\u039d\u0395\u03a5\u03a3\u03a4\u0395 \u03a7\u03a1\u03a5\u03a3\u039f \u039c\u0395 [\u2026]<\/p>","protected":false},"author":3,"featured_media":0,"parent":0,"menu_order":0,"comment_status":"closed","ping_status":"closed","template":"","meta":{"footnotes":""},"class_list":["post-340","page","type-page","status-publish","hentry"],"yoast_head":"<!-- This site is optimized with the Yoast SEO plugin v22.5 - https:\/\/yoast.com\/wordpress\/plugins\/seo\/ -->\n<title>Confira os Aplicativos Detector de Metais - Holfik<\/title>\n<meta name=\"description\" content=\"Com os avan\u00e7os atuais voc\u00ea pode transformar seu celular em uma poderosa ferramenta de detec\u00e7\u00e3o de metais com os aplicativos Detector.\" \/>\n<meta name=\"robots\" content=\"index, follow, max-snippet:-1, max-image-preview:large, max-video-preview:-1\" \/>\n<link rel=\"canonical\" href=\"http:\/\/holfik.com\/el\/confira-os-aplicativos-detector-de-metais\/\" \/>\n<meta property=\"og:locale\" content=\"el_GR\" \/>\n<meta property=\"og:type\" content=\"article\" \/>\n<meta property=\"og:title\" content=\"Confira os Aplicativos Detector de Metais - Holfik\" \/>\n<meta property=\"og:description\" content=\"Com os avan\u00e7os atuais voc\u00ea pode transformar seu celular em uma poderosa ferramenta de detec\u00e7\u00e3o de metais com os aplicativos Detector.\" \/>\n<meta property=\"og:url\" content=\"http:\/\/holfik.com\/el\/confira-os-aplicativos-detector-de-metais\/\" \/>\n<meta property=\"og:site_name\" content=\"Holfik\" \/>\n<meta property=\"article:modified_time\" content=\"2023-09-29T13:09:15+00:00\" \/>\n<meta property=\"og:image\" content=\"http:\/\/holfik.com\/wp-content\/uploads\/2023\/09\/5e9990e8-b729-44cd-a1ef-8b5fa314f846-300x300.webp\" \/>\n<meta name=\"twitter:card\" content=\"summary_large_image\" \/>\n<meta name=\"twitter:label1\" content=\"\u0395\u03ba\u03c4\u03b9\u03bc\u03ce\u03bc\u03b5\u03bd\u03bf\u03c2 \u03c7\u03c1\u03cc\u03bd\u03bf\u03c2 \u03b1\u03bd\u03ac\u03b3\u03bd\u03c9\u03c3\u03b7\u03c2\" \/>\n\t<meta name=\"twitter:data1\" content=\"1 \u03bb\u03b5\u03c0\u03c4\u03cc\" \/>\n<script type=\"application\/ld+json\" class=\"yoast-schema-graph\">{\"@context\":\"https:\/\/schema.org\",\"@graph\":[{\"@type\":\"WebPage\",\"@id\":\"http:\/\/holfik.com\/el\/confira-os-aplicativos-detector-de-metais\/\",\"url\":\"http:\/\/holfik.com\/el\/confira-os-aplicativos-detector-de-metais\/\",\"name\":\"Confira os Aplicativos Detector de Metais - Holfik\",\"isPartOf\":{\"@id\":\"https:\/\/holfik.com\/fr\/#website\"},\"primaryImageOfPage\":{\"@id\":\"http:\/\/holfik.com\/el\/confira-os-aplicativos-detector-de-metais\/#primaryimage\"},\"image\":{\"@id\":\"http:\/\/holfik.com\/el\/confira-os-aplicativos-detector-de-metais\/#primaryimage\"},\"thumbnailUrl\":\"http:\/\/holfik.com\/wp-content\/uploads\/2023\/09\/5e9990e8-b729-44cd-a1ef-8b5fa314f846-300x300.webp\",\"datePublished\":\"2023-09-28T20:35:49+00:00\",\"dateModified\":\"2023-09-29T13:09:15+00:00\",\"description\":\"Com os avan\u00e7os atuais voc\u00ea pode transformar seu celular em uma poderosa ferramenta de detec\u00e7\u00e3o de metais com os aplicativos Detector.\",\"breadcrumb\":{\"@id\":\"http:\/\/holfik.com\/el\/confira-os-aplicativos-detector-de-metais\/#breadcrumb\"},\"inLanguage\":\"el\",\"potentialAction\":[{\"@type\":\"ReadAction\",\"target\":[\"http:\/\/holfik.com\/el\/confira-os-aplicativos-detector-de-metais\/\"]}]},{\"@type\":\"ImageObject\",\"inLanguage\":\"el\",\"@id\":\"http:\/\/holfik.com\/el\/confira-os-aplicativos-detector-de-metais\/#primaryimage\",\"url\":\"http:\/\/holfik.com\/wp-content\/uploads\/2023\/09\/5e9990e8-b729-44cd-a1ef-8b5fa314f846-300x300.webp\",\"contentUrl\":\"http:\/\/holfik.com\/wp-content\/uploads\/2023\/09\/5e9990e8-b729-44cd-a1ef-8b5fa314f846-300x300.webp\"},{\"@type\":\"BreadcrumbList\",\"@id\":\"http:\/\/holfik.com\/el\/confira-os-aplicativos-detector-de-metais\/#breadcrumb\",\"itemListElement\":[{\"@type\":\"ListItem\",\"position\":1,\"name\":\"In\u00edcio\",\"item\":\"https:\/\/holfik.com\/fr\/\"},{\"@type\":\"ListItem\",\"position\":2,\"name\":\"Confira os Aplicativos Detector de Metais\"}]},{\"@type\":\"WebSite\",\"@id\":\"https:\/\/holfik.com\/fr\/#website\",\"url\":\"https:\/\/holfik.com\/fr\/\",\"name\":\"Holfik\",\"description\":\"Site de Not\u00edcias e M\u00eddia\",\"publisher\":{\"@id\":\"https:\/\/holfik.com\/fr\/#organization\"},\"potentialAction\":[{\"@type\":\"SearchAction\",\"target\":{\"@type\":\"EntryPoint\",\"urlTemplate\":\"https:\/\/holfik.com\/fr\/?s={search_term_string}\"},\"query-input\":\"required name=search_term_string\"}],\"inLanguage\":\"el\"},{\"@type\":\"Organization\",\"@id\":\"https:\/\/holfik.com\/fr\/#organization\",\"name\":\"Holfik\",\"url\":\"https:\/\/holfik.com\/fr\/\",\"logo\":{\"@type\":\"ImageObject\",\"inLanguage\":\"el\",\"@id\":\"https:\/\/holfik.com\/fr\/#\/schema\/logo\/image\/\",\"url\":\"https:\/\/holfik.com\/wp-content\/uploads\/2025\/07\/download1.png\",\"contentUrl\":\"https:\/\/holfik.com\/wp-content\/uploads\/2025\/07\/download1.png\",\"width\":150,\"height\":100,\"caption\":\"Holfik\"},\"image\":{\"@id\":\"https:\/\/holfik.com\/fr\/#\/schema\/logo\/image\/\"}}]}<\/script>\n<!-- \/ Yoast SEO plugin. -->","yoast_head_json":{"title":"Confira os Aplicativos Detector de Metais - Holfik","description":"Com os avan\u00e7os atuais voc\u00ea pode transformar seu celular em uma poderosa ferramenta de detec\u00e7\u00e3o de metais com os aplicativos Detector.","robots":{"index":"index","follow":"follow","max-snippet":"max-snippet:-1","max-image-preview":"max-image-preview:large","max-video-preview":"max-video-preview:-1"},"canonical":"http:\/\/holfik.com\/el\/confira-os-aplicativos-detector-de-metais\/","og_locale":"el_GR","og_type":"article","og_title":"Confira os Aplicativos Detector de Metais - Holfik","og_description":"Com os avan\u00e7os atuais voc\u00ea pode transformar seu celular em uma poderosa ferramenta de detec\u00e7\u00e3o de metais com os aplicativos Detector.","og_url":"http:\/\/holfik.com\/el\/confira-os-aplicativos-detector-de-metais\/","og_site_name":"Holfik","article_modified_time":"2023-09-29T13:09:15+00:00","og_image":[{"url":"http:\/\/holfik.com\/wp-content\/uploads\/2023\/09\/5e9990e8-b729-44cd-a1ef-8b5fa314f846-300x300.webp"}],"twitter_card":"summary_large_image","twitter_misc":{"\u0395\u03ba\u03c4\u03b9\u03bc\u03ce\u03bc\u03b5\u03bd\u03bf\u03c2 \u03c7\u03c1\u03cc\u03bd\u03bf\u03c2 \u03b1\u03bd\u03ac\u03b3\u03bd\u03c9\u03c3\u03b7\u03c2":"1 \u03bb\u03b5\u03c0\u03c4\u03cc"},"schema":{"@context":"https:\/\/schema.org","@graph":[{"@type":"WebPage","@id":"http:\/\/holfik.com\/el\/confira-os-aplicativos-detector-de-metais\/","url":"http:\/\/holfik.com\/el\/confira-os-aplicativos-detector-de-metais\/","name":"Confira os Aplicativos Detector de Metais - Holfik","isPartOf":{"@id":"https:\/\/holfik.com\/fr\/#website"},"primaryImageOfPage":{"@id":"http:\/\/holfik.com\/el\/confira-os-aplicativos-detector-de-metais\/#primaryimage"},"image":{"@id":"http:\/\/holfik.com\/el\/confira-os-aplicativos-detector-de-metais\/#primaryimage"},"thumbnailUrl":"http:\/\/holfik.com\/wp-content\/uploads\/2023\/09\/5e9990e8-b729-44cd-a1ef-8b5fa314f846-300x300.webp","datePublished":"2023-09-28T20:35:49+00:00","dateModified":"2023-09-29T13:09:15+00:00","description":"Com os avan\u00e7os atuais voc\u00ea pode transformar seu celular em uma poderosa ferramenta de detec\u00e7\u00e3o de metais com os aplicativos Detector.","breadcrumb":{"@id":"http:\/\/holfik.com\/el\/confira-os-aplicativos-detector-de-metais\/#breadcrumb"},"inLanguage":"el","potentialAction":[{"@type":"ReadAction","target":["http:\/\/holfik.com\/el\/confira-os-aplicativos-detector-de-metais\/"]}]},{"@type":"ImageObject","inLanguage":"el","@id":"http:\/\/holfik.com\/el\/confira-os-aplicativos-detector-de-metais\/#primaryimage","url":"http:\/\/holfik.com\/wp-content\/uploads\/2023\/09\/5e9990e8-b729-44cd-a1ef-8b5fa314f846-300x300.webp","contentUrl":"http:\/\/holfik.com\/wp-content\/uploads\/2023\/09\/5e9990e8-b729-44cd-a1ef-8b5fa314f846-300x300.webp"},{"@type":"BreadcrumbList","@id":"http:\/\/holfik.com\/el\/confira-os-aplicativos-detector-de-metais\/#breadcrumb","itemListElement":[{"@type":"ListItem","position":1,"name":"In\u00edcio","item":"https:\/\/holfik.com\/fr\/"},{"@type":"ListItem","position":2,"name":"Confira os Aplicativos Detector de Metais"}]},{"@type":"WebSite","@id":"https:\/\/holfik.com\/fr\/#website","url":"https:\/\/holfik.com\/fr\/","name":"Holfik","description":"Site de Not\u00edcias e M\u00eddia","publisher":{"@id":"https:\/\/holfik.com\/fr\/#organization"},"potentialAction":[{"@type":"SearchAction","target":{"@type":"EntryPoint","urlTemplate":"https:\/\/holfik.com\/fr\/?s={search_term_string}"},"query-input":"required name=search_term_string"}],"inLanguage":"el"},{"@type":"Organization","@id":"https:\/\/holfik.com\/fr\/#organization","name":"Holfik","url":"https:\/\/holfik.com\/fr\/","logo":{"@type":"ImageObject","inLanguage":"el","@id":"https:\/\/holfik.com\/fr\/#\/schema\/logo\/image\/","url":"https:\/\/holfik.com\/wp-content\/uploads\/2025\/07\/download1.png","contentUrl":"https:\/\/holfik.com\/wp-content\/uploads\/2025\/07\/download1.png","width":150,"height":100,"caption":"Holfik"},"image":{"@id":"https:\/\/holfik.com\/fr\/#\/schema\/logo\/image\/"}}]}},"_links":{"self":[{"href":"https:\/\/holfik.com\/el\/wp-json\/wp\/v2\/pages\/340","targetHints":{"allow":["GET"]}}],"collection":[{"href":"https:\/\/holfik.com\/el\/wp-json\/wp\/v2\/pages"}],"about":[{"href":"https:\/\/holfik.com\/el\/wp-json\/wp\/v2\/types\/page"}],"author":[{"embeddable":true,"href":"https:\/\/holfik.com\/el\/wp-json\/wp\/v2\/users\/3"}],"replies":[{"embeddable":true,"href":"https:\/\/holfik.com\/el\/wp-json\/wp\/v2\/comments?post=340"}],"version-history":[{"count":8,"href":"https:\/\/holfik.com\/el\/wp-json\/wp\/v2\/pages\/340\/revisions"}],"predecessor-version":[{"id":349,"href":"https:\/\/holfik.com\/el\/wp-json\/wp\/v2\/pages\/340\/revisions\/349"}],"wp:attachment":[{"href":"https:\/\/holfik.com\/el\/wp-json\/wp\/v2\/media?parent=340"}],"curies":[{"name":"wp","href":"https:\/\/api.w.org\/{rel}","templated":true}]}}