{"id":12,"date":"2023-05-07T03:14:12","date_gmt":"2023-05-07T06:14:12","guid":{"rendered":"https:\/\/holfik.com\/?page_id=12"},"modified":"2023-05-07T03:14:12","modified_gmt":"2023-05-07T06:14:12","slug":"disclaimer","status":"publish","type":"page","link":"https:\/\/holfik.com\/el\/disclaimer\/","title":{"rendered":"\u0391\u03c0\u03bf\u03c0\u03bf\u03af\u03b7\u03c3\u03b7 \u03b5\u03c5\u03b8\u03c5\u03bd\u03ce\u03bd"},"content":{"rendered":"<p>\u03a0\u03c1\u03bf\u03c3\u03bf\u03c7\u03ae:<br \/>\n\u0397 Holfik \u03b4\u03b5\u03bd \u03b6\u03b7\u03c4\u03ac, \u03c3\u03b5 \u03ba\u03b1\u03bc\u03af\u03b1 \u03c0\u03b5\u03c1\u03af\u03c0\u03c4\u03c9\u03c3\u03b7, \u03c7\u03c1\u03b7\u03bc\u03b1\u03c4\u03b9\u03ba\u03ac \u03c0\u03bf\u03c3\u03ac \u03b3\u03b9\u03b1 \u03c4\u03b7\u03bd \u03ba\u03c5\u03ba\u03bb\u03bf\u03c6\u03bf\u03c1\u03af\u03b1 \u03bf\u03c0\u03bf\u03b9\u03bf\u03c5\u03b4\u03ae\u03c0\u03bf\u03c4\u03b5 \u03b5\u03af\u03b4\u03bf\u03c5\u03c2 \u03c7\u03c1\u03b7\u03bc\u03b1\u03c4\u03bf\u03bf\u03b9\u03ba\u03bf\u03bd\u03bf\u03bc\u03b9\u03ba\u03bf\u03cd \u03c0\u03c1\u03bf\u03ca\u03cc\u03bd\u03c4\u03bf\u03c2, \u03b5\u03af\u03c4\u03b5 \u03c0\u03c1\u03cc\u03ba\u03b5\u03b9\u03c4\u03b1\u03b9 \u03b3\u03b9\u03b1 \u03c0\u03b9\u03c3\u03c4\u03c9\u03c4\u03b9\u03ba\u03ae \u03ba\u03ac\u03c1\u03c4\u03b1, \u03c7\u03c1\u03b7\u03bc\u03b1\u03c4\u03bf\u03b4\u03cc\u03c4\u03b7\u03c3\u03b7 \u03ae \u03b4\u03ac\u03bd\u03b5\u03b9\u03bf. \u0395\u03ac\u03bd \u03c3\u03c5\u03bc\u03b2\u03b5\u03af \u03b1\u03c5\u03c4\u03cc, \u03b5\u03bd\u03b7\u03bc\u03b5\u03c1\u03ce\u03c3\u03c4\u03b5 \u03bc\u03b1\u03c2 \u03bc\u03ad\u03c3\u03c9 \u03c4\u03b7\u03c2 \u03c6\u03cc\u03c1\u03bc\u03b1\u03c2 \u03b1\u03bc\u03ad\u03c3\u03c9\u03c2. \u03a3\u03b7\u03bc\u03b5\u03b9\u03ce\u03c3\u03b5\u03b9\u03c2: \u0397 Holfik \u03b5\u03c1\u03b3\u03ac\u03b6\u03b5\u03c4\u03b1\u03b9 \u03b3\u03b9\u03b1 \u03bd\u03b1 \u03b4\u03b9\u03b1\u03c4\u03b7\u03c1\u03b5\u03af \u03cc\u03bb\u03b5\u03c2 \u03c4\u03b9\u03c2 \u03c0\u03bb\u03b7\u03c1\u03bf\u03c6\u03bf\u03c1\u03af\u03b5\u03c2 \u03cc\u03c3\u03bf \u03c4\u03bf \u03b4\u03c5\u03bd\u03b1\u03c4\u03cc\u03bd \u03c0\u03b9\u03bf \u03b5\u03bd\u03b7\u03bc\u03b5\u03c1\u03c9\u03bc\u03ad\u03bd\u03b5\u03c2. \u0391\u03be\u03af\u03b6\u03b5\u03b9 \u03bd\u03b1 \u03c3\u03b7\u03bc\u03b5\u03b9\u03c9\u03b8\u03b5\u03af \u03cc\u03c4\u03b9 \u03b1\u03c5\u03c4\u03ad\u03c2 \u03bf\u03b9 \u03c0\u03bb\u03b7\u03c1\u03bf\u03c6\u03bf\u03c1\u03af\u03b5\u03c2 \u03b5\u03bd\u03b4\u03ad\u03c7\u03b5\u03c4\u03b1\u03b9 \u03bd\u03b1 \u03b4\u03b9\u03b1\u03c6\u03ad\u03c1\u03bf\u03c5\u03bd \u03b1\u03c0\u03cc \u03c4\u03b9\u03c2 \u03c0\u03bb\u03b7\u03c1\u03bf\u03c6\u03bf\u03c1\u03af\u03b5\u03c2 \u03c0\u03bf\u03c5 \u03b2\u03c1\u03af\u03c3\u03ba\u03bf\u03bd\u03c4\u03b1\u03b9 \u03c3\u03c4\u03bf\u03c5\u03c2 \u03b9\u03c3\u03c4\u03cc\u03c4\u03bf\u03c0\u03bf\u03c5\u03c2 \u03c7\u03c1\u03b7\u03bc\u03b1\u03c4\u03bf\u03c0\u03b9\u03c3\u03c4\u03c9\u03c4\u03b9\u03ba\u03ce\u03bd \u03b9\u03b4\u03c1\u03c5\u03bc\u03ac\u03c4\u03c9\u03bd \u03ae\/\u03ba\u03b1\u03b9 \u03c0\u03b1\u03c1\u03cc\u03c7\u03c9\u03bd \u03c5\u03c0\u03b7\u03c1\u03b5\u03c3\u03b9\u03ce\u03bd \u03c3\u03b5 \u03ad\u03bd\u03b1\u03bd \u03c3\u03c5\u03b3\u03ba\u03b5\u03ba\u03c1\u03b9\u03bc\u03ad\u03bd\u03bf \u03b9\u03c3\u03c4\u03cc\u03c4\u03bf\u03c0\u03bf. \u038c\u03c3\u03bf\u03bd \u03b1\u03c6\u03bf\u03c1\u03ac \u03c4\u03b1 \u03b9\u03b4\u03c1\u03cd\u03bc\u03b1\u03c4\u03b1 \u03bc\u03b5 \u03c4\u03b1 \u03bf\u03c0\u03bf\u03af\u03b1 \u03b4\u03b5\u03bd \u03ad\u03c7\u03bf\u03c5\u03bc\u03b5 \u03c3\u03c5\u03bd\u03b5\u03c1\u03b3\u03b1\u03c3\u03af\u03b5\u03c2, \u03cc\u03bb\u03b1 \u03c4\u03b1 \u03c0\u03c1\u03bf\u03ca\u03cc\u03bd\u03c4\u03b1 \u03c0\u03bf\u03c5 \u03b1\u03bd\u03b1\u03c6\u03ad\u03c1\u03bf\u03bd\u03c4\u03b1\u03b9 \u03c3\u03b5 \u03b1\u03c5\u03c4\u03cc\u03bd \u03c4\u03bf\u03bd \u03b9\u03c3\u03c4\u03cc\u03c4\u03bf\u03c0\u03bf https:\/\/holfik.com \u03b4\u03b5\u03bd \u03ad\u03c7\u03bf\u03c5\u03bd \u03ba\u03b1\u03bc\u03af\u03b1 \u03b5\u03b3\u03b3\u03cd\u03b7\u03c3\u03b7 \u03cc\u03c4\u03b9 \u03bf\u03b9 \u03c0\u03bb\u03b7\u03c1\u03bf\u03c6\u03bf\u03c1\u03af\u03b5\u03c2 \u03b5\u03af\u03bd\u03b1\u03b9 \u03b5\u03bd\u03b7\u03bc\u03b5\u03c1\u03c9\u03bc\u03ad\u03bd\u03b5\u03c2. \u039d\u03b1 \u03b8\u03c5\u03bc\u03ac\u03c3\u03c4\u03b5 \u03c0\u03ac\u03bd\u03c4\u03b1 \u03bd\u03b1 \u03b4\u03b9\u03b1\u03b2\u03ac\u03b6\u03b5\u03c4\u03b5 \u03c4\u03bf\u03c5\u03c2 \u03cc\u03c1\u03bf\u03c5\u03c2 \u03c7\u03c1\u03ae\u03c3\u03b7\u03c2 \u03ba\u03b1\u03b9 \u03c4\u03bf\u03c5\u03c2 \u03cc\u03c1\u03bf\u03c5\u03c2 \u03b1\u03c0\u03cc\u03ba\u03c4\u03b7\u03c3\u03b7\u03c2 \u03c4\u03c9\u03bd \u03c7\u03c1\u03b7\u03bc\u03b1\u03c4\u03bf\u03c0\u03b9\u03c3\u03c4\u03c9\u03c4\u03b9\u03ba\u03ce\u03bd \u03b9\u03b4\u03c1\u03c5\u03bc\u03ac\u03c4\u03c9\u03bd \u03c0\u03bf\u03c5 \u03b5\u03c0\u03b9\u03bb\u03ad\u03b3\u03b5\u03c4\u03b5. \u03a3\u03c5\u03bd\u03b5\u03c1\u03b3\u03ac\u03c4\u03b5\u03c2: \u03a0\u03ce\u03c2 \u03ba\u03b5\u03c1\u03b4\u03af\u03b6\u03bf\u03c5\u03bc\u03b5 \u03c7\u03c1\u03ae\u03bc\u03b1\u03c4\u03b1; \u039b\u03b1\u03bc\u03b2\u03ac\u03bd\u03bf\u03c5\u03bc\u03b5 \u03ad\u03bd\u03b1 \u03bc\u03b9\u03ba\u03c1\u03cc \u03c0\u03bf\u03c3\u03cc \u03b1\u03c0\u03cc \u03c4\u03b7 \u03b4\u03b9\u03b1\u03c6\u03ae\u03bc\u03b9\u03c3\u03b7 \u03c3\u03c4\u03bf\u03bd \u03b9\u03c3\u03c4\u03cc\u03c4\u03bf\u03c0\u03cc \u03bc\u03b1\u03c2 \u03ba\u03b1\u03b9 \u03b1\u03c0\u03cc \u03c4\u03bf\u03c5\u03c2 \u03c3\u03c5\u03bd\u03b5\u03c1\u03b3\u03ac\u03c4\u03b5\u03c2 \u03bc\u03b1\u03c2 \u03cc\u03c4\u03b1\u03bd \u03c0\u03b1\u03c1\u03b1\u03c0\u03ad\u03bc\u03c0\u03bf\u03c5\u03bc\u03b5 \u03ad\u03bd\u03b1\u03bd \u03c7\u03c1\u03ae\u03c3\u03c4\u03b7 \u03c0\u03bf\u03c5 \u03b6\u03b7\u03c4\u03ac \u03ad\u03bd\u03b1 \u03c0\u03c1\u03bf\u03ca\u03cc\u03bd \u03ae \u03bc\u03b9\u03b1 \u03c0\u03c1\u03cc\u03c4\u03b1\u03c3\u03b7. \u038c\u03bb\u03b1 \u03cc\u03c3\u03b1 \u03b4\u03b7\u03bc\u03bf\u03c3\u03b9\u03b5\u03cd\u03bf\u03c5\u03bc\u03b5 \u03b2\u03b1\u03c3\u03af\u03b6\u03bf\u03bd\u03c4\u03b1\u03b9 \u03c3\u03b5 \u03c0\u03bf\u03c3\u03bf\u03c4\u03b9\u03ba\u03ad\u03c2 \u03ba\u03b1\u03b9 \u03c0\u03bf\u03b9\u03bf\u03c4\u03b9\u03ba\u03ad\u03c2 \u03b1\u03be\u03b9\u03bf\u03bb\u03bf\u03b3\u03ae\u03c3\u03b5\u03b9\u03c2 \u03ba\u03ac\u03b8\u03b5 \u03c0\u03c1\u03bf\u03ca\u03cc\u03bd\u03c4\u03bf\u03c2. \u0391\u03be\u03af\u03b6\u03b5\u03b9 \u03bd\u03b1 \u03b1\u03bd\u03b1\u03c6\u03ad\u03c1\u03bf\u03c5\u03bc\u03b5 \u03cc\u03c4\u03b9 \u03bf\u03b9 \u03c3\u03c5\u03bd\u03b5\u03c1\u03b3\u03ac\u03c4\u03b5\u03c2 \u03bc\u03b1\u03c2 \u03bc\u03c0\u03bf\u03c1\u03bf\u03cd\u03bd \u03bd\u03b1 \u03b5\u03c0\u03b7\u03c1\u03b5\u03ac\u03c3\u03bf\u03c5\u03bd \u03ac\u03bc\u03b5\u03c3\u03b1 \u03c4\u03b1 \u03c0\u03c1\u03bf\u03ca\u03cc\u03bd\u03c4\u03b1 \u03c0\u03bf\u03c5 \u03b3\u03c1\u03ac\u03c6\u03bf\u03c5\u03bc\u03b5 \u03ba\u03b1\u03b9 \u03b5\u03be\u03b5\u03c4\u03ac\u03b6\u03bf\u03c5\u03bc\u03b5, \u03bc\u03b5 \u03c4\u03b7 \u03c3\u03b5\u03b9\u03c1\u03ac \u03c4\u03c9\u03bd \u00ab\u03ba\u03b1\u03bb\u03cd\u03c4\u03b5\u03c1\u03c9\u03bd\u00bb \u03ac\u03c1\u03b8\u03c1\u03c9\u03bd \u03ba\u03b1\u03b9 \u03cc\u03c0\u03bf\u03c5 \u03b5\u03bc\u03c6\u03b1\u03bd\u03af\u03b6\u03bf\u03bd\u03c4\u03b1\u03b9 \u03b1\u03c5\u03c4\u03ac \u03c4\u03b1 \u03c0\u03c1\u03bf\u03ca\u03cc\u03bd\u03c4\u03b1 \u03c3\u03c4\u03bf Holfik. \u039a\u03b1\u03b8\u03ce\u03c2 \u03ad\u03c7\u03bf\u03c5\u03bc\u03b5 \u03c0\u03bf\u03bb\u03bb\u03ac \u03c0\u03c1\u03bf\u03ca\u03cc\u03bd\u03c4\u03b1 \u03c3\u03c4\u03bf\u03bd \u03b9\u03c3\u03c4\u03cc\u03c4\u03bf\u03c0\u03cc \u03bc\u03b1\u03c2, \u03b4\u03b5\u03bd \u03c0\u03b1\u03c1\u03ad\u03c7\u03bf\u03c5\u03bc\u03b5 \u03ba\u03b1\u03bd\u03b5\u03bd\u03cc\u03c2 \u03b5\u03af\u03b4\u03bf\u03c5\u03c2 \u03b5\u03b3\u03b3\u03cd\u03b7\u03c3\u03b7 \u03b3\u03b9\u03b1 \u03c4\u03b7\u03bd \u03c0\u03bf\u03b9\u03cc\u03c4\u03b7\u03c4\u03b1 \u03ae \u03c4\u03b7\u03bd \u03b5\u03c0\u03b9\u03ba\u03b1\u03b9\u03c1\u03cc\u03c4\u03b7\u03c4\u03b1 \u03c4\u03c9\u03bd \u03c0\u03bb\u03b7\u03c1\u03bf\u03c6\u03bf\u03c1\u03b9\u03ce\u03bd \u03b3\u03b9\u03b1 \u03cc\u03bb\u03b1 \u03b1\u03c5\u03c4\u03ac \u03c4\u03b1 \u03c0\u03c1\u03bf\u03ca\u03cc\u03bd\u03c4\u03b1, \u03b3\u03b9&#039; \u03b1\u03c5\u03c4\u03cc \u03b5\u03b3\u03b3\u03c5\u03cc\u03bc\u03b1\u03c3\u03c4\u03b5 \u03ba\u03b1\u03b9 \u03b4\u03af\u03bd\u03bf\u03c5\u03bc\u03b5 \u03c0\u03c1\u03bf\u03c4\u03b5\u03c1\u03b1\u03b9\u03cc\u03c4\u03b7\u03c4\u03b1 \u03c3\u03c4\u03b9\u03c2 \u03c0\u03bb\u03b7\u03c1\u03bf\u03c6\u03bf\u03c1\u03af\u03b5\u03c2 \u03c4\u03c9\u03bd \u03c3\u03c5\u03bd\u03b5\u03c1\u03b3\u03b1\u03c4\u03ce\u03bd \u03bc\u03b1\u03c2. \u0395\u03bd\u03b7\u03bc\u03b5\u03c1\u03ce\u03c3\u03c4\u03b5 \u03bc\u03b1\u03c2 \u03c7\u03c1\u03b7\u03c3\u03b9\u03bc\u03bf\u03c0\u03bf\u03b9\u03ce\u03bd\u03c4\u03b1\u03c2 \u03c4\u03b7 \u03c6\u03cc\u03c1\u03bc\u03b1 \u03b5\u03c0\u03b9\u03ba\u03bf\u03b9\u03bd\u03c9\u03bd\u03af\u03b1\u03c2 \u03bc\u03b1\u03c2.<\/p>\n<p>\u0398\u03b5\u03c9\u03c1\u03ae\u03c3\u03b5\u03b9\u03c2:<br \/>\n\u0397 Holfik \u03c0\u03c1\u03bf\u03c3\u03c0\u03b1\u03b8\u03b5\u03af \u03bd\u03b1 \u03b4\u03b9\u03b1\u03c4\u03b7\u03c1\u03b5\u03af \u03cc\u03bb\u03b5\u03c2 \u03c4\u03b9\u03c2 \u03c0\u03bb\u03b7\u03c1\u03bf\u03c6\u03bf\u03c1\u03af\u03b5\u03c2 \u03b5\u03bd\u03b7\u03bc\u03b5\u03c1\u03c9\u03bc\u03ad\u03bd\u03b5\u03c2 \u03ba\u03b1\u03b9 \u03b1\u03ba\u03c1\u03b9\u03b2\u03b5\u03af\u03c2. \u0391\u03c5\u03c4\u03ad\u03c2 \u03bf\u03b9 \u03c0\u03bb\u03b7\u03c1\u03bf\u03c6\u03bf\u03c1\u03af\u03b5\u03c2 \u03b5\u03bd\u03b4\u03ad\u03c7\u03b5\u03c4\u03b1\u03b9 \u03bd\u03b1 \u03b4\u03b9\u03b1\u03c6\u03ad\u03c1\u03bf\u03c5\u03bd \u03b1\u03c0\u03cc \u03b1\u03c5\u03c4\u03ad\u03c2 \u03c0\u03bf\u03c5 \u03b2\u03bb\u03ad\u03c0\u03b5\u03c4\u03b5 \u03c3\u03c4\u03bf\u03c5\u03c2 \u03b9\u03c3\u03c4\u03cc\u03c4\u03bf\u03c0\u03bf\u03c5\u03c2 \u03c4\u03c9\u03bd \u03c7\u03c1\u03b7\u03bc\u03b1\u03c4\u03bf\u03c0\u03b9\u03c3\u03c4\u03c9\u03c4\u03b9\u03ba\u03ce\u03bd \u03b9\u03b4\u03c1\u03c5\u03bc\u03ac\u03c4\u03c9\u03bd, \u03c4\u03c9\u03bd \u03c0\u03b1\u03c1\u03cc\u03c7\u03c9\u03bd \u03c5\u03c0\u03b7\u03c1\u03b5\u03c3\u03b9\u03ce\u03bd \u03ae \u03b5\u03bd\u03cc\u03c2 \u03c3\u03c5\u03b3\u03ba\u03b5\u03ba\u03c1\u03b9\u03bc\u03ad\u03bd\u03bf\u03c5 \u03b9\u03c3\u03c4\u03cc\u03c4\u03bf\u03c0\u03bf\u03c5 \u03c0\u03c1\u03bf\u03ca\u03cc\u03bd\u03c4\u03bf\u03c2. \u03a3\u03c4\u03b7\u03bd \u03c0\u03b5\u03c1\u03af\u03c0\u03c4\u03c9\u03c3\u03b7 \u03c4\u03c9\u03bd \u03bc\u03b7 \u03b5\u03c4\u03b1\u03af\u03c1\u03c9\u03bd \u03b9\u03b4\u03c1\u03c5\u03bc\u03ac\u03c4\u03c9\u03bd, \u03cc\u03bb\u03b1 \u03c4\u03b1 \u03c7\u03c1\u03b7\u03bc\u03b1\u03c4\u03bf\u03bf\u03b9\u03ba\u03bf\u03bd\u03bf\u03bc\u03b9\u03ba\u03ac \u03c0\u03c1\u03bf\u03ca\u03cc\u03bd\u03c4\u03b1 \u03c0\u03b1\u03c1\u03bf\u03c5\u03c3\u03b9\u03ac\u03b6\u03bf\u03bd\u03c4\u03b1\u03b9 \u03c7\u03c9\u03c1\u03af\u03c2 \u03bd\u03b1 \u03b4\u03b9\u03b1\u03c3\u03c6\u03b1\u03bb\u03af\u03b6\u03b5\u03c4\u03b1\u03b9 \u03cc\u03c4\u03b9 \u03bf\u03b9 \u03c0\u03bb\u03b7\u03c1\u03bf\u03c6\u03bf\u03c1\u03af\u03b5\u03c2 \u03b5\u03af\u03bd\u03b1\u03b9 \u03b5\u03bd\u03b7\u03bc\u03b5\u03c1\u03c9\u03bc\u03ad\u03bd\u03b5\u03c2. \u039a\u03ac\u03b8\u03b5 \u03c6\u03bf\u03c1\u03ac \u03c0\u03bf\u03c5 \u03b5\u03c0\u03b9\u03bb\u03ad\u03b3\u03b5\u03c4\u03b5 \u03c4\u03b7\u03bd \u03c0\u03c1\u03bf\u03c3\u03c6\u03bf\u03c1\u03ac \u03c3\u03b1\u03c2, \u03b4\u03b9\u03b1\u03b2\u03ac\u03c3\u03c4\u03b5 \u03c4\u03bf\u03c5\u03c2 \u03cc\u03c1\u03bf\u03c5\u03c2 \u03c4\u03c9\u03bd \u03c7\u03c1\u03b7\u03bc\u03b1\u03c4\u03bf\u03c0\u03b9\u03c3\u03c4\u03c9\u03c4\u03b9\u03ba\u03ce\u03bd \u03b9\u03b4\u03c1\u03c5\u03bc\u03ac\u03c4\u03c9\u03bd \u03ba\u03b1\u03b9 \u03c4\u03bf\u03c5\u03c2 \u03cc\u03c1\u03bf\u03c5\u03c2 \u03b1\u03c0\u03cc\u03ba\u03c4\u03b7\u03c3\u03b7\u03c2.<\/p>\n<p>\u03a3\u03c5\u03bd\u03b5\u03c1\u03b3\u03b1\u03c3\u03af\u03b5\u03c2:<br \/>\n\u03a0\u03ce\u03c2 \u03b2\u03b3\u03ac\u03b6\u03bf\u03c5\u03bc\u03b5 \u03c7\u03c1\u03ae\u03bc\u03b1\u03c4\u03b1; \u039b\u03b1\u03bc\u03b2\u03ac\u03bd\u03bf\u03c5\u03bc\u03b5 \u03bc\u03b9\u03b1 \u03bc\u03b9\u03ba\u03c1\u03ae \u03b1\u03c0\u03bf\u03b6\u03b7\u03bc\u03af\u03c9\u03c3\u03b7 \u03b1\u03c0\u03cc \u03c4\u03b7 \u03b4\u03b9\u03b1\u03c6\u03ae\u03bc\u03b9\u03c3\u03b7 \u03c3\u03c4\u03bf\u03bd \u03b9\u03c3\u03c4\u03cc\u03c4\u03bf\u03c0\u03cc \u03bc\u03b1\u03c2, \u03b1\u03c0\u03cc \u03c4\u03bf\u03c5\u03c2 \u03c3\u03c5\u03bd\u03b5\u03c1\u03b3\u03ac\u03c4\u03b5\u03c2 \u03bc\u03b1\u03c2 \u03cc\u03c4\u03b1\u03bd \u03ba\u03ac\u03c0\u03bf\u03b9\u03bf\u03c2 \u03c5\u03c0\u03bf\u03b2\u03ac\u03bb\u03bb\u03b5\u03b9 \u03b1\u03af\u03c4\u03b7\u03bc\u03b1 \u03b3\u03b9\u03b1 \u03c0\u03c1\u03cc\u03c4\u03b1\u03c3\u03b7 \u03ae \u03b5\u03b3\u03ba\u03c1\u03af\u03bd\u03b5\u03c4\u03b1\u03b9 \u03b3\u03b9\u03b1 \u03ad\u03bd\u03b1 \u03c7\u03c1\u03b7\u03bc\u03b1\u03c4\u03bf\u03bf\u03b9\u03ba\u03bf\u03bd\u03bf\u03bc\u03b9\u03ba\u03cc \u03c0\u03c1\u03bf\u03ca\u03cc\u03bd \u03c0\u03bf\u03c5 \u03c0\u03c1\u03bf\u03c4\u03b5\u03af\u03bd\u03bf\u03c5\u03bc\u03b5. \u03a4\u03b1 \u03ac\u03c1\u03b8\u03c1\u03b1 \u03c0\u03bf\u03c5 \u03b4\u03b7\u03bc\u03bf\u03c3\u03b9\u03b5\u03cd\u03bf\u03c5\u03bc\u03b5 \u03c3\u03c4\u03bf holfik \u03b2\u03b1\u03c3\u03af\u03b6\u03bf\u03bd\u03c4\u03b1\u03b9 \u03c3\u03b5 \u03c0\u03bf\u03b9\u03bf\u03c4\u03b9\u03ba\u03ad\u03c2 \u03ba\u03b1\u03b9 \u03c0\u03bf\u03c3\u03bf\u03c4\u03b9\u03ba\u03ad\u03c2 \u03b1\u03be\u03b9\u03bf\u03bb\u03bf\u03b3\u03ae\u03c3\u03b5\u03b9\u03c2 \u03ba\u03ac\u03b8\u03b5 \u03c0\u03c1\u03bf\u03ca\u03cc\u03bd\u03c4\u03bf\u03c2 \u2013 \u03bc\u03cc\u03bd\u03bf. \u039f\u03b9 \u03c3\u03c5\u03bd\u03b5\u03c1\u03b3\u03b1\u03c3\u03af\u03b5\u03c2 \u03bc\u03b1\u03c2 \u03bc\u03c0\u03bf\u03c1\u03bf\u03cd\u03bd \u03bd\u03b1 \u03b5\u03c0\u03b7\u03c1\u03b5\u03ac\u03c3\u03bf\u03c5\u03bd \u03c4\u03b1 \u03c0\u03c1\u03bf\u03ca\u03cc\u03bd\u03c4\u03b1 \u03b3\u03b9\u03b1 \u03c4\u03b1 \u03bf\u03c0\u03bf\u03af\u03b1 \u03b3\u03c1\u03ac\u03c6\u03bf\u03c5\u03bc\u03b5 \u03ba\u03b1\u03b9 \u03b5\u03be\u03b5\u03c4\u03ac\u03b6\u03bf\u03c5\u03bc\u03b5, \u03c4\u03b7 \u03c3\u03b5\u03b9\u03c1\u03ac \u03bc\u03b5 \u03c4\u03b7\u03bd \u03bf\u03c0\u03bf\u03af\u03b1 \u03b5\u03bc\u03c6\u03b1\u03bd\u03af\u03b6\u03bf\u03bd\u03c4\u03b1\u03b9 \u03c4\u03b1 \u03c0\u03c1\u03bf\u03ca\u03cc\u03bd\u03c4\u03b1 \u03c3\u03c4\u03b1 \u00ab\u03ba\u03b1\u03bb\u03cd\u03c4\u03b5\u03c1\u03b1\u00bb \u03ac\u03c1\u03b8\u03c1\u03b1, \u03c0\u03bf\u03cd \u03ba\u03b1\u03b9 \u03b1\u03bd \u03b5\u03bc\u03c6\u03b1\u03bd\u03af\u03b6\u03bf\u03bd\u03c4\u03b1\u03b9 \u03c4\u03b1 \u03c0\u03c1\u03bf\u03ca\u03cc\u03bd\u03c4\u03b1 \u03c3\u03c4\u03bf Holfik \u03ba\u03b1\u03b9 \u03c0\u03bf\u03cd \u03b5\u03bc\u03c6\u03b1\u03bd\u03af\u03b6\u03bf\u03bd\u03c4\u03b1\u03b9 \u03c3\u03c4\u03bf\u03bd \u03b9\u03c3\u03c4\u03cc\u03c4\u03bf\u03c0\u03bf. \u03a0\u03b1\u03c1\u03bf\u03c5\u03c3\u03b9\u03ac\u03b6\u03bf\u03c5\u03bc\u03b5 \u03b1\u03c1\u03ba\u03b5\u03c4\u03ac \u03c0\u03c1\u03bf\u03ca\u03cc\u03bd\u03c4\u03b1, \u03cc\u03c0\u03c9\u03c2 \u03bc\u03c0\u03bf\u03c1\u03b5\u03af\u03c4\u03b5 \u03bd\u03b1 \u03b4\u03b5\u03af\u03c4\u03b5 \u03c3\u03c4\u03bf\u03bd \u03b9\u03c3\u03c4\u03cc\u03c4\u03bf\u03c0\u03cc \u03bc\u03b1\u03c2, \u03b4\u03b5\u03bd \u03b5\u03b3\u03b3\u03c5\u03cc\u03bc\u03b1\u03c3\u03c4\u03b5 \u03c4\u03b7\u03bd \u03c0\u03bf\u03b9\u03cc\u03c4\u03b7\u03c4\u03b1 \u03ba\u03b1\u03b9 \u03c4\u03b7\u03bd \u03b5\u03c0\u03b9\u03ba\u03b1\u03b9\u03c1\u03cc\u03c4\u03b7\u03c4\u03b1 \u03c4\u03c9\u03bd \u03c0\u03bb\u03b7\u03c1\u03bf\u03c6\u03bf\u03c1\u03b9\u03ce\u03bd \u03b3\u03b9\u03b1 \u03cc\u03bb\u03b1, \u03b3\u03b9&#039; \u03b1\u03c5\u03c4\u03cc \u03c4\u03bf \u03bb\u03cc\u03b3\u03bf \u03b4\u03af\u03bd\u03bf\u03c5\u03bc\u03b5 \u03c0\u03c1\u03bf\u03c4\u03b5\u03c1\u03b1\u03b9\u03cc\u03c4\u03b7\u03c4\u03b1 \u03ba\u03b1\u03b9 \u03b5\u03b3\u03b3\u03c5\u03cc\u03bc\u03b1\u03c3\u03c4\u03b5 \u03c0\u03bb\u03b7\u03c1\u03bf\u03c6\u03bf\u03c1\u03af\u03b5\u03c2 \u03b1\u03c0\u03cc \u03c3\u03c5\u03bd\u03b5\u03c1\u03b3\u03b1\u03b6\u03cc\u03bc\u03b5\u03bd\u03b1 \u03b9\u03b4\u03c1\u03cd\u03bc\u03b1\u03c4\u03b1.<\/p>","protected":false},"excerpt":{"rendered":"<p>\u03a0\u03c1\u03bf\u03c3\u03bf\u03c7\u03ae: \u0397 Holfik \u03b4\u03b5\u03bd \u03b6\u03b7\u03c4\u03ac \u03ba\u03b1\u03bd\u03ad\u03bd\u03b1 \u03c7\u03c1\u03b7\u03bc\u03b1\u03c4\u03b9\u03ba\u03cc \u03c0\u03bf\u03c3\u03cc \u03c5\u03c0\u03cc \u03bf\u03c0\u03bf\u03b9\u03b5\u03c3\u03b4\u03ae\u03c0\u03bf\u03c4\u03b5 \u03c3\u03c5\u03bd\u03b8\u03ae\u03ba\u03b5\u03c2 \u03b3\u03b9\u03b1 \u03c4\u03b7\u03bd \u03b1\u03c0\u03bf\u03b4\u03ad\u03c3\u03bc\u03b5\u03c5\u03c3\u03b7 \u03bf\u03c0\u03bf\u03b9\u03bf\u03c5\u03b4\u03ae\u03c0\u03bf\u03c4\u03b5 \u03b5\u03af\u03b4\u03bf\u03c5\u03c2 \u03c7\u03c1\u03b7\u03bc\u03b1\u03c4\u03bf\u03bf\u03b9\u03ba\u03bf\u03bd\u03bf\u03bc\u03b9\u03ba\u03bf\u03cd \u03c0\u03c1\u03bf\u03ca\u03cc\u03bd\u03c4\u03bf\u03c2, \u03b5\u03af\u03c4\u03b5 \u03c0\u03c1\u03cc\u03ba\u03b5\u03b9\u03c4\u03b1\u03b9 \u03b3\u03b9\u03b1 \u03c0\u03b9\u03c3\u03c4\u03c9\u03c4\u03b9\u03ba\u03ae \u03ba\u03ac\u03c1\u03c4\u03b1, \u03c7\u03c1\u03b7\u03bc\u03b1\u03c4\u03bf\u03b4\u03cc\u03c4\u03b7\u03c3\u03b7 \u03b5\u03af\u03c4\u03b5 \u03b3\u03b9\u03b1 \u03b4\u03ac\u03bd\u03b5\u03b9\u03bf. \u0395\u03ac\u03bd \u03c3\u03c5\u03bc\u03b2\u03b5\u03af \u03b1\u03c5\u03c4\u03cc, \u03b5\u03bd\u03b7\u03bc\u03b5\u03c1\u03ce\u03c3\u03c4\u03b5 \u03bc\u03b1\u03c2 \u03b1\u03bc\u03ad\u03c3\u03c9\u03c2 \u03bc\u03ad\u03c3\u03c9 \u03c4\u03b7\u03c2 \u03c6\u03cc\u03c1\u03bc\u03b1\u03c2. \u03a3\u03b7\u03bc\u03b5\u03b9\u03ce\u03c3\u03b5\u03b9\u03c2: \u0397 Holfik \u03ba\u03b1\u03c4\u03b1\u03b2\u03ac\u03bb\u03bb\u03b5\u03b9 \u03ba\u03ac\u03b8\u03b5 \u03b4\u03c5\u03bd\u03b1\u03c4\u03ae \u03c0\u03c1\u03bf\u03c3\u03c0\u03ac\u03b8\u03b5\u03b9\u03b1 \u03ce\u03c3\u03c4\u03b5 \u03cc\u03bb\u03b5\u03c2 \u03bf\u03b9 \u03c0\u03bb\u03b7\u03c1\u03bf\u03c6\u03bf\u03c1\u03af\u03b5\u03c2 \u03bd\u03b1 \u03b5\u03af\u03bd\u03b1\u03b9 \u03cc\u03c3\u03bf \u03c4\u03bf \u03b4\u03c5\u03bd\u03b1\u03c4\u03cc\u03bd \u03c0\u03b9\u03bf \u03b5\u03bd\u03b7\u03bc\u03b5\u03c1\u03c9\u03bc\u03ad\u03bd\u03b5\u03c2. \u0391\u03be\u03af\u03b6\u03b5\u03b9 \u03bd\u03b1 \u03c3\u03b7\u03bc\u03b5\u03b9\u03c9\u03b8\u03b5\u03af \u03cc\u03c4\u03b9 \u03b1\u03c5\u03c4\u03ac \u03c4\u03b1 [\u2026]<\/p>","protected":false},"author":1,"featured_media":0,"parent":0,"menu_order":0,"comment_status":"closed","ping_status":"closed","template":"","meta":{"footnotes":""},"class_list":["post-12","page","type-page","status-publish","hentry"],"yoast_head":"<!-- This site is optimized with the Yoast SEO plugin v22.5 - https:\/\/yoast.com\/wordpress\/plugins\/seo\/ -->\n<title>Disclaimer - Holfik<\/title>\n<meta name=\"robots\" content=\"index, follow, max-snippet:-1, max-image-preview:large, max-video-preview:-1\" \/>\n<link rel=\"canonical\" href=\"https:\/\/holfik.com\/el\/disclaimer\/\" \/>\n<meta property=\"og:locale\" content=\"el_GR\" \/>\n<meta property=\"og:type\" content=\"article\" \/>\n<meta property=\"og:title\" content=\"Disclaimer - Holfik\" \/>\n<meta property=\"og:description\" content=\"Aten\u00e7\u00e3o: O holfik n\u00e3o solicita em nenhuma situa\u00e7\u00e3o quantias em dinheiro para libera\u00e7\u00e3o de qualquer tipo de produto financeiro, seja cart\u00e3o de cr\u00e9dito, financiamento ou empr\u00e9stimo. Caso isto aconte\u00e7a nos avise pelo formul\u00e1rio imediatamente. Observa\u00e7\u00f5es: O holfik trabalha para manter todas informa\u00e7\u00f5es o mais atualizadas poss\u00edvel. Vale ressaltar que essas [&hellip;]\" \/>\n<meta property=\"og:url\" content=\"https:\/\/holfik.com\/el\/disclaimer\/\" \/>\n<meta property=\"og:site_name\" content=\"Holfik\" \/>\n<meta name=\"twitter:card\" content=\"summary_large_image\" \/>\n<meta name=\"twitter:label1\" content=\"\u0395\u03ba\u03c4\u03b9\u03bc\u03ce\u03bc\u03b5\u03bd\u03bf\u03c2 \u03c7\u03c1\u03cc\u03bd\u03bf\u03c2 \u03b1\u03bd\u03ac\u03b3\u03bd\u03c9\u03c3\u03b7\u03c2\" \/>\n\t<meta name=\"twitter:data1\" content=\"2 \u03bb\u03b5\u03c0\u03c4\u03ac\" \/>\n<script type=\"application\/ld+json\" class=\"yoast-schema-graph\">{\"@context\":\"https:\/\/schema.org\",\"@graph\":[{\"@type\":\"WebPage\",\"@id\":\"https:\/\/holfik.com\/sv\/disclaimer\/\",\"url\":\"https:\/\/holfik.com\/sv\/disclaimer\/\",\"name\":\"Disclaimer - Holfik\",\"isPartOf\":{\"@id\":\"https:\/\/holfik.com\/it\/#website\"},\"datePublished\":\"2023-05-07T06:14:12+00:00\",\"dateModified\":\"2023-05-07T06:14:12+00:00\",\"breadcrumb\":{\"@id\":\"https:\/\/holfik.com\/sv\/disclaimer\/#breadcrumb\"},\"inLanguage\":\"el\",\"potentialAction\":[{\"@type\":\"ReadAction\",\"target\":[\"https:\/\/holfik.com\/sv\/disclaimer\/\"]}]},{\"@type\":\"BreadcrumbList\",\"@id\":\"https:\/\/holfik.com\/sv\/disclaimer\/#breadcrumb\",\"itemListElement\":[{\"@type\":\"ListItem\",\"position\":1,\"name\":\"In\u00edcio\",\"item\":\"https:\/\/holfik.com\/it\/\"},{\"@type\":\"ListItem\",\"position\":2,\"name\":\"Disclaimer\"}]},{\"@type\":\"WebSite\",\"@id\":\"https:\/\/holfik.com\/it\/#website\",\"url\":\"https:\/\/holfik.com\/it\/\",\"name\":\"Holfik\",\"description\":\"Site de Not\u00edcias e M\u00eddia\",\"publisher\":{\"@id\":\"https:\/\/holfik.com\/it\/#organization\"},\"potentialAction\":[{\"@type\":\"SearchAction\",\"target\":{\"@type\":\"EntryPoint\",\"urlTemplate\":\"https:\/\/holfik.com\/it\/?s={search_term_string}\"},\"query-input\":\"required name=search_term_string\"}],\"inLanguage\":\"el\"},{\"@type\":\"Organization\",\"@id\":\"https:\/\/holfik.com\/it\/#organization\",\"name\":\"Holfik\",\"url\":\"https:\/\/holfik.com\/it\/\",\"logo\":{\"@type\":\"ImageObject\",\"inLanguage\":\"el\",\"@id\":\"https:\/\/holfik.com\/it\/#\/schema\/logo\/image\/\",\"url\":\"https:\/\/holfik.com\/wp-content\/uploads\/2025\/07\/download1.png\",\"contentUrl\":\"https:\/\/holfik.com\/wp-content\/uploads\/2025\/07\/download1.png\",\"width\":150,\"height\":100,\"caption\":\"Holfik\"},\"image\":{\"@id\":\"https:\/\/holfik.com\/it\/#\/schema\/logo\/image\/\"}}]}<\/script>\n<!-- \/ Yoast SEO plugin. -->","yoast_head_json":{"title":"Disclaimer - Holfik","robots":{"index":"index","follow":"follow","max-snippet":"max-snippet:-1","max-image-preview":"max-image-preview:large","max-video-preview":"max-video-preview:-1"},"canonical":"https:\/\/holfik.com\/el\/disclaimer\/","og_locale":"el_GR","og_type":"article","og_title":"Disclaimer - Holfik","og_description":"Aten\u00e7\u00e3o: O holfik n\u00e3o solicita em nenhuma situa\u00e7\u00e3o quantias em dinheiro para libera\u00e7\u00e3o de qualquer tipo de produto financeiro, seja cart\u00e3o de cr\u00e9dito, financiamento ou empr\u00e9stimo. Caso isto aconte\u00e7a nos avise pelo formul\u00e1rio imediatamente. Observa\u00e7\u00f5es: O holfik trabalha para manter todas informa\u00e7\u00f5es o mais atualizadas poss\u00edvel. Vale ressaltar que essas [&hellip;]","og_url":"https:\/\/holfik.com\/el\/disclaimer\/","og_site_name":"Holfik","twitter_card":"summary_large_image","twitter_misc":{"\u0395\u03ba\u03c4\u03b9\u03bc\u03ce\u03bc\u03b5\u03bd\u03bf\u03c2 \u03c7\u03c1\u03cc\u03bd\u03bf\u03c2 \u03b1\u03bd\u03ac\u03b3\u03bd\u03c9\u03c3\u03b7\u03c2":"2 \u03bb\u03b5\u03c0\u03c4\u03ac"},"schema":{"@context":"https:\/\/schema.org","@graph":[{"@type":"WebPage","@id":"https:\/\/holfik.com\/sv\/disclaimer\/","url":"https:\/\/holfik.com\/sv\/disclaimer\/","name":"Disclaimer - Holfik","isPartOf":{"@id":"https:\/\/holfik.com\/it\/#website"},"datePublished":"2023-05-07T06:14:12+00:00","dateModified":"2023-05-07T06:14:12+00:00","breadcrumb":{"@id":"https:\/\/holfik.com\/sv\/disclaimer\/#breadcrumb"},"inLanguage":"el","potentialAction":[{"@type":"ReadAction","target":["https:\/\/holfik.com\/sv\/disclaimer\/"]}]},{"@type":"BreadcrumbList","@id":"https:\/\/holfik.com\/sv\/disclaimer\/#breadcrumb","itemListElement":[{"@type":"ListItem","position":1,"name":"In\u00edcio","item":"https:\/\/holfik.com\/it\/"},{"@type":"ListItem","position":2,"name":"Disclaimer"}]},{"@type":"WebSite","@id":"https:\/\/holfik.com\/it\/#website","url":"https:\/\/holfik.com\/it\/","name":"Holfik","description":"Site de Not\u00edcias e M\u00eddia","publisher":{"@id":"https:\/\/holfik.com\/it\/#organization"},"potentialAction":[{"@type":"SearchAction","target":{"@type":"EntryPoint","urlTemplate":"https:\/\/holfik.com\/it\/?s={search_term_string}"},"query-input":"required name=search_term_string"}],"inLanguage":"el"},{"@type":"Organization","@id":"https:\/\/holfik.com\/it\/#organization","name":"Holfik","url":"https:\/\/holfik.com\/it\/","logo":{"@type":"ImageObject","inLanguage":"el","@id":"https:\/\/holfik.com\/it\/#\/schema\/logo\/image\/","url":"https:\/\/holfik.com\/wp-content\/uploads\/2025\/07\/download1.png","contentUrl":"https:\/\/holfik.com\/wp-content\/uploads\/2025\/07\/download1.png","width":150,"height":100,"caption":"Holfik"},"image":{"@id":"https:\/\/holfik.com\/it\/#\/schema\/logo\/image\/"}}]}},"_links":{"self":[{"href":"https:\/\/holfik.com\/el\/wp-json\/wp\/v2\/pages\/12","targetHints":{"allow":["GET"]}}],"collection":[{"href":"https:\/\/holfik.com\/el\/wp-json\/wp\/v2\/pages"}],"about":[{"href":"https:\/\/holfik.com\/el\/wp-json\/wp\/v2\/types\/page"}],"author":[{"embeddable":true,"href":"https:\/\/holfik.com\/el\/wp-json\/wp\/v2\/users\/1"}],"replies":[{"embeddable":true,"href":"https:\/\/holfik.com\/el\/wp-json\/wp\/v2\/comments?post=12"}],"version-history":[{"count":1,"href":"https:\/\/holfik.com\/el\/wp-json\/wp\/v2\/pages\/12\/revisions"}],"predecessor-version":[{"id":13,"href":"https:\/\/holfik.com\/el\/wp-json\/wp\/v2\/pages\/12\/revisions\/13"}],"wp:attachment":[{"href":"https:\/\/holfik.com\/el\/wp-json\/wp\/v2\/media?parent=12"}],"curies":[{"name":"wp","href":"https:\/\/api.w.org\/{rel}","templated":true}]}}