{"id":389,"date":"2024-02-01T16:58:15","date_gmt":"2024-02-01T19:58:15","guid":{"rendered":"https:\/\/holfik.com\/?page_id=389"},"modified":"2024-02-01T16:58:15","modified_gmt":"2024-02-01T19:58:15","slug":"pagina-inicial","status":"publish","type":"page","link":"https:\/\/holfik.com\/de\/pagina-inicial\/","title":{"rendered":"Startseite"},"content":{"rendered":"<h2>Warum auf unsere Inhalte zugreifen?<\/h2>\n<p>In einer zunehmend vernetzten Welt sind Informationen zug\u00e4nglicher denn je. Bei der F\u00fclle an verf\u00fcgbaren Inhalten kann es jedoch schwierig sein, zuverl\u00e4ssige und relevante Informationen zu finden. Hier kommt die Rolle einer Artikel- und Nachrichten-Website ins Spiel. Unsere Inhalte werden von einem Team erfahrener und qualifizierter Journalisten erstellt, die sich daf\u00fcr einsetzen, den Lesern genaue und aktuelle Informationen zu liefern. Dar\u00fcber hinaus sind unsere Inhalte umfassend und decken ein breites Themenspektrum ab, von aktuellen Nachrichten bis hin zu Unterhaltung und Kultur. Das bedeutet, dass Sie unabh\u00e4ngig von Ihren Interessen immer etwas Interessantes finden.<\/p>\n<h4>Nachricht<\/h4>\n<p>Unver\u00f6ffentlichte Nachrichten \u00fcber das Geschehen auf der ganzen Welt. Hier finden Sie eine umfangreiche Umgebung mit aktualisierten 100%-Informationen.<\/p>\n<h4>Finanzen<\/h4>\n<p>Informieren Sie sich \u00fcber die wichtigsten Ereignisse auf dem aktuellen Finanzmarkt, erhalten Sie Tipps, Methoden und vieles mehr!<\/p>\n<h4>Qualit\u00e4t<\/h4>\n<p>Auf unserer Website ist Qualit\u00e4t garantiert und wir bieten umfassende, zuverl\u00e4ssige und vor allem hochwertige Informationen.<\/p>","protected":false},"excerpt":{"rendered":"<p>Warum Sie auf unsere Inhalte zugreifen sollten: In einer zunehmend vernetzten Welt sind Informationen leichter zug\u00e4nglich als je zuvor. Angesichts der F\u00fclle verf\u00fcgbarer Inhalte kann es jedoch schwierig sein, zuverl\u00e4ssige und relevante Informationen zu finden. Hier kommt die Rolle einer Artikel- und Nachrichten-Website ins Spiel. Unsere [\u2026]<\/p>","protected":false},"author":1,"featured_media":0,"parent":0,"menu_order":0,"comment_status":"closed","ping_status":"closed","template":"","meta":{"footnotes":""},"class_list":["post-389","page","type-page","status-publish","hentry"],"yoast_head":"<!-- This site is optimized with the Yoast SEO plugin v22.5 - https:\/\/yoast.com\/wordpress\/plugins\/seo\/ -->\n<title>pagina inicial - Holfik<\/title>\n<meta name=\"robots\" content=\"index, follow, max-snippet:-1, max-image-preview:large, max-video-preview:-1\" \/>\n<link rel=\"canonical\" href=\"http:\/\/holfik.com\/de\/pagina-inicial\/\" \/>\n<meta property=\"og:locale\" content=\"de_DE\" \/>\n<meta property=\"og:type\" content=\"article\" \/>\n<meta property=\"og:title\" content=\"pagina inicial - Holfik\" \/>\n<meta property=\"og:description\" content=\"Por que acessar nossos conte\u00fados Em um mundo cada vez mais conectado, a informa\u00e7\u00e3o \u00e9 mais acess\u00edvel do que nunca. No entanto, com a abund\u00e2ncia de conte\u00fado dispon\u00edvel, pode ser dif\u00edcil encontrar informa\u00e7\u00f5es confi\u00e1veis e relevantes. \u00c9 aqui que entra o papel de um site de artigos e not\u00edcias. Nossos [&hellip;]\" \/>\n<meta property=\"og:url\" content=\"http:\/\/holfik.com\/de\/pagina-inicial\/\" \/>\n<meta property=\"og:site_name\" content=\"Holfik\" \/>\n<meta name=\"twitter:card\" content=\"summary_large_image\" \/>\n<script type=\"application\/ld+json\" class=\"yoast-schema-graph\">{\"@context\":\"https:\/\/schema.org\",\"@graph\":[{\"@type\":\"WebPage\",\"@id\":\"http:\/\/holfik.com\/it\/pagina-inicial\/\",\"url\":\"http:\/\/holfik.com\/it\/pagina-inicial\/\",\"name\":\"pagina inicial - Holfik\",\"isPartOf\":{\"@id\":\"https:\/\/holfik.com\/fr\/#website\"},\"datePublished\":\"2024-02-01T19:58:15+00:00\",\"dateModified\":\"2024-02-01T19:58:15+00:00\",\"breadcrumb\":{\"@id\":\"http:\/\/holfik.com\/it\/pagina-inicial\/#breadcrumb\"},\"inLanguage\":\"de\",\"potentialAction\":[{\"@type\":\"ReadAction\",\"target\":[\"http:\/\/holfik.com\/it\/pagina-inicial\/\"]}]},{\"@type\":\"BreadcrumbList\",\"@id\":\"http:\/\/holfik.com\/it\/pagina-inicial\/#breadcrumb\",\"itemListElement\":[{\"@type\":\"ListItem\",\"position\":1,\"name\":\"In\u00edcio\",\"item\":\"https:\/\/holfik.com\/fr\/\"},{\"@type\":\"ListItem\",\"position\":2,\"name\":\"pagina inicial\"}]},{\"@type\":\"WebSite\",\"@id\":\"https:\/\/holfik.com\/fr\/#website\",\"url\":\"https:\/\/holfik.com\/fr\/\",\"name\":\"Holfik\",\"description\":\"Site de Not\u00edcias e M\u00eddia\",\"publisher\":{\"@id\":\"https:\/\/holfik.com\/fr\/#organization\"},\"potentialAction\":[{\"@type\":\"SearchAction\",\"target\":{\"@type\":\"EntryPoint\",\"urlTemplate\":\"https:\/\/holfik.com\/fr\/?s={search_term_string}\"},\"query-input\":\"required name=search_term_string\"}],\"inLanguage\":\"de\"},{\"@type\":\"Organization\",\"@id\":\"https:\/\/holfik.com\/fr\/#organization\",\"name\":\"Holfik\",\"url\":\"https:\/\/holfik.com\/fr\/\",\"logo\":{\"@type\":\"ImageObject\",\"inLanguage\":\"de\",\"@id\":\"https:\/\/holfik.com\/fr\/#\/schema\/logo\/image\/\",\"url\":\"https:\/\/holfik.com\/wp-content\/uploads\/2025\/07\/download1.png\",\"contentUrl\":\"https:\/\/holfik.com\/wp-content\/uploads\/2025\/07\/download1.png\",\"width\":150,\"height\":100,\"caption\":\"Holfik\"},\"image\":{\"@id\":\"https:\/\/holfik.com\/fr\/#\/schema\/logo\/image\/\"}}]}<\/script>\n<!-- \/ Yoast SEO plugin. -->","yoast_head_json":{"title":"pagina inicial - Holfik","robots":{"index":"index","follow":"follow","max-snippet":"max-snippet:-1","max-image-preview":"max-image-preview:large","max-video-preview":"max-video-preview:-1"},"canonical":"http:\/\/holfik.com\/de\/pagina-inicial\/","og_locale":"de_DE","og_type":"article","og_title":"pagina inicial - Holfik","og_description":"Por que acessar nossos conte\u00fados Em um mundo cada vez mais conectado, a informa\u00e7\u00e3o \u00e9 mais acess\u00edvel do que nunca. No entanto, com a abund\u00e2ncia de conte\u00fado dispon\u00edvel, pode ser dif\u00edcil encontrar informa\u00e7\u00f5es confi\u00e1veis e relevantes. \u00c9 aqui que entra o papel de um site de artigos e not\u00edcias. Nossos [&hellip;]","og_url":"http:\/\/holfik.com\/de\/pagina-inicial\/","og_site_name":"Holfik","twitter_card":"summary_large_image","schema":{"@context":"https:\/\/schema.org","@graph":[{"@type":"WebPage","@id":"http:\/\/holfik.com\/it\/pagina-inicial\/","url":"http:\/\/holfik.com\/it\/pagina-inicial\/","name":"pagina inicial - Holfik","isPartOf":{"@id":"https:\/\/holfik.com\/fr\/#website"},"datePublished":"2024-02-01T19:58:15+00:00","dateModified":"2024-02-01T19:58:15+00:00","breadcrumb":{"@id":"http:\/\/holfik.com\/it\/pagina-inicial\/#breadcrumb"},"inLanguage":"de","potentialAction":[{"@type":"ReadAction","target":["http:\/\/holfik.com\/it\/pagina-inicial\/"]}]},{"@type":"BreadcrumbList","@id":"http:\/\/holfik.com\/it\/pagina-inicial\/#breadcrumb","itemListElement":[{"@type":"ListItem","position":1,"name":"In\u00edcio","item":"https:\/\/holfik.com\/fr\/"},{"@type":"ListItem","position":2,"name":"pagina inicial"}]},{"@type":"WebSite","@id":"https:\/\/holfik.com\/fr\/#website","url":"https:\/\/holfik.com\/fr\/","name":"Holfik","description":"Site de Not\u00edcias e M\u00eddia","publisher":{"@id":"https:\/\/holfik.com\/fr\/#organization"},"potentialAction":[{"@type":"SearchAction","target":{"@type":"EntryPoint","urlTemplate":"https:\/\/holfik.com\/fr\/?s={search_term_string}"},"query-input":"required name=search_term_string"}],"inLanguage":"de"},{"@type":"Organization","@id":"https:\/\/holfik.com\/fr\/#organization","name":"Holfik","url":"https:\/\/holfik.com\/fr\/","logo":{"@type":"ImageObject","inLanguage":"de","@id":"https:\/\/holfik.com\/fr\/#\/schema\/logo\/image\/","url":"https:\/\/holfik.com\/wp-content\/uploads\/2025\/07\/download1.png","contentUrl":"https:\/\/holfik.com\/wp-content\/uploads\/2025\/07\/download1.png","width":150,"height":100,"caption":"Holfik"},"image":{"@id":"https:\/\/holfik.com\/fr\/#\/schema\/logo\/image\/"}}]}},"_links":{"self":[{"href":"https:\/\/holfik.com\/de\/wp-json\/wp\/v2\/pages\/389","targetHints":{"allow":["GET"]}}],"collection":[{"href":"https:\/\/holfik.com\/de\/wp-json\/wp\/v2\/pages"}],"about":[{"href":"https:\/\/holfik.com\/de\/wp-json\/wp\/v2\/types\/page"}],"author":[{"embeddable":true,"href":"https:\/\/holfik.com\/de\/wp-json\/wp\/v2\/users\/1"}],"replies":[{"embeddable":true,"href":"https:\/\/holfik.com\/de\/wp-json\/wp\/v2\/comments?post=389"}],"version-history":[{"count":1,"href":"https:\/\/holfik.com\/de\/wp-json\/wp\/v2\/pages\/389\/revisions"}],"predecessor-version":[{"id":391,"href":"https:\/\/holfik.com\/de\/wp-json\/wp\/v2\/pages\/389\/revisions\/391"}],"wp:attachment":[{"href":"https:\/\/holfik.com\/de\/wp-json\/wp\/v2\/media?parent=389"}],"curies":[{"name":"wp","href":"https:\/\/api.w.org\/{rel}","templated":true}]}}