{"id":12,"date":"2023-05-07T03:14:12","date_gmt":"2023-05-07T06:14:12","guid":{"rendered":"https:\/\/holfik.com\/?page_id=12"},"modified":"2023-05-07T03:14:12","modified_gmt":"2023-05-07T06:14:12","slug":"disclaimer","status":"publish","type":"page","link":"https:\/\/holfik.com\/de\/disclaimer\/","title":{"rendered":"Haftungsausschluss"},"content":{"rendered":"<p>Aufmerksamkeit:<br \/>\nHolfik verlangt unter keinen Umst\u00e4nden Geldbetr\u00e4ge f\u00fcr die Freigabe von Finanzprodukten jeglicher Art, sei es eine Kreditkarte, eine Finanzierung oder ein Darlehen. Teilen Sie uns in diesem Fall umgehend \u00fcber das Formular mit. Hinweise: Holfik bem\u00fcht sich, alle Informationen so aktuell wie m\u00f6glich zu halten. Es ist zu beachten, dass diese Informationen von den Informationen auf den Websites von Finanzinstituten und\/oder Dienstleistern auf einer bestimmten Website abweichen k\u00f6nnen. F\u00fcr Institutionen, mit denen wir keine Partnerschaften unterhalten, besteht f\u00fcr alle auf dieser Website https:\/\/holfik.com aufgef\u00fchrten Produkte keine Garantie f\u00fcr die Aktualit\u00e4t der Informationen. Denken Sie immer daran, die Nutzungsbedingungen und Erwerbsbedingungen der von Ihnen ausgew\u00e4hlten Finanzinstitute zu lesen. Partner: Wie monetarisieren wir? Wir erhalten einen kleinen Betrag aus der Werbung auf unserer Website und von unseren Partnern, wenn wir einen Benutzer empfehlen, der ein Produkt oder einen Vorschlag anfordert. Alles, was wir ver\u00f6ffentlichen, basiert auf quantitativen und qualitativen Bewertungen jedes Produkts. Erw\u00e4hnenswert ist, dass unsere Partner direkten Einfluss darauf haben, welche Produkte wir schreiben und bewerten, in der Reihenfolge der \u201ebesten\u201c Artikel und wo diese Produkte auf Holfik erscheinen. Da wir mehrere Produkte auf unserer Website anbieten, geben wir keinerlei Garantie f\u00fcr die Qualit\u00e4t oder Aktualit\u00e4t der Informationen zu all diesen Produkten, weshalb wir die Informationen unserer Partner garantieren und priorisieren. Teilen Sie uns dies \u00fcber unser Kontaktformular mit.<\/p>\n<p>\u00dcberlegungen:<br \/>\nHolfik ist bestrebt, alle Informationen aktuell und korrekt zu halten. Diese Informationen k\u00f6nnen sich von denen unterscheiden, die Sie auf den Websites von Finanzinstituten, Dienstleistern oder einer bestimmten Produktwebsite sehen. Bei Nicht-Partnerinstituten erfolgt die Darstellung aller Finanzprodukte ohne Gew\u00e4hr f\u00fcr die Aktualit\u00e4t der Informationen. Lesen Sie bei der Auswahl Ihres Angebots die Konditionen der Finanzinstitute und die Kaufbedingungen.<\/p>\n<p>Partnerschaften:<br \/>\nWie verdienen wir Geld? Wir erhalten eine kleine Verg\u00fctung durch Werbung auf unserer Website oder von unseren Partnern, wenn jemand eine Angebotsanfrage stellt oder f\u00fcr ein von uns empfohlenes Finanzprodukt zugelassen wird. Die Artikel, die wir auf holfik ver\u00f6ffentlichen, basieren ausschlie\u00dflich auf qualitativen und quantitativen Bewertungen der einzelnen Produkte. Unsere Partnerschaften k\u00f6nnen Einfluss darauf haben, \u00fcber welche Produkte wir schreiben und welche wir bewerten, in welcher Reihenfolge die Produkte in den \u201ebesten\u201c Artikeln erscheinen, wo und ob Produkte auf Holfik erscheinen und wo sie auf der Website angezeigt werden. Wie Sie auf unserer Website sehen k\u00f6nnen, stellen wir mehrere Produkte vor. Wir \u00fcbernehmen keine Garantie f\u00fcr die Qualit\u00e4t und Aktualit\u00e4t der Informationen zu allen Produkten. Aus diesem Grund priorisieren und garantieren wir Informationen von Partnerinstitutionen.<\/p>","protected":false},"excerpt":{"rendered":"<p>Achtung: Holfik verlangt unter keinen Umst\u00e4nden einen Geldbetrag f\u00fcr die Herausgabe jeglicher Art von Finanzprodukten, sei es eine Kreditkarte, eine Finanzierung oder ein Darlehen. Sollte dies der Fall sein, informieren Sie uns bitte umgehend \u00fcber das Formular. Hinweise: Holfik ist bestrebt, alle Informationen so aktuell wie m\u00f6glich zu halten. Es ist erw\u00e4hnenswert, dass diese [\u2026]<\/p>","protected":false},"author":1,"featured_media":0,"parent":0,"menu_order":0,"comment_status":"closed","ping_status":"closed","template":"","meta":{"footnotes":""},"class_list":["post-12","page","type-page","status-publish","hentry"],"yoast_head":"<!-- This site is optimized with the Yoast SEO plugin v22.5 - https:\/\/yoast.com\/wordpress\/plugins\/seo\/ -->\n<title>Disclaimer - Holfik<\/title>\n<meta name=\"robots\" content=\"index, follow, max-snippet:-1, max-image-preview:large, max-video-preview:-1\" \/>\n<link rel=\"canonical\" href=\"https:\/\/holfik.com\/de\/disclaimer\/\" \/>\n<meta property=\"og:locale\" content=\"de_DE\" \/>\n<meta property=\"og:type\" content=\"article\" \/>\n<meta property=\"og:title\" content=\"Disclaimer - Holfik\" \/>\n<meta property=\"og:description\" content=\"Aten\u00e7\u00e3o: O holfik n\u00e3o solicita em nenhuma situa\u00e7\u00e3o quantias em dinheiro para libera\u00e7\u00e3o de qualquer tipo de produto financeiro, seja cart\u00e3o de cr\u00e9dito, financiamento ou empr\u00e9stimo. Caso isto aconte\u00e7a nos avise pelo formul\u00e1rio imediatamente. Observa\u00e7\u00f5es: O holfik trabalha para manter todas informa\u00e7\u00f5es o mais atualizadas poss\u00edvel. Vale ressaltar que essas [&hellip;]\" \/>\n<meta property=\"og:url\" content=\"https:\/\/holfik.com\/de\/disclaimer\/\" \/>\n<meta property=\"og:site_name\" content=\"Holfik\" \/>\n<meta name=\"twitter:card\" content=\"summary_large_image\" \/>\n<meta name=\"twitter:label1\" content=\"Gesch\u00e4tzte Lesezeit\" \/>\n\t<meta name=\"twitter:data1\" content=\"2\u00a0Minuten\" \/>\n<script type=\"application\/ld+json\" class=\"yoast-schema-graph\">{\"@context\":\"https:\/\/schema.org\",\"@graph\":[{\"@type\":\"WebPage\",\"@id\":\"https:\/\/holfik.com\/de\/disclaimer\/\",\"url\":\"https:\/\/holfik.com\/de\/disclaimer\/\",\"name\":\"Disclaimer - Holfik\",\"isPartOf\":{\"@id\":\"https:\/\/holfik.com\/fr\/#website\"},\"datePublished\":\"2023-05-07T06:14:12+00:00\",\"dateModified\":\"2023-05-07T06:14:12+00:00\",\"breadcrumb\":{\"@id\":\"https:\/\/holfik.com\/de\/disclaimer\/#breadcrumb\"},\"inLanguage\":\"de\",\"potentialAction\":[{\"@type\":\"ReadAction\",\"target\":[\"https:\/\/holfik.com\/de\/disclaimer\/\"]}]},{\"@type\":\"BreadcrumbList\",\"@id\":\"https:\/\/holfik.com\/de\/disclaimer\/#breadcrumb\",\"itemListElement\":[{\"@type\":\"ListItem\",\"position\":1,\"name\":\"In\u00edcio\",\"item\":\"https:\/\/holfik.com\/fr\/\"},{\"@type\":\"ListItem\",\"position\":2,\"name\":\"Disclaimer\"}]},{\"@type\":\"WebSite\",\"@id\":\"https:\/\/holfik.com\/fr\/#website\",\"url\":\"https:\/\/holfik.com\/fr\/\",\"name\":\"Holfik\",\"description\":\"Site de Not\u00edcias e M\u00eddia\",\"publisher\":{\"@id\":\"https:\/\/holfik.com\/fr\/#organization\"},\"potentialAction\":[{\"@type\":\"SearchAction\",\"target\":{\"@type\":\"EntryPoint\",\"urlTemplate\":\"https:\/\/holfik.com\/fr\/?s={search_term_string}\"},\"query-input\":\"required name=search_term_string\"}],\"inLanguage\":\"de\"},{\"@type\":\"Organization\",\"@id\":\"https:\/\/holfik.com\/fr\/#organization\",\"name\":\"Holfik\",\"url\":\"https:\/\/holfik.com\/fr\/\",\"logo\":{\"@type\":\"ImageObject\",\"inLanguage\":\"de\",\"@id\":\"https:\/\/holfik.com\/fr\/#\/schema\/logo\/image\/\",\"url\":\"https:\/\/holfik.com\/wp-content\/uploads\/2025\/07\/download1.png\",\"contentUrl\":\"https:\/\/holfik.com\/wp-content\/uploads\/2025\/07\/download1.png\",\"width\":150,\"height\":100,\"caption\":\"Holfik\"},\"image\":{\"@id\":\"https:\/\/holfik.com\/fr\/#\/schema\/logo\/image\/\"}}]}<\/script>\n<!-- \/ Yoast SEO plugin. -->","yoast_head_json":{"title":"Disclaimer - Holfik","robots":{"index":"index","follow":"follow","max-snippet":"max-snippet:-1","max-image-preview":"max-image-preview:large","max-video-preview":"max-video-preview:-1"},"canonical":"https:\/\/holfik.com\/de\/disclaimer\/","og_locale":"de_DE","og_type":"article","og_title":"Disclaimer - Holfik","og_description":"Aten\u00e7\u00e3o: O holfik n\u00e3o solicita em nenhuma situa\u00e7\u00e3o quantias em dinheiro para libera\u00e7\u00e3o de qualquer tipo de produto financeiro, seja cart\u00e3o de cr\u00e9dito, financiamento ou empr\u00e9stimo. Caso isto aconte\u00e7a nos avise pelo formul\u00e1rio imediatamente. Observa\u00e7\u00f5es: O holfik trabalha para manter todas informa\u00e7\u00f5es o mais atualizadas poss\u00edvel. Vale ressaltar que essas [&hellip;]","og_url":"https:\/\/holfik.com\/de\/disclaimer\/","og_site_name":"Holfik","twitter_card":"summary_large_image","twitter_misc":{"Gesch\u00e4tzte Lesezeit":"2\u00a0Minuten"},"schema":{"@context":"https:\/\/schema.org","@graph":[{"@type":"WebPage","@id":"https:\/\/holfik.com\/de\/disclaimer\/","url":"https:\/\/holfik.com\/de\/disclaimer\/","name":"Disclaimer - Holfik","isPartOf":{"@id":"https:\/\/holfik.com\/fr\/#website"},"datePublished":"2023-05-07T06:14:12+00:00","dateModified":"2023-05-07T06:14:12+00:00","breadcrumb":{"@id":"https:\/\/holfik.com\/de\/disclaimer\/#breadcrumb"},"inLanguage":"de","potentialAction":[{"@type":"ReadAction","target":["https:\/\/holfik.com\/de\/disclaimer\/"]}]},{"@type":"BreadcrumbList","@id":"https:\/\/holfik.com\/de\/disclaimer\/#breadcrumb","itemListElement":[{"@type":"ListItem","position":1,"name":"In\u00edcio","item":"https:\/\/holfik.com\/fr\/"},{"@type":"ListItem","position":2,"name":"Disclaimer"}]},{"@type":"WebSite","@id":"https:\/\/holfik.com\/fr\/#website","url":"https:\/\/holfik.com\/fr\/","name":"Holfik","description":"Site de Not\u00edcias e M\u00eddia","publisher":{"@id":"https:\/\/holfik.com\/fr\/#organization"},"potentialAction":[{"@type":"SearchAction","target":{"@type":"EntryPoint","urlTemplate":"https:\/\/holfik.com\/fr\/?s={search_term_string}"},"query-input":"required name=search_term_string"}],"inLanguage":"de"},{"@type":"Organization","@id":"https:\/\/holfik.com\/fr\/#organization","name":"Holfik","url":"https:\/\/holfik.com\/fr\/","logo":{"@type":"ImageObject","inLanguage":"de","@id":"https:\/\/holfik.com\/fr\/#\/schema\/logo\/image\/","url":"https:\/\/holfik.com\/wp-content\/uploads\/2025\/07\/download1.png","contentUrl":"https:\/\/holfik.com\/wp-content\/uploads\/2025\/07\/download1.png","width":150,"height":100,"caption":"Holfik"},"image":{"@id":"https:\/\/holfik.com\/fr\/#\/schema\/logo\/image\/"}}]}},"_links":{"self":[{"href":"https:\/\/holfik.com\/de\/wp-json\/wp\/v2\/pages\/12","targetHints":{"allow":["GET"]}}],"collection":[{"href":"https:\/\/holfik.com\/de\/wp-json\/wp\/v2\/pages"}],"about":[{"href":"https:\/\/holfik.com\/de\/wp-json\/wp\/v2\/types\/page"}],"author":[{"embeddable":true,"href":"https:\/\/holfik.com\/de\/wp-json\/wp\/v2\/users\/1"}],"replies":[{"embeddable":true,"href":"https:\/\/holfik.com\/de\/wp-json\/wp\/v2\/comments?post=12"}],"version-history":[{"count":1,"href":"https:\/\/holfik.com\/de\/wp-json\/wp\/v2\/pages\/12\/revisions"}],"predecessor-version":[{"id":13,"href":"https:\/\/holfik.com\/de\/wp-json\/wp\/v2\/pages\/12\/revisions\/13"}],"wp:attachment":[{"href":"https:\/\/holfik.com\/de\/wp-json\/wp\/v2\/media?parent=12"}],"curies":[{"name":"wp","href":"https:\/\/api.w.org\/{rel}","templated":true}]}}