{"id":340,"date":"2023-09-28T17:35:49","date_gmt":"2023-09-28T20:35:49","guid":{"rendered":"https:\/\/holfik.com\/?page_id=340"},"modified":"2023-09-29T10:09:15","modified_gmt":"2023-09-29T13:09:15","slug":"confira-os-aplicativos-detector-de-metais","status":"publish","type":"page","link":"https:\/\/holfik.com\/bg\/confira-os-aplicativos-detector-de-metais\/","title":{"rendered":"\u0420\u0430\u0437\u0433\u043b\u0435\u0434\u0430\u0439\u0442\u0435 \u043f\u0440\u0438\u043b\u043e\u0436\u0435\u043d\u0438\u044f\u0442\u0430 \u0437\u0430 \u043c\u0435\u0442\u0430\u043b\u043e\u0442\u044a\u0440\u0441\u0430\u0447\u0438"},"content":{"rendered":"<p><span>\u041d\u044f\u043a\u043e\u0433\u0430 \u043c\u0435\u0447\u0442\u0430\u043b\u0438 \u043b\u0438 \u0441\u0442\u0435 \u0434\u0430 \u0431\u044a\u0434\u0435\u0442\u0435 \u0442\u044a\u0440\u0441\u0430\u0447 \u043d\u0430 \u0441\u044a\u043a\u0440\u043e\u0432\u0438\u0449\u0430? \u0421 \u0442\u0435\u0445\u043d\u043e\u043b\u043e\u0433\u0438\u0447\u043d\u0438\u044f \u043d\u0430\u043f\u0440\u0435\u0434\u044a\u043a \u0432\u0435\u0447\u0435 \u043c\u043e\u0436\u0435\u0442\u0435 \u0434\u0430 \u043f\u0440\u0435\u0432\u044a\u0440\u043d\u0435\u0442\u0435 \u0432\u0430\u0448\u0438\u044f \u0441\u043c\u0430\u0440\u0442\u0444\u043e\u043d \u0432 \u043c\u043e\u0449\u0435\u043d \u0438\u043d\u0441\u0442\u0440\u0443\u043c\u0435\u043d\u0442 \u0437\u0430 \u043e\u0442\u043a\u0440\u0438\u0432\u0430\u043d\u0435 \u043d\u0430 \u043c\u0435\u0442\u0430\u043b.<\/span><\/p>\n<p>&nbsp;<\/p>\n<div style=\"width: '100%';\">\n<div><strong>\u0420\u0430\u0437\u0433\u043b\u0435\u0434\u0430\u0439\u0442\u0435 \u043f\u0440\u0438\u043b\u043e\u0436\u0435\u043d\u0438\u044f\u0442\u0430 \u0437\u0430 \u043e\u0442\u043a\u0440\u0438\u0432\u0430\u043d\u0435 \u043d\u0430 \u0432\u0441\u0435\u043a\u0438 \u0442\u0438\u043f \u043c\u0435\u0442\u0430\u043b<\/strong>:<\/div>\n<div><center><a class=\"meu-botao-vermelho\" href=\"#\">\u041e\u0422\u041a\u0420\u0418\u0412\u0410\u0419\u0422\u0415 \u041c\u0415\u0422\u0410\u041b \u0421 \u0412\u0410\u0428\u0418\u042f \u041c\u041e\u0411\u0418\u041b\u0415\u041d \u0422\u0415\u041b\u0415\u0424\u041e\u041d<\/a><\/center><!--Vermelho--><\/div>\n<div><center><a class=\"meu-botao-azul\" href=\"#\">\u041e\u0422\u041a\u0420\u0418\u0412\u0410\u0419\u0422\u0415 \u0421\u0420\u0415\u0411\u0420\u041e \u0421 \u0412\u0410\u0428\u0418\u042f \u041c\u041e\u0411\u0418\u041b\u0415\u041d \u0422\u0415\u041b\u0415\u0424\u041e\u041d<\/a><\/center><!--azul--><\/div>\n<div><center><a class=\"meu-botao-amarelo\" href=\"#\">\u041e\u0422\u041a\u0420\u0418\u0412\u0410\u0419\u0422\u0415 \u0417\u041b\u0410\u0422\u041e \u0421 \u0412\u0410\u0428\u0418\u042f \u041c\u041e\u0411\u0418\u041b\u0415\u041d \u0422\u0415\u041b\u0415\u0424\u041e\u041d<\/a><\/center><!--amarelo--><\/div>\n<\/div>\n<p>\u041f\u0440\u0438\u043b\u043e\u0436\u0435\u043d\u0438\u044f\u0442\u0430 \u0437\u0430 \u043c\u0435\u0442\u0430\u043b\u043e\u0442\u044a\u0440\u0441\u0430\u0447\u0438 \u0441\u0442\u0430\u0432\u0430\u0442 \u0432\u0441\u0435 \u043f\u043e-\u043f\u043e\u043f\u0443\u043b\u044f\u0440\u043d\u0438 \u0441\u0440\u0435\u0434 \u0435\u043d\u0442\u0443\u0441\u0438\u0430\u0441\u0442\u0438\u0442\u0435 \u0438 \u0430\u0432\u0430\u043d\u0442\u044e\u0440\u0438\u0441\u0442\u0438\u0442\u0435.<\/p>\n<p><img loading=\"lazy\" decoding=\"async\" src=\"http:\/\/holfik.com\/wp-content\/uploads\/2023\/09\/5e9990e8-b729-44cd-a1ef-8b5fa314f846-300x300.webp\" alt=\"\" width=\"300\" height=\"300\" class=\"alignnone size-medium wp-image-335 aligncenter\" srcset=\"https:\/\/holfik.com\/wp-content\/uploads\/2023\/09\/5e9990e8-b729-44cd-a1ef-8b5fa314f846-300x300.webp 300w, https:\/\/holfik.com\/wp-content\/uploads\/2023\/09\/5e9990e8-b729-44cd-a1ef-8b5fa314f846-150x150.webp 150w, https:\/\/holfik.com\/wp-content\/uploads\/2023\/09\/5e9990e8-b729-44cd-a1ef-8b5fa314f846-12x12.webp 12w, https:\/\/holfik.com\/wp-content\/uploads\/2023\/09\/5e9990e8-b729-44cd-a1ef-8b5fa314f846.webp 512w\" sizes=\"auto, (max-width: 300px) 100vw, 300px\" \/><\/p>\n<p><center><a href=\"https:\/\/holfik.com\/bg\/pt\/descubra-tesouros-ocultos-com-aplicativos-detector-de-metais\/?utm_source=334_pt_340_HF&amp;utm_medium=JNN&amp;utm_campaign=JNN\"><u><button style=\"font-size: 14px; width: 95%; height: 40px; background-color: #111111; color: #ffffff !important; border-radius: 1px; box-shadow: none !important; border: 1px solid #0a89df;\">\u0412\u0418\u0416\u0422\u0415 \u041f\u041e\u0412\u0415\u0427\u0415 \u0417\u0410 \u041f\u0420\u0418\u041b\u041e\u0416\u0415\u041d\u0418\u042f\u0422\u0410<\/button><\/u><\/a><\/center>&nbsp;<\/p>\n<p>\u0422\u0435 \u043f\u0440\u0435\u0434\u043b\u0430\u0433\u0430\u0442 \u0432\u044a\u043b\u043d\u0443\u0432\u0430\u0449 \u0438 \u0434\u043e\u0441\u0442\u044a\u043f\u0435\u043d \u043d\u0430\u0447\u0438\u043d \u0437\u0430 \u0438\u0437\u0441\u043b\u0435\u0434\u0432\u0430\u043d\u0435 \u043d\u0430 \u0441\u0432\u0435\u0442\u0430 \u0432 \u0442\u044a\u0440\u0441\u0435\u043d\u0435 \u043d\u0430 \u0446\u0435\u043d\u043d\u0438 \u043f\u0440\u0435\u0434\u043c\u0435\u0442\u0438, \u0437\u0430\u0440\u043e\u0432\u0435\u043d\u0438 \u043f\u043e\u0434 \u0437\u0435\u043c\u044f\u0442\u0430.<\/p>","protected":false},"excerpt":{"rendered":"<p>\u041c\u0435\u0447\u0442\u0430\u043b\u0438 \u043b\u0438 \u0441\u0442\u0435 \u043d\u044f\u043a\u043e\u0433\u0430 \u0434\u0430 \u0431\u044a\u0434\u0435\u0442\u0435 \u043b\u043e\u0432\u0435\u0446 \u043d\u0430 \u0441\u044a\u043a\u0440\u043e\u0432\u0438\u0449\u0430? \u0421 \u0442\u0435\u0445\u043d\u043e\u043b\u043e\u0433\u0438\u0447\u043d\u0438\u044f \u043d\u0430\u043f\u0440\u0435\u0434\u044a\u043a \u0432\u0435\u0447\u0435 \u043c\u043e\u0436\u0435\u0442\u0435 \u0434\u0430 \u043f\u0440\u0435\u0432\u044a\u0440\u043d\u0435\u0442\u0435 \u0441\u043c\u0430\u0440\u0442\u0444\u043e\u043d\u0430 \u0441\u0438 \u0432 \u043c\u043e\u0449\u0435\u043d \u0438\u043d\u0441\u0442\u0440\u0443\u043c\u0435\u043d\u0442 \u0437\u0430 \u043e\u0442\u043a\u0440\u0438\u0432\u0430\u043d\u0435 \u043d\u0430 \u043c\u0435\u0442\u0430\u043b.  \u0412\u0438\u0436\u0442\u0435 \u043f\u0440\u0438\u043b\u043e\u0436\u0435\u043d\u0438\u044f\u0442\u0430 \u0437\u0430 \u043e\u0442\u043a\u0440\u0438\u0432\u0430\u043d\u0435 \u043d\u0430 \u0432\u0441\u0435\u043a\u0438 \u0432\u0438\u0434 \u043c\u0435\u0442\u0430\u043b: \u041e\u0422\u041a\u0420\u0418\u0412\u0410\u041d\u0415 \u041d\u0410 \u041c\u0415\u0422\u0410\u041b \u0421 \u0412\u0410\u0428\u0418\u042f \u041c\u041e\u0411\u0418\u041b\u0415\u041d \u0422\u0415\u041b\u0415\u0424\u041e\u041d \u041e\u0422\u041a\u0420\u0418\u0412\u0410\u041d\u0415 \u041d\u0410 \u0421\u0420\u0415\u0411\u0420\u041e \u0421 \u0412\u0410\u0428\u0418\u042f \u041c\u041e\u0411\u0418\u041b\u0415\u041d \u0422\u0415\u041b\u0415\u0424\u041e\u041d \u041e\u0422\u041a\u0420\u0418\u0412\u0410\u041d\u0415 \u041d\u0410 \u0417\u041b\u0410\u0422\u041e \u0421 [\u2026]<\/p>","protected":false},"author":3,"featured_media":0,"parent":0,"menu_order":0,"comment_status":"closed","ping_status":"closed","template":"","meta":{"footnotes":""},"class_list":["post-340","page","type-page","status-publish","hentry"],"yoast_head":"<!-- This site is optimized with the Yoast SEO plugin v22.5 - https:\/\/yoast.com\/wordpress\/plugins\/seo\/ -->\n<title>Confira os Aplicativos Detector de Metais - Holfik<\/title>\n<meta name=\"description\" content=\"Com os avan\u00e7os atuais voc\u00ea pode transformar seu celular em uma poderosa ferramenta de detec\u00e7\u00e3o de metais com os aplicativos Detector.\" \/>\n<meta name=\"robots\" content=\"index, follow, max-snippet:-1, max-image-preview:large, max-video-preview:-1\" \/>\n<link rel=\"canonical\" href=\"http:\/\/holfik.com\/bg\/confira-os-aplicativos-detector-de-metais\/\" \/>\n<meta property=\"og:locale\" content=\"bg_BG\" \/>\n<meta property=\"og:type\" content=\"article\" \/>\n<meta property=\"og:title\" content=\"Confira os Aplicativos Detector de Metais - Holfik\" \/>\n<meta property=\"og:description\" content=\"Com os avan\u00e7os atuais voc\u00ea pode transformar seu celular em uma poderosa ferramenta de detec\u00e7\u00e3o de metais com os aplicativos Detector.\" \/>\n<meta property=\"og:url\" content=\"http:\/\/holfik.com\/bg\/confira-os-aplicativos-detector-de-metais\/\" \/>\n<meta property=\"og:site_name\" content=\"Holfik\" \/>\n<meta property=\"article:modified_time\" content=\"2023-09-29T13:09:15+00:00\" \/>\n<meta property=\"og:image\" content=\"http:\/\/holfik.com\/wp-content\/uploads\/2023\/09\/5e9990e8-b729-44cd-a1ef-8b5fa314f846-300x300.webp\" \/>\n<meta name=\"twitter:card\" content=\"summary_large_image\" \/>\n<meta name=\"twitter:label1\" content=\"Est. reading time\" \/>\n\t<meta name=\"twitter:data1\" content=\"1 \u043c\u0438\u043d\u0443\u0442\u0430\" \/>\n<script type=\"application\/ld+json\" class=\"yoast-schema-graph\">{\"@context\":\"https:\/\/schema.org\",\"@graph\":[{\"@type\":\"WebPage\",\"@id\":\"http:\/\/holfik.com\/el\/confira-os-aplicativos-detector-de-metais\/\",\"url\":\"http:\/\/holfik.com\/el\/confira-os-aplicativos-detector-de-metais\/\",\"name\":\"Confira os Aplicativos Detector de Metais - Holfik\",\"isPartOf\":{\"@id\":\"https:\/\/holfik.com\/fr\/#website\"},\"primaryImageOfPage\":{\"@id\":\"http:\/\/holfik.com\/el\/confira-os-aplicativos-detector-de-metais\/#primaryimage\"},\"image\":{\"@id\":\"http:\/\/holfik.com\/el\/confira-os-aplicativos-detector-de-metais\/#primaryimage\"},\"thumbnailUrl\":\"http:\/\/holfik.com\/wp-content\/uploads\/2023\/09\/5e9990e8-b729-44cd-a1ef-8b5fa314f846-300x300.webp\",\"datePublished\":\"2023-09-28T20:35:49+00:00\",\"dateModified\":\"2023-09-29T13:09:15+00:00\",\"description\":\"Com os avan\u00e7os atuais voc\u00ea pode transformar seu celular em uma poderosa ferramenta de detec\u00e7\u00e3o de metais com os aplicativos Detector.\",\"breadcrumb\":{\"@id\":\"http:\/\/holfik.com\/el\/confira-os-aplicativos-detector-de-metais\/#breadcrumb\"},\"inLanguage\":\"bg-BG\",\"potentialAction\":[{\"@type\":\"ReadAction\",\"target\":[\"http:\/\/holfik.com\/el\/confira-os-aplicativos-detector-de-metais\/\"]}]},{\"@type\":\"ImageObject\",\"inLanguage\":\"bg-BG\",\"@id\":\"http:\/\/holfik.com\/el\/confira-os-aplicativos-detector-de-metais\/#primaryimage\",\"url\":\"http:\/\/holfik.com\/wp-content\/uploads\/2023\/09\/5e9990e8-b729-44cd-a1ef-8b5fa314f846-300x300.webp\",\"contentUrl\":\"http:\/\/holfik.com\/wp-content\/uploads\/2023\/09\/5e9990e8-b729-44cd-a1ef-8b5fa314f846-300x300.webp\"},{\"@type\":\"BreadcrumbList\",\"@id\":\"http:\/\/holfik.com\/el\/confira-os-aplicativos-detector-de-metais\/#breadcrumb\",\"itemListElement\":[{\"@type\":\"ListItem\",\"position\":1,\"name\":\"In\u00edcio\",\"item\":\"https:\/\/holfik.com\/fr\/\"},{\"@type\":\"ListItem\",\"position\":2,\"name\":\"Confira os Aplicativos Detector de Metais\"}]},{\"@type\":\"WebSite\",\"@id\":\"https:\/\/holfik.com\/fr\/#website\",\"url\":\"https:\/\/holfik.com\/fr\/\",\"name\":\"Holfik\",\"description\":\"Site de Not\u00edcias e M\u00eddia\",\"publisher\":{\"@id\":\"https:\/\/holfik.com\/fr\/#organization\"},\"potentialAction\":[{\"@type\":\"SearchAction\",\"target\":{\"@type\":\"EntryPoint\",\"urlTemplate\":\"https:\/\/holfik.com\/fr\/?s={search_term_string}\"},\"query-input\":\"required name=search_term_string\"}],\"inLanguage\":\"bg-BG\"},{\"@type\":\"Organization\",\"@id\":\"https:\/\/holfik.com\/fr\/#organization\",\"name\":\"Holfik\",\"url\":\"https:\/\/holfik.com\/fr\/\",\"logo\":{\"@type\":\"ImageObject\",\"inLanguage\":\"bg-BG\",\"@id\":\"https:\/\/holfik.com\/fr\/#\/schema\/logo\/image\/\",\"url\":\"https:\/\/holfik.com\/wp-content\/uploads\/2025\/07\/download1.png\",\"contentUrl\":\"https:\/\/holfik.com\/wp-content\/uploads\/2025\/07\/download1.png\",\"width\":150,\"height\":100,\"caption\":\"Holfik\"},\"image\":{\"@id\":\"https:\/\/holfik.com\/fr\/#\/schema\/logo\/image\/\"}}]}<\/script>\n<!-- \/ Yoast SEO plugin. -->","yoast_head_json":{"title":"Confira os Aplicativos Detector de Metais - Holfik","description":"Com os avan\u00e7os atuais voc\u00ea pode transformar seu celular em uma poderosa ferramenta de detec\u00e7\u00e3o de metais com os aplicativos Detector.","robots":{"index":"index","follow":"follow","max-snippet":"max-snippet:-1","max-image-preview":"max-image-preview:large","max-video-preview":"max-video-preview:-1"},"canonical":"http:\/\/holfik.com\/bg\/confira-os-aplicativos-detector-de-metais\/","og_locale":"bg_BG","og_type":"article","og_title":"Confira os Aplicativos Detector de Metais - Holfik","og_description":"Com os avan\u00e7os atuais voc\u00ea pode transformar seu celular em uma poderosa ferramenta de detec\u00e7\u00e3o de metais com os aplicativos Detector.","og_url":"http:\/\/holfik.com\/bg\/confira-os-aplicativos-detector-de-metais\/","og_site_name":"Holfik","article_modified_time":"2023-09-29T13:09:15+00:00","og_image":[{"url":"http:\/\/holfik.com\/wp-content\/uploads\/2023\/09\/5e9990e8-b729-44cd-a1ef-8b5fa314f846-300x300.webp"}],"twitter_card":"summary_large_image","twitter_misc":{"Est. reading time":"1 \u043c\u0438\u043d\u0443\u0442\u0430"},"schema":{"@context":"https:\/\/schema.org","@graph":[{"@type":"WebPage","@id":"http:\/\/holfik.com\/el\/confira-os-aplicativos-detector-de-metais\/","url":"http:\/\/holfik.com\/el\/confira-os-aplicativos-detector-de-metais\/","name":"Confira os Aplicativos Detector de Metais - Holfik","isPartOf":{"@id":"https:\/\/holfik.com\/fr\/#website"},"primaryImageOfPage":{"@id":"http:\/\/holfik.com\/el\/confira-os-aplicativos-detector-de-metais\/#primaryimage"},"image":{"@id":"http:\/\/holfik.com\/el\/confira-os-aplicativos-detector-de-metais\/#primaryimage"},"thumbnailUrl":"http:\/\/holfik.com\/wp-content\/uploads\/2023\/09\/5e9990e8-b729-44cd-a1ef-8b5fa314f846-300x300.webp","datePublished":"2023-09-28T20:35:49+00:00","dateModified":"2023-09-29T13:09:15+00:00","description":"Com os avan\u00e7os atuais voc\u00ea pode transformar seu celular em uma poderosa ferramenta de detec\u00e7\u00e3o de metais com os aplicativos Detector.","breadcrumb":{"@id":"http:\/\/holfik.com\/el\/confira-os-aplicativos-detector-de-metais\/#breadcrumb"},"inLanguage":"bg-BG","potentialAction":[{"@type":"ReadAction","target":["http:\/\/holfik.com\/el\/confira-os-aplicativos-detector-de-metais\/"]}]},{"@type":"ImageObject","inLanguage":"bg-BG","@id":"http:\/\/holfik.com\/el\/confira-os-aplicativos-detector-de-metais\/#primaryimage","url":"http:\/\/holfik.com\/wp-content\/uploads\/2023\/09\/5e9990e8-b729-44cd-a1ef-8b5fa314f846-300x300.webp","contentUrl":"http:\/\/holfik.com\/wp-content\/uploads\/2023\/09\/5e9990e8-b729-44cd-a1ef-8b5fa314f846-300x300.webp"},{"@type":"BreadcrumbList","@id":"http:\/\/holfik.com\/el\/confira-os-aplicativos-detector-de-metais\/#breadcrumb","itemListElement":[{"@type":"ListItem","position":1,"name":"In\u00edcio","item":"https:\/\/holfik.com\/fr\/"},{"@type":"ListItem","position":2,"name":"Confira os Aplicativos Detector de Metais"}]},{"@type":"WebSite","@id":"https:\/\/holfik.com\/fr\/#website","url":"https:\/\/holfik.com\/fr\/","name":"Holfik","description":"Site de Not\u00edcias e M\u00eddia","publisher":{"@id":"https:\/\/holfik.com\/fr\/#organization"},"potentialAction":[{"@type":"SearchAction","target":{"@type":"EntryPoint","urlTemplate":"https:\/\/holfik.com\/fr\/?s={search_term_string}"},"query-input":"required name=search_term_string"}],"inLanguage":"bg-BG"},{"@type":"Organization","@id":"https:\/\/holfik.com\/fr\/#organization","name":"Holfik","url":"https:\/\/holfik.com\/fr\/","logo":{"@type":"ImageObject","inLanguage":"bg-BG","@id":"https:\/\/holfik.com\/fr\/#\/schema\/logo\/image\/","url":"https:\/\/holfik.com\/wp-content\/uploads\/2025\/07\/download1.png","contentUrl":"https:\/\/holfik.com\/wp-content\/uploads\/2025\/07\/download1.png","width":150,"height":100,"caption":"Holfik"},"image":{"@id":"https:\/\/holfik.com\/fr\/#\/schema\/logo\/image\/"}}]}},"_links":{"self":[{"href":"https:\/\/holfik.com\/bg\/wp-json\/wp\/v2\/pages\/340","targetHints":{"allow":["GET"]}}],"collection":[{"href":"https:\/\/holfik.com\/bg\/wp-json\/wp\/v2\/pages"}],"about":[{"href":"https:\/\/holfik.com\/bg\/wp-json\/wp\/v2\/types\/page"}],"author":[{"embeddable":true,"href":"https:\/\/holfik.com\/bg\/wp-json\/wp\/v2\/users\/3"}],"replies":[{"embeddable":true,"href":"https:\/\/holfik.com\/bg\/wp-json\/wp\/v2\/comments?post=340"}],"version-history":[{"count":8,"href":"https:\/\/holfik.com\/bg\/wp-json\/wp\/v2\/pages\/340\/revisions"}],"predecessor-version":[{"id":349,"href":"https:\/\/holfik.com\/bg\/wp-json\/wp\/v2\/pages\/340\/revisions\/349"}],"wp:attachment":[{"href":"https:\/\/holfik.com\/bg\/wp-json\/wp\/v2\/media?parent=340"}],"curies":[{"name":"wp","href":"https:\/\/api.w.org\/{rel}","templated":true}]}}