{"id":12,"date":"2023-05-07T03:14:12","date_gmt":"2023-05-07T06:14:12","guid":{"rendered":"https:\/\/holfik.com\/?page_id=12"},"modified":"2023-05-07T03:14:12","modified_gmt":"2023-05-07T06:14:12","slug":"disclaimer","status":"publish","type":"page","link":"https:\/\/holfik.com\/bg\/disclaimer\/","title":{"rendered":"\u041e\u043f\u0440\u043e\u0432\u0435\u0440\u0436\u0435\u043d\u0438\u0435"},"content":{"rendered":"<p>\u0412\u043d\u0438\u043c\u0430\u043d\u0438\u0435:<br \/>\n\u0425\u043e\u043b\u0444\u0438\u043a \u043f\u0440\u0438 \u043d\u0438\u043a\u0430\u043a\u0432\u0438 \u043e\u0431\u0441\u0442\u043e\u044f\u0442\u0435\u043b\u0441\u0442\u0432\u0430 \u043d\u0435 \u0438\u0437\u0438\u0441\u043a\u0432\u0430 \u043f\u0430\u0440\u0438\u0447\u043d\u0438 \u0441\u0443\u043c\u0438 \u0437\u0430 \u043f\u0443\u0441\u043a\u0430\u043d\u0435 \u043d\u0430 \u043a\u0430\u043a\u044a\u0432\u0442\u043e \u0438 \u0434\u0430 \u0435 \u0432\u0438\u0434 \u0444\u0438\u043d\u0430\u043d\u0441\u043e\u0432 \u043f\u0440\u043e\u0434\u0443\u043a\u0442, \u0431\u0438\u043b\u043e \u0442\u043e \u043a\u0440\u0435\u0434\u0438\u0442\u043d\u0430 \u043a\u0430\u0440\u0442\u0430, \u0444\u0438\u043d\u0430\u043d\u0441\u0438\u0440\u0430\u043d\u0435 \u0438\u043b\u0438 \u0437\u0430\u0435\u043c. \u0410\u043a\u043e \u0442\u043e\u0432\u0430 \u0441\u0435 \u0441\u043b\u0443\u0447\u0438, \u043d\u0435\u0437\u0430\u0431\u0430\u0432\u043d\u043e \u043d\u0438 \u0443\u0432\u0435\u0434\u043e\u043c\u0435\u0442\u0435 \u0447\u0440\u0435\u0437 \u0444\u043e\u0440\u043c\u0430\u0442\u0430. \u0411\u0435\u043b\u0435\u0436\u043a\u0438: Holfik \u0440\u0430\u0431\u043e\u0442\u0438, \u0437\u0430 \u0434\u0430 \u043f\u043e\u0434\u0434\u044a\u0440\u0436\u0430 \u0446\u044f\u043b\u0430\u0442\u0430 \u0438\u043d\u0444\u043e\u0440\u043c\u0430\u0446\u0438\u044f \u0432\u044a\u0437\u043c\u043e\u0436\u043d\u043e \u043d\u0430\u0439-\u0430\u043a\u0442\u0443\u0430\u043b\u043d\u0430. \u0421\u0442\u0440\u0443\u0432\u0430 \u0441\u0438 \u0434\u0430 \u0441\u0435 \u043e\u0442\u0431\u0435\u043b\u0435\u0436\u0438, \u0447\u0435 \u0442\u0430\u0437\u0438 \u0438\u043d\u0444\u043e\u0440\u043c\u0430\u0446\u0438\u044f \u043c\u043e\u0436\u0435 \u0434\u0430 \u0441\u0435 \u0440\u0430\u0437\u043b\u0438\u0447\u0430\u0432\u0430 \u043e\u0442 \u0438\u043d\u0444\u043e\u0440\u043c\u0430\u0446\u0438\u044f\u0442\u0430, \u043d\u0430\u043c\u0438\u0440\u0430\u0449\u0430 \u0441\u0435 \u043d\u0430 \u0443\u0435\u0431\u0441\u0430\u0439\u0442\u043e\u0432\u0435\u0442\u0435 \u043d\u0430 \u0444\u0438\u043d\u0430\u043d\u0441\u043e\u0432\u0438 \u0438\u043d\u0441\u0442\u0438\u0442\u0443\u0446\u0438\u0438 \u0438\/\u0438\u043b\u0438 \u0434\u043e\u0441\u0442\u0430\u0432\u0447\u0438\u0446\u0438 \u043d\u0430 \u0443\u0441\u043b\u0443\u0433\u0438 \u043d\u0430 \u043a\u043e\u043d\u043a\u0440\u0435\u0442\u0435\u043d \u0443\u0435\u0431\u0441\u0430\u0439\u0442. \u041f\u043e \u043e\u0442\u043d\u043e\u0448\u0435\u043d\u0438\u0435 \u043d\u0430 \u0438\u043d\u0441\u0442\u0438\u0442\u0443\u0446\u0438\u0438\u0442\u0435, \u0441 \u043a\u043e\u0438\u0442\u043e \u043d\u044f\u043c\u0430\u043c\u0435 \u043f\u0430\u0440\u0442\u043d\u044c\u043e\u0440\u0441\u0442\u0432\u0430, \u0432\u0441\u0438\u0447\u043a\u0438 \u043f\u0440\u043e\u0434\u0443\u043a\u0442\u0438, \u0438\u0437\u0431\u0440\u043e\u0435\u043d\u0438 \u043d\u0430 \u0442\u043e\u0437\u0438 \u0443\u0435\u0431\u0441\u0430\u0439\u0442 https:\/\/holfik.com, \u043d\u044f\u043c\u0430\u0442 \u0433\u0430\u0440\u0430\u043d\u0446\u0438\u044f, \u0447\u0435 \u0438\u043d\u0444\u043e\u0440\u043c\u0430\u0446\u0438\u044f\u0442\u0430 \u0435 \u0430\u043a\u0442\u0443\u0430\u043b\u043d\u0430. \u0412\u0438\u043d\u0430\u0433\u0438 \u043d\u0435 \u0437\u0430\u0431\u0440\u0430\u0432\u044f\u0439\u0442\u0435 \u0434\u0430 \u043f\u0440\u043e\u0447\u0435\u0442\u0435\u0442\u0435 \u0443\u0441\u043b\u043e\u0432\u0438\u044f\u0442\u0430 \u0437\u0430 \u0438\u0437\u043f\u043e\u043b\u0437\u0432\u0430\u043d\u0435 \u0438 \u0443\u0441\u043b\u043e\u0432\u0438\u044f\u0442\u0430 \u0437\u0430 \u043f\u0440\u0438\u0434\u043e\u0431\u0438\u0432\u0430\u043d\u0435 \u043d\u0430 \u0444\u0438\u043d\u0430\u043d\u0441\u043e\u0432\u0438\u0442\u0435 \u0438\u043d\u0441\u0442\u0438\u0442\u0443\u0446\u0438\u0438, \u043a\u043e\u0438\u0442\u043e \u0438\u0437\u0431\u0435\u0440\u0435\u0442\u0435. \u041f\u0430\u0440\u0442\u043d\u044c\u043e\u0440\u0438: \u041a\u0430\u043a \u043c\u043e\u043d\u0435\u0442\u0438\u0437\u0438\u0440\u0430\u043c\u0435? \u041d\u0438\u0435 \u043f\u043e\u043b\u0443\u0447\u0430\u0432\u0430\u043c\u0435 \u043c\u0430\u043b\u043a\u0430 \u0441\u0443\u043c\u0430 \u043e\u0442 \u0440\u0435\u043a\u043b\u0430\u043c\u0438 \u043d\u0430 \u043d\u0430\u0448\u0438\u044f \u0443\u0435\u0431\u0441\u0430\u0439\u0442 \u0438 \u043e\u0442 \u043d\u0430\u0448\u0438\u0442\u0435 \u043f\u0430\u0440\u0442\u043d\u044c\u043e\u0440\u0438, \u043a\u043e\u0433\u0430\u0442\u043e \u043f\u0440\u0435\u043f\u043e\u0440\u044a\u0447\u0430\u043c\u0435 \u043f\u043e\u0442\u0440\u0435\u0431\u0438\u0442\u0435\u043b, \u043a\u043e\u0439\u0442\u043e \u043f\u043e\u0438\u0441\u043a\u0430 \u043f\u0440\u043e\u0434\u0443\u043a\u0442 \u0438\u043b\u0438 \u043f\u0440\u0435\u0434\u043b\u043e\u0436\u0435\u043d\u0438\u0435. \u0412\u0441\u0438\u0447\u043a\u043e, \u043a\u043e\u0435\u0442\u043e \u043f\u0443\u0431\u043b\u0438\u043a\u0443\u0432\u0430\u043c\u0435 \u0435 \u0431\u0430\u0437\u0438\u0440\u0430\u043d\u043e \u043d\u0430 \u043a\u043e\u043b\u0438\u0447\u0435\u0441\u0442\u0432\u0435\u043d\u0438 \u0438 \u043a\u0430\u0447\u0435\u0441\u0442\u0432\u0435\u043d\u0438 \u043e\u0446\u0435\u043d\u043a\u0438 \u043d\u0430 \u0432\u0441\u0435\u043a\u0438 \u043f\u0440\u043e\u0434\u0443\u043a\u0442. \u0421\u0442\u0440\u0443\u0432\u0430 \u0441\u0438 \u0434\u0430 \u0441\u043f\u043e\u043c\u0435\u043d\u0435\u043c, \u0447\u0435 \u043d\u0430\u0448\u0438\u0442\u0435 \u043f\u0430\u0440\u0442\u043d\u044c\u043e\u0440\u0438 \u043c\u043e\u0433\u0430\u0442 \u0434\u0438\u0440\u0435\u043a\u0442\u043d\u043e \u0434\u0430 \u0432\u043b\u0438\u044f\u044f\u0442 \u0432\u044a\u0440\u0445\u0443 \u043f\u0440\u043e\u0434\u0443\u043a\u0442\u0438\u0442\u0435, \u043a\u043e\u0438\u0442\u043e \u043f\u0438\u0448\u0435\u043c \u0438 \u043f\u0440\u0435\u0433\u043b\u0435\u0436\u0434\u0430\u043c\u0435, \u0432 \u0440\u0435\u0434\u0430 \u043d\u0430 \u201e\u043d\u0430\u0439-\u0434\u043e\u0431\u0440\u0438\u0442\u0435\u201c \u0441\u0442\u0430\u0442\u0438\u0438 \u0438 \u043a\u044a\u0434\u0435 \u0442\u0435\u0437\u0438 \u043f\u0440\u043e\u0434\u0443\u043a\u0442\u0438 \u0441\u0435 \u043f\u043e\u044f\u0432\u044f\u0432\u0430\u0442 \u0432 Holfik. \u0422\u044a\u0439 \u043a\u0430\u0442\u043e \u0438\u043c\u0430\u043c\u0435 \u043d\u044f\u043a\u043e\u043b\u043a\u043e \u043f\u0440\u043e\u0434\u0443\u043a\u0442\u0430 \u043d\u0430 \u043d\u0430\u0448\u0438\u044f \u0443\u0435\u0431\u0441\u0430\u0439\u0442, \u043d\u0438\u0435 \u043d\u0435 \u0434\u0430\u0432\u0430\u043c\u0435 \u043d\u0438\u043a\u0430\u043a\u0432\u0430 \u0433\u0430\u0440\u0430\u043d\u0446\u0438\u044f \u0437\u0430 \u043a\u0430\u0447\u0435\u0441\u0442\u0432\u043e\u0442\u043e \u0438\u043b\u0438 \u0430\u043a\u0442\u0443\u0430\u043b\u043d\u043e\u0441\u0442\u0442\u0430 \u043d\u0430 \u0438\u043d\u0444\u043e\u0440\u043c\u0430\u0446\u0438\u044f\u0442\u0430 \u0437\u0430 \u0432\u0441\u0438\u0447\u043a\u0438 \u0442\u0435\u0437\u0438 \u043f\u0440\u043e\u0434\u0443\u043a\u0442\u0438, \u043f\u043e\u0440\u0430\u0434\u0438 \u043a\u043e\u0435\u0442\u043e \u0433\u0430\u0440\u0430\u043d\u0442\u0438\u0440\u0430\u043c\u0435 \u0438 \u043f\u0440\u0438\u043e\u0440\u0438\u0442\u0438\u0437\u0438\u0440\u0430\u043c\u0435 \u0438\u043d\u0444\u043e\u0440\u043c\u0430\u0446\u0438\u044f\u0442\u0430 \u043e\u0442 \u043d\u0430\u0448\u0438\u0442\u0435 \u043f\u0430\u0440\u0442\u043d\u044c\u043e\u0440\u0438. \u0423\u0432\u0435\u0434\u043e\u043c\u0435\u0442\u0435 \u043d\u0438 \u0447\u0440\u0435\u0437 \u043d\u0430\u0448\u0430\u0442\u0430 \u0444\u043e\u0440\u043c\u0430 \u0437\u0430 \u043a\u043e\u043d\u0442\u0430\u043a\u0442.<\/p>\n<p>\u0421\u044a\u043e\u0431\u0440\u0430\u0436\u0435\u043d\u0438\u044f:<br \/>\nHolfik \u0441\u0435 \u0441\u0442\u0440\u0435\u043c\u0438 \u0434\u0430 \u043f\u043e\u0434\u0434\u044a\u0440\u0436\u0430 \u0446\u044f\u043b\u0430\u0442\u0430 \u0438\u043d\u0444\u043e\u0440\u043c\u0430\u0446\u0438\u044f \u0430\u043a\u0442\u0443\u0430\u043b\u043d\u0430 \u0438 \u0442\u043e\u0447\u043d\u0430. \u0422\u0430\u0437\u0438 \u0438\u043d\u0444\u043e\u0440\u043c\u0430\u0446\u0438\u044f \u043c\u043e\u0436\u0435 \u0434\u0430 \u0441\u0435 \u0440\u0430\u0437\u043b\u0438\u0447\u0430\u0432\u0430 \u043e\u0442 \u0442\u043e\u0432\u0430, \u043a\u043e\u0435\u0442\u043e \u0432\u0438\u0436\u0434\u0430\u0442\u0435 \u043d\u0430 \u0443\u0435\u0431\u0441\u0430\u0439\u0442\u043e\u0432\u0435\u0442\u0435 \u043d\u0430 \u0444\u0438\u043d\u0430\u043d\u0441\u043e\u0432\u0438 \u0438\u043d\u0441\u0442\u0438\u0442\u0443\u0446\u0438\u0438, \u0434\u043e\u0441\u0442\u0430\u0432\u0447\u0438\u0446\u0438 \u043d\u0430 \u0443\u0441\u043b\u0443\u0433\u0438 \u0438\u043b\u0438 \u0443\u0435\u0431\u0441\u0430\u0439\u0442 \u0437\u0430 \u043a\u043e\u043d\u043a\u0440\u0435\u0442\u0435\u043d \u043f\u0440\u043e\u0434\u0443\u043a\u0442. \u0412 \u0441\u043b\u0443\u0447\u0430\u0439 \u043d\u0430 \u0438\u043d\u0441\u0442\u0438\u0442\u0443\u0446\u0438\u0438, \u043a\u043e\u0438\u0442\u043e \u043d\u0435 \u0441\u0430 \u043f\u0430\u0440\u0442\u043d\u044c\u043e\u0440\u0438, \u0432\u0441\u0438\u0447\u043a\u0438 \u0444\u0438\u043d\u0430\u043d\u0441\u043e\u0432\u0438 \u043f\u0440\u043e\u0434\u0443\u043a\u0442\u0438 \u0441\u0435 \u043f\u0440\u0435\u0434\u0441\u0442\u0430\u0432\u044f\u0442 \u0431\u0435\u0437 \u0433\u0430\u0440\u0430\u043d\u0446\u0438\u044f, \u0447\u0435 \u0438\u043d\u0444\u043e\u0440\u043c\u0430\u0446\u0438\u044f\u0442\u0430 \u0435 \u0430\u043a\u0442\u0443\u0430\u043b\u043d\u0430. \u0412\u0438\u043d\u0430\u0433\u0438, \u043a\u043e\u0433\u0430\u0442\u043e \u0438\u0437\u0431\u0438\u0440\u0430\u0442\u0435 \u0441\u0432\u043e\u044f\u0442\u0430 \u043e\u0444\u0435\u0440\u0442\u0430, \u043f\u0440\u043e\u0447\u0435\u0442\u0435\u0442\u0435 \u0443\u0441\u043b\u043e\u0432\u0438\u044f\u0442\u0430 \u043d\u0430 \u0444\u0438\u043d\u0430\u043d\u0441\u043e\u0432\u0438\u0442\u0435 \u0438\u043d\u0441\u0442\u0438\u0442\u0443\u0446\u0438\u0438 \u0438 \u0443\u0441\u043b\u043e\u0432\u0438\u044f\u0442\u0430 \u0437\u0430 \u043f\u0440\u0438\u0434\u043e\u0431\u0438\u0432\u0430\u043d\u0435.<\/p>\n<p>\u041f\u0430\u0440\u0442\u043d\u044c\u043e\u0440\u0441\u0442\u0432\u0430:<br \/>\n\u041a\u0430\u043a \u043f\u0440\u0430\u0432\u0438\u043c \u043f\u0430\u0440\u0438? \u041f\u043e\u043b\u0443\u0447\u0430\u0432\u0430\u043c\u0435 \u043c\u0430\u043b\u043a\u0430 \u043a\u043e\u043c\u043f\u0435\u043d\u0441\u0430\u0446\u0438\u044f \u043e\u0442 \u0440\u0435\u043a\u043b\u0430\u043c\u0430 \u043d\u0430 \u043d\u0430\u0448\u0438\u044f \u0443\u0435\u0431\u0441\u0430\u0439\u0442, \u043e\u0442 \u043d\u0430\u0448\u0438\u0442\u0435 \u043f\u0430\u0440\u0442\u043d\u044c\u043e\u0440\u0438, \u043a\u043e\u0433\u0430\u0442\u043e \u043d\u044f\u043a\u043e\u0439 \u043d\u0430\u043f\u0440\u0430\u0432\u0438 \u0437\u0430\u044f\u0432\u043a\u0430 \u0437\u0430 \u043f\u0440\u0435\u0434\u043b\u043e\u0436\u0435\u043d\u0438\u0435 \u0438\u043b\u0438 \u0431\u044a\u0434\u0435 \u043e\u0434\u043e\u0431\u0440\u0435\u043d \u0437\u0430 \u0444\u0438\u043d\u0430\u043d\u0441\u043e\u0432 \u043f\u0440\u043e\u0434\u0443\u043a\u0442, \u043a\u043e\u0439\u0442\u043e \u043f\u0440\u0435\u043f\u043e\u0440\u044a\u0447\u0432\u0430\u043c\u0435. \u0421\u0442\u0430\u0442\u0438\u0438\u0442\u0435, \u043a\u043e\u0438\u0442\u043e \u043f\u0443\u0431\u043b\u0438\u043a\u0443\u0432\u0430\u043c\u0435 \u0432 holfik, \u0441\u0435 \u043e\u0441\u043d\u043e\u0432\u0430\u0432\u0430\u0442 \u0441\u0430\u043c\u043e \u043d\u0430 \u043a\u0430\u0447\u0435\u0441\u0442\u0432\u0435\u043d\u0438 \u0438 \u043a\u043e\u043b\u0438\u0447\u0435\u0441\u0442\u0432\u0435\u043d\u0438 \u043e\u0446\u0435\u043d\u043a\u0438 \u043d\u0430 \u0432\u0441\u0435\u043a\u0438 \u043f\u0440\u043e\u0434\u0443\u043a\u0442. \u041d\u0430\u0448\u0438\u0442\u0435 \u043f\u0430\u0440\u0442\u043d\u044c\u043e\u0440\u0441\u0442\u0432\u0430 \u043c\u043e\u0433\u0430\u0442 \u0434\u0430 \u043f\u043e\u0432\u043b\u0438\u044f\u044f\u0442 \u0437\u0430 \u043a\u043e\u0438 \u043f\u0440\u043e\u0434\u0443\u043a\u0442\u0438 \u043f\u0438\u0448\u0435\u043c \u0438 \u043f\u0440\u0435\u0433\u043b\u0435\u0436\u0434\u0430\u043c\u0435, \u0440\u0435\u0434\u0430, \u0432 \u043a\u043e\u0439\u0442\u043e \u043f\u0440\u043e\u0434\u0443\u043a\u0442\u0438\u0442\u0435 \u0441\u0435 \u043f\u043e\u044f\u0432\u044f\u0432\u0430\u0442 \u0432 \u201e\u043d\u0430\u0439-\u0434\u043e\u0431\u0440\u0438\u0442\u0435\u201c \u0441\u0442\u0430\u0442\u0438\u0438, \u043a\u044a\u0434\u0435 \u0438 \u0434\u0430\u043b\u0438 \u043f\u0440\u043e\u0434\u0443\u043a\u0442\u0438\u0442\u0435 \u0441\u0435 \u043f\u043e\u044f\u0432\u044f\u0432\u0430\u0442 \u043d\u0430 Holfik \u0438 \u043a\u044a\u0434\u0435 \u0441\u0435 \u043f\u043e\u043a\u0430\u0437\u0432\u0430\u0442 \u043d\u0430 \u0441\u0430\u0439\u0442\u0430. \u041d\u0438\u0435 \u043f\u0440\u0435\u0434\u0441\u0442\u0430\u0432\u044f\u043c\u0435 \u043d\u044f\u043a\u043e\u043b\u043a\u043e \u043f\u0440\u043e\u0434\u0443\u043a\u0442\u0430, \u043a\u0430\u043a\u0442\u043e \u043c\u043e\u0436\u0435\u0442\u0435 \u0434\u0430 \u0432\u0438\u0434\u0438\u0442\u0435 \u043d\u0430 \u043d\u0430\u0448\u0438\u044f \u0443\u0435\u0431\u0441\u0430\u0439\u0442, \u043d\u0438\u0435 \u043d\u0435 \u0433\u0430\u0440\u0430\u043d\u0442\u0438\u0440\u0430\u043c\u0435 \u043a\u0430\u0447\u0435\u0441\u0442\u0432\u043e\u0442\u043e \u0438 \u0430\u043a\u0442\u0443\u0430\u043b\u043d\u043e\u0441\u0442\u0442\u0430 \u043d\u0430 \u0438\u043d\u0444\u043e\u0440\u043c\u0430\u0446\u0438\u044f\u0442\u0430 \u0437\u0430 \u0432\u0441\u0438\u0447\u043a\u0438 \u0442\u044f\u0445, \u043f\u043e\u0440\u0430\u0434\u0438 \u0442\u0430\u0437\u0438 \u043f\u0440\u0438\u0447\u0438\u043d\u0430 \u043d\u0438\u0435 \u0434\u0430\u0432\u0430\u043c\u0435 \u043f\u0440\u0438\u043e\u0440\u0438\u0442\u0435\u0442 \u0438 \u0433\u0430\u0440\u0430\u043d\u0442\u0438\u0440\u0430\u043c\u0435 \u0438\u043d\u0444\u043e\u0440\u043c\u0430\u0446\u0438\u044f \u043e\u0442 \u043f\u0430\u0440\u0442\u043d\u044c\u043e\u0440\u0441\u043a\u0438 \u0438\u043d\u0441\u0442\u0438\u0442\u0443\u0446\u0438\u0438.<\/p>","protected":false},"excerpt":{"rendered":"<p>\u0412\u043d\u0438\u043c\u0430\u043d\u0438\u0435: Holfik \u043d\u0435 \u0438\u0437\u0438\u0441\u043a\u0432\u0430 \u043d\u0438\u043a\u0430\u043a\u0432\u0430 \u0441\u0443\u043c\u0430 \u043f\u0430\u0440\u0438 \u043f\u0440\u0438 \u043d\u0438\u043a\u0430\u043a\u0432\u0438 \u043e\u0431\u0441\u0442\u043e\u044f\u0442\u0435\u043b\u0441\u0442\u0432\u0430, \u0437\u0430 \u0434\u0430 \u043e\u0442\u043f\u0443\u0441\u043d\u0435 \u043a\u0430\u043a\u044a\u0432\u0442\u043e \u0438 \u0434\u0430 \u0435 \u0432\u0438\u0434 \u0444\u0438\u043d\u0430\u043d\u0441\u043e\u0432 \u043f\u0440\u043e\u0434\u0443\u043a\u0442, \u043d\u0435\u0437\u0430\u0432\u0438\u0441\u0438\u043c\u043e \u0434\u0430\u043b\u0438 \u0435 \u043a\u0440\u0435\u0434\u0438\u0442\u043d\u0430 \u043a\u0430\u0440\u0442\u0430, \u0444\u0438\u043d\u0430\u043d\u0441\u0438\u0440\u0430\u043d\u0435 \u0438\u043b\u0438 \u0437\u0430\u0435\u043c. \u0410\u043a\u043e \u0442\u043e\u0432\u0430 \u0441\u0435 \u0441\u043b\u0443\u0447\u0438, \u043c\u043e\u043b\u044f, \u0443\u0432\u0435\u0434\u043e\u043c\u0435\u0442\u0435 \u043d\u0438 \u043d\u0435\u0437\u0430\u0431\u0430\u0432\u043d\u043e \u0447\u0440\u0435\u0437 \u0444\u043e\u0440\u043c\u0443\u043b\u044f\u0440\u0430. \u0411\u0435\u043b\u0435\u0436\u043a\u0438: Holfik \u0440\u0430\u0431\u043e\u0442\u0438, \u0437\u0430 \u0434\u0430 \u043f\u043e\u0434\u0434\u044a\u0440\u0436\u0430 \u0446\u044f\u043b\u0430\u0442\u0430 \u0438\u043d\u0444\u043e\u0440\u043c\u0430\u0446\u0438\u044f \u0432\u044a\u0437\u043c\u043e\u0436\u043d\u043e \u043d\u0430\u0439-\u0430\u043a\u0442\u0443\u0430\u043b\u043d\u0430. \u0417\u0430\u0441\u043b\u0443\u0436\u0430\u0432\u0430 \u0434\u0430 \u0441\u0435 \u043e\u0442\u0431\u0435\u043b\u0435\u0436\u0438, \u0447\u0435 \u0442\u0435\u0437\u0438 [\u2026]<\/p>","protected":false},"author":1,"featured_media":0,"parent":0,"menu_order":0,"comment_status":"closed","ping_status":"closed","template":"","meta":{"footnotes":""},"class_list":["post-12","page","type-page","status-publish","hentry"],"yoast_head":"<!-- This site is optimized with the Yoast SEO plugin v22.5 - https:\/\/yoast.com\/wordpress\/plugins\/seo\/ -->\n<title>Disclaimer - Holfik<\/title>\n<meta name=\"robots\" content=\"index, follow, max-snippet:-1, max-image-preview:large, max-video-preview:-1\" \/>\n<link rel=\"canonical\" href=\"https:\/\/holfik.com\/bg\/disclaimer\/\" \/>\n<meta property=\"og:locale\" content=\"bg_BG\" \/>\n<meta property=\"og:type\" content=\"article\" \/>\n<meta property=\"og:title\" content=\"Disclaimer - Holfik\" \/>\n<meta property=\"og:description\" content=\"Aten\u00e7\u00e3o: O holfik n\u00e3o solicita em nenhuma situa\u00e7\u00e3o quantias em dinheiro para libera\u00e7\u00e3o de qualquer tipo de produto financeiro, seja cart\u00e3o de cr\u00e9dito, financiamento ou empr\u00e9stimo. Caso isto aconte\u00e7a nos avise pelo formul\u00e1rio imediatamente. Observa\u00e7\u00f5es: O holfik trabalha para manter todas informa\u00e7\u00f5es o mais atualizadas poss\u00edvel. Vale ressaltar que essas [&hellip;]\" \/>\n<meta property=\"og:url\" content=\"https:\/\/holfik.com\/bg\/disclaimer\/\" \/>\n<meta property=\"og:site_name\" content=\"Holfik\" \/>\n<meta name=\"twitter:card\" content=\"summary_large_image\" \/>\n<meta name=\"twitter:label1\" content=\"Est. reading time\" \/>\n\t<meta name=\"twitter:data1\" content=\"2 \u043c\u0438\u043d\u0443\u0442\u0438\" \/>\n<script type=\"application\/ld+json\" class=\"yoast-schema-graph\">{\"@context\":\"https:\/\/schema.org\",\"@graph\":[{\"@type\":\"WebPage\",\"@id\":\"https:\/\/holfik.com\/de\/disclaimer\/\",\"url\":\"https:\/\/holfik.com\/de\/disclaimer\/\",\"name\":\"Disclaimer - Holfik\",\"isPartOf\":{\"@id\":\"https:\/\/holfik.com\/fr\/#website\"},\"datePublished\":\"2023-05-07T06:14:12+00:00\",\"dateModified\":\"2023-05-07T06:14:12+00:00\",\"breadcrumb\":{\"@id\":\"https:\/\/holfik.com\/de\/disclaimer\/#breadcrumb\"},\"inLanguage\":\"bg-BG\",\"potentialAction\":[{\"@type\":\"ReadAction\",\"target\":[\"https:\/\/holfik.com\/de\/disclaimer\/\"]}]},{\"@type\":\"BreadcrumbList\",\"@id\":\"https:\/\/holfik.com\/de\/disclaimer\/#breadcrumb\",\"itemListElement\":[{\"@type\":\"ListItem\",\"position\":1,\"name\":\"In\u00edcio\",\"item\":\"https:\/\/holfik.com\/fr\/\"},{\"@type\":\"ListItem\",\"position\":2,\"name\":\"Disclaimer\"}]},{\"@type\":\"WebSite\",\"@id\":\"https:\/\/holfik.com\/fr\/#website\",\"url\":\"https:\/\/holfik.com\/fr\/\",\"name\":\"Holfik\",\"description\":\"Site de Not\u00edcias e M\u00eddia\",\"publisher\":{\"@id\":\"https:\/\/holfik.com\/fr\/#organization\"},\"potentialAction\":[{\"@type\":\"SearchAction\",\"target\":{\"@type\":\"EntryPoint\",\"urlTemplate\":\"https:\/\/holfik.com\/fr\/?s={search_term_string}\"},\"query-input\":\"required name=search_term_string\"}],\"inLanguage\":\"bg-BG\"},{\"@type\":\"Organization\",\"@id\":\"https:\/\/holfik.com\/fr\/#organization\",\"name\":\"Holfik\",\"url\":\"https:\/\/holfik.com\/fr\/\",\"logo\":{\"@type\":\"ImageObject\",\"inLanguage\":\"bg-BG\",\"@id\":\"https:\/\/holfik.com\/fr\/#\/schema\/logo\/image\/\",\"url\":\"https:\/\/holfik.com\/wp-content\/uploads\/2025\/07\/download1.png\",\"contentUrl\":\"https:\/\/holfik.com\/wp-content\/uploads\/2025\/07\/download1.png\",\"width\":150,\"height\":100,\"caption\":\"Holfik\"},\"image\":{\"@id\":\"https:\/\/holfik.com\/fr\/#\/schema\/logo\/image\/\"}}]}<\/script>\n<!-- \/ Yoast SEO plugin. -->","yoast_head_json":{"title":"Disclaimer - Holfik","robots":{"index":"index","follow":"follow","max-snippet":"max-snippet:-1","max-image-preview":"max-image-preview:large","max-video-preview":"max-video-preview:-1"},"canonical":"https:\/\/holfik.com\/bg\/disclaimer\/","og_locale":"bg_BG","og_type":"article","og_title":"Disclaimer - Holfik","og_description":"Aten\u00e7\u00e3o: O holfik n\u00e3o solicita em nenhuma situa\u00e7\u00e3o quantias em dinheiro para libera\u00e7\u00e3o de qualquer tipo de produto financeiro, seja cart\u00e3o de cr\u00e9dito, financiamento ou empr\u00e9stimo. Caso isto aconte\u00e7a nos avise pelo formul\u00e1rio imediatamente. Observa\u00e7\u00f5es: O holfik trabalha para manter todas informa\u00e7\u00f5es o mais atualizadas poss\u00edvel. Vale ressaltar que essas [&hellip;]","og_url":"https:\/\/holfik.com\/bg\/disclaimer\/","og_site_name":"Holfik","twitter_card":"summary_large_image","twitter_misc":{"Est. reading time":"2 \u043c\u0438\u043d\u0443\u0442\u0438"},"schema":{"@context":"https:\/\/schema.org","@graph":[{"@type":"WebPage","@id":"https:\/\/holfik.com\/de\/disclaimer\/","url":"https:\/\/holfik.com\/de\/disclaimer\/","name":"Disclaimer - Holfik","isPartOf":{"@id":"https:\/\/holfik.com\/fr\/#website"},"datePublished":"2023-05-07T06:14:12+00:00","dateModified":"2023-05-07T06:14:12+00:00","breadcrumb":{"@id":"https:\/\/holfik.com\/de\/disclaimer\/#breadcrumb"},"inLanguage":"bg-BG","potentialAction":[{"@type":"ReadAction","target":["https:\/\/holfik.com\/de\/disclaimer\/"]}]},{"@type":"BreadcrumbList","@id":"https:\/\/holfik.com\/de\/disclaimer\/#breadcrumb","itemListElement":[{"@type":"ListItem","position":1,"name":"In\u00edcio","item":"https:\/\/holfik.com\/fr\/"},{"@type":"ListItem","position":2,"name":"Disclaimer"}]},{"@type":"WebSite","@id":"https:\/\/holfik.com\/fr\/#website","url":"https:\/\/holfik.com\/fr\/","name":"Holfik","description":"Site de Not\u00edcias e M\u00eddia","publisher":{"@id":"https:\/\/holfik.com\/fr\/#organization"},"potentialAction":[{"@type":"SearchAction","target":{"@type":"EntryPoint","urlTemplate":"https:\/\/holfik.com\/fr\/?s={search_term_string}"},"query-input":"required name=search_term_string"}],"inLanguage":"bg-BG"},{"@type":"Organization","@id":"https:\/\/holfik.com\/fr\/#organization","name":"Holfik","url":"https:\/\/holfik.com\/fr\/","logo":{"@type":"ImageObject","inLanguage":"bg-BG","@id":"https:\/\/holfik.com\/fr\/#\/schema\/logo\/image\/","url":"https:\/\/holfik.com\/wp-content\/uploads\/2025\/07\/download1.png","contentUrl":"https:\/\/holfik.com\/wp-content\/uploads\/2025\/07\/download1.png","width":150,"height":100,"caption":"Holfik"},"image":{"@id":"https:\/\/holfik.com\/fr\/#\/schema\/logo\/image\/"}}]}},"_links":{"self":[{"href":"https:\/\/holfik.com\/bg\/wp-json\/wp\/v2\/pages\/12","targetHints":{"allow":["GET"]}}],"collection":[{"href":"https:\/\/holfik.com\/bg\/wp-json\/wp\/v2\/pages"}],"about":[{"href":"https:\/\/holfik.com\/bg\/wp-json\/wp\/v2\/types\/page"}],"author":[{"embeddable":true,"href":"https:\/\/holfik.com\/bg\/wp-json\/wp\/v2\/users\/1"}],"replies":[{"embeddable":true,"href":"https:\/\/holfik.com\/bg\/wp-json\/wp\/v2\/comments?post=12"}],"version-history":[{"count":1,"href":"https:\/\/holfik.com\/bg\/wp-json\/wp\/v2\/pages\/12\/revisions"}],"predecessor-version":[{"id":13,"href":"https:\/\/holfik.com\/bg\/wp-json\/wp\/v2\/pages\/12\/revisions\/13"}],"wp:attachment":[{"href":"https:\/\/holfik.com\/bg\/wp-json\/wp\/v2\/media?parent=12"}],"curies":[{"name":"wp","href":"https:\/\/api.w.org\/{rel}","templated":true}]}}