{"id":389,"date":"2024-02-01T16:58:15","date_gmt":"2024-02-01T19:58:15","guid":{"rendered":"https:\/\/holfik.com\/?page_id=389"},"modified":"2024-02-01T16:58:15","modified_gmt":"2024-02-01T19:58:15","slug":"pagina-inicial","status":"publish","type":"page","link":"http:\/\/holfik.com\/sv\/pagina-inicial\/","title":{"rendered":"startsida"},"content":{"rendered":"<h2>Varf\u00f6r komma \u00e5t v\u00e5rt inneh\u00e5ll<\/h2>\n<p>I en allt mer uppkopplad v\u00e4rld \u00e4r information mer tillg\u00e4nglig \u00e4n n\u00e5gonsin. Men med det \u00f6verfl\u00f6d av tillg\u00e4ngligt inneh\u00e5ll kan det vara sv\u00e5rt att hitta tillf\u00f6rlitlig och relevant information. Det \u00e4r h\u00e4r rollen som en artikel och en nyhetswebbplats kommer in. V\u00e5rt inneh\u00e5ll produceras av ett team av erfarna och kvalificerade journalister, som \u00e4r dedikerade till att f\u00f6rse l\u00e4sarna med korrekt och uppdaterad information. Dessutom \u00e4r v\u00e5rt inneh\u00e5ll helt\u00e4ckande och t\u00e4cker ett brett spektrum av \u00e4mnen, fr\u00e5n aktuella nyheter till underh\u00e5llning och kultur. Det betyder att du alltid hittar n\u00e5got av intresse, oavsett dina intressen.<\/p>\n<h4>Nyheter<\/h4>\n<p>Opublicerade nyheter om vad som h\u00e4nder runt om i v\u00e4rlden, h\u00e4r har du en rik milj\u00f6 av uppdaterad 100%-information.<\/p>\n<h4>Finansiera<\/h4>\n<p>Ta reda p\u00e5 de viktigaste h\u00e4ndelserna p\u00e5 den aktuella finansmarknaden, f\u00e5 tips, metoder och mycket mer!<\/p>\n<h4>Kvalitet<\/h4>\n<p>P\u00e5 v\u00e5r webbplats garanteras kvalitet, ger rik, p\u00e5litlig och framf\u00f6r allt kvalitetsinformation.<\/p>","protected":false},"excerpt":{"rendered":"<p>Varf\u00f6r anv\u00e4nda v\u00e5rt inneh\u00e5ll I en alltmer uppkopplad v\u00e4rld \u00e4r information mer tillg\u00e4nglig \u00e4n n\u00e5gonsin. Men med det stora utbudet av tillg\u00e4ngligt inneh\u00e5ll kan det vara sv\u00e5rt att hitta p\u00e5litlig och relevant information. Det \u00e4r h\u00e4r en artikel- och nyhetswebbplats spelar en roll. V\u00e5r [\u2026]<\/p>","protected":false},"author":1,"featured_media":0,"parent":0,"menu_order":0,"comment_status":"closed","ping_status":"closed","template":"","meta":{"footnotes":""},"class_list":["post-389","page","type-page","status-publish","hentry"],"yoast_head":"<!-- This site is optimized with the Yoast SEO plugin v22.5 - https:\/\/yoast.com\/wordpress\/plugins\/seo\/ -->\n<title>pagina inicial - Holfik<\/title>\n<meta name=\"robots\" content=\"index, follow, max-snippet:-1, max-image-preview:large, max-video-preview:-1\" \/>\n<link rel=\"canonical\" href=\"http:\/\/holfik.com\/sv\/pagina-inicial\/\" \/>\n<meta property=\"og:locale\" content=\"sv_SE\" \/>\n<meta property=\"og:type\" content=\"article\" \/>\n<meta property=\"og:title\" content=\"pagina inicial - Holfik\" \/>\n<meta property=\"og:description\" content=\"Por que acessar nossos conte\u00fados Em um mundo cada vez mais conectado, a informa\u00e7\u00e3o \u00e9 mais acess\u00edvel do que nunca. No entanto, com a abund\u00e2ncia de conte\u00fado dispon\u00edvel, pode ser dif\u00edcil encontrar informa\u00e7\u00f5es confi\u00e1veis e relevantes. \u00c9 aqui que entra o papel de um site de artigos e not\u00edcias. Nossos [&hellip;]\" \/>\n<meta property=\"og:url\" content=\"http:\/\/holfik.com\/sv\/pagina-inicial\/\" \/>\n<meta property=\"og:site_name\" content=\"Holfik\" \/>\n<meta name=\"twitter:card\" content=\"summary_large_image\" \/>\n<script type=\"application\/ld+json\" class=\"yoast-schema-graph\">{\"@context\":\"https:\/\/schema.org\",\"@graph\":[{\"@type\":\"WebPage\",\"@id\":\"http:\/\/holfik.com\/it\/pagina-inicial\/\",\"url\":\"http:\/\/holfik.com\/it\/pagina-inicial\/\",\"name\":\"pagina inicial - Holfik\",\"isPartOf\":{\"@id\":\"https:\/\/holfik.com\/fr\/#website\"},\"datePublished\":\"2024-02-01T19:58:15+00:00\",\"dateModified\":\"2024-02-01T19:58:15+00:00\",\"breadcrumb\":{\"@id\":\"http:\/\/holfik.com\/it\/pagina-inicial\/#breadcrumb\"},\"inLanguage\":\"sv-SE\",\"potentialAction\":[{\"@type\":\"ReadAction\",\"target\":[\"http:\/\/holfik.com\/it\/pagina-inicial\/\"]}]},{\"@type\":\"BreadcrumbList\",\"@id\":\"http:\/\/holfik.com\/it\/pagina-inicial\/#breadcrumb\",\"itemListElement\":[{\"@type\":\"ListItem\",\"position\":1,\"name\":\"In\u00edcio\",\"item\":\"https:\/\/holfik.com\/fr\/\"},{\"@type\":\"ListItem\",\"position\":2,\"name\":\"pagina inicial\"}]},{\"@type\":\"WebSite\",\"@id\":\"https:\/\/holfik.com\/fr\/#website\",\"url\":\"https:\/\/holfik.com\/fr\/\",\"name\":\"Holfik\",\"description\":\"Site de Not\u00edcias e M\u00eddia\",\"publisher\":{\"@id\":\"https:\/\/holfik.com\/fr\/#organization\"},\"potentialAction\":[{\"@type\":\"SearchAction\",\"target\":{\"@type\":\"EntryPoint\",\"urlTemplate\":\"https:\/\/holfik.com\/fr\/?s={search_term_string}\"},\"query-input\":\"required name=search_term_string\"}],\"inLanguage\":\"sv-SE\"},{\"@type\":\"Organization\",\"@id\":\"https:\/\/holfik.com\/fr\/#organization\",\"name\":\"Holfik\",\"url\":\"https:\/\/holfik.com\/fr\/\",\"logo\":{\"@type\":\"ImageObject\",\"inLanguage\":\"sv-SE\",\"@id\":\"https:\/\/holfik.com\/fr\/#\/schema\/logo\/image\/\",\"url\":\"http:\/\/holfik.com\/wp-content\/uploads\/2025\/07\/download1.png\",\"contentUrl\":\"http:\/\/holfik.com\/wp-content\/uploads\/2025\/07\/download1.png\",\"width\":150,\"height\":100,\"caption\":\"Holfik\"},\"image\":{\"@id\":\"https:\/\/holfik.com\/fr\/#\/schema\/logo\/image\/\"}}]}<\/script>\n<!-- \/ Yoast SEO plugin. -->","yoast_head_json":{"title":"pagina inicial - Holfik","robots":{"index":"index","follow":"follow","max-snippet":"max-snippet:-1","max-image-preview":"max-image-preview:large","max-video-preview":"max-video-preview:-1"},"canonical":"http:\/\/holfik.com\/sv\/pagina-inicial\/","og_locale":"sv_SE","og_type":"article","og_title":"pagina inicial - Holfik","og_description":"Por que acessar nossos conte\u00fados Em um mundo cada vez mais conectado, a informa\u00e7\u00e3o \u00e9 mais acess\u00edvel do que nunca. No entanto, com a abund\u00e2ncia de conte\u00fado dispon\u00edvel, pode ser dif\u00edcil encontrar informa\u00e7\u00f5es confi\u00e1veis e relevantes. \u00c9 aqui que entra o papel de um site de artigos e not\u00edcias. Nossos [&hellip;]","og_url":"http:\/\/holfik.com\/sv\/pagina-inicial\/","og_site_name":"Holfik","twitter_card":"summary_large_image","schema":{"@context":"https:\/\/schema.org","@graph":[{"@type":"WebPage","@id":"http:\/\/holfik.com\/it\/pagina-inicial\/","url":"http:\/\/holfik.com\/it\/pagina-inicial\/","name":"pagina inicial - Holfik","isPartOf":{"@id":"https:\/\/holfik.com\/fr\/#website"},"datePublished":"2024-02-01T19:58:15+00:00","dateModified":"2024-02-01T19:58:15+00:00","breadcrumb":{"@id":"http:\/\/holfik.com\/it\/pagina-inicial\/#breadcrumb"},"inLanguage":"sv-SE","potentialAction":[{"@type":"ReadAction","target":["http:\/\/holfik.com\/it\/pagina-inicial\/"]}]},{"@type":"BreadcrumbList","@id":"http:\/\/holfik.com\/it\/pagina-inicial\/#breadcrumb","itemListElement":[{"@type":"ListItem","position":1,"name":"In\u00edcio","item":"https:\/\/holfik.com\/fr\/"},{"@type":"ListItem","position":2,"name":"pagina inicial"}]},{"@type":"WebSite","@id":"https:\/\/holfik.com\/fr\/#website","url":"https:\/\/holfik.com\/fr\/","name":"Holfik","description":"Site de Not\u00edcias e M\u00eddia","publisher":{"@id":"https:\/\/holfik.com\/fr\/#organization"},"potentialAction":[{"@type":"SearchAction","target":{"@type":"EntryPoint","urlTemplate":"https:\/\/holfik.com\/fr\/?s={search_term_string}"},"query-input":"required name=search_term_string"}],"inLanguage":"sv-SE"},{"@type":"Organization","@id":"https:\/\/holfik.com\/fr\/#organization","name":"Holfik","url":"https:\/\/holfik.com\/fr\/","logo":{"@type":"ImageObject","inLanguage":"sv-SE","@id":"https:\/\/holfik.com\/fr\/#\/schema\/logo\/image\/","url":"http:\/\/holfik.com\/wp-content\/uploads\/2025\/07\/download1.png","contentUrl":"http:\/\/holfik.com\/wp-content\/uploads\/2025\/07\/download1.png","width":150,"height":100,"caption":"Holfik"},"image":{"@id":"https:\/\/holfik.com\/fr\/#\/schema\/logo\/image\/"}}]}},"_links":{"self":[{"href":"http:\/\/holfik.com\/sv\/wp-json\/wp\/v2\/pages\/389","targetHints":{"allow":["GET"]}}],"collection":[{"href":"http:\/\/holfik.com\/sv\/wp-json\/wp\/v2\/pages"}],"about":[{"href":"http:\/\/holfik.com\/sv\/wp-json\/wp\/v2\/types\/page"}],"author":[{"embeddable":true,"href":"http:\/\/holfik.com\/sv\/wp-json\/wp\/v2\/users\/1"}],"replies":[{"embeddable":true,"href":"http:\/\/holfik.com\/sv\/wp-json\/wp\/v2\/comments?post=389"}],"version-history":[{"count":1,"href":"http:\/\/holfik.com\/sv\/wp-json\/wp\/v2\/pages\/389\/revisions"}],"predecessor-version":[{"id":391,"href":"http:\/\/holfik.com\/sv\/wp-json\/wp\/v2\/pages\/389\/revisions\/391"}],"wp:attachment":[{"href":"http:\/\/holfik.com\/sv\/wp-json\/wp\/v2\/media?parent=389"}],"curies":[{"name":"wp","href":"https:\/\/api.w.org\/{rel}","templated":true}]}}