{"id":6,"date":"2023-05-07T03:10:25","date_gmt":"2023-05-07T06:10:25","guid":{"rendered":"https:\/\/holfik.com\/?page_id=6"},"modified":"2023-05-07T03:10:25","modified_gmt":"2023-05-07T06:10:25","slug":"politica-de-privacidade","status":"publish","type":"page","link":"http:\/\/holfik.com\/fi\/politica-de-privacidade\/","title":{"rendered":"Tietosuojak\u00e4yt\u00e4nt\u00f6"},"content":{"rendered":"<h2><span style=\"color: #444444;\">Tietosuojak\u00e4yt\u00e4nt\u00f6<\/span><\/h2>\n<p><span style=\"color: #444444;\">Yksityisyytesi on meille t\u00e4rke\u00e4\u00e4. Holfikin k\u00e4yt\u00e4nt\u00f6n\u00e4 on kunnioittaa yksityisyytt\u00e4si koskien tietoja, joita voimme ker\u00e4t\u00e4 sinulta verkkosivustolla <a href=\"http:\/\/holfik.com\/fi\/\">Holfik<\/a>, ja muut omistamamme ja yll\u00e4pit\u00e4m\u00e4mme sivustot.<\/span><\/p>\n<p><span style=\"color: #444444;\">Pyyd\u00e4mme henkil\u00f6tietoja vain silloin, kun todella tarvitsemme niit\u00e4 palvelun tarjoamiseksi. Teemme sen oikeudenmukaisin ja laillisin keinoin tietosi ja suostumuksesi perusteella. Kerromme my\u00f6s, miksi ker\u00e4\u00e4mme sit\u00e4 ja miten sit\u00e4 k\u00e4ytet\u00e4\u00e4n.<\/span><\/p>\n<p><span style=\"color: #444444;\">S\u00e4ilyt\u00e4mme ker\u00e4ttyj\u00e4 tietoja vain niin kauan kuin on tarpeen pyydetyn palvelun tarjoamiseksi. Kun tallennamme tietoja, suojaamme niit\u00e4 kaupallisesti hyv\u00e4ksytt\u00e4vin keinoin est\u00e4\u00e4ksemme katoamisen ja varkauden sek\u00e4 luvattoman k\u00e4yt\u00f6n, paljastamisen, kopioimisen, k\u00e4yt\u00f6n tai muuttamisen.<\/span><\/p>\n<p><span style=\"color: #444444;\">Emme jaa henkil\u00f6kohtaisia tunnistetietoja julkisesti tai kolmansien osapuolten kanssa paitsi lain niin vaatiessa.<\/span><\/p>\n<p><span style=\"color: #444444;\">Verkkosivustollamme voi olla linkkej\u00e4 ulkoisille verkkosivustoille, joita emme hallinnoi. Huomaa, ett\u00e4 emme voi valvoa n\u00e4iden sivustojen sis\u00e4lt\u00f6\u00e4 ja k\u00e4yt\u00e4nt\u00f6j\u00e4, emmek\u00e4 voi ottaa vastuuta niist\u00e4\u00a0<\/span><a href=\"https:\/\/politicaprivacidade.com\/\" rel=\"noopener noreferrer\" target=\"_blank\" style=\"background-color: transparent; color: #444444;\">tietosuojak\u00e4yt\u00e4nn\u00f6t<\/a><span style=\"color: #444444;\">.<\/span><\/p>\n<p><span style=\"color: #444444;\">Voit vapaasti kielt\u00e4yty\u00e4 henkil\u00f6kohtaisia tietojasi koskevista pyynn\u00f6ist\u00e4mme sill\u00e4 edellytyksell\u00e4, ett\u00e4 emme ehk\u00e4 pysty tarjoamaan sinulle joitain haluamistasi palveluista.<\/span><\/p>\n<p><span style=\"color: #444444;\">Verkkosivustomme jatkuvan k\u00e4yt\u00f6n katsotaan hyv\u00e4ksyv\u00e4n tietosuojaan ja henkil\u00f6tietoihin liittyvi\u00e4 k\u00e4yt\u00e4nt\u00f6j\u00e4mme. Jos sinulla on kysytt\u00e4v\u00e4\u00e4 siit\u00e4, miten k\u00e4sittelemme k\u00e4ytt\u00e4j\u00e4tietoja ja henkil\u00f6tietoja, ota meihin yhteytt\u00e4.<\/span><\/p>\n<p><span style=\"color: #444444;\"><\/span><\/p>\n<ul>\n<li><span style=\"color: #444444;\">Google AdSense -palvelu, jota k\u00e4yt\u00e4mme mainonnan tarjoamiseen, k\u00e4ytt\u00e4\u00e4 DoubleClick-ev\u00e4stett\u00e4, joka n\u00e4ytt\u00e4\u00e4 osuvampia mainoksia verkossa ja rajoittaa tietyn mainoksen n\u00e4ytt\u00f6kertoja sinulle.<\/span><\/li>\n<li><span style=\"color: #444444;\">Lis\u00e4tietoja Google AdSensesta on virallisissa Google AdSense -tietosuojan usein kysytyiss\u00e4 kysymyksiss\u00e4.<\/span><\/li>\n<li><span style=\"color: #444444;\">K\u00e4yt\u00e4mme mainoksia korvataksemme t\u00e4m\u00e4n sivuston yll\u00e4pitokustannuksia ja rahoittaaksemme tulevaa kehityst\u00e4. T\u00e4m\u00e4n sivuston k\u00e4ytt\u00e4m\u00e4t k\u00e4ytt\u00e4ytymismainonnan ev\u00e4steet on suunniteltu varmistamaan, ett\u00e4 tarjoamme sinulle mahdollisimman osuvia mainoksia seuraamalla anonyymisti kiinnostuksen kohteitasi ja esitt\u00e4m\u00e4ll\u00e4 samankaltaisia \u200b\u200basioita, jotka saattavat kiinnostaa sinua.<\/span><\/li>\n<li><span style=\"color: #444444;\">Useat kumppanit mainostavat puolestamme ja tyt\u00e4ryritysten seurantaev\u00e4steet antavat meille mahdollisuuden n\u00e4hd\u00e4, ovatko asiakkaamme k\u00e4ytt\u00e4neet sivustoa kumppanimme sivuston kautta, jotta voimme hyvitt\u00e4\u00e4 heid\u00e4t asianmukaisesti ja sallia kumppanikumppaneidemme tarjota mahdollisia tarjouksia, voi tarjota sinulle ostoksen tekemiseen.<\/span><\/li>\n<\/ul>\n<p>&nbsp;<\/p>\n<p>&nbsp;<\/p>\n<h3><span style=\"color: #444444;\">K\u00e4ytt\u00e4j\u00e4n sitoutuminen<\/span><\/h3>\n<p><span style=\"color: #444444;\">K\u00e4ytt\u00e4j\u00e4 sitoutuu k\u00e4ytt\u00e4m\u00e4\u00e4n tarkoituksenmukaisesti Holfikin verkkosivustolla tarjoamaa sis\u00e4lt\u00f6\u00e4 ja tietoja ilmaisullisesti, mutta ei rajoittavasti:<\/span><\/p>\n<ul>\n<li><span style=\"color: #444444;\">A) \u00c4l\u00e4 osallistu toimintaan, joka on laitonta tai hyv\u00e4n uskon ja yleisen j\u00e4rjestyksen vastaista;<\/span><\/li>\n<li><span style=\"color: #444444;\">B) \u00c4l\u00e4 levit\u00e4 propagandaa tai sis\u00e4lt\u00f6\u00e4, joka koskee rasistista, muukalaisvihamielist\u00e4, <\/span><span style=\"color: #212529;\"><a href=\"https:\/\/apostasonline.guru\/betano-apostas\/\" style=\"color: inherit !important; text-decoration: none !important; font-size: inherit !important;\"> betano vedot<\/a><\/span><span style=\"color: #444444;\"> tai huonoa onnea, kaikenlaista laitonta pornografiaa terrorismin tukemiseksi tai ihmisoikeuksien vastaiseksi;<\/span><\/li>\n<li><span style=\"color: #444444;\">C) \u00c4l\u00e4 vahingoita Holfikin, sen toimittajien tai kolmansien osapuolten fyysisi\u00e4 (laitteisto) ja loogisia (ohjelmisto) j\u00e4rjestelmi\u00e4 tietokonevirusten tai muiden laitteistojen tai ohjelmistojen tuomiseksi tai levitt\u00e4miseksi, jotka voivat aiheuttaa edell\u00e4 mainittuja vahinkoja.<\/span><\/li>\n<\/ul>\n<h3><span style=\"color: #444444;\">Lis\u00e4\u00e4 tietoa<\/span><\/h3>\n<p><span style=\"color: #444444;\">Toivottavasti asia on selv\u00e4, ja kuten aiemmin mainittiin, jos et ole varma, tarvitsetko jotain, on yleens\u00e4 turvallisempaa j\u00e4tt\u00e4\u00e4 ev\u00e4steet k\u00e4ytt\u00f6\u00f6n silt\u00e4 varalta, ett\u00e4 se on vuorovaikutuksessa jonkin sivustollamme k\u00e4ytt\u00e4mist\u00e4si ominaisuuksista.<\/span><\/p>\n<p><span style=\"color: #444444;\">T\u00e4m\u00e4 k\u00e4yt\u00e4nt\u00f6 on voimassa 7.5.2023 klo 6.10 alkaen<\/span><\/p>","protected":false},"excerpt":{"rendered":"<p>Tietosuojak\u00e4yt\u00e4nt\u00f6 Tietosuojasi on meille t\u00e4rke\u00e4\u00e4. Holfikin k\u00e4yt\u00e4nt\u00f6n\u00e4 on kunnioittaa yksityisyytt\u00e4si kaikkien Holfikin verkkosivustolla ja muilla omistamillamme ja yll\u00e4pit\u00e4mill\u00e4mme sivustoilla ker\u00e4\u00e4miemme tietojen suhteen. Kysymme henkil\u00f6tietoja vain silloin, kun todella tarvitsemme niit\u00e4 palvelun tarjoamiseksi sinulle. Me teemme sen [\u2026]<\/p>","protected":false},"author":1,"featured_media":0,"parent":0,"menu_order":0,"comment_status":"closed","ping_status":"closed","template":"","meta":{"footnotes":""},"class_list":["post-6","page","type-page","status-publish","hentry"],"yoast_head":"<!-- This site is optimized with the Yoast SEO plugin v22.5 - https:\/\/yoast.com\/wordpress\/plugins\/seo\/ -->\n<title>Pol\u00edtica de Privacidade - Holfik<\/title>\n<meta name=\"robots\" content=\"index, follow, max-snippet:-1, max-image-preview:large, max-video-preview:-1\" \/>\n<link rel=\"canonical\" href=\"http:\/\/holfik.com\/fi\/politica-de-privacidade\/\" \/>\n<meta property=\"og:locale\" content=\"fi_FI\" \/>\n<meta property=\"og:type\" content=\"article\" \/>\n<meta property=\"og:title\" content=\"Pol\u00edtica de Privacidade - Holfik\" \/>\n<meta property=\"og:description\" content=\"Pol\u00edtica Privacidade A sua privacidade \u00e9 importante para n\u00f3s. \u00c9 pol\u00edtica do Holfik respeitar a sua privacidade em rela\u00e7\u00e3o a qualquer informa\u00e7\u00e3o sua que possamos coletar no site Holfik, e outros sites que possu\u00edmos e operamos. Solicitamos informa\u00e7\u00f5es pessoais apenas quando realmente precisamos delas para lhe fornecer um servi\u00e7o. Fazemo-lo [&hellip;]\" \/>\n<meta property=\"og:url\" content=\"http:\/\/holfik.com\/fi\/politica-de-privacidade\/\" \/>\n<meta property=\"og:site_name\" content=\"Holfik\" \/>\n<meta name=\"twitter:card\" content=\"summary_large_image\" \/>\n<meta name=\"twitter:label1\" content=\"Arvioitu lukuaika\" \/>\n\t<meta name=\"twitter:data1\" content=\"3 minuuttia\" \/>\n<script type=\"application\/ld+json\" class=\"yoast-schema-graph\">{\"@context\":\"https:\/\/schema.org\",\"@graph\":[{\"@type\":\"WebPage\",\"@id\":\"https:\/\/holfik.com\/politica-de-privacidade\/\",\"url\":\"https:\/\/holfik.com\/politica-de-privacidade\/\",\"name\":\"Pol\u00edtica de Privacidade - Holfik\",\"isPartOf\":{\"@id\":\"https:\/\/holfik.com\/fr\/#website\"},\"datePublished\":\"2023-05-07T06:10:25+00:00\",\"dateModified\":\"2023-05-07T06:10:25+00:00\",\"breadcrumb\":{\"@id\":\"https:\/\/holfik.com\/politica-de-privacidade\/#breadcrumb\"},\"inLanguage\":\"fi\",\"potentialAction\":[{\"@type\":\"ReadAction\",\"target\":[\"https:\/\/holfik.com\/politica-de-privacidade\/\"]}]},{\"@type\":\"BreadcrumbList\",\"@id\":\"https:\/\/holfik.com\/politica-de-privacidade\/#breadcrumb\",\"itemListElement\":[{\"@type\":\"ListItem\",\"position\":1,\"name\":\"In\u00edcio\",\"item\":\"https:\/\/holfik.com\/fr\/\"},{\"@type\":\"ListItem\",\"position\":2,\"name\":\"Pol\u00edtica de Privacidade\"}]},{\"@type\":\"WebSite\",\"@id\":\"https:\/\/holfik.com\/fr\/#website\",\"url\":\"https:\/\/holfik.com\/fr\/\",\"name\":\"Holfik\",\"description\":\"Site de Not\u00edcias e M\u00eddia\",\"publisher\":{\"@id\":\"https:\/\/holfik.com\/fr\/#organization\"},\"potentialAction\":[{\"@type\":\"SearchAction\",\"target\":{\"@type\":\"EntryPoint\",\"urlTemplate\":\"https:\/\/holfik.com\/fr\/?s={search_term_string}\"},\"query-input\":\"required name=search_term_string\"}],\"inLanguage\":\"fi\"},{\"@type\":\"Organization\",\"@id\":\"https:\/\/holfik.com\/fr\/#organization\",\"name\":\"Holfik\",\"url\":\"https:\/\/holfik.com\/fr\/\",\"logo\":{\"@type\":\"ImageObject\",\"inLanguage\":\"fi\",\"@id\":\"https:\/\/holfik.com\/fr\/#\/schema\/logo\/image\/\",\"url\":\"http:\/\/holfik.com\/wp-content\/uploads\/2025\/07\/download1.png\",\"contentUrl\":\"http:\/\/holfik.com\/wp-content\/uploads\/2025\/07\/download1.png\",\"width\":150,\"height\":100,\"caption\":\"Holfik\"},\"image\":{\"@id\":\"https:\/\/holfik.com\/fr\/#\/schema\/logo\/image\/\"}}]}<\/script>\n<!-- \/ Yoast SEO plugin. -->","yoast_head_json":{"title":"Pol\u00edtica de Privacidade - Holfik","robots":{"index":"index","follow":"follow","max-snippet":"max-snippet:-1","max-image-preview":"max-image-preview:large","max-video-preview":"max-video-preview:-1"},"canonical":"http:\/\/holfik.com\/fi\/politica-de-privacidade\/","og_locale":"fi_FI","og_type":"article","og_title":"Pol\u00edtica de Privacidade - Holfik","og_description":"Pol\u00edtica Privacidade A sua privacidade \u00e9 importante para n\u00f3s. \u00c9 pol\u00edtica do Holfik respeitar a sua privacidade em rela\u00e7\u00e3o a qualquer informa\u00e7\u00e3o sua que possamos coletar no site Holfik, e outros sites que possu\u00edmos e operamos. Solicitamos informa\u00e7\u00f5es pessoais apenas quando realmente precisamos delas para lhe fornecer um servi\u00e7o. Fazemo-lo [&hellip;]","og_url":"http:\/\/holfik.com\/fi\/politica-de-privacidade\/","og_site_name":"Holfik","twitter_card":"summary_large_image","twitter_misc":{"Arvioitu lukuaika":"3 minuuttia"},"schema":{"@context":"https:\/\/schema.org","@graph":[{"@type":"WebPage","@id":"https:\/\/holfik.com\/politica-de-privacidade\/","url":"https:\/\/holfik.com\/politica-de-privacidade\/","name":"Pol\u00edtica de Privacidade - Holfik","isPartOf":{"@id":"https:\/\/holfik.com\/fr\/#website"},"datePublished":"2023-05-07T06:10:25+00:00","dateModified":"2023-05-07T06:10:25+00:00","breadcrumb":{"@id":"https:\/\/holfik.com\/politica-de-privacidade\/#breadcrumb"},"inLanguage":"fi","potentialAction":[{"@type":"ReadAction","target":["https:\/\/holfik.com\/politica-de-privacidade\/"]}]},{"@type":"BreadcrumbList","@id":"https:\/\/holfik.com\/politica-de-privacidade\/#breadcrumb","itemListElement":[{"@type":"ListItem","position":1,"name":"In\u00edcio","item":"https:\/\/holfik.com\/fr\/"},{"@type":"ListItem","position":2,"name":"Pol\u00edtica de Privacidade"}]},{"@type":"WebSite","@id":"https:\/\/holfik.com\/fr\/#website","url":"https:\/\/holfik.com\/fr\/","name":"Holfik","description":"Site de Not\u00edcias e M\u00eddia","publisher":{"@id":"https:\/\/holfik.com\/fr\/#organization"},"potentialAction":[{"@type":"SearchAction","target":{"@type":"EntryPoint","urlTemplate":"https:\/\/holfik.com\/fr\/?s={search_term_string}"},"query-input":"required name=search_term_string"}],"inLanguage":"fi"},{"@type":"Organization","@id":"https:\/\/holfik.com\/fr\/#organization","name":"Holfik","url":"https:\/\/holfik.com\/fr\/","logo":{"@type":"ImageObject","inLanguage":"fi","@id":"https:\/\/holfik.com\/fr\/#\/schema\/logo\/image\/","url":"http:\/\/holfik.com\/wp-content\/uploads\/2025\/07\/download1.png","contentUrl":"http:\/\/holfik.com\/wp-content\/uploads\/2025\/07\/download1.png","width":150,"height":100,"caption":"Holfik"},"image":{"@id":"https:\/\/holfik.com\/fr\/#\/schema\/logo\/image\/"}}]}},"_links":{"self":[{"href":"http:\/\/holfik.com\/fi\/wp-json\/wp\/v2\/pages\/6","targetHints":{"allow":["GET"]}}],"collection":[{"href":"http:\/\/holfik.com\/fi\/wp-json\/wp\/v2\/pages"}],"about":[{"href":"http:\/\/holfik.com\/fi\/wp-json\/wp\/v2\/types\/page"}],"author":[{"embeddable":true,"href":"http:\/\/holfik.com\/fi\/wp-json\/wp\/v2\/users\/1"}],"replies":[{"embeddable":true,"href":"http:\/\/holfik.com\/fi\/wp-json\/wp\/v2\/comments?post=6"}],"version-history":[{"count":1,"href":"http:\/\/holfik.com\/fi\/wp-json\/wp\/v2\/pages\/6\/revisions"}],"predecessor-version":[{"id":9,"href":"http:\/\/holfik.com\/fi\/wp-json\/wp\/v2\/pages\/6\/revisions\/9"}],"wp:attachment":[{"href":"http:\/\/holfik.com\/fi\/wp-json\/wp\/v2\/media?parent=6"}],"curies":[{"name":"wp","href":"https:\/\/api.w.org\/{rel}","templated":true}]}}